{"id":17423,"date":"2024-03-29T10:26:17","date_gmt":"2024-03-29T08:26:17","guid":{"rendered":"https:\/\/cambiodelona.com\/fabricants-3\/"},"modified":"2025-05-03T06:18:45","modified_gmt":"2025-05-03T04:18:45","slug":"fabricants-3","status":"publish","type":"page","link":"https:\/\/cambiodelona.com\/ca\/fabricants-3\/","title":{"rendered":"Fabricants"},"content":{"rendered":"\n<p><\/p>\n\n<h1 class=\"wp-block-heading has-text-align-center has-large-font-size\" id=\"h-esta-es-la-lista-de-fabricantes-que-encontraras-en-nuestra-web-cambiodelona-com\"><strong>Aquesta \u00e9s la llista de fabricants que trobar\u00e0s a la nostra web<br\/><a href=\"https:\/\/cambiodelona.com\/ca\/\">cambiodelona.com<\/a>.<\/strong><\/h1>\n\n<h3 class=\"wp-block-heading has-text-align-center\" id=\"h-seleccionamos-los-mejores-fabricantes-europeos-para-garantizar-una-satisfaccion-perfecta\"><strong>Seleccionem els millors fabricants europeus per garantir una satisfacci\u00f3 perfecta.<\/strong><\/h3>\n\n<p>Fabricants de renom que ofereixen una gran varietat d&#8217;opcions de teixits i colors.<br\/>Trobar\u00e0s marques com Sauleda, Recasens, Citell, Dickson, Sattler, Latim i Serge Ferrari Microperforat.<br\/>Cada fabricant ofereix una gamma \u00fanica de teixits, des de llisos fins a motius fantasia, passant per ratlles i estampats.<\/p>\n\n<p>Explora la nostra selecci\u00f3 per trobar el teixit perfecte per al teu projecte de canvi de lona de tendal.<\/p>\n\n<h2 class=\"wp-block-heading\" id=\"h-fabricado-en-espana\">Fabricat a Espanya<\/h2>\n\n<ul class=\"wp-block-list\">\n<li><strong>Sauleda<\/strong><br\/>Llisos : <a href=\"https:\/\/cambiodelona.com\/ca\/lona-per-a-tendal-color-llis-de-sauleda\/\">FITXES TECNIQUES: MASACRIL Llisos de Sauleda<\/a><br\/>Ratllats Fantasia : <a href=\"https:\/\/cambiodelona.com\/ca\/fitxes-tecniques-masacril-ratllat-fantasia-de-sauleda\/\">FITXES TECNIQUES: MASACRIL Ratllats Fantasia de Sauleda<\/a><br\/>Ratllats Cl\u00e0ssics : <a href=\"https:\/\/cambiodelona.com\/ca\/fitxes-tecniques-masacril-ratllat-classic-de-sauleda\/\">FITXES TECNIQUES: MASACRIL Ratllats Cl\u00e0ssics de Sauleda<\/a><br\/>\u00d3pera   <br\/>Escocia<br\/>Animals<br\/>Tandem<br\/>Green by Sauleda and Pureti<br\/>Llisos Fantasia<br\/>Estampats<br\/>PVC VIP FR<br\/>Solrain (Acr\u00eclics Impermeables)<\/li>\n<\/ul>\n\n<ul class=\"wp-block-list\">\n<li><strong>Recasens<\/strong><br\/>Recacril LLisos : <a href=\"https:\/\/cambiodelona.com\/ca\/fitxes-tecniques-recacril-llisos-de-recasens\/\">FITXES TECNIQUES: RECACRIL Llisos de Recasens<\/a><br\/>Recacril Cl\u00e0ssics<br\/>Recacril Fantasia<br\/>Estampats<\/li>\n<\/ul>\n\n<ul class=\"wp-block-list\">\n<li><strong>Citel<\/strong><br\/>Docril Solid colors<br\/>Docril Solid &amp; Textured Colors<br\/>Docril Fantasy<br\/>Docril Classics<br\/>Docril Block Stripes<\/li>\n<\/ul>\n\n<h2 class=\"wp-block-heading\" id=\"h-fabricacion-francesa\">Fabricaci\u00f3 Francesa<\/h2>\n\n<ul class=\"wp-block-list\">\n<li><strong>Dickson<\/strong><br\/>Orchestra Solids (Llisos) : <a href=\"https:\/\/cambiodelona.com\/ca\/fitxes-tecniques-orchestra-llisos-de-dickson\/\">FITXES TECNIQUES: ORCHESTRA Llisos de Dickson<\/a><br\/>Orchestra Chin\u00e9s &amp; Tweed : <a href=\"https:\/\/cambiodelona.com\/ca\/fitxes-tecniques-orchestra-chines-tweed-de-dickson\/\">FITXES TECNIQUES: ORCHESTRA Chin\u00e9s &amp; Tweed de Dickson<\/a><br\/>Orchestra Flamm\u00e9s  <br\/>Orchestra Switch<br\/>Orchestra Piqu\u00e9s<br\/>Orchestra Block Stripes (Ratllats Cl\u00e0ssics)<br\/>Orchestra Fantasy Stripes (Ratllats Fantasia)<br\/>Orchestra Goldies<br\/>Orchestra Link<br\/>Max (Acr\u00eclics Impermeables)<br\/>Spark<br\/>\u00d2pera<br\/>Sunworker<\/li>\n<\/ul>\n\n<ul class=\"wp-block-list\">\n<li><strong>Latim<\/strong><br\/>Llisos<br\/>Ratllats<br\/>Estampats<\/li>\n<\/ul>\n\n<h2 class=\"wp-block-heading\" id=\"h-fabricacion-austriaca\">Fabricaci\u00f3 Austr\u00edaca<\/h2>\n\n<ul class=\"wp-block-list\">\n<li><strong>Sattler<\/strong><br\/>Elements Solids (Llisos)<br\/>Block Stripes<br\/>Elements Stripes<br\/>Elements Urban Design<br\/>Lumera Solids<br\/>Lumera Stripe<br\/>Lumera Landscape<br\/>Lumera Landscape Mini<br\/>All Weather Imperm\u00e9able<br\/>Lumera 3DSurface<br\/>Elements Project Reflect<br\/>Elements Project Reflect Air<br\/>Twilight Metal<br\/>Twilight Pearl<br\/>Twilight Space<br\/>Firemaster<br\/>Pergola Opaque<\/li>\n<\/ul>\n\n<h2 class=\"wp-block-heading\" id=\"h-tejido-tecnico\">Teixit T\u00e8cnic<\/h2>\n\n<ul class=\"wp-block-list\">\n<li><strong>Serge Ferrari Microperforat<\/strong>: <a href=\"https:\/\/cambiodelona.com\/ca\/disseny-serge-ferrari\/\">Materials Serge Ferrari<\/a><br\/>Soltis Horizon 86<br\/>Soltis Harmony 88<br\/>Soltis Perform 92<br\/>Soltis Lounge 96<br\/>Soltis Proof W96<\/li>\n<\/ul>\n\n<ul class=\"wp-block-list\">\n<li><strong>Dickson Microperforat<\/strong><br\/>Sunworker<\/li>\n<\/ul>\n\n<p>.<\/p>\n\n<ul class=\"wp-block-list\">\n<li><strong>Sauleda<\/strong><br\/>PVC VIP FR<\/li>\n<\/ul>\n","protected":false},"excerpt":{"rendered":"<p>Aquesta \u00e9s la llista de fabricants que trobar\u00e0s a la nostra webcambiodelona.com. Seleccionem els millors fabricants europeus per garantir una satisfacci\u00f3 perfecta. Fabricants de renom que ofereixen una gran varietat d&#8217;opcions de teixits i colors.Trobar\u00e0s marques com Sauleda, Recasens, Citell, Dickson, Sattler, Latim i Serge Ferrari Microperforat.Cada fabricant ofereix una gamma \u00fanica de teixits, des &hellip;<\/p>\n<p class=\"read-more\"> <a class=\"\" href=\"https:\/\/cambiodelona.com\/ca\/fabricants-3\/\"> <span class=\"screen-reader-text\">Fabricants<\/span> Llegeix m\u00e9s &raquo;<\/a><\/p>\n","protected":false},"author":1,"featured_media":0,"parent":0,"menu_order":0,"comment_status":"closed","ping_status":"closed","template":"","meta":{"site-sidebar-layout":"default","site-content-layout":"default","ast-global-header-display":"","ast-main-header-display":"","ast-hfb-above-header-display":"","ast-hfb-below-header-display":"","ast-hfb-mobile-header-display":"","site-post-title":"disabled","ast-breadcrumbs-content":"","ast-featured-img":"","footer-sml-layout":"","theme-transparent-header-meta":"","adv-header-id-meta":"","stick-header-meta":"","header-above-stick-meta":"","header-main-stick-meta":"","header-below-stick-meta":"","footnotes":""},"class_list":["post-17423","page","type-page","status-publish","hentry"],"yoast_head":"<!-- This site is optimized with the Yoast SEO Premium plugin v21.2 (Yoast SEO v21.2) - https:\/\/yoast.com\/wordpress\/plugins\/seo\/ -->\n<title>Fabricants - Els millors fabricants europeus<\/title>\n<meta name=\"description\" content=\"Fabricants europeus de renom, oferim una gran varietat d\u02bbopcions en teixits i colors per garantir una satisfacci\u00f3 perfecta.\" \/>\n<meta name=\"robots\" content=\"index, follow, max-snippet:-1, max-image-preview:large, max-video-preview:-1\" \/>\n<link rel=\"canonical\" href=\"https:\/\/cambiodelona.com\/ca\/fabricants-3\/\" \/>\n<meta property=\"og:locale\" content=\"ca_ES\" \/>\n<meta property=\"og:type\" content=\"article\" \/>\n<meta property=\"og:title\" content=\"Fabricants\" \/>\n<meta property=\"og:description\" content=\"Fabricants europeus de renom, oferim una gran varietat d\u02bbopcions en teixits i colors per garantir una satisfacci\u00f3 perfecta.\" \/>\n<meta property=\"og:url\" content=\"https:\/\/cambiodelona.com\/ca\/fabricants-3\/\" \/>\n<meta property=\"og:site_name\" content=\"Cambiodelona\" \/>\n<meta property=\"article:publisher\" content=\"https:\/\/www.facebook.com\/cambiodelona.web\" \/>\n<meta property=\"article:modified_time\" content=\"2025-05-03T04:18:45+00:00\" \/>\n<meta property=\"og:image\" content=\"https:\/\/cambiodelona.com\/wp-content\/uploads\/2023\/09\/Transparente.png\" \/>\n\t<meta property=\"og:image:width\" content=\"4096\" \/>\n\t<meta property=\"og:image:height\" content=\"2528\" \/>\n\t<meta property=\"og:image:type\" content=\"image\/png\" \/>\n<meta name=\"twitter:card\" content=\"summary_large_image\" \/>\n<meta name=\"twitter:label1\" content=\"Temps estimat de lectura\" \/>\n\t<meta name=\"twitter:data1\" content=\"2 minuts\" \/>\n<script type=\"application\/ld+json\" class=\"yoast-schema-graph\">{\"@context\":\"https:\/\/schema.org\",\"@graph\":[{\"@type\":\"WebPage\",\"@id\":\"https:\/\/cambiodelona.com\/ca\/fabricants-3\/\",\"url\":\"https:\/\/cambiodelona.com\/ca\/fabricants-3\/\",\"name\":\"Fabricants - Els millors fabricants europeus\",\"isPartOf\":{\"@id\":\"https:\/\/cambiodelona.com\/#website\"},\"datePublished\":\"2024-03-29T08:26:17+00:00\",\"dateModified\":\"2025-05-03T04:18:45+00:00\",\"description\":\"Fabricants europeus de renom, oferim una gran varietat d\u02bbopcions en teixits i colors per garantir una satisfacci\u00f3 perfecta.\",\"breadcrumb\":{\"@id\":\"https:\/\/cambiodelona.com\/ca\/fabricants-3\/#breadcrumb\"},\"inLanguage\":\"ca\",\"potentialAction\":[{\"@type\":\"ReadAction\",\"target\":[\"https:\/\/cambiodelona.com\/ca\/fabricants-3\/\"]}]},{\"@type\":\"BreadcrumbList\",\"@id\":\"https:\/\/cambiodelona.com\/ca\/fabricants-3\/#breadcrumb\",\"itemListElement\":[{\"@type\":\"ListItem\",\"position\":1,\"name\":\"Portada\",\"item\":\"https:\/\/cambiodelona.com\/ca\/inici-2\/\"},{\"@type\":\"ListItem\",\"position\":2,\"name\":\"Fabricants\"}]},{\"@type\":\"WebSite\",\"@id\":\"https:\/\/cambiodelona.com\/#website\",\"url\":\"https:\/\/cambiodelona.com\/\",\"name\":\"Cambiodelona.com\",\"description\":\"Nuevo portal especializado en la venta en l\u00ednea de productos confeccionados a medida para todo tipo de sistemas de protecci\u00f3n solar\",\"publisher\":{\"@id\":\"https:\/\/cambiodelona.com\/#organization\"},\"alternateName\":\"Cambio de lona\",\"potentialAction\":[{\"@type\":\"SearchAction\",\"target\":{\"@type\":\"EntryPoint\",\"urlTemplate\":\"https:\/\/cambiodelona.com\/?s={search_term_string}\"},\"query-input\":\"required name=search_term_string\"}],\"inLanguage\":\"ca\"},{\"@type\":\"Organization\",\"@id\":\"https:\/\/cambiodelona.com\/#organization\",\"name\":\"Cambio de lona S. L.\",\"url\":\"https:\/\/cambiodelona.com\/\",\"logo\":{\"@type\":\"ImageObject\",\"inLanguage\":\"ca\",\"@id\":\"https:\/\/cambiodelona.com\/#\/schema\/logo\/image\/\",\"url\":\"https:\/\/cambiodelona.com\/wp-content\/uploads\/2024\/09\/cambiodelona-logo.png\",\"contentUrl\":\"https:\/\/cambiodelona.com\/wp-content\/uploads\/2024\/09\/cambiodelona-logo.png\",\"width\":800,\"height\":439,\"caption\":\"Cambio de lona S. L.\"},\"image\":{\"@id\":\"https:\/\/cambiodelona.com\/#\/schema\/logo\/image\/\"},\"sameAs\":[\"https:\/\/www.facebook.com\/cambiodelona.web\",\"https:\/\/www.instagram.com\/cambiodelona\/\"]}]}<\/script>\n<!-- \/ Yoast SEO Premium plugin. -->","yoast_head_json":{"title":"Fabricants - Els millors fabricants europeus","description":"Fabricants europeus de renom, oferim una gran varietat d\u02bbopcions en teixits i colors per garantir una satisfacci\u00f3 perfecta.","robots":{"index":"index","follow":"follow","max-snippet":"max-snippet:-1","max-image-preview":"max-image-preview:large","max-video-preview":"max-video-preview:-1"},"canonical":"https:\/\/cambiodelona.com\/ca\/fabricants-3\/","og_locale":"ca_ES","og_type":"article","og_title":"Fabricants","og_description":"Fabricants europeus de renom, oferim una gran varietat d\u02bbopcions en teixits i colors per garantir una satisfacci\u00f3 perfecta.","og_url":"https:\/\/cambiodelona.com\/ca\/fabricants-3\/","og_site_name":"Cambiodelona","article_publisher":"https:\/\/www.facebook.com\/cambiodelona.web","article_modified_time":"2025-05-03T04:18:45+00:00","og_image":[{"width":4096,"height":2528,"url":"https:\/\/cambiodelona.com\/wp-content\/uploads\/2023\/09\/Transparente.png","type":"image\/png"}],"twitter_card":"summary_large_image","twitter_misc":{"Temps estimat de lectura":"2 minuts"},"schema":{"@context":"https:\/\/schema.org","@graph":[{"@type":"WebPage","@id":"https:\/\/cambiodelona.com\/ca\/fabricants-3\/","url":"https:\/\/cambiodelona.com\/ca\/fabricants-3\/","name":"Fabricants - Els millors fabricants europeus","isPartOf":{"@id":"https:\/\/cambiodelona.com\/#website"},"datePublished":"2024-03-29T08:26:17+00:00","dateModified":"2025-05-03T04:18:45+00:00","description":"Fabricants europeus de renom, oferim una gran varietat d\u02bbopcions en teixits i colors per garantir una satisfacci\u00f3 perfecta.","breadcrumb":{"@id":"https:\/\/cambiodelona.com\/ca\/fabricants-3\/#breadcrumb"},"inLanguage":"ca","potentialAction":[{"@type":"ReadAction","target":["https:\/\/cambiodelona.com\/ca\/fabricants-3\/"]}]},{"@type":"BreadcrumbList","@id":"https:\/\/cambiodelona.com\/ca\/fabricants-3\/#breadcrumb","itemListElement":[{"@type":"ListItem","position":1,"name":"Portada","item":"https:\/\/cambiodelona.com\/ca\/inici-2\/"},{"@type":"ListItem","position":2,"name":"Fabricants"}]},{"@type":"WebSite","@id":"https:\/\/cambiodelona.com\/#website","url":"https:\/\/cambiodelona.com\/","name":"Cambiodelona.com","description":"Nuevo portal especializado en la venta en l\u00ednea de productos confeccionados a medida para todo tipo de sistemas de protecci\u00f3n solar","publisher":{"@id":"https:\/\/cambiodelona.com\/#organization"},"alternateName":"Cambio de lona","potentialAction":[{"@type":"SearchAction","target":{"@type":"EntryPoint","urlTemplate":"https:\/\/cambiodelona.com\/?s={search_term_string}"},"query-input":"required name=search_term_string"}],"inLanguage":"ca"},{"@type":"Organization","@id":"https:\/\/cambiodelona.com\/#organization","name":"Cambio de lona S. L.","url":"https:\/\/cambiodelona.com\/","logo":{"@type":"ImageObject","inLanguage":"ca","@id":"https:\/\/cambiodelona.com\/#\/schema\/logo\/image\/","url":"https:\/\/cambiodelona.com\/wp-content\/uploads\/2024\/09\/cambiodelona-logo.png","contentUrl":"https:\/\/cambiodelona.com\/wp-content\/uploads\/2024\/09\/cambiodelona-logo.png","width":800,"height":439,"caption":"Cambio de lona S. L."},"image":{"@id":"https:\/\/cambiodelona.com\/#\/schema\/logo\/image\/"},"sameAs":["https:\/\/www.facebook.com\/cambiodelona.web","https:\/\/www.instagram.com\/cambiodelona\/"]}]}},"_links":{"self":[{"href":"https:\/\/cambiodelona.com\/ca\/wp-json\/wp\/v2\/pages\/17423","targetHints":{"allow":["GET"]}}],"collection":[{"href":"https:\/\/cambiodelona.com\/ca\/wp-json\/wp\/v2\/pages"}],"about":[{"href":"https:\/\/cambiodelona.com\/ca\/wp-json\/wp\/v2\/types\/page"}],"author":[{"embeddable":true,"href":"https:\/\/cambiodelona.com\/ca\/wp-json\/wp\/v2\/users\/1"}],"replies":[{"embeddable":true,"href":"https:\/\/cambiodelona.com\/ca\/wp-json\/wp\/v2\/comments?post=17423"}],"version-history":[{"count":4,"href":"https:\/\/cambiodelona.com\/ca\/wp-json\/wp\/v2\/pages\/17423\/revisions"}],"predecessor-version":[{"id":22195,"href":"https:\/\/cambiodelona.com\/ca\/wp-json\/wp\/v2\/pages\/17423\/revisions\/22195"}],"wp:attachment":[{"href":"https:\/\/cambiodelona.com\/ca\/wp-json\/wp\/v2\/media?parent=17423"}],"curies":[{"name":"wp","href":"https:\/\/api.w.org\/{rel}","templated":true}]}}