{"id":8454,"date":"2023-05-22T19:07:20","date_gmt":"2023-05-22T17:07:20","guid":{"rendered":"https:\/\/cambiodelona.com\/fabricants-2\/"},"modified":"2024-12-05T09:36:49","modified_gmt":"2024-12-05T07:36:49","slug":"fabricants-2","status":"publish","type":"page","link":"https:\/\/cambiodelona.com\/ca\/fabricants-2\/","title":{"rendered":"Fabricants"},"content":{"rendered":"\t\t<div data-elementor-type=\"wp-page\" data-elementor-id=\"8454\" class=\"elementor elementor-8454\">\n\t\t\t\t\t\t<section class=\"elementor-section elementor-top-section elementor-element elementor-element-1a0bd7ad elementor-section-boxed elementor-section-height-default elementor-section-height-default\" data-id=\"1a0bd7ad\" data-element_type=\"section\" data-e-type=\"section\">\n\t\t\t\t\t\t<div class=\"elementor-container elementor-column-gap-default\">\n\t\t\t\t\t<div class=\"elementor-column elementor-col-100 elementor-top-column elementor-element elementor-element-548361ae\" data-id=\"548361ae\" data-element_type=\"column\" data-e-type=\"column\">\n\t\t\t<div class=\"elementor-widget-wrap elementor-element-populated\">\n\t\t\t\t\t\t<div class=\"elementor-element elementor-element-6c109a7a elementor-widget elementor-widget-text-editor\" data-id=\"6c109a7a\" data-element_type=\"widget\" data-e-type=\"widget\" data-widget_type=\"text-editor.default\">\n\t\t\t\t<div class=\"elementor-widget-container\">\n\t\t\t\t\t\t\t\t\t<h1>Fabricants<\/h1><p><br \/><strong>Aquesta \u00e9s la llista de fabricants que trobar\u00e0s a la nostra web<br \/><a class=\"notion-link-token notion-focusable-token notion-enable-hover\" style=\"font-style: inherit; font-weight: inherit;\" tabindex=\"0\" href=\"https:\/\/cambiodelona.com\/\" rel=\"noopener noreferrer\" data-token-index=\"1\"><span class=\"link-annotation-unknown-block-id--597466214\">cambiodelona.com<\/span><\/a><span style=\"font-style: inherit; background-color: var(--ast-global-color-5);\">.<\/span><\/strong><\/p><p><strong>Hem seleccionat els millors fabricants europeus<br \/>Per garantir-te una satisafacci\u00f3 perfecta.\u00a0<\/strong><\/p>\t\t\t\t\t\t\t\t<\/div>\n\t\t\t\t<\/div>\n\t\t\t\t<div class=\"elementor-element elementor-element-3e7c049d elementor-widget elementor-widget-text-editor\" data-id=\"3e7c049d\" data-element_type=\"widget\" data-e-type=\"widget\" data-widget_type=\"text-editor.default\">\n\t\t\t\t<div class=\"elementor-widget-container\">\n\t\t\t\t\t\t\t\t\t<p>Fabricants de renom per oferir una gran varietat d&#8217;opcions en teixits i colors. Trobar\u00e0s marques com Sauleda, Recasens, Citel, Dickson, Sattler, Latim i Serge Ferrari Microperforado. Cada fabricant ofereix una gama \u00fanica de teixits, des dels lisos fins als motius fantasia, passant per les ratlles i les impresses. <br \/>Explora la nostra selecci\u00f3 per trobar el teixit perfecte per al teu projecte de canvi de lona de tendal.<\/p>\t\t\t\t\t\t\t\t<\/div>\n\t\t\t\t<\/div>\n\t\t\t\t<div class=\"elementor-element elementor-element-3730f1ad elementor-widget elementor-widget-text-editor\" data-id=\"3730f1ad\" data-element_type=\"widget\" data-e-type=\"widget\" data-widget_type=\"text-editor.default\">\n\t\t\t\t<div class=\"elementor-widget-container\">\n\t\t\t\t\t\t\t\t\t<h2><span class=\"notion-enable-hover\" data-token-index=\"0\">Fabricaci\u00f3 Espanyola<\/span><\/h2>\t\t\t\t\t\t\t\t<\/div>\n\t\t\t\t<\/div>\n\t\t\t\t<section class=\"elementor-section elementor-inner-section elementor-element elementor-element-4703cca9 elementor-section-boxed elementor-section-height-default elementor-section-height-default\" data-id=\"4703cca9\" data-element_type=\"section\" data-e-type=\"section\">\n\t\t\t\t\t\t<div class=\"elementor-container elementor-column-gap-default\">\n\t\t\t\t\t<div class=\"elementor-column elementor-col-50 elementor-inner-column elementor-element elementor-element-6a0ff15c\" data-id=\"6a0ff15c\" data-element_type=\"column\" data-e-type=\"column\">\n\t\t\t<div class=\"elementor-widget-wrap elementor-element-populated\">\n\t\t\t\t\t\t<div class=\"elementor-element elementor-element-4d3b5324 elementor-widget elementor-widget-text-editor\" data-id=\"4d3b5324\" data-element_type=\"widget\" data-e-type=\"widget\" data-widget_type=\"text-editor.default\">\n\t\t\t\t<div class=\"elementor-widget-container\">\n\t\t\t\t\t\t\t\t\t<ul><li><strong>Sauleda<\/strong> <br \/>Llisos<br \/>Ratllats\/Ratllats Fantasia <br \/>Ratllats\/Ratllats Cl\u00e0ssics<br \/>\u00d2pera <br \/>Escocia<br \/>Animals <br \/>Tandem <br \/>Green by Sauleda and Pureti <br \/>Llisos fantasia<br \/>Estampats <br \/>PVC VIP FR <br \/>Solrain (Acr\u00eclics Impermeables)<\/li><\/ul>\t\t\t\t\t\t\t\t<\/div>\n\t\t\t\t<\/div>\n\t\t\t\t\t<\/div>\n\t\t<\/div>\n\t\t\t\t<div class=\"elementor-column elementor-col-50 elementor-inner-column elementor-element elementor-element-307e8e87\" data-id=\"307e8e87\" data-element_type=\"column\" data-e-type=\"column\">\n\t\t\t<div class=\"elementor-widget-wrap elementor-element-populated\">\n\t\t\t\t\t\t<div class=\"elementor-element elementor-element-6ceaee4b elementor-widget elementor-widget-text-editor\" data-id=\"6ceaee4b\" data-element_type=\"widget\" data-e-type=\"widget\" data-widget_type=\"text-editor.default\">\n\t\t\t\t<div class=\"elementor-widget-container\">\n\t\t\t\t\t\t\t\t\t<ul><li><b>Recasens <\/b><br \/>Recacril LLisos <br \/>Recacril Cl\u00e0ssics <br \/>Recacril Fantasia<br \/>Estampats<\/li><\/ul>\t\t\t\t\t\t\t\t<\/div>\n\t\t\t\t<\/div>\n\t\t\t\t<div class=\"elementor-element elementor-element-36b852f9 elementor-widget elementor-widget-text-editor\" data-id=\"36b852f9\" data-element_type=\"widget\" data-e-type=\"widget\" data-widget_type=\"text-editor.default\">\n\t\t\t\t<div class=\"elementor-widget-container\">\n\t\t\t\t\t\t\t\t\t<ul>\n<li><b>Citel<\/b><br \/>Docril Solid colors <br \/>Docril Solid &amp; Textured Colors <br \/>Docril Fantasy <br \/>Docril Classics <br \/>Docril Block Stripes<\/li>\n<\/ul>\t\t\t\t\t\t\t\t<\/div>\n\t\t\t\t<\/div>\n\t\t\t\t\t<\/div>\n\t\t<\/div>\n\t\t\t\t\t<\/div>\n\t\t<\/section>\n\t\t\t\t<div class=\"elementor-element elementor-element-1964750c elementor-widget elementor-widget-text-editor\" data-id=\"1964750c\" data-element_type=\"widget\" data-e-type=\"widget\" data-widget_type=\"text-editor.default\">\n\t\t\t\t<div class=\"elementor-widget-container\">\n\t\t\t\t\t\t\t\t\t<h2><span class=\"notion-enable-hover\" data-token-index=\"0\">Fabricaci\u00f3 Francesa<\/span><\/h2>\t\t\t\t\t\t\t\t<\/div>\n\t\t\t\t<\/div>\n\t\t\t\t<section class=\"elementor-section elementor-inner-section elementor-element elementor-element-3cf1ab5d elementor-section-boxed elementor-section-height-default elementor-section-height-default\" data-id=\"3cf1ab5d\" data-element_type=\"section\" data-e-type=\"section\">\n\t\t\t\t\t\t<div class=\"elementor-container elementor-column-gap-default\">\n\t\t\t\t\t<div class=\"elementor-column elementor-col-50 elementor-inner-column elementor-element elementor-element-663631a4\" data-id=\"663631a4\" data-element_type=\"column\" data-e-type=\"column\">\n\t\t\t<div class=\"elementor-widget-wrap elementor-element-populated\">\n\t\t\t\t\t\t<div class=\"elementor-element elementor-element-5a06b714 elementor-widget elementor-widget-text-editor\" data-id=\"5a06b714\" data-element_type=\"widget\" data-e-type=\"widget\" data-widget_type=\"text-editor.default\">\n\t\t\t\t<div class=\"elementor-widget-container\">\n\t\t\t\t\t\t\t\t\t<ul><li><strong>Dickson<\/strong> <br \/>Orchestra Solids (Llisos) <br \/>Orchestra Chin\u00e9s &amp; Tweed <br \/>Orchestra Flamm\u00e9s <br \/>Orchestra Switch <br \/>Orchestra Piqu\u00e9s <br \/>Orchestra Block Stripes (Ratllats Cl\u00e0ssics)<br \/>Orchestra Fantasy Stripes (Ratllats Fantasia)<br \/>Orchestra Goldies<br \/>Orchestra Link<br \/>Max<br \/>Spark<br \/>Op\u00e9ra <br \/>Sunworker<\/li><\/ul>\t\t\t\t\t\t\t\t<\/div>\n\t\t\t\t<\/div>\n\t\t\t\t\t<\/div>\n\t\t<\/div>\n\t\t\t\t<div class=\"elementor-column elementor-col-50 elementor-inner-column elementor-element elementor-element-5d9a594e\" data-id=\"5d9a594e\" data-element_type=\"column\" data-e-type=\"column\">\n\t\t\t<div class=\"elementor-widget-wrap elementor-element-populated\">\n\t\t\t\t\t\t<div class=\"elementor-element elementor-element-5cfd078e elementor-widget elementor-widget-text-editor\" data-id=\"5cfd078e\" data-element_type=\"widget\" data-e-type=\"widget\" data-widget_type=\"text-editor.default\">\n\t\t\t\t<div class=\"elementor-widget-container\">\n\t\t\t\t\t\t\t\t\t<ul><li><b>Latim <\/b><br \/>Llisos <br \/>Ratllats<br \/>Estampats<\/li><\/ul>\t\t\t\t\t\t\t\t<\/div>\n\t\t\t\t<\/div>\n\t\t\t\t\t<\/div>\n\t\t<\/div>\n\t\t\t\t\t<\/div>\n\t\t<\/section>\n\t\t\t\t<section class=\"elementor-section elementor-inner-section elementor-element elementor-element-34a7ba9e elementor-section-boxed elementor-section-height-default elementor-section-height-default\" data-id=\"34a7ba9e\" data-element_type=\"section\" data-e-type=\"section\">\n\t\t\t\t\t\t<div class=\"elementor-container elementor-column-gap-default\">\n\t\t\t\t\t<div class=\"elementor-column elementor-col-100 elementor-inner-column elementor-element elementor-element-2725445b\" data-id=\"2725445b\" data-element_type=\"column\" data-e-type=\"column\">\n\t\t\t<div class=\"elementor-widget-wrap elementor-element-populated\">\n\t\t\t\t\t\t<div class=\"elementor-element elementor-element-24db0f96 elementor-widget elementor-widget-text-editor\" data-id=\"24db0f96\" data-element_type=\"widget\" data-e-type=\"widget\" data-widget_type=\"text-editor.default\">\n\t\t\t\t<div class=\"elementor-widget-container\">\n\t\t\t\t\t\t\t\t\t<h2><span class=\"notion-enable-hover\" data-token-index=\"0\">Fabricaci\u00f3 Austr\u00edaca<\/span><\/h2>\t\t\t\t\t\t\t\t<\/div>\n\t\t\t\t<\/div>\n\t\t\t\t<div class=\"elementor-element elementor-element-4f2d88a elementor-widget elementor-widget-text-editor\" data-id=\"4f2d88a\" data-element_type=\"widget\" data-e-type=\"widget\" data-widget_type=\"text-editor.default\">\n\t\t\t\t<div class=\"elementor-widget-container\">\n\t\t\t\t\t\t\t\t\t<ul>\n<li><b>Sattler <\/b><br \/>Elements Solids<br \/>Block Stripes <br \/>Elements Stripes <br \/>Elements Urban Design <br \/>Lumera Solids <br \/>Lumera Stripe <br \/>Lumera Landscape <br \/>Lumera Landscape Mini <br \/>All Weather Imperm\u00e9able<br \/>Lumera 3DSurface<br \/>Elements Project Reflect <br \/>Elements Project Reflect Air <br \/>Twilight Metal <br \/>Twilight Pearl <br \/>Twilight Space <br \/>Firemaster <br \/>Pergola Opaque<\/li>\n<\/ul>\t\t\t\t\t\t\t\t<\/div>\n\t\t\t\t<\/div>\n\t\t\t\t<div class=\"elementor-element elementor-element-1e83bb2 elementor-widget elementor-widget-text-editor\" data-id=\"1e83bb2\" data-element_type=\"widget\" data-e-type=\"widget\" data-widget_type=\"text-editor.default\">\n\t\t\t\t<div class=\"elementor-widget-container\">\n\t\t\t\t\t\t\t\t\t<h2>Teixit T\u00e8cnic<\/h2>\t\t\t\t\t\t\t\t<\/div>\n\t\t\t\t<\/div>\n\t\t\t\t\t<\/div>\n\t\t<\/div>\n\t\t\t\t\t<\/div>\n\t\t<\/section>\n\t\t\t\t<section class=\"elementor-section elementor-inner-section elementor-element elementor-element-23bea67e elementor-section-boxed elementor-section-height-default elementor-section-height-default\" data-id=\"23bea67e\" data-element_type=\"section\" data-e-type=\"section\">\n\t\t\t\t\t\t<div class=\"elementor-container elementor-column-gap-default\">\n\t\t\t\t\t<div class=\"elementor-column elementor-col-50 elementor-inner-column elementor-element elementor-element-2aaa7c94\" data-id=\"2aaa7c94\" data-element_type=\"column\" data-e-type=\"column\">\n\t\t\t<div class=\"elementor-widget-wrap elementor-element-populated\">\n\t\t\t\t\t\t<div class=\"elementor-element elementor-element-56e7ee41 elementor-widget elementor-widget-text-editor\" data-id=\"56e7ee41\" data-element_type=\"widget\" data-e-type=\"widget\" data-widget_type=\"text-editor.default\">\n\t\t\t\t<div class=\"elementor-widget-container\">\n\t\t\t\t\t\t\t\t\t<ul><li><b>Serge Ferrari Microperforat <\/b><br \/>Soltis Horizon 86<br \/>Soltis Harmony 88 <br \/>Soltis Perform 92 <br \/>Soltis Lounge 96 <br \/>Soltis Proof W96<\/li><\/ul>\t\t\t\t\t\t\t\t<\/div>\n\t\t\t\t<\/div>\n\t\t\t\t\t<\/div>\n\t\t<\/div>\n\t\t\t\t<div class=\"elementor-column elementor-col-50 elementor-inner-column elementor-element elementor-element-24039ea2\" data-id=\"24039ea2\" data-element_type=\"column\" data-e-type=\"column\">\n\t\t\t<div class=\"elementor-widget-wrap elementor-element-populated\">\n\t\t\t\t\t\t<div class=\"elementor-element elementor-element-1bcee044 elementor-widget elementor-widget-text-editor\" data-id=\"1bcee044\" data-element_type=\"widget\" data-e-type=\"widget\" data-widget_type=\"text-editor.default\">\n\t\t\t\t<div class=\"elementor-widget-container\">\n\t\t\t\t\t\t\t\t\t<ul>\n<li><strong>Dickson Microperforat<\/strong><br>Sunworker<\/li>\n<\/ul>\n<p>.<\/p>\t\t\t\t\t\t\t\t<\/div>\n\t\t\t\t<\/div>\n\t\t\t\t<div class=\"elementor-element elementor-element-76ea8c88 elementor-widget elementor-widget-text-editor\" data-id=\"76ea8c88\" data-element_type=\"widget\" data-e-type=\"widget\" data-widget_type=\"text-editor.default\">\n\t\t\t\t<div class=\"elementor-widget-container\">\n\t\t\t\t\t\t\t\t\t<ul><li><strong>Sauleda<\/strong> <br \/>PVC VIP FR <br \/><br \/><\/li><\/ul>\t\t\t\t\t\t\t\t<\/div>\n\t\t\t\t<\/div>\n\t\t\t\t\t<\/div>\n\t\t<\/div>\n\t\t\t\t\t<\/div>\n\t\t<\/section>\n\t\t\t\t\t<\/div>\n\t\t<\/div>\n\t\t\t\t\t<\/div>\n\t\t<\/section>\n\t\t\t\t<\/div>\n\t\t","protected":false},"excerpt":{"rendered":"<p>Fabricants Aquesta \u00e9s la llista de fabricants que trobar\u00e0s a la nostra webcambiodelona.com. Hem seleccionat els millors fabricants europeusPer garantir-te una satisafacci\u00f3 perfecta.\u00a0 Fabricants de renom per oferir una gran varietat d&#8217;opcions en teixits i colors. Trobar\u00e0s marques com Sauleda, Recasens, Citel, Dickson, Sattler, Latim i Serge Ferrari Microperforado. Cada fabricant ofereix una gama \u00fanica &hellip;<\/p>\n<p class=\"read-more\"> <a class=\"\" href=\"https:\/\/cambiodelona.com\/ca\/fabricants-2\/\"> <span class=\"screen-reader-text\">Fabricants<\/span> Llegeix m\u00e9s &raquo;<\/a><\/p>\n","protected":false},"author":2,"featured_media":0,"parent":0,"menu_order":0,"comment_status":"closed","ping_status":"closed","template":"","meta":{"site-sidebar-layout":"no-sidebar","site-content-layout":"page-builder","ast-global-header-display":"","ast-main-header-display":"","ast-hfb-above-header-display":"","ast-hfb-below-header-display":"","ast-hfb-mobile-header-display":"","site-post-title":"disabled","ast-breadcrumbs-content":"","ast-featured-img":"disabled","footer-sml-layout":"","theme-transparent-header-meta":"","adv-header-id-meta":"","stick-header-meta":"","header-above-stick-meta":"","header-main-stick-meta":"","header-below-stick-meta":"","footnotes":""},"class_list":["post-8454","page","type-page","status-publish","hentry"],"yoast_head":"<!-- This site is optimized with the Yoast SEO Premium plugin v21.2 (Yoast SEO v21.2) - https:\/\/yoast.com\/wordpress\/plugins\/seo\/ -->\n<title>Fabricants - Cambiodelona<\/title>\n<meta name=\"description\" content=\"Hem seleccionat els millors fabricants europeus. Per garantir-te una satisafacci\u00f3 perfecta. Fabricants de renom per oferir una gran varietat d\u2019opcions\" \/>\n<meta name=\"robots\" content=\"index, follow, max-snippet:-1, max-image-preview:large, max-video-preview:-1\" \/>\n<link rel=\"canonical\" href=\"https:\/\/cambiodelona.com\/ca\/fabricants-2\/\" \/>\n<meta property=\"og:locale\" content=\"ca_ES\" \/>\n<meta property=\"og:type\" content=\"article\" \/>\n<meta property=\"og:title\" content=\"Fabricants\" \/>\n<meta property=\"og:description\" content=\"Hem seleccionat els millors fabricants europeus. Per garantir-te una satisafacci\u00f3 perfecta. Fabricants de renom per oferir una gran varietat d\u2019opcions\" \/>\n<meta property=\"og:url\" content=\"https:\/\/cambiodelona.com\/ca\/fabricants-2\/\" \/>\n<meta property=\"og:site_name\" content=\"Cambiodelona\" \/>\n<meta property=\"article:publisher\" content=\"https:\/\/www.facebook.com\/cambiodelona.web\" \/>\n<meta property=\"article:modified_time\" content=\"2024-12-05T07:36:49+00:00\" \/>\n<meta property=\"og:image\" content=\"https:\/\/cambiodelona.com\/wp-content\/uploads\/2023\/09\/Transparente.png\" \/>\n\t<meta property=\"og:image:width\" content=\"4096\" \/>\n\t<meta property=\"og:image:height\" content=\"2528\" \/>\n\t<meta property=\"og:image:type\" content=\"image\/png\" \/>\n<meta name=\"twitter:card\" content=\"summary_large_image\" \/>\n<meta name=\"twitter:label1\" content=\"Temps estimat de lectura\" \/>\n\t<meta name=\"twitter:data1\" content=\"2 minuts\" \/>\n<script type=\"application\/ld+json\" class=\"yoast-schema-graph\">{\"@context\":\"https:\/\/schema.org\",\"@graph\":[{\"@type\":\"WebPage\",\"@id\":\"https:\/\/cambiodelona.com\/ca\/fabricants-2\/\",\"url\":\"https:\/\/cambiodelona.com\/ca\/fabricants-2\/\",\"name\":\"Fabricants - Cambiodelona\",\"isPartOf\":{\"@id\":\"https:\/\/cambiodelona.com\/#website\"},\"datePublished\":\"2023-05-22T17:07:20+00:00\",\"dateModified\":\"2024-12-05T07:36:49+00:00\",\"description\":\"Hem seleccionat els millors fabricants europeus. Per garantir-te una satisafacci\u00f3 perfecta. Fabricants de renom per oferir una gran varietat d\u2019opcions\",\"breadcrumb\":{\"@id\":\"https:\/\/cambiodelona.com\/ca\/fabricants-2\/#breadcrumb\"},\"inLanguage\":\"ca\",\"potentialAction\":[{\"@type\":\"ReadAction\",\"target\":[\"https:\/\/cambiodelona.com\/ca\/fabricants-2\/\"]}]},{\"@type\":\"BreadcrumbList\",\"@id\":\"https:\/\/cambiodelona.com\/ca\/fabricants-2\/#breadcrumb\",\"itemListElement\":[{\"@type\":\"ListItem\",\"position\":1,\"name\":\"Portada\",\"item\":\"https:\/\/cambiodelona.com\/ca\/inici-2\/\"},{\"@type\":\"ListItem\",\"position\":2,\"name\":\"Fabricants\"}]},{\"@type\":\"WebSite\",\"@id\":\"https:\/\/cambiodelona.com\/#website\",\"url\":\"https:\/\/cambiodelona.com\/\",\"name\":\"Cambiodelona.com\",\"description\":\"Nuevo portal especializado en la venta en l\u00ednea de productos confeccionados a medida para todo tipo de sistemas de protecci\u00f3n solar\",\"publisher\":{\"@id\":\"https:\/\/cambiodelona.com\/#organization\"},\"alternateName\":\"Cambio de lona\",\"potentialAction\":[{\"@type\":\"SearchAction\",\"target\":{\"@type\":\"EntryPoint\",\"urlTemplate\":\"https:\/\/cambiodelona.com\/?s={search_term_string}\"},\"query-input\":\"required name=search_term_string\"}],\"inLanguage\":\"ca\"},{\"@type\":\"Organization\",\"@id\":\"https:\/\/cambiodelona.com\/#organization\",\"name\":\"Cambio de lona S. L.\",\"url\":\"https:\/\/cambiodelona.com\/\",\"logo\":{\"@type\":\"ImageObject\",\"inLanguage\":\"ca\",\"@id\":\"https:\/\/cambiodelona.com\/#\/schema\/logo\/image\/\",\"url\":\"https:\/\/cambiodelona.com\/wp-content\/uploads\/2024\/09\/cambiodelona-logo.png\",\"contentUrl\":\"https:\/\/cambiodelona.com\/wp-content\/uploads\/2024\/09\/cambiodelona-logo.png\",\"width\":800,\"height\":439,\"caption\":\"Cambio de lona S. L.\"},\"image\":{\"@id\":\"https:\/\/cambiodelona.com\/#\/schema\/logo\/image\/\"},\"sameAs\":[\"https:\/\/www.facebook.com\/cambiodelona.web\",\"https:\/\/www.instagram.com\/cambiodelona\/\"]}]}<\/script>\n<!-- \/ Yoast SEO Premium plugin. -->","yoast_head_json":{"title":"Fabricants - Cambiodelona","description":"Hem seleccionat els millors fabricants europeus. Per garantir-te una satisafacci\u00f3 perfecta. Fabricants de renom per oferir una gran varietat d\u2019opcions","robots":{"index":"index","follow":"follow","max-snippet":"max-snippet:-1","max-image-preview":"max-image-preview:large","max-video-preview":"max-video-preview:-1"},"canonical":"https:\/\/cambiodelona.com\/ca\/fabricants-2\/","og_locale":"ca_ES","og_type":"article","og_title":"Fabricants","og_description":"Hem seleccionat els millors fabricants europeus. Per garantir-te una satisafacci\u00f3 perfecta. Fabricants de renom per oferir una gran varietat d\u2019opcions","og_url":"https:\/\/cambiodelona.com\/ca\/fabricants-2\/","og_site_name":"Cambiodelona","article_publisher":"https:\/\/www.facebook.com\/cambiodelona.web","article_modified_time":"2024-12-05T07:36:49+00:00","og_image":[{"width":4096,"height":2528,"url":"https:\/\/cambiodelona.com\/wp-content\/uploads\/2023\/09\/Transparente.png","type":"image\/png"}],"twitter_card":"summary_large_image","twitter_misc":{"Temps estimat de lectura":"2 minuts"},"schema":{"@context":"https:\/\/schema.org","@graph":[{"@type":"WebPage","@id":"https:\/\/cambiodelona.com\/ca\/fabricants-2\/","url":"https:\/\/cambiodelona.com\/ca\/fabricants-2\/","name":"Fabricants - Cambiodelona","isPartOf":{"@id":"https:\/\/cambiodelona.com\/#website"},"datePublished":"2023-05-22T17:07:20+00:00","dateModified":"2024-12-05T07:36:49+00:00","description":"Hem seleccionat els millors fabricants europeus. Per garantir-te una satisafacci\u00f3 perfecta. Fabricants de renom per oferir una gran varietat d\u2019opcions","breadcrumb":{"@id":"https:\/\/cambiodelona.com\/ca\/fabricants-2\/#breadcrumb"},"inLanguage":"ca","potentialAction":[{"@type":"ReadAction","target":["https:\/\/cambiodelona.com\/ca\/fabricants-2\/"]}]},{"@type":"BreadcrumbList","@id":"https:\/\/cambiodelona.com\/ca\/fabricants-2\/#breadcrumb","itemListElement":[{"@type":"ListItem","position":1,"name":"Portada","item":"https:\/\/cambiodelona.com\/ca\/inici-2\/"},{"@type":"ListItem","position":2,"name":"Fabricants"}]},{"@type":"WebSite","@id":"https:\/\/cambiodelona.com\/#website","url":"https:\/\/cambiodelona.com\/","name":"Cambiodelona.com","description":"Nuevo portal especializado en la venta en l\u00ednea de productos confeccionados a medida para todo tipo de sistemas de protecci\u00f3n solar","publisher":{"@id":"https:\/\/cambiodelona.com\/#organization"},"alternateName":"Cambio de lona","potentialAction":[{"@type":"SearchAction","target":{"@type":"EntryPoint","urlTemplate":"https:\/\/cambiodelona.com\/?s={search_term_string}"},"query-input":"required name=search_term_string"}],"inLanguage":"ca"},{"@type":"Organization","@id":"https:\/\/cambiodelona.com\/#organization","name":"Cambio de lona S. L.","url":"https:\/\/cambiodelona.com\/","logo":{"@type":"ImageObject","inLanguage":"ca","@id":"https:\/\/cambiodelona.com\/#\/schema\/logo\/image\/","url":"https:\/\/cambiodelona.com\/wp-content\/uploads\/2024\/09\/cambiodelona-logo.png","contentUrl":"https:\/\/cambiodelona.com\/wp-content\/uploads\/2024\/09\/cambiodelona-logo.png","width":800,"height":439,"caption":"Cambio de lona S. L."},"image":{"@id":"https:\/\/cambiodelona.com\/#\/schema\/logo\/image\/"},"sameAs":["https:\/\/www.facebook.com\/cambiodelona.web","https:\/\/www.instagram.com\/cambiodelona\/"]}]}},"_links":{"self":[{"href":"https:\/\/cambiodelona.com\/ca\/wp-json\/wp\/v2\/pages\/8454","targetHints":{"allow":["GET"]}}],"collection":[{"href":"https:\/\/cambiodelona.com\/ca\/wp-json\/wp\/v2\/pages"}],"about":[{"href":"https:\/\/cambiodelona.com\/ca\/wp-json\/wp\/v2\/types\/page"}],"author":[{"embeddable":true,"href":"https:\/\/cambiodelona.com\/ca\/wp-json\/wp\/v2\/users\/2"}],"replies":[{"embeddable":true,"href":"https:\/\/cambiodelona.com\/ca\/wp-json\/wp\/v2\/comments?post=8454"}],"version-history":[{"count":8,"href":"https:\/\/cambiodelona.com\/ca\/wp-json\/wp\/v2\/pages\/8454\/revisions"}],"predecessor-version":[{"id":21157,"href":"https:\/\/cambiodelona.com\/ca\/wp-json\/wp\/v2\/pages\/8454\/revisions\/21157"}],"wp:attachment":[{"href":"https:\/\/cambiodelona.com\/ca\/wp-json\/wp\/v2\/media?parent=8454"}],"curies":[{"name":"wp","href":"https:\/\/api.w.org\/{rel}","templated":true}]}}