{"id":13383,"date":"2023-06-22T12:25:56","date_gmt":"2023-06-22T10:25:56","guid":{"rendered":"https:\/\/cambiodelona.com\/producto\/bambalina\/"},"modified":"2025-06-10T18:21:16","modified_gmt":"2025-06-10T16:21:16","slug":"bambalina-sola","status":"publish","type":"product","link":"https:\/\/cambiodelona.com\/ca\/producto\/bambalina-sola\/","title":{"rendered":"Bambalina sola"},"content":{"rendered":"<h2><strong>Vol substituir nom\u00e9s la bambalina del vostre tendal ?<\/strong><\/h2>\n<h2><strong>Tamb\u00e9 \u00e9s possible !<\/strong><\/h2>\n<p>La seva lona de tendal est\u00e0 en molt bon estat, la bambalina est\u00e0 malm\u00e8s i esquin\u00e7at, ja \u00e9s hora de substituir-lo.<\/p>\n<h2>Qu\u00e8 \u00e9s una Bambalina i podem canviar nom\u00e9s aquest element ?<\/h2>\n<p>La bambalina \u00e9s la petita pe\u00e7a de teixit que penja sota la barra de c\u00e0rrega, tamb\u00e9 anomenat volant, la seva funci\u00f3 \u00e9s protegir-nos del sol rasant als matins o al final del dia depenent de l&#8217;exposici\u00f3 del tendal.<\/p>\n<h2>Els tipus de fixaci\u00f3 de la bambalina :<\/h2>\n<ul>\n<li><strong>Fixaci\u00f3 amb <a href=\"https:\/\/cambiodelona.com\/ca\/que-es-un-macarro\/\">macarr\u00f3<\/a> :<br \/>\n<\/strong>La bambalina \u00e9s una pe\u00e7a completament independent de la tela del tendal quan la fixaci\u00f3 es realitza amb un macarr\u00f3. \u00c9s molt f\u00e0cil de canviar ja que tamb\u00e9 est\u00e0 equipat amb aquest macarr\u00f3 a la part superior.<br \/>\nPer treure&#8217;la, nom\u00e9s cal descargolar el petit cargol al lateral de la barra de c\u00e0rrega, i estirar la bambalina fent-la lliscar. <\/li>\n<li><strong>Fixaci\u00f3 amb clips :<\/strong><br \/>\nNom\u00e9s cal tirar amb for\u00e7a per treure les grapes del seu allotjament. Per instal\u00b7lar el nou fald\u00f3, utilitzarem els mateixos clips foradant la tela i pressionat dins del forat.<\/li>\n<\/ul>\n<h2><strong>Les diferents formes de bambalina :<\/strong><\/h2>\n<ul>\n<li><strong>Opci\u00f3 1 :<br \/>\n<\/strong>S\u00f3n ones amb una punta pronunciada entre cada ona.<\/li>\n<li><strong>Opci\u00f3 2 (Est\u00e0ndar)<\/strong> :<br \/>\nS\u00f3n ones suaus, l&#8217;acabat est\u00e0ndard que hem vist durant anys.<\/li>\n<li><strong>Opci\u00f3 4<\/strong> :<br \/>\n\u00c9s una ona seguida d&#8217;un tall recte.<\/li>\n<li><strong>Onada Castell :<br \/>\n<\/strong>Un estil molt particular que recorda l&#8217;Edat Mitjana.<\/li>\n<li><strong>Forma Recta amb rivet<\/strong>, o <strong>Amb vora sense rivet<\/strong> :<br \/>\nPer a un estil m\u00e9s contemporani que sempre es tradueix en l\u00ednies rectes o formes quadrades.<\/li>\n<\/ul>\n<h2><strong><span class=\"notion-enable-hover\" data-token-index=\"0\"><span role=\"img\" aria-label=\"\ud83d\udca1\">\ud83d\udca1<\/span><\/span> Consell del professional :<\/strong><\/h2>\n<p>Vol substituir nom\u00e9s la bambalina del vostre tendal ? i donar-li un nou toc modern al seu exterior, opti per una <strong>bambalina de Forma Recta amb Vora (sense beta)<\/strong>. Sens dubte, la petita vora \u00e9s l&#8217;acabat perfecte.<\/p>\n<p>Sempre exposat als elements, ja sigui pluja, vent o neu, la bambalina es desgasta molt r\u00e0pidament. \u00c9s la beta la que sempre cedeix primer, es desc\u00fas i despr\u00e9s penja al vent deixant un aire d&#8217;aband\u00f3 al nostre tendal tot i que en bon estat&#8230;<\/p>\n","protected":false},"excerpt":{"rendered":"<h1>Bambalina sola<\/h1>\n<p>La bambalina \u00e9s \u00e9s la petita pe\u00e7a de teixit que penja sota barra de c\u00e0rrega del tendal.<br \/>\nEs fixa amb un macarr\u00f3 o amb clips.<br \/>\nExisteixen diferents formes com opci\u00f3 1, opci\u00f3 2, opci\u00f3 4, onada castell i forma recta amb o sense rivet.<br \/>\nEs recomana fer servir una bambalina de Forma Recta amb Vora (sense rivet) per donar-li un aspecte modern al tendal.<\/p>\n","protected":false},"featured_media":13395,"comment_status":"closed","ping_status":"closed","template":"","meta":{"site-sidebar-layout":"default","site-content-layout":"default","ast-global-header-display":"","ast-main-header-display":"","ast-hfb-above-header-display":"","ast-hfb-below-header-display":"","ast-hfb-mobile-header-display":"","site-post-title":"","ast-breadcrumbs-content":"","ast-featured-img":"","footer-sml-layout":"","theme-transparent-header-meta":"default","adv-header-id-meta":"","stick-header-meta":"","header-above-stick-meta":"","header-main-stick-meta":"","header-below-stick-meta":""},"product_cat":[],"product_tag":[],"class_list":["post-13383","product","type-product","status-publish","has-post-thumbnail","hentry","product_shipping_class-paqueteria-ca","desktop-align-left","tablet-align-left","mobile-align-left"],"yoast_head":"<!-- This site is optimized with the Yoast SEO Premium plugin v21.2 (Yoast SEO v21.2) - https:\/\/yoast.com\/wordpress\/plugins\/seo\/ -->\n<title>Cambiodelona Bambalina sola<\/title>\n<meta name=\"description\" content=\"Vull substituir nom\u00e9s la bambalina del meu tendal. Tamb\u00e9 \u00e9s possible ! La bambalina \u00e9s una pe\u00e7a completament independent de la tela del tendal.\" \/>\n<meta name=\"robots\" content=\"index, follow, max-snippet:-1, max-image-preview:large, max-video-preview:-1\" \/>\n<link rel=\"canonical\" href=\"https:\/\/cambiodelona.com\/ca\/producto\/bambalina-sola\/\" \/>\n<meta property=\"og:locale\" content=\"ca_ES\" \/>\n<meta property=\"og:type\" content=\"article\" \/>\n<meta property=\"og:title\" content=\"Bambalina sola\" \/>\n<meta property=\"og:description\" content=\"Vull substituir nom\u00e9s la bambalina del meu tendal. Tamb\u00e9 \u00e9s possible ! La bambalina \u00e9s una pe\u00e7a completament independent de la tela del tendal.\" \/>\n<meta property=\"og:url\" content=\"https:\/\/cambiodelona.com\/ca\/producto\/bambalina-sola\/\" \/>\n<meta property=\"og:site_name\" content=\"Cambiodelona\" \/>\n<meta property=\"article:publisher\" content=\"https:\/\/www.facebook.com\/cambiodelona.web\" \/>\n<meta property=\"article:modified_time\" content=\"2025-06-10T16:21:16+00:00\" \/>\n<meta property=\"og:image\" content=\"https:\/\/cambiodelona.com\/wp-content\/uploads\/2023\/07\/bambalina-es.png\" \/>\n\t<meta property=\"og:image:width\" content=\"834\" \/>\n\t<meta property=\"og:image:height\" content=\"99\" \/>\n\t<meta property=\"og:image:type\" content=\"image\/png\" \/>\n<meta name=\"twitter:card\" content=\"summary_large_image\" \/>\n<meta name=\"twitter:label1\" content=\"Temps estimat de lectura\" \/>\n\t<meta name=\"twitter:data1\" content=\"2 minuts\" \/>\n<script type=\"application\/ld+json\" class=\"yoast-schema-graph\">{\"@context\":\"https:\/\/schema.org\",\"@graph\":[{\"@type\":\"WebPage\",\"@id\":\"https:\/\/cambiodelona.com\/ca\/producto\/bambalina-sola\/\",\"url\":\"https:\/\/cambiodelona.com\/ca\/producto\/bambalina-sola\/\",\"name\":\"Cambiodelona Bambalina sola\",\"isPartOf\":{\"@id\":\"https:\/\/cambiodelona.com\/#website\"},\"datePublished\":\"2023-06-22T10:25:56+00:00\",\"dateModified\":\"2025-06-10T16:21:16+00:00\",\"description\":\"Vull substituir nom\u00e9s la bambalina del meu tendal. Tamb\u00e9 \u00e9s possible ! La bambalina \u00e9s una pe\u00e7a completament independent de la tela del tendal.\",\"breadcrumb\":{\"@id\":\"https:\/\/cambiodelona.com\/ca\/producto\/bambalina-sola\/#breadcrumb\"},\"inLanguage\":\"ca\",\"potentialAction\":[{\"@type\":\"ReadAction\",\"target\":[\"https:\/\/cambiodelona.com\/ca\/producto\/bambalina-sola\/\"]}]},{\"@type\":\"BreadcrumbList\",\"@id\":\"https:\/\/cambiodelona.com\/ca\/producto\/bambalina-sola\/#breadcrumb\",\"itemListElement\":[{\"@type\":\"ListItem\",\"position\":1,\"name\":\"Portada\",\"item\":\"https:\/\/cambiodelona.com\/ca\/inici-2\/\"},{\"@type\":\"ListItem\",\"position\":2,\"name\":\"Botiga online\",\"item\":\"https:\/\/cambiodelona.com\/ca\/tienda-2\/\"},{\"@type\":\"ListItem\",\"position\":3,\"name\":\"Bambalina sola\"}]},{\"@type\":\"WebSite\",\"@id\":\"https:\/\/cambiodelona.com\/#website\",\"url\":\"https:\/\/cambiodelona.com\/\",\"name\":\"Cambiodelona.com\",\"description\":\"Nuevo portal especializado en la venta en l\u00ednea de productos confeccionados a medida para todo tipo de sistemas de protecci\u00f3n solar\",\"publisher\":{\"@id\":\"https:\/\/cambiodelona.com\/#organization\"},\"alternateName\":\"Cambio de lona\",\"potentialAction\":[{\"@type\":\"SearchAction\",\"target\":{\"@type\":\"EntryPoint\",\"urlTemplate\":\"https:\/\/cambiodelona.com\/?s={search_term_string}\"},\"query-input\":\"required name=search_term_string\"}],\"inLanguage\":\"ca\"},{\"@type\":\"Organization\",\"@id\":\"https:\/\/cambiodelona.com\/#organization\",\"name\":\"Cambio de lona S. L.\",\"url\":\"https:\/\/cambiodelona.com\/\",\"logo\":{\"@type\":\"ImageObject\",\"inLanguage\":\"ca\",\"@id\":\"https:\/\/cambiodelona.com\/#\/schema\/logo\/image\/\",\"url\":\"https:\/\/cambiodelona.com\/wp-content\/uploads\/2024\/09\/cambiodelona-logo.png\",\"contentUrl\":\"https:\/\/cambiodelona.com\/wp-content\/uploads\/2024\/09\/cambiodelona-logo.png\",\"width\":800,\"height\":439,\"caption\":\"Cambio de lona S. L.\"},\"image\":{\"@id\":\"https:\/\/cambiodelona.com\/#\/schema\/logo\/image\/\"},\"sameAs\":[\"https:\/\/www.facebook.com\/cambiodelona.web\",\"https:\/\/www.instagram.com\/cambiodelona\/\"]}]}<\/script>\n<!-- \/ Yoast SEO Premium plugin. -->","yoast_head_json":{"title":"Cambiodelona Bambalina sola","description":"Vull substituir nom\u00e9s la bambalina del meu tendal. Tamb\u00e9 \u00e9s possible ! La bambalina \u00e9s una pe\u00e7a completament independent de la tela del tendal.","robots":{"index":"index","follow":"follow","max-snippet":"max-snippet:-1","max-image-preview":"max-image-preview:large","max-video-preview":"max-video-preview:-1"},"canonical":"https:\/\/cambiodelona.com\/ca\/producto\/bambalina-sola\/","og_locale":"ca_ES","og_type":"article","og_title":"Bambalina sola","og_description":"Vull substituir nom\u00e9s la bambalina del meu tendal. Tamb\u00e9 \u00e9s possible ! La bambalina \u00e9s una pe\u00e7a completament independent de la tela del tendal.","og_url":"https:\/\/cambiodelona.com\/ca\/producto\/bambalina-sola\/","og_site_name":"Cambiodelona","article_publisher":"https:\/\/www.facebook.com\/cambiodelona.web","article_modified_time":"2025-06-10T16:21:16+00:00","og_image":[{"width":834,"height":99,"url":"https:\/\/cambiodelona.com\/wp-content\/uploads\/2023\/07\/bambalina-es.png","type":"image\/png"}],"twitter_card":"summary_large_image","twitter_misc":{"Temps estimat de lectura":"2 minuts"},"schema":{"@context":"https:\/\/schema.org","@graph":[{"@type":"WebPage","@id":"https:\/\/cambiodelona.com\/ca\/producto\/bambalina-sola\/","url":"https:\/\/cambiodelona.com\/ca\/producto\/bambalina-sola\/","name":"Cambiodelona Bambalina sola","isPartOf":{"@id":"https:\/\/cambiodelona.com\/#website"},"datePublished":"2023-06-22T10:25:56+00:00","dateModified":"2025-06-10T16:21:16+00:00","description":"Vull substituir nom\u00e9s la bambalina del meu tendal. Tamb\u00e9 \u00e9s possible ! La bambalina \u00e9s una pe\u00e7a completament independent de la tela del tendal.","breadcrumb":{"@id":"https:\/\/cambiodelona.com\/ca\/producto\/bambalina-sola\/#breadcrumb"},"inLanguage":"ca","potentialAction":[{"@type":"ReadAction","target":["https:\/\/cambiodelona.com\/ca\/producto\/bambalina-sola\/"]}]},{"@type":"BreadcrumbList","@id":"https:\/\/cambiodelona.com\/ca\/producto\/bambalina-sola\/#breadcrumb","itemListElement":[{"@type":"ListItem","position":1,"name":"Portada","item":"https:\/\/cambiodelona.com\/ca\/inici-2\/"},{"@type":"ListItem","position":2,"name":"Botiga online","item":"https:\/\/cambiodelona.com\/ca\/tienda-2\/"},{"@type":"ListItem","position":3,"name":"Bambalina sola"}]},{"@type":"WebSite","@id":"https:\/\/cambiodelona.com\/#website","url":"https:\/\/cambiodelona.com\/","name":"Cambiodelona.com","description":"Nuevo portal especializado en la venta en l\u00ednea de productos confeccionados a medida para todo tipo de sistemas de protecci\u00f3n solar","publisher":{"@id":"https:\/\/cambiodelona.com\/#organization"},"alternateName":"Cambio de lona","potentialAction":[{"@type":"SearchAction","target":{"@type":"EntryPoint","urlTemplate":"https:\/\/cambiodelona.com\/?s={search_term_string}"},"query-input":"required name=search_term_string"}],"inLanguage":"ca"},{"@type":"Organization","@id":"https:\/\/cambiodelona.com\/#organization","name":"Cambio de lona S. L.","url":"https:\/\/cambiodelona.com\/","logo":{"@type":"ImageObject","inLanguage":"ca","@id":"https:\/\/cambiodelona.com\/#\/schema\/logo\/image\/","url":"https:\/\/cambiodelona.com\/wp-content\/uploads\/2024\/09\/cambiodelona-logo.png","contentUrl":"https:\/\/cambiodelona.com\/wp-content\/uploads\/2024\/09\/cambiodelona-logo.png","width":800,"height":439,"caption":"Cambio de lona S. L."},"image":{"@id":"https:\/\/cambiodelona.com\/#\/schema\/logo\/image\/"},"sameAs":["https:\/\/www.facebook.com\/cambiodelona.web","https:\/\/www.instagram.com\/cambiodelona\/"]}]}},"_links":{"self":[{"href":"https:\/\/cambiodelona.com\/ca\/wp-json\/wp\/v2\/product\/13383","targetHints":{"allow":["GET"]}}],"collection":[{"href":"https:\/\/cambiodelona.com\/ca\/wp-json\/wp\/v2\/product"}],"about":[{"href":"https:\/\/cambiodelona.com\/ca\/wp-json\/wp\/v2\/types\/product"}],"replies":[{"embeddable":true,"href":"https:\/\/cambiodelona.com\/ca\/wp-json\/wp\/v2\/comments?post=13383"}],"wp:featuredmedia":[{"embeddable":true,"href":"https:\/\/cambiodelona.com\/ca\/wp-json\/wp\/v2\/media\/13395"}],"wp:attachment":[{"href":"https:\/\/cambiodelona.com\/ca\/wp-json\/wp\/v2\/media?parent=13383"}],"wp:term":[{"taxonomy":"product_cat","embeddable":true,"href":"https:\/\/cambiodelona.com\/ca\/wp-json\/wp\/v2\/product_cat?post=13383"},{"taxonomy":"product_tag","embeddable":true,"href":"https:\/\/cambiodelona.com\/ca\/wp-json\/wp\/v2\/product_tag?post=13383"}],"curies":[{"name":"wp","href":"https:\/\/api.w.org\/{rel}","templated":true}]}}