{"id":14015,"date":"2023-08-04T10:29:05","date_gmt":"2023-08-04T08:29:05","guid":{"rendered":"https:\/\/cambiodelona.com\/producto\/lona-para-pergola\/"},"modified":"2025-06-10T18:15:59","modified_gmt":"2025-06-10T16:15:59","slug":"lona-per-a-pergola","status":"publish","type":"product","link":"https:\/\/cambiodelona.com\/ca\/producto\/lona-per-a-pergola\/","title":{"rendered":"Lona per a p\u00e9rgola"},"content":{"rendered":"<h2><strong>Necessites canviar la lona de la teva p\u00e8rgola?<\/strong><\/h2>\n<p>Pots configurar la teva lona per a p\u00e8rgola amb el material que millor s&#8217;adapti a les teves necessitats.<br \/>\nAquesta confecci\u00f3 s&#8217;ajusta a tot tipus d&#8217;estructures, ja sigui per a una p\u00e8rgola de jard\u00ed amb estructura de fusta, met\u00e0l\u00b7lica, adossada o per a p\u00e8rgola.<\/p>\n<p>A CambioDeLona som especialistes en confeccionar teles a mida perfectament adaptades a la teva p\u00e8rgola.<br \/>\nTria entre la nostra selecci\u00f3 de teles per a p\u00e8rgoles per a una excel\u00b7lent protecci\u00f3 t\u00e8rmica i visual.<\/p>\n<h2><strong>Tipus de confecci\u00f3:<\/strong><\/h2>\n<p>Vores refor\u00e7ades a tot el per\u00edmetre<br \/>\nUllets d&#8217;acer inoxidable de 12 mm col\u00b7locats cada 30 cm.<\/p>\n<h2><strong>Opcions de fabricaci\u00f3 i complement :<\/strong><\/h2>\n<h3><strong>Vols una subjecci\u00f3 perfecta?<\/strong><\/h3>\n<p>Pots millorar encara m\u00e9s la fixaci\u00f3 de la teva lona per a p\u00e8rgola afegint una cinta o diverses cintes de velcro ubicades sota la lona, \u200b\u200badaptant-les segons les teves necessitats espec\u00edfiques.<br \/>\nUtilitzant aquestes cintes de velcro, garantir\u00e0s que la lona de la p\u00e8rgola es mantingui fermament collada a l&#8217;estructura, evitant qualsevol risc que s&#8217;aixequi en cas de forts vents o condicions clim\u00e0tiques adverses.<\/p>\n<h2><strong>El complement necessari :<\/strong><\/h2>\n<p>Per garantir una instal\u00b7laci\u00f3 adequada de la nova lona, \u200b\u200bet recomanem utilitzar la corda el\u00e0stica (<em>Sandow<\/em>) de 6 mm de gruix. Podeu triar entre l&#8217;opci\u00f3 de color blanc o negre, segons les vostres prefer\u00e8ncies.<br \/>\nA m\u00e9s, el nostre configurador est\u00e0 dissenyat per calcular autom\u00e0ticament la quantitat exacta de metres de corda que necessites, tenint en compte el per\u00edmetre de la teva lona. <\/p>\n<p><!-- notionvc: 95ce69c5-1ab8-46ad-a4ca-06e32c76e3b1 --><\/p>\n","protected":false},"excerpt":{"rendered":"<p>Necessites canviar la lona de la teva p\u00e8rgola? Pots configurar la teva lona per a p\u00e8rgola amb el material que millor s&#8217;adapti a les teves necessitats. Aquesta confecci\u00f3 s&#8217;ajusta a tot tipus d&#8217;estructures, ja sigui per a una p\u00e8rgola de jard\u00ed amb estructura de fusta, met\u00e0l\u00b7lica, adossada o per a p\u00e8rgola. A CambioDeLona som especialistes &hellip;<\/p>\n<p class=\"read-more\"> <a class=\"\" href=\"https:\/\/cambiodelona.com\/ca\/producto\/lona-per-a-pergola\/\"> <span class=\"screen-reader-text\">Lona per a p\u00e9rgola<\/span> Llegeix m\u00e9s &raquo;<\/a><\/p>\n","protected":false},"featured_media":14209,"comment_status":"closed","ping_status":"closed","template":"","meta":{"site-sidebar-layout":"default","site-content-layout":"default","ast-global-header-display":"","ast-main-header-display":"","ast-hfb-above-header-display":"","ast-hfb-below-header-display":"","ast-hfb-mobile-header-display":"","site-post-title":"","ast-breadcrumbs-content":"","ast-featured-img":"","footer-sml-layout":"","theme-transparent-header-meta":"default","adv-header-id-meta":"","stick-header-meta":"","header-above-stick-meta":"","header-main-stick-meta":"","header-below-stick-meta":""},"product_cat":[],"product_tag":[],"class_list":["post-14015","product","type-product","status-publish","has-post-thumbnail","hentry","product_shipping_class-paqueteria-ca","desktop-align-left","tablet-align-left","mobile-align-left"],"yoast_head":"<!-- This site is optimized with the Yoast SEO Premium plugin v21.2 (Yoast SEO v21.2) - https:\/\/yoast.com\/wordpress\/plugins\/seo\/ -->\n<title>Lona per a p\u00e9rgola - Cambiodelona<\/title>\n<meta name=\"description\" content=\"La meva lona per a p\u00e8rgola a mida. Pots configurar la teva lona per a p\u00e8rgola amb el material que millor s&#039;adapti a les teves necessitats.\" \/>\n<meta name=\"robots\" content=\"index, follow, max-snippet:-1, max-image-preview:large, max-video-preview:-1\" \/>\n<link rel=\"canonical\" href=\"https:\/\/cambiodelona.com\/ca\/producto\/lona-per-a-pergola\/\" \/>\n<meta property=\"og:locale\" content=\"ca_ES\" \/>\n<meta property=\"og:type\" content=\"article\" \/>\n<meta property=\"og:title\" content=\"Lona per a p\u00e9rgola\" \/>\n<meta property=\"og:description\" content=\"La meva lona per a p\u00e8rgola a mida. Pots configurar la teva lona per a p\u00e8rgola amb el material que millor s&#039;adapti a les teves necessitats.\" \/>\n<meta property=\"og:url\" content=\"https:\/\/cambiodelona.com\/ca\/producto\/lona-per-a-pergola\/\" \/>\n<meta property=\"og:site_name\" content=\"Cambiodelona\" \/>\n<meta property=\"article:publisher\" content=\"https:\/\/www.facebook.com\/cambiodelona.web\" \/>\n<meta property=\"article:modified_time\" content=\"2025-06-10T16:15:59+00:00\" \/>\n<meta property=\"og:image\" content=\"https:\/\/cambiodelona.com\/wp-content\/uploads\/2023\/08\/lona-pergola-anillos-sandow-black-filled-ca-1.png\" \/>\n\t<meta property=\"og:image:width\" content=\"1200\" \/>\n\t<meta property=\"og:image:height\" content=\"1100\" \/>\n\t<meta property=\"og:image:type\" content=\"image\/png\" \/>\n<meta name=\"twitter:card\" content=\"summary_large_image\" \/>\n<script type=\"application\/ld+json\" class=\"yoast-schema-graph\">{\"@context\":\"https:\/\/schema.org\",\"@graph\":[{\"@type\":\"WebPage\",\"@id\":\"https:\/\/cambiodelona.com\/ca\/producto\/lona-per-a-pergola\/\",\"url\":\"https:\/\/cambiodelona.com\/ca\/producto\/lona-per-a-pergola\/\",\"name\":\"Lona per a p\u00e9rgola - Cambiodelona\",\"isPartOf\":{\"@id\":\"https:\/\/cambiodelona.com\/#website\"},\"datePublished\":\"2023-08-04T08:29:05+00:00\",\"dateModified\":\"2025-06-10T16:15:59+00:00\",\"description\":\"La meva lona per a p\u00e8rgola a mida. Pots configurar la teva lona per a p\u00e8rgola amb el material que millor s'adapti a les teves necessitats.\",\"breadcrumb\":{\"@id\":\"https:\/\/cambiodelona.com\/ca\/producto\/lona-per-a-pergola\/#breadcrumb\"},\"inLanguage\":\"ca\",\"potentialAction\":[{\"@type\":\"ReadAction\",\"target\":[\"https:\/\/cambiodelona.com\/ca\/producto\/lona-per-a-pergola\/\"]}]},{\"@type\":\"BreadcrumbList\",\"@id\":\"https:\/\/cambiodelona.com\/ca\/producto\/lona-per-a-pergola\/#breadcrumb\",\"itemListElement\":[{\"@type\":\"ListItem\",\"position\":1,\"name\":\"Portada\",\"item\":\"https:\/\/cambiodelona.com\/ca\/inici-2\/\"},{\"@type\":\"ListItem\",\"position\":2,\"name\":\"Botiga online\",\"item\":\"https:\/\/cambiodelona.com\/ca\/tienda-2\/\"},{\"@type\":\"ListItem\",\"position\":3,\"name\":\"Lona per a p\u00e9rgola\"}]},{\"@type\":\"WebSite\",\"@id\":\"https:\/\/cambiodelona.com\/#website\",\"url\":\"https:\/\/cambiodelona.com\/\",\"name\":\"Cambiodelona.com\",\"description\":\"Nuevo portal especializado en la venta en l\u00ednea de productos confeccionados a medida para todo tipo de sistemas de protecci\u00f3n solar\",\"publisher\":{\"@id\":\"https:\/\/cambiodelona.com\/#organization\"},\"alternateName\":\"Cambio de lona\",\"potentialAction\":[{\"@type\":\"SearchAction\",\"target\":{\"@type\":\"EntryPoint\",\"urlTemplate\":\"https:\/\/cambiodelona.com\/?s={search_term_string}\"},\"query-input\":\"required name=search_term_string\"}],\"inLanguage\":\"ca\"},{\"@type\":\"Organization\",\"@id\":\"https:\/\/cambiodelona.com\/#organization\",\"name\":\"Cambio de lona S. L.\",\"url\":\"https:\/\/cambiodelona.com\/\",\"logo\":{\"@type\":\"ImageObject\",\"inLanguage\":\"ca\",\"@id\":\"https:\/\/cambiodelona.com\/#\/schema\/logo\/image\/\",\"url\":\"https:\/\/cambiodelona.com\/wp-content\/uploads\/2024\/09\/cambiodelona-logo.png\",\"contentUrl\":\"https:\/\/cambiodelona.com\/wp-content\/uploads\/2024\/09\/cambiodelona-logo.png\",\"width\":800,\"height\":439,\"caption\":\"Cambio de lona S. L.\"},\"image\":{\"@id\":\"https:\/\/cambiodelona.com\/#\/schema\/logo\/image\/\"},\"sameAs\":[\"https:\/\/www.facebook.com\/cambiodelona.web\",\"https:\/\/www.instagram.com\/cambiodelona\/\"]}]}<\/script>\n<!-- \/ Yoast SEO Premium plugin. -->","yoast_head_json":{"title":"Lona per a p\u00e9rgola - Cambiodelona","description":"La meva lona per a p\u00e8rgola a mida. Pots configurar la teva lona per a p\u00e8rgola amb el material que millor s'adapti a les teves necessitats.","robots":{"index":"index","follow":"follow","max-snippet":"max-snippet:-1","max-image-preview":"max-image-preview:large","max-video-preview":"max-video-preview:-1"},"canonical":"https:\/\/cambiodelona.com\/ca\/producto\/lona-per-a-pergola\/","og_locale":"ca_ES","og_type":"article","og_title":"Lona per a p\u00e9rgola","og_description":"La meva lona per a p\u00e8rgola a mida. Pots configurar la teva lona per a p\u00e8rgola amb el material que millor s'adapti a les teves necessitats.","og_url":"https:\/\/cambiodelona.com\/ca\/producto\/lona-per-a-pergola\/","og_site_name":"Cambiodelona","article_publisher":"https:\/\/www.facebook.com\/cambiodelona.web","article_modified_time":"2025-06-10T16:15:59+00:00","og_image":[{"width":1200,"height":1100,"url":"https:\/\/cambiodelona.com\/wp-content\/uploads\/2023\/08\/lona-pergola-anillos-sandow-black-filled-ca-1.png","type":"image\/png"}],"twitter_card":"summary_large_image","schema":{"@context":"https:\/\/schema.org","@graph":[{"@type":"WebPage","@id":"https:\/\/cambiodelona.com\/ca\/producto\/lona-per-a-pergola\/","url":"https:\/\/cambiodelona.com\/ca\/producto\/lona-per-a-pergola\/","name":"Lona per a p\u00e9rgola - Cambiodelona","isPartOf":{"@id":"https:\/\/cambiodelona.com\/#website"},"datePublished":"2023-08-04T08:29:05+00:00","dateModified":"2025-06-10T16:15:59+00:00","description":"La meva lona per a p\u00e8rgola a mida. Pots configurar la teva lona per a p\u00e8rgola amb el material que millor s'adapti a les teves necessitats.","breadcrumb":{"@id":"https:\/\/cambiodelona.com\/ca\/producto\/lona-per-a-pergola\/#breadcrumb"},"inLanguage":"ca","potentialAction":[{"@type":"ReadAction","target":["https:\/\/cambiodelona.com\/ca\/producto\/lona-per-a-pergola\/"]}]},{"@type":"BreadcrumbList","@id":"https:\/\/cambiodelona.com\/ca\/producto\/lona-per-a-pergola\/#breadcrumb","itemListElement":[{"@type":"ListItem","position":1,"name":"Portada","item":"https:\/\/cambiodelona.com\/ca\/inici-2\/"},{"@type":"ListItem","position":2,"name":"Botiga online","item":"https:\/\/cambiodelona.com\/ca\/tienda-2\/"},{"@type":"ListItem","position":3,"name":"Lona per a p\u00e9rgola"}]},{"@type":"WebSite","@id":"https:\/\/cambiodelona.com\/#website","url":"https:\/\/cambiodelona.com\/","name":"Cambiodelona.com","description":"Nuevo portal especializado en la venta en l\u00ednea de productos confeccionados a medida para todo tipo de sistemas de protecci\u00f3n solar","publisher":{"@id":"https:\/\/cambiodelona.com\/#organization"},"alternateName":"Cambio de lona","potentialAction":[{"@type":"SearchAction","target":{"@type":"EntryPoint","urlTemplate":"https:\/\/cambiodelona.com\/?s={search_term_string}"},"query-input":"required name=search_term_string"}],"inLanguage":"ca"},{"@type":"Organization","@id":"https:\/\/cambiodelona.com\/#organization","name":"Cambio de lona S. L.","url":"https:\/\/cambiodelona.com\/","logo":{"@type":"ImageObject","inLanguage":"ca","@id":"https:\/\/cambiodelona.com\/#\/schema\/logo\/image\/","url":"https:\/\/cambiodelona.com\/wp-content\/uploads\/2024\/09\/cambiodelona-logo.png","contentUrl":"https:\/\/cambiodelona.com\/wp-content\/uploads\/2024\/09\/cambiodelona-logo.png","width":800,"height":439,"caption":"Cambio de lona S. L."},"image":{"@id":"https:\/\/cambiodelona.com\/#\/schema\/logo\/image\/"},"sameAs":["https:\/\/www.facebook.com\/cambiodelona.web","https:\/\/www.instagram.com\/cambiodelona\/"]}]}},"_links":{"self":[{"href":"https:\/\/cambiodelona.com\/ca\/wp-json\/wp\/v2\/product\/14015","targetHints":{"allow":["GET"]}}],"collection":[{"href":"https:\/\/cambiodelona.com\/ca\/wp-json\/wp\/v2\/product"}],"about":[{"href":"https:\/\/cambiodelona.com\/ca\/wp-json\/wp\/v2\/types\/product"}],"replies":[{"embeddable":true,"href":"https:\/\/cambiodelona.com\/ca\/wp-json\/wp\/v2\/comments?post=14015"}],"wp:featuredmedia":[{"embeddable":true,"href":"https:\/\/cambiodelona.com\/ca\/wp-json\/wp\/v2\/media\/14209"}],"wp:attachment":[{"href":"https:\/\/cambiodelona.com\/ca\/wp-json\/wp\/v2\/media?parent=14015"}],"wp:term":[{"taxonomy":"product_cat","embeddable":true,"href":"https:\/\/cambiodelona.com\/ca\/wp-json\/wp\/v2\/product_cat?post=14015"},{"taxonomy":"product_tag","embeddable":true,"href":"https:\/\/cambiodelona.com\/ca\/wp-json\/wp\/v2\/product_tag?post=14015"}],"curies":[{"name":"wp","href":"https:\/\/api.w.org\/{rel}","templated":true}]}}