{"id":14086,"date":"2023-08-28T09:25:26","date_gmt":"2023-08-28T07:25:26","guid":{"rendered":"https:\/\/cambiodelona.com\/producto\/lona-para-balcon\/"},"modified":"2025-06-10T18:10:59","modified_gmt":"2025-06-10T16:10:59","slug":"lona-per-a-balco","status":"publish","type":"product","link":"https:\/\/cambiodelona.com\/ca\/producto\/lona-per-a-balco\/","title":{"rendered":"Lona per a balc\u00f3"},"content":{"rendered":"<h2><strong>Necessites donar-li un toc est\u00e8tic al teu balc\u00f3 preservant alhora la teva intimitat ?<\/strong><\/h2>\n<p>Pots configurar la lona del teu balc\u00f3 amb el material que millor s&#8217;adapti a les teves necessitats i amb els colors que m\u00e9s t&#8217;agradin.<br \/>\nA CambioDeLona, som especialistes en confeccionar teles a mida, sens dubte trobar\u00e0s la soluci\u00f3 perfecta.<\/p>\n<p>Tria entre la nostra selecci\u00f3 de teles per a balc\u00f3 per obtenir una excel\u00b7lent protecci\u00f3 visual.<\/p>\n<h3><strong>Tipus de confecci\u00f3:<\/strong><\/h3>\n<p>Vores refor\u00e7ades a tot el per\u00edmetre<br \/>\nUllets d&#8217;acer inoxidable de 12 mm col\u00b7locats cada 30 cm.<\/p>\n<h2><\/h2>\n<h3>El complement necessari :<\/h3>\n<p>Per a una correcta instal\u00b7laci\u00f3 de la teva nova lona per a balc\u00f3, et proposem la corda el\u00e0stica (<em>Sandow<\/em>) de 6 mm, blanca o negra.<br \/>\nEl configurador calcula autom\u00e0ticament els metres que necessites en funci\u00f3 del per\u00edmetre de la teva lona.<\/p>\n","protected":false},"excerpt":{"rendered":"<p>Necessites donar-li un toc est\u00e8tic al teu balc\u00f3 preservant alhora la teva intimitat ? Pots configurar la lona del teu balc\u00f3 amb el material que millor s&#8217;adapti a les teves necessitats i amb els colors que m\u00e9s t&#8217;agradin. A CambioDeLona, som especialistes en confeccionar teles a mida, sens dubte trobar\u00e0s la soluci\u00f3 perfecta. Tria entre &hellip;<\/p>\n<p class=\"read-more\"> <a class=\"\" href=\"https:\/\/cambiodelona.com\/ca\/producto\/lona-per-a-balco\/\"> <span class=\"screen-reader-text\">Lona per a balc\u00f3<\/span> Llegeix m\u00e9s &raquo;<\/a><\/p>\n","protected":false},"featured_media":14213,"comment_status":"closed","ping_status":"closed","template":"","meta":{"site-sidebar-layout":"default","site-content-layout":"default","ast-global-header-display":"","ast-main-header-display":"","ast-hfb-above-header-display":"","ast-hfb-below-header-display":"","ast-hfb-mobile-header-display":"","site-post-title":"","ast-breadcrumbs-content":"","ast-featured-img":"","footer-sml-layout":"","theme-transparent-header-meta":"default","adv-header-id-meta":"","stick-header-meta":"","header-above-stick-meta":"","header-main-stick-meta":"","header-below-stick-meta":""},"product_cat":[],"product_tag":[],"class_list":["post-14086","product","type-product","status-publish","has-post-thumbnail","hentry","product_shipping_class-paqueteria-ca","desktop-align-left","tablet-align-left","mobile-align-left"],"yoast_head":"<!-- This site is optimized with the Yoast SEO Premium plugin v21.2 (Yoast SEO v21.2) - https:\/\/yoast.com\/wordpress\/plugins\/seo\/ -->\n<title>Lona per a balc\u00f3 - Cambiodelona<\/title>\n<meta name=\"description\" content=\"Lona per a balc\u00f3, d\u00f3na-li un toc est\u00e8tic al teu balc\u00f3 garantint alhora la teva intimitat. A CambioDeLona, sense dubte, trobar\u00e0s la soluci\u00f3 perfecta.\" \/>\n<meta name=\"robots\" content=\"index, follow, max-snippet:-1, max-image-preview:large, max-video-preview:-1\" \/>\n<link rel=\"canonical\" href=\"https:\/\/cambiodelona.com\/ca\/producto\/lona-per-a-balco\/\" \/>\n<meta property=\"og:locale\" content=\"ca_ES\" \/>\n<meta property=\"og:type\" content=\"article\" \/>\n<meta property=\"og:title\" content=\"Lona per a balc\u00f3\" \/>\n<meta property=\"og:description\" content=\"Lona per a balc\u00f3, d\u00f3na-li un toc est\u00e8tic al teu balc\u00f3 garantint alhora la teva intimitat. A CambioDeLona, sense dubte, trobar\u00e0s la soluci\u00f3 perfecta.\" \/>\n<meta property=\"og:url\" content=\"https:\/\/cambiodelona.com\/ca\/producto\/lona-per-a-balco\/\" \/>\n<meta property=\"og:site_name\" content=\"Cambiodelona\" \/>\n<meta property=\"article:publisher\" content=\"https:\/\/www.facebook.com\/cambiodelona.web\" \/>\n<meta property=\"article:modified_time\" content=\"2025-06-10T16:10:59+00:00\" \/>\n<meta property=\"og:image\" content=\"https:\/\/cambiodelona.com\/wp-content\/uploads\/2023\/08\/lona-pergola-anillos-sandow-black-filled-ca.png\" \/>\n\t<meta property=\"og:image:width\" content=\"1200\" \/>\n\t<meta property=\"og:image:height\" content=\"595\" \/>\n\t<meta property=\"og:image:type\" content=\"image\/png\" \/>\n<meta name=\"twitter:card\" content=\"summary_large_image\" \/>\n<meta name=\"twitter:label1\" content=\"Temps estimat de lectura\" \/>\n\t<meta name=\"twitter:data1\" content=\"1 minut\" \/>\n<script type=\"application\/ld+json\" class=\"yoast-schema-graph\">{\"@context\":\"https:\/\/schema.org\",\"@graph\":[{\"@type\":\"WebPage\",\"@id\":\"https:\/\/cambiodelona.com\/ca\/producto\/lona-per-a-balco\/\",\"url\":\"https:\/\/cambiodelona.com\/ca\/producto\/lona-per-a-balco\/\",\"name\":\"Lona per a balc\u00f3 - Cambiodelona\",\"isPartOf\":{\"@id\":\"https:\/\/cambiodelona.com\/#website\"},\"datePublished\":\"2023-08-28T07:25:26+00:00\",\"dateModified\":\"2025-06-10T16:10:59+00:00\",\"description\":\"Lona per a balc\u00f3, d\u00f3na-li un toc est\u00e8tic al teu balc\u00f3 garantint alhora la teva intimitat. A CambioDeLona, sense dubte, trobar\u00e0s la soluci\u00f3 perfecta.\",\"breadcrumb\":{\"@id\":\"https:\/\/cambiodelona.com\/ca\/producto\/lona-per-a-balco\/#breadcrumb\"},\"inLanguage\":\"ca\",\"potentialAction\":[{\"@type\":\"ReadAction\",\"target\":[\"https:\/\/cambiodelona.com\/ca\/producto\/lona-per-a-balco\/\"]}]},{\"@type\":\"BreadcrumbList\",\"@id\":\"https:\/\/cambiodelona.com\/ca\/producto\/lona-per-a-balco\/#breadcrumb\",\"itemListElement\":[{\"@type\":\"ListItem\",\"position\":1,\"name\":\"Portada\",\"item\":\"https:\/\/cambiodelona.com\/ca\/inici-2\/\"},{\"@type\":\"ListItem\",\"position\":2,\"name\":\"Botiga online\",\"item\":\"https:\/\/cambiodelona.com\/ca\/tienda-2\/\"},{\"@type\":\"ListItem\",\"position\":3,\"name\":\"Lona per a balc\u00f3\"}]},{\"@type\":\"WebSite\",\"@id\":\"https:\/\/cambiodelona.com\/#website\",\"url\":\"https:\/\/cambiodelona.com\/\",\"name\":\"Cambiodelona.com\",\"description\":\"Nuevo portal especializado en la venta en l\u00ednea de productos confeccionados a medida para todo tipo de sistemas de protecci\u00f3n solar\",\"publisher\":{\"@id\":\"https:\/\/cambiodelona.com\/#organization\"},\"alternateName\":\"Cambio de lona\",\"potentialAction\":[{\"@type\":\"SearchAction\",\"target\":{\"@type\":\"EntryPoint\",\"urlTemplate\":\"https:\/\/cambiodelona.com\/?s={search_term_string}\"},\"query-input\":\"required name=search_term_string\"}],\"inLanguage\":\"ca\"},{\"@type\":\"Organization\",\"@id\":\"https:\/\/cambiodelona.com\/#organization\",\"name\":\"Cambio de lona S. L.\",\"url\":\"https:\/\/cambiodelona.com\/\",\"logo\":{\"@type\":\"ImageObject\",\"inLanguage\":\"ca\",\"@id\":\"https:\/\/cambiodelona.com\/#\/schema\/logo\/image\/\",\"url\":\"https:\/\/cambiodelona.com\/wp-content\/uploads\/2024\/09\/cambiodelona-logo.png\",\"contentUrl\":\"https:\/\/cambiodelona.com\/wp-content\/uploads\/2024\/09\/cambiodelona-logo.png\",\"width\":800,\"height\":439,\"caption\":\"Cambio de lona S. L.\"},\"image\":{\"@id\":\"https:\/\/cambiodelona.com\/#\/schema\/logo\/image\/\"},\"sameAs\":[\"https:\/\/www.facebook.com\/cambiodelona.web\",\"https:\/\/www.instagram.com\/cambiodelona\/\"]}]}<\/script>\n<!-- \/ Yoast SEO Premium plugin. -->","yoast_head_json":{"title":"Lona per a balc\u00f3 - Cambiodelona","description":"Lona per a balc\u00f3, d\u00f3na-li un toc est\u00e8tic al teu balc\u00f3 garantint alhora la teva intimitat. A CambioDeLona, sense dubte, trobar\u00e0s la soluci\u00f3 perfecta.","robots":{"index":"index","follow":"follow","max-snippet":"max-snippet:-1","max-image-preview":"max-image-preview:large","max-video-preview":"max-video-preview:-1"},"canonical":"https:\/\/cambiodelona.com\/ca\/producto\/lona-per-a-balco\/","og_locale":"ca_ES","og_type":"article","og_title":"Lona per a balc\u00f3","og_description":"Lona per a balc\u00f3, d\u00f3na-li un toc est\u00e8tic al teu balc\u00f3 garantint alhora la teva intimitat. A CambioDeLona, sense dubte, trobar\u00e0s la soluci\u00f3 perfecta.","og_url":"https:\/\/cambiodelona.com\/ca\/producto\/lona-per-a-balco\/","og_site_name":"Cambiodelona","article_publisher":"https:\/\/www.facebook.com\/cambiodelona.web","article_modified_time":"2025-06-10T16:10:59+00:00","og_image":[{"width":1200,"height":595,"url":"https:\/\/cambiodelona.com\/wp-content\/uploads\/2023\/08\/lona-pergola-anillos-sandow-black-filled-ca.png","type":"image\/png"}],"twitter_card":"summary_large_image","twitter_misc":{"Temps estimat de lectura":"1 minut"},"schema":{"@context":"https:\/\/schema.org","@graph":[{"@type":"WebPage","@id":"https:\/\/cambiodelona.com\/ca\/producto\/lona-per-a-balco\/","url":"https:\/\/cambiodelona.com\/ca\/producto\/lona-per-a-balco\/","name":"Lona per a balc\u00f3 - Cambiodelona","isPartOf":{"@id":"https:\/\/cambiodelona.com\/#website"},"datePublished":"2023-08-28T07:25:26+00:00","dateModified":"2025-06-10T16:10:59+00:00","description":"Lona per a balc\u00f3, d\u00f3na-li un toc est\u00e8tic al teu balc\u00f3 garantint alhora la teva intimitat. A CambioDeLona, sense dubte, trobar\u00e0s la soluci\u00f3 perfecta.","breadcrumb":{"@id":"https:\/\/cambiodelona.com\/ca\/producto\/lona-per-a-balco\/#breadcrumb"},"inLanguage":"ca","potentialAction":[{"@type":"ReadAction","target":["https:\/\/cambiodelona.com\/ca\/producto\/lona-per-a-balco\/"]}]},{"@type":"BreadcrumbList","@id":"https:\/\/cambiodelona.com\/ca\/producto\/lona-per-a-balco\/#breadcrumb","itemListElement":[{"@type":"ListItem","position":1,"name":"Portada","item":"https:\/\/cambiodelona.com\/ca\/inici-2\/"},{"@type":"ListItem","position":2,"name":"Botiga online","item":"https:\/\/cambiodelona.com\/ca\/tienda-2\/"},{"@type":"ListItem","position":3,"name":"Lona per a balc\u00f3"}]},{"@type":"WebSite","@id":"https:\/\/cambiodelona.com\/#website","url":"https:\/\/cambiodelona.com\/","name":"Cambiodelona.com","description":"Nuevo portal especializado en la venta en l\u00ednea de productos confeccionados a medida para todo tipo de sistemas de protecci\u00f3n solar","publisher":{"@id":"https:\/\/cambiodelona.com\/#organization"},"alternateName":"Cambio de lona","potentialAction":[{"@type":"SearchAction","target":{"@type":"EntryPoint","urlTemplate":"https:\/\/cambiodelona.com\/?s={search_term_string}"},"query-input":"required name=search_term_string"}],"inLanguage":"ca"},{"@type":"Organization","@id":"https:\/\/cambiodelona.com\/#organization","name":"Cambio de lona S. L.","url":"https:\/\/cambiodelona.com\/","logo":{"@type":"ImageObject","inLanguage":"ca","@id":"https:\/\/cambiodelona.com\/#\/schema\/logo\/image\/","url":"https:\/\/cambiodelona.com\/wp-content\/uploads\/2024\/09\/cambiodelona-logo.png","contentUrl":"https:\/\/cambiodelona.com\/wp-content\/uploads\/2024\/09\/cambiodelona-logo.png","width":800,"height":439,"caption":"Cambio de lona S. L."},"image":{"@id":"https:\/\/cambiodelona.com\/#\/schema\/logo\/image\/"},"sameAs":["https:\/\/www.facebook.com\/cambiodelona.web","https:\/\/www.instagram.com\/cambiodelona\/"]}]}},"_links":{"self":[{"href":"https:\/\/cambiodelona.com\/ca\/wp-json\/wp\/v2\/product\/14086","targetHints":{"allow":["GET"]}}],"collection":[{"href":"https:\/\/cambiodelona.com\/ca\/wp-json\/wp\/v2\/product"}],"about":[{"href":"https:\/\/cambiodelona.com\/ca\/wp-json\/wp\/v2\/types\/product"}],"replies":[{"embeddable":true,"href":"https:\/\/cambiodelona.com\/ca\/wp-json\/wp\/v2\/comments?post=14086"}],"wp:featuredmedia":[{"embeddable":true,"href":"https:\/\/cambiodelona.com\/ca\/wp-json\/wp\/v2\/media\/14213"}],"wp:attachment":[{"href":"https:\/\/cambiodelona.com\/ca\/wp-json\/wp\/v2\/media?parent=14086"}],"wp:term":[{"taxonomy":"product_cat","embeddable":true,"href":"https:\/\/cambiodelona.com\/ca\/wp-json\/wp\/v2\/product_cat?post=14086"},{"taxonomy":"product_tag","embeddable":true,"href":"https:\/\/cambiodelona.com\/ca\/wp-json\/wp\/v2\/product_tag?post=14086"}],"curies":[{"name":"wp","href":"https:\/\/api.w.org\/{rel}","templated":true}]}}