{"id":164,"date":"2023-03-08T09:08:55","date_gmt":"2023-03-08T09:08:55","guid":{"rendered":"https:\/\/toldos.arizonecrm.com\/producto\/lona\/"},"modified":"2025-11-05T15:00:57","modified_gmt":"2025-11-05T13:00:57","slug":"tela-per-a-tendal","status":"publish","type":"product","link":"https:\/\/cambiodelona.com\/ca\/producto\/tela-per-a-tendal\/","title":{"rendered":"Tela per a tendal"},"content":{"rendered":"<h2><strong>Tela per a tendal<\/strong><\/h2>\n<h2><strong>Configura la teva lona per a tendal.<\/strong><\/h2>\n<p>Per fabricar una nova tela de tendal id\u00e8ntica la qu\u00e8 ja disposes, necessitem saber les seves mides :<\/p>\n<ul>\n<li>La <strong>L\u00ednea<\/strong> (o Amplada) :<br \/>\nDesplegueu completament el vostre tendal, col\u00b7loqueu el metre directament sobre la tela i mesureu l\u2019amplada d\u2019aquesta, de vora a vora.<\/li>\n<li><span class=\"notion-enable-hover\" data-token-index=\"0\"><span class=\"notion-enable-hover\" data-token-index=\"0\">La <strong>Sortida<\/strong> (o Extensi\u00f3) :<br \/>\n<\/span><\/span>De nou, el tendal ha d\u2019estar completament obert, \u00e9s a dir, desplegat al m\u00e0xim.<br \/>\nCol\u00b7loca la cinta m\u00e8trica directament sobre la tela del tendal i medeix la seva al\u00e7ada (o extensi\u00f3).<br \/>\nVeureu que hi queda de la tela enrotllada sobre el tub superior, fins i tot quan els tendal est\u00e0 completament desplegat.<br \/>\nPer tenir-ho en compte, <strong>heu de afegir 30 cm <\/strong>per a l\u2019enrrollament.<\/li>\n<\/ul>\n<h2><strong>Determineu les mides de la bambalina.<\/strong><\/h2>\n<p>Si teniu una bambalina i voleu sustituir-lo, tamb\u00e9 necessitem les seves mides.<br \/>\nNo \u00e9s necessari tornar a medir la seva amplada, ja que \u00e9s id\u00e8ntica a la de la tela que heu medit pr\u00e8viament.<br \/>\nDe fet, es la mateixa amplada, nom\u00e9s cal que ens indiqueu l&#8217;al\u00e7ada de la bambalina.<\/p>\n<h2><strong>Indicar els acabats de la lona<\/strong><\/h2>\n<p>\u00c9s a dir, observem la tela i mirem com va collada a l&#8217;estructura del tendal.<\/p>\n<p>Existeixen dos tipus d&#8217;acabats:<\/p>\n<ul>\n<li><span style=\"font-size: 16px;\">Amb <strong><a href=\"https:\/\/cambiodelona.com\/ca\/que-es-un-macarro\/\">macarrons<\/a><\/strong>, a dalt i a baix, i tamb\u00e9 a la bambalina si el tendal porta una. (Varetes de pl\u00e0stic)<\/span><\/li>\n<li>Amb vora adalt (subjectada amb clips), i <strong><a href=\"https:\/\/cambiodelona.com\/ca\/tela-per-a-tendal-que-es-una-beina\/\">beina<\/a><\/strong> a baix (en aquest cas hem d&#8217;indicar el di\u00e0metre del tub)<\/li>\n<\/ul>\n<p>Preneu nota d&#8217;aquestes tres mides : <strong>Amplada &#8211; Sortida &#8211; Al\u00e7ada de la bambalina<br \/>\n<\/strong> i ara podeu indicar-les al nostre configurador.<\/p>\n<p>Si teniu preguntes o comentaris, estem a la vostra disposici\u00f3 :<\/p>\n<ul>\n<li>por correo electr\u00f2nic a <strong>web@cambiodelona.com<\/strong><\/li>\n<li>per tel\u00e8fon al <strong>+34 609 82 59 61<\/strong><\/li>\n<\/ul>\n<p>Et desitgem una bona realitzaci\u00f3 del teu projecte de protecci\u00f3 solar i, sobretot, no oblidis enviar-nos una foto de la instal\u00b7laci\u00f3 un cop acabada.<\/p>\n<h3>Fotos del producte<\/h3>\n<p><a href=\"https:\/\/cambiodelona.com\/wp-content\/uploads\/2023\/03\/foto-clientes-300x300.webp\" target=\"_blank\" rel=\"noopener\"><img fetchpriority=\"high\" decoding=\"async\" class=\"alignnone wp-image-20695\" style=\"margin-bottom: 5px;\" src=\"https:\/\/cambiodelona.com\/wp-content\/uploads\/2023\/03\/foto-clientes-300x300.webp\" alt=\"lona per a tendal taronja amb ratlles\" width=\"295\" height=\"295\" srcset=\"https:\/\/cambiodelona.com\/wp-content\/uploads\/2023\/03\/foto-clientes-300x300.webp 300w, https:\/\/cambiodelona.com\/wp-content\/uploads\/2023\/03\/foto-clientes-1024x1024.webp 1024w, https:\/\/cambiodelona.com\/wp-content\/uploads\/2023\/03\/foto-clientes-150x150.webp 150w, https:\/\/cambiodelona.com\/wp-content\/uploads\/2023\/03\/foto-clientes-768x768.webp 768w, https:\/\/cambiodelona.com\/wp-content\/uploads\/2023\/03\/foto-clientes-600x600.webp 600w, https:\/\/cambiodelona.com\/wp-content\/uploads\/2023\/03\/foto-clientes-100x100.webp 100w, https:\/\/cambiodelona.com\/wp-content\/uploads\/2023\/03\/foto-clientes.webp 1080w\" sizes=\"(max-width: 295px) 100vw, 295px\" \/><\/a> <a href=\"https:\/\/cambiodelona.com\/wp-content\/uploads\/2023\/03\/foto-clientes3-300x300.webp\" target=\"_blank\" rel=\"noopener\"><img decoding=\"async\" class=\"alignnone wp-image-20703\" style=\"margin-bottom: 5px;\" src=\"https:\/\/cambiodelona.com\/wp-content\/uploads\/2023\/03\/foto-clientes3-300x300.webp\" alt=\"lona per a tendal taronja\" width=\"295\" height=\"295\" srcset=\"https:\/\/cambiodelona.com\/wp-content\/uploads\/2023\/03\/foto-clientes3-300x300.webp 300w, https:\/\/cambiodelona.com\/wp-content\/uploads\/2023\/03\/foto-clientes3-1024x1024.webp 1024w, https:\/\/cambiodelona.com\/wp-content\/uploads\/2023\/03\/foto-clientes3-150x150.webp 150w, https:\/\/cambiodelona.com\/wp-content\/uploads\/2023\/03\/foto-clientes3-768x768.webp 768w, https:\/\/cambiodelona.com\/wp-content\/uploads\/2023\/03\/foto-clientes3-600x600.webp 600w, https:\/\/cambiodelona.com\/wp-content\/uploads\/2023\/03\/foto-clientes3-100x100.webp 100w, https:\/\/cambiodelona.com\/wp-content\/uploads\/2023\/03\/foto-clientes3.webp 1200w\" sizes=\"(max-width: 295px) 100vw, 295px\" \/><\/a> <a href=\"https:\/\/cambiodelona.com\/wp-content\/uploads\/2024\/11\/foto-clientes4-300x300.webp\" target=\"_blank\" rel=\"noopener\"><img decoding=\"async\" class=\"alignnone wp-image-20703\" style=\"margin-bottom: 5px;\" src=\"https:\/\/cambiodelona.com\/wp-content\/uploads\/2024\/11\/foto-clientes4-300x300.webp\" alt=\"lona per a tendal blanca\" width=\"295\" height=\"295\" \/><\/a> <a href=\"https:\/\/cambiodelona.com\/wp-content\/uploads\/2023\/03\/fotos-clientes-2-300x300.webp\" target=\"_blank\" rel=\"noopener\"><img loading=\"lazy\" decoding=\"async\" class=\"alignnone wp-image-20699\" style=\"margin-bottom: 5px;\" src=\"https:\/\/cambiodelona.com\/wp-content\/uploads\/2023\/03\/fotos-clientes-2-300x300.webp\" alt=\"lona per a tendal gris\" width=\"295\" height=\"295\" srcset=\"https:\/\/cambiodelona.com\/wp-content\/uploads\/2023\/03\/fotos-clientes-2-300x300.webp 300w, https:\/\/cambiodelona.com\/wp-content\/uploads\/2023\/03\/fotos-clientes-2-1024x1024.webp 1024w, https:\/\/cambiodelona.com\/wp-content\/uploads\/2023\/03\/fotos-clientes-2-150x150.webp 150w, https:\/\/cambiodelona.com\/wp-content\/uploads\/2023\/03\/fotos-clientes-2-768x768.webp 768w, https:\/\/cambiodelona.com\/wp-content\/uploads\/2023\/03\/fotos-clientes-2-600x600.webp 600w, https:\/\/cambiodelona.com\/wp-content\/uploads\/2023\/03\/fotos-clientes-2-100x100.webp 100w, https:\/\/cambiodelona.com\/wp-content\/uploads\/2023\/03\/fotos-clientes-2.webp 1200w\" sizes=\"(max-width: 295px) 100vw, 295px\" \/><\/a> <a href=\"https:\/\/cambiodelona.com\/wp-content\/uploads\/2024\/11\/fotos-clientes5-300x300.webp\" target=\"_blank\" rel=\"noopener\"><img loading=\"lazy\" decoding=\"async\" class=\"alignnone wp-image-20699\" style=\"margin-bottom: 5px;\" src=\"https:\/\/cambiodelona.com\/wp-content\/uploads\/2024\/11\/fotos-clientes5-300x300.webp\" alt=\"lona per a tendal marr\u00f3\" width=\"295\" height=\"295\" \/><\/a> <a href=\"https:\/\/cambiodelona.com\/wp-content\/uploads\/2024\/11\/foto-cliente6.webp\" target=\"_blank\" rel=\"noopener\"><img loading=\"lazy\" decoding=\"async\" class=\"alignnone wp-image-20699\" style=\"margin-bottom: 5px;\" src=\"https:\/\/cambiodelona.com\/wp-content\/uploads\/2024\/11\/foto-cliente6.webp\" alt=\"lona per a tendal amb ratlles\" width=\"295\" height=\"295\" \/><\/a> <a href=\"https:\/\/cambiodelona.com\/wp-content\/uploads\/2024\/11\/foto-cliente7.webp\" target=\"_blank\" rel=\"noopener\"><img loading=\"lazy\" decoding=\"async\" class=\"alignnone wp-image-20699\" style=\"margin-bottom: 5px;\" src=\"https:\/\/cambiodelona.com\/wp-content\/uploads\/2024\/11\/foto-cliente7.webp\" alt=\"lona per a tendal verd\" width=\"295\" height=\"295\" \/><\/a> <a href=\"https:\/\/cambiodelona.com\/wp-content\/uploads\/2024\/11\/foto-cliente8.webp\" target=\"_blank\" rel=\"noopener\"><img loading=\"lazy\" decoding=\"async\" class=\"alignnone wp-image-20699\" style=\"margin-bottom: 5px;\" src=\"https:\/\/cambiodelona.com\/wp-content\/uploads\/2024\/11\/foto-cliente8.webp\" alt=\"lona per a tendal blanca\" width=\"295\" height=\"295\" \/><\/a><\/p>\n","protected":false},"excerpt":{"rendered":"<p>Per configurar una lona per a tendal, cal mesurar la <strong>l\u00ednia (amplada)<\/strong> i la <strong>sortida <\/strong>de la tela (mesura dels bra\u00e7os estesos) i <strong>afegir 30 cm<\/strong> per a l&#8217;enrotlle.<br \/>\nSi la seva lona porta una bambalina, cal mesurar-ne l&#8217;<strong>al\u00e7ada<\/strong>.<br \/>\nDespr\u00e9s, trieu el color o refer\u00e8ncia que preferiu. Podeu cercar per refer\u00e8ncia de lona o pel color que m\u00e9s us agradi.<br \/>\nA continuaci\u00f3, escolliu la forma de la bambalina i el color del rivet. Si no sabeu quin color posar per a la beta, us aconsellem que escolliu &#8220;a to&#8221; amb la seva lona. Nosaltres ens encarreguem de posar la que s&#8217;adapti millor al color de la lona. Per a un toc m\u00e9s modern opteu per una <span class=\"notion-enable-hover\" data-token-index=\"1\">bambalina <strong>Forma Recta amb Vora (sense rivet)<\/strong><\/span>.<br \/>\nFinalment, s&#8217;indiquen els acabats de la lona, \u200b\u200b\u00e9s a dir, els tipus de fixaci\u00f3 de la lona a l&#8217;estructura del tendal. Podeu triar entre <a href=\"https:\/\/cambiodelona.com\/ca\/que-es-un-macarro\/\">macarrons<\/a> o vora\/beina per a tub.<\/p>\n","protected":false},"featured_media":5005,"comment_status":"open","ping_status":"closed","template":"","meta":{"site-sidebar-layout":"default","site-content-layout":"default","ast-global-header-display":"","ast-main-header-display":"","ast-hfb-above-header-display":"","ast-hfb-below-header-display":"","ast-hfb-mobile-header-display":"","site-post-title":"","ast-breadcrumbs-content":"","ast-featured-img":"","footer-sml-layout":"","theme-transparent-header-meta":"default","adv-header-id-meta":"","stick-header-meta":"","header-above-stick-meta":"","header-main-stick-meta":"","header-below-stick-meta":""},"product_cat":[],"product_tag":[],"class_list":["post-164","product","type-product","status-publish","has-post-thumbnail","hentry","product_shipping_class-paqueteria-ca","desktop-align-left","tablet-align-left","mobile-align-left"],"yoast_head":"<!-- This site is optimized with the Yoast SEO Premium plugin v21.2 (Yoast SEO v21.2) - https:\/\/yoast.com\/wordpress\/plugins\/seo\/ -->\n<title>Lones per a Tendals a Mida | Resist\u00e8ncia UV i Aigua<\/title>\n<meta name=\"description\" content=\"Lones per a tendals a mida de materials d&#039;alta qualitat, duradors i personalitzables en una gran varietat de colors. Fabricaci\u00f3 r\u00e0pida i enviament a domicili.\" \/>\n<meta name=\"robots\" content=\"index, follow, max-snippet:-1, max-image-preview:large, max-video-preview:-1\" \/>\n<link rel=\"canonical\" href=\"https:\/\/cambiodelona.com\/ca\/producto\/tela-per-a-tendal\/\" \/>\n<meta property=\"og:locale\" content=\"ca_ES\" \/>\n<meta property=\"og:type\" content=\"article\" \/>\n<meta property=\"og:title\" content=\"Tela per a tendal\" \/>\n<meta property=\"og:description\" content=\"Lones per a tendals a mida de materials d&#039;alta qualitat, duradors i personalitzables en una gran varietat de colors. Fabricaci\u00f3 r\u00e0pida i enviament a domicili.\" \/>\n<meta property=\"og:url\" content=\"https:\/\/cambiodelona.com\/ca\/producto\/tela-per-a-tendal\/\" \/>\n<meta property=\"og:site_name\" content=\"Cambiodelona\" \/>\n<meta property=\"article:publisher\" content=\"https:\/\/www.facebook.com\/cambiodelona.web\" \/>\n<meta property=\"article:modified_time\" content=\"2025-11-05T13:00:57+00:00\" \/>\n<meta property=\"og:image\" content=\"https:\/\/cambiodelona.com\/wp-content\/uploads\/2023\/06\/lona-ona-ca.png\" \/>\n\t<meta property=\"og:image:width\" content=\"834\" \/>\n\t<meta property=\"og:image:height\" content=\"255\" \/>\n\t<meta property=\"og:image:type\" content=\"image\/png\" \/>\n<meta name=\"twitter:card\" content=\"summary_large_image\" \/>\n<meta name=\"twitter:label1\" content=\"Temps estimat de lectura\" \/>\n\t<meta name=\"twitter:data1\" content=\"4 minuts\" \/>\n<script type=\"application\/ld+json\" class=\"yoast-schema-graph\">{\"@context\":\"https:\/\/schema.org\",\"@graph\":[{\"@type\":\"WebPage\",\"@id\":\"https:\/\/cambiodelona.com\/ca\/producto\/tela-per-a-tendal\/\",\"url\":\"https:\/\/cambiodelona.com\/ca\/producto\/tela-per-a-tendal\/\",\"name\":\"Lones per a Tendals a Mida | Resist\u00e8ncia UV i Aigua\",\"isPartOf\":{\"@id\":\"https:\/\/cambiodelona.com\/#website\"},\"datePublished\":\"2023-03-08T09:08:55+00:00\",\"dateModified\":\"2025-11-05T13:00:57+00:00\",\"description\":\"Lones per a tendals a mida de materials d'alta qualitat, duradors i personalitzables en una gran varietat de colors. Fabricaci\u00f3 r\u00e0pida i enviament a domicili.\",\"breadcrumb\":{\"@id\":\"https:\/\/cambiodelona.com\/ca\/producto\/tela-per-a-tendal\/#breadcrumb\"},\"inLanguage\":\"ca\",\"potentialAction\":[{\"@type\":\"ReadAction\",\"target\":[\"https:\/\/cambiodelona.com\/ca\/producto\/tela-per-a-tendal\/\"]}]},{\"@type\":\"BreadcrumbList\",\"@id\":\"https:\/\/cambiodelona.com\/ca\/producto\/tela-per-a-tendal\/#breadcrumb\",\"itemListElement\":[{\"@type\":\"ListItem\",\"position\":1,\"name\":\"Portada\",\"item\":\"https:\/\/cambiodelona.com\/ca\/inici-2\/\"},{\"@type\":\"ListItem\",\"position\":2,\"name\":\"Botiga online\",\"item\":\"https:\/\/cambiodelona.com\/ca\/tienda-2\/\"},{\"@type\":\"ListItem\",\"position\":3,\"name\":\"Tela per a tendal\"}]},{\"@type\":\"WebSite\",\"@id\":\"https:\/\/cambiodelona.com\/#website\",\"url\":\"https:\/\/cambiodelona.com\/\",\"name\":\"Cambiodelona.com\",\"description\":\"Nuevo portal especializado en la venta en l\u00ednea de productos confeccionados a medida para todo tipo de sistemas de protecci\u00f3n solar\",\"publisher\":{\"@id\":\"https:\/\/cambiodelona.com\/#organization\"},\"alternateName\":\"Cambio de lona\",\"potentialAction\":[{\"@type\":\"SearchAction\",\"target\":{\"@type\":\"EntryPoint\",\"urlTemplate\":\"https:\/\/cambiodelona.com\/?s={search_term_string}\"},\"query-input\":\"required name=search_term_string\"}],\"inLanguage\":\"ca\"},{\"@type\":\"Organization\",\"@id\":\"https:\/\/cambiodelona.com\/#organization\",\"name\":\"Cambio de lona S. L.\",\"url\":\"https:\/\/cambiodelona.com\/\",\"logo\":{\"@type\":\"ImageObject\",\"inLanguage\":\"ca\",\"@id\":\"https:\/\/cambiodelona.com\/#\/schema\/logo\/image\/\",\"url\":\"https:\/\/cambiodelona.com\/wp-content\/uploads\/2024\/09\/cambiodelona-logo.png\",\"contentUrl\":\"https:\/\/cambiodelona.com\/wp-content\/uploads\/2024\/09\/cambiodelona-logo.png\",\"width\":800,\"height\":439,\"caption\":\"Cambio de lona S. L.\"},\"image\":{\"@id\":\"https:\/\/cambiodelona.com\/#\/schema\/logo\/image\/\"},\"sameAs\":[\"https:\/\/www.facebook.com\/cambiodelona.web\",\"https:\/\/www.instagram.com\/cambiodelona\/\"]}]}<\/script>\n<!-- \/ Yoast SEO Premium plugin. -->","yoast_head_json":{"title":"Lones per a Tendals a Mida | Resist\u00e8ncia UV i Aigua","description":"Lones per a tendals a mida de materials d'alta qualitat, duradors i personalitzables en una gran varietat de colors. Fabricaci\u00f3 r\u00e0pida i enviament a domicili.","robots":{"index":"index","follow":"follow","max-snippet":"max-snippet:-1","max-image-preview":"max-image-preview:large","max-video-preview":"max-video-preview:-1"},"canonical":"https:\/\/cambiodelona.com\/ca\/producto\/tela-per-a-tendal\/","og_locale":"ca_ES","og_type":"article","og_title":"Tela per a tendal","og_description":"Lones per a tendals a mida de materials d'alta qualitat, duradors i personalitzables en una gran varietat de colors. Fabricaci\u00f3 r\u00e0pida i enviament a domicili.","og_url":"https:\/\/cambiodelona.com\/ca\/producto\/tela-per-a-tendal\/","og_site_name":"Cambiodelona","article_publisher":"https:\/\/www.facebook.com\/cambiodelona.web","article_modified_time":"2025-11-05T13:00:57+00:00","og_image":[{"width":834,"height":255,"url":"https:\/\/cambiodelona.com\/wp-content\/uploads\/2023\/06\/lona-ona-ca.png","type":"image\/png"}],"twitter_card":"summary_large_image","twitter_misc":{"Temps estimat de lectura":"4 minuts"},"schema":{"@context":"https:\/\/schema.org","@graph":[{"@type":"WebPage","@id":"https:\/\/cambiodelona.com\/ca\/producto\/tela-per-a-tendal\/","url":"https:\/\/cambiodelona.com\/ca\/producto\/tela-per-a-tendal\/","name":"Lones per a Tendals a Mida | Resist\u00e8ncia UV i Aigua","isPartOf":{"@id":"https:\/\/cambiodelona.com\/#website"},"datePublished":"2023-03-08T09:08:55+00:00","dateModified":"2025-11-05T13:00:57+00:00","description":"Lones per a tendals a mida de materials d'alta qualitat, duradors i personalitzables en una gran varietat de colors. Fabricaci\u00f3 r\u00e0pida i enviament a domicili.","breadcrumb":{"@id":"https:\/\/cambiodelona.com\/ca\/producto\/tela-per-a-tendal\/#breadcrumb"},"inLanguage":"ca","potentialAction":[{"@type":"ReadAction","target":["https:\/\/cambiodelona.com\/ca\/producto\/tela-per-a-tendal\/"]}]},{"@type":"BreadcrumbList","@id":"https:\/\/cambiodelona.com\/ca\/producto\/tela-per-a-tendal\/#breadcrumb","itemListElement":[{"@type":"ListItem","position":1,"name":"Portada","item":"https:\/\/cambiodelona.com\/ca\/inici-2\/"},{"@type":"ListItem","position":2,"name":"Botiga online","item":"https:\/\/cambiodelona.com\/ca\/tienda-2\/"},{"@type":"ListItem","position":3,"name":"Tela per a tendal"}]},{"@type":"WebSite","@id":"https:\/\/cambiodelona.com\/#website","url":"https:\/\/cambiodelona.com\/","name":"Cambiodelona.com","description":"Nuevo portal especializado en la venta en l\u00ednea de productos confeccionados a medida para todo tipo de sistemas de protecci\u00f3n solar","publisher":{"@id":"https:\/\/cambiodelona.com\/#organization"},"alternateName":"Cambio de lona","potentialAction":[{"@type":"SearchAction","target":{"@type":"EntryPoint","urlTemplate":"https:\/\/cambiodelona.com\/?s={search_term_string}"},"query-input":"required name=search_term_string"}],"inLanguage":"ca"},{"@type":"Organization","@id":"https:\/\/cambiodelona.com\/#organization","name":"Cambio de lona S. L.","url":"https:\/\/cambiodelona.com\/","logo":{"@type":"ImageObject","inLanguage":"ca","@id":"https:\/\/cambiodelona.com\/#\/schema\/logo\/image\/","url":"https:\/\/cambiodelona.com\/wp-content\/uploads\/2024\/09\/cambiodelona-logo.png","contentUrl":"https:\/\/cambiodelona.com\/wp-content\/uploads\/2024\/09\/cambiodelona-logo.png","width":800,"height":439,"caption":"Cambio de lona S. L."},"image":{"@id":"https:\/\/cambiodelona.com\/#\/schema\/logo\/image\/"},"sameAs":["https:\/\/www.facebook.com\/cambiodelona.web","https:\/\/www.instagram.com\/cambiodelona\/"]}]}},"_links":{"self":[{"href":"https:\/\/cambiodelona.com\/ca\/wp-json\/wp\/v2\/product\/164","targetHints":{"allow":["GET"]}}],"collection":[{"href":"https:\/\/cambiodelona.com\/ca\/wp-json\/wp\/v2\/product"}],"about":[{"href":"https:\/\/cambiodelona.com\/ca\/wp-json\/wp\/v2\/types\/product"}],"replies":[{"embeddable":true,"href":"https:\/\/cambiodelona.com\/ca\/wp-json\/wp\/v2\/comments?post=164"}],"wp:featuredmedia":[{"embeddable":true,"href":"https:\/\/cambiodelona.com\/ca\/wp-json\/wp\/v2\/media\/5005"}],"wp:attachment":[{"href":"https:\/\/cambiodelona.com\/ca\/wp-json\/wp\/v2\/media?parent=164"}],"wp:term":[{"taxonomy":"product_cat","embeddable":true,"href":"https:\/\/cambiodelona.com\/ca\/wp-json\/wp\/v2\/product_cat?post=164"},{"taxonomy":"product_tag","embeddable":true,"href":"https:\/\/cambiodelona.com\/ca\/wp-json\/wp\/v2\/product_tag?post=164"}],"curies":[{"name":"wp","href":"https:\/\/api.w.org\/{rel}","templated":true}]}}