{"id":22115,"date":"2025-04-30T14:04:31","date_gmt":"2025-04-30T12:04:31","guid":{"rendered":"https:\/\/cambiodelona.com\/?post_type=product&#038;p=22115"},"modified":"2025-06-10T22:40:48","modified_gmt":"2025-06-10T20:40:48","slug":"lona-corredissa","status":"publish","type":"product","link":"https:\/\/cambiodelona.com\/ca\/producto\/lona-corredissa\/","title":{"rendered":"Lona corredissa"},"content":{"rendered":"<h3 class=\"font-bold text-h4 leading-[30px] pt-[15px] pb-[2px] [&amp;_a]:underline-offset-[6px] [&amp;_.underline]:underline-offset-[6px]\">Com prendre les mides de la teva lona corredissa?<\/h3>\n<h4 class=\"font-bold text-body leading-[24px] pt-[12px] pb-[2px] [&amp;_a]:underline-offset-[6px] [&amp;_.underline]:underline-offset-[6px]\"><strong class=\"font-bold\">Amplada de la Lona (Linia):<\/strong><\/h4>\n<p class=\"text-body font-regular leading-[24px] pt-[9px] pb-[2px]\">Mesura des d&#8217;un extrem a l&#8217;altre l&#8217;amplada total que necessites per a la lona. \u00c9s important prendre aquesta mesura amb precisi\u00f3, utilitzant una cinta m\u00e8trica ben estesa.<\/p>\n<h4 class=\"font-bold text-body leading-[24px] pt-[12px] pb-[2px] [&amp;_a]:underline-offset-[6px] [&amp;_.underline]:underline-offset-[6px]\"><strong class=\"font-bold\">Extensi\u00f3 de la Lona (Sortida):<\/strong><\/h4>\n<p class=\"text-body font-regular leading-[24px] pt-[9px] pb-[2px]\">Per mesurar correctament l&#8217;extensi\u00f3 de la teva lona, \u200b\u200bsegueix aquests passos:<\/p>\n<ol class=\"text-body list-decimal list-inside pl-[24px] py-1.5 [&amp;_ul]:pl-4 [&amp;_ul]:py-0 [&amp;_ol]:pl-4 [&amp;_ol]:py-0\">\n<li class=\"[&amp;&lt;encoded_tag_closed \/&gt;p]:inline\" style=\"box-sizing: border-box; border-width: 0px; border-style: solid; border-color: rgba(0, 0, 0, 0.08); --tw-border-spacing-x: 0; --tw-border-spacing-y: 0; --tw-translate-x: 0; --tw-translate-y: 0; --tw-rotate: 0; --tw-skew-x: 0; --tw-skew-y: 0; --tw-scale-x: 1; --tw-scale-y: 1; --tw-scroll-snap-strictness: proximity; --tw-ring-offset-width: 0px; --tw-ring-offset-color: #fff; --tw-ring-color: rgba(59,130,246,.5); --tw-ring-offset-shadow: 0 0 #0000; --tw-ring-shadow: 0 0 #0000; --tw-shadow: 0 0 #0000; --tw-shadow-colored: 0 0 #0000; scrollbar-width: thin; scrollbar-color: #e0e0e1 #f9f9f9;\">Est\u00e9n completament la lona i mesura d&#8217;un extrem a l&#8217;altre.<\/li>\n<li class=\"[&amp;&lt;encoded_tag_closed \/&gt;p]:inline\" style=\"box-sizing: border-box; border-width: 0px; border-style: solid; border-color: rgba(0, 0, 0, 0.08); --tw-border-spacing-x: 0; --tw-border-spacing-y: 0; --tw-translate-x: 0; --tw-translate-y: 0; --tw-rotate: 0; --tw-skew-x: 0; --tw-skew-y: 0; --tw-scale-x: 1; --tw-scale-y: 1; --tw-scroll-snap-strictness: proximity; --tw-ring-offset-width: 0px; --tw-ring-offset-color: #fff; --tw-ring-color: rgba(59,130,246,.5); --tw-ring-offset-shadow: 0 0 #0000; --tw-ring-shadow: 0 0 #0000; --tw-shadow: 0 0 #0000; --tw-shadow-colored: 0 0 #0000; scrollbar-width: thin; scrollbar-color: #e0e0e1 #f9f9f9;\">Cada ona estirada mesura aproximadament <strong class=\"font-bold\">52 cent\u00edmetres<\/strong>.<\/li>\n<li class=\"[&amp;&lt;encoded_tag_closed \/&gt;p]:inline\" style=\"box-sizing: border-box; border-width: 0px; border-style: solid; border-color: rgba(0, 0, 0, 0.08); --tw-border-spacing-x: 0; --tw-border-spacing-y: 0; --tw-translate-x: 0; --tw-translate-y: 0; --tw-rotate: 0; --tw-skew-x: 0; --tw-skew-y: 0; --tw-scale-x: 1; --tw-scale-y: 1; --tw-scroll-snap-strictness: proximity; --tw-ring-offset-width: 0px; --tw-ring-offset-color: #fff; --tw-ring-color: rgba(59,130,246,.5); --tw-ring-offset-shadow: 0 0 #0000; --tw-ring-shadow: 0 0 #0000; --tw-shadow: 0 0 #0000; --tw-shadow-colored: 0 0 #0000; scrollbar-width: thin; scrollbar-color: #e0e0e1 #f9f9f9;\">Consulta la taula seg\u00fcent per verificar si l&#8217;extensi\u00f3 total coincideix amb el nombre d&#8217;ones que porta la teva lona actual:<\/li>\n<\/ol>\n<div class=\"overflow-auto py-1.5\">\n<table class=\"table-auto w-full border-collapse border border-neutral\">\n<thead class=\"bg-surface-light-recessed\">\n<tr class=\"border border-neutral\">\n<th class=\"border border-neutral p-2 text-left\">N\u00ba Ones<\/th>\n<th class=\"border border-neutral p-2 text-left\">Extensi\u00f3 (Sortida)<\/th>\n<\/tr>\n<\/thead>\n<tbody>\n<tr class=\"border border-neutral\">\n<td class=\"border border-neutral p-2 text-left\">3<\/td>\n<td class=\"border border-neutral p-2 text-left\">1,50 m<\/td>\n<\/tr>\n<tr class=\"border border-neutral\">\n<td class=\"border border-neutral p-2 text-left\">4<\/td>\n<td class=\"border border-neutral p-2 text-left\">2,00 m<\/td>\n<\/tr>\n<tr class=\"border border-neutral\">\n<td class=\"border border-neutral p-2 text-left\">5<\/td>\n<td class=\"border border-neutral p-2 text-left\">2,50 m<\/td>\n<\/tr>\n<tr class=\"border border-neutral\">\n<td class=\"border border-neutral p-2 text-left\">6<\/td>\n<td class=\"border border-neutral p-2 text-left\">3,00 m<\/td>\n<\/tr>\n<tr class=\"border border-neutral\">\n<td class=\"border border-neutral p-2 text-left\">7<\/td>\n<td class=\"border border-neutral p-2 text-left\">3,50 m<\/td>\n<\/tr>\n<tr class=\"border border-neutral\">\n<td class=\"border border-neutral p-2 text-left\">8<\/td>\n<td class=\"border border-neutral p-2 text-left\">4,00 m<\/td>\n<\/tr>\n<tr class=\"border border-neutral\">\n<td class=\"border border-neutral p-2 text-left\">9<\/td>\n<td class=\"border border-neutral p-2 text-left\">4,50 m<\/td>\n<\/tr>\n<tr class=\"border border-neutral\">\n<td class=\"border border-neutral p-2 text-left\">10<\/td>\n<td class=\"border border-neutral p-2 text-left\">5,00 m<\/td>\n<\/tr>\n<tr class=\"border border-neutral\">\n<td class=\"border border-neutral p-2 text-left\">11<\/td>\n<td class=\"border border-neutral p-2 text-left\">5,50 m<\/td>\n<\/tr>\n<tr class=\"border border-neutral\">\n<td class=\"border border-neutral p-2 text-left\">12<\/td>\n<td class=\"border border-neutral p-2 text-left\">6,00 m<\/td>\n<\/tr>\n<tr class=\"border border-neutral\">\n<td class=\"border border-neutral p-2 text-left\">13<\/td>\n<td class=\"border border-neutral p-2 text-left\">6,50 m<\/td>\n<\/tr>\n<tr class=\"border border-neutral\">\n<td class=\"border border-neutral p-2 text-left\">14<\/td>\n<td class=\"border border-neutral p-2 text-left\">7,00 m<\/td>\n<\/tr>\n<\/tbody>\n<\/table>\n<\/div>\n<p class=\"text-body font-regular leading-[24px] pt-[9px] pb-[2px]\">Indica en cent\u00edmetres la mida de la lona estesa.<\/p>\n<h3 class=\"font-bold text-h4 leading-[30px] pt-[15px] pb-[2px] [&amp;_a]:underline-offset-[6px] [&amp;_.underline]:underline-offset-[6px]\">Especificar els acabats de la lona<\/h3>\n<p class=\"text-body font-regular leading-[24px] pt-[9px] pb-[2px]\">\u00c9s vital indicar com s&#8217;ha d&#8217;assegurar la lona a l&#8217;estructura. Segons el tipus d&#8217;instal\u00b7laci\u00f3, la teva lona corredissa pot tenir un dels acabats seg\u00fcents:<\/p>\n<ul class=\"text-body list-decimal list-inside pl-[24px] py-1.5 [&amp;_ul]:pl-4 [&amp;_ul]:py-0 [&amp;_ol]:pl-4 [&amp;_ol]:py-0\">\n<li class=\"[&amp;&lt;encoded_tag_closed \/&gt;p]:inline\" style=\"box-sizing: border-box; border-width: 0px; border-style: solid; border-color: rgba(0, 0, 0, 0.08); --tw-border-spacing-x: 0; --tw-border-spacing-y: 0; --tw-translate-x: 0; --tw-translate-y: 0; --tw-rotate: 0; --tw-skew-x: 0; --tw-skew-y: 0; --tw-scale-x: 1; --tw-scale-y: 1; --tw-scroll-snap-strictness: proximity; --tw-ring-offset-width: 0px; --tw-ring-offset-color: #fff; --tw-ring-color: rgba(59,130,246,.5); --tw-ring-offset-shadow: 0 0 #0000; --tw-ring-shadow: 0 0 #0000; --tw-shadow: 0 0 #0000; --tw-shadow-colored: 0 0 #0000; scrollbar-width: thin; scrollbar-color: #e0e0e1 #f9f9f9;\"><strong class=\"font-bold\">Palilleria Simple:<br \/>\n<\/strong>Cada guia porta un sol forat on s&#8217;insereix la vareta de pl\u00e0stic (macarr\u00f3).<br \/>\nLa lona nova es fabricar\u00e0 d&#8217;una sola pe\u00e7a i inclour\u00e0 els macarrons.<\/li>\n<li class=\"[&amp;&lt;encoded_tag_closed \/&gt;p]:inline\" style=\"box-sizing: border-box; border-width: 0px; border-style: solid; border-color: rgba(0, 0, 0, 0.08); --tw-border-spacing-x: 0; --tw-border-spacing-y: 0; --tw-translate-x: 0; --tw-translate-y: 0; --tw-rotate: 0; --tw-skew-x: 0; --tw-skew-y: 0; --tw-scale-x: 1; --tw-scale-y: 1; --tw-scroll-snap-strictness: proximity; --tw-ring-offset-width: 0px; --tw-ring-offset-color: #fff; --tw-ring-color: rgba(59,130,246,.5); --tw-ring-offset-shadow: 0 0 #0000; --tw-ring-shadow: 0 0 #0000; --tw-shadow: 0 0 #0000; --tw-shadow-colored: 0 0 #0000; scrollbar-width: thin; scrollbar-color: #e0e0e1 #f9f9f9;\"><strong class=\"font-bold\">Palilleria Doble:<br \/>\n<\/strong>Cada guia porta dos forats on s&#8217;insereixen les varetes de pl\u00e0stic (macarrons).<br \/>\nLa lona nova es fabricar\u00e0 amb trams separats i inclour\u00e0 els macarrons.<\/li>\n<\/ul>\n<h3 class=\"font-bold text-h4 leading-[30px] pt-[15px] pb-[2px] [&amp;_a]:underline-offset-[6px] [&amp;_.underline]:underline-offset-[6px]\">Tens alguna pregunta o necessites ajuda?<\/h3>\n<p class=\"text-body font-regular leading-[24px] pt-[9px] pb-[2px]\">El nostre equip est\u00e0 a la teva disposici\u00f3 per acompanyar-te en tot el proc\u00e9s. Si tens dubtes sobre el mesurament, els acabats o qualsevol altre detall, contacta&#8217;ns sense comprom\u00eds.<\/p>\n<p class=\"text-body font-regular leading-[24px] pt-[9px] pb-[2px]\">\ud83d\udce7 <strong class=\"font-bold\">Correu electr\u00f2nic:<\/strong> <a class=\"text-link underline hover:text-link-hover\" href=\"mailto:web@cambiodelona.com\" target=\"_blank\" rel=\"noopener noreferrer\">web@cambiodelona.com<\/a><br \/>\n\ud83d\udcde <strong class=\"font-bold\">Tel\u00e9fon:<\/strong> +34 609 82 59 61<\/p>\n<p class=\"text-body font-regular leading-[24px] pt-[9px] pb-[2px]\">Et desitgem molt \u00e8xit al teu projecte de protecci\u00f3 solar i esperem rebre una foto de la instal\u00b7laci\u00f3 acabada. Gr\u00e0cies per confiar en nosaltres! \ud83d\ude0a<\/p>\n","protected":false},"excerpt":{"rendered":"<p>Com prendre les mides de la teva lona corredissa? Amplada de la Lona (Linia): Mesura des d&#8217;un extrem a l&#8217;altre l&#8217;amplada total que necessites per a la lona. \u00c9s important prendre aquesta mesura amb precisi\u00f3, utilitzant una cinta m\u00e8trica ben estesa. Extensi\u00f3 de la Lona (Sortida): Per mesurar correctament l&#8217;extensi\u00f3 de la teva lona, \u200b\u200bsegueix &hellip;<\/p>\n<p class=\"read-more\"> <a class=\"\" href=\"https:\/\/cambiodelona.com\/ca\/producto\/lona-corredissa\/\"> <span class=\"screen-reader-text\">Lona corredissa<\/span> Llegeix m\u00e9s &raquo;<\/a><\/p>\n","protected":false},"featured_media":22143,"comment_status":"closed","ping_status":"closed","template":"","meta":{"site-sidebar-layout":"default","site-content-layout":"default","ast-global-header-display":"","ast-main-header-display":"","ast-hfb-above-header-display":"","ast-hfb-below-header-display":"","ast-hfb-mobile-header-display":"","site-post-title":"","ast-breadcrumbs-content":"","ast-featured-img":"","footer-sml-layout":"","theme-transparent-header-meta":"default","adv-header-id-meta":"","stick-header-meta":"","header-above-stick-meta":"","header-main-stick-meta":"","header-below-stick-meta":""},"product_cat":[],"product_tag":[],"class_list":["post-22115","product","type-product","status-publish","has-post-thumbnail","hentry","product_shipping_class-paqueteria-ca","desktop-align-left","tablet-align-left","mobile-align-left"],"yoast_head":"<!-- This site is optimized with the Yoast SEO Premium plugin v21.2 (Yoast SEO v21.2) - https:\/\/yoast.com\/wordpress\/plugins\/seo\/ -->\n<title>Lona corredissa - Cambiodelona<\/title>\n<meta name=\"description\" content=\"Com prendre les mides de la teva lona corredissa? Configura la teva lona corredissa f\u00e0cilment. Amplada, extensi\u00f3, ones Necessites ajuda? Contacta&#039;ns ara!\" \/>\n<meta name=\"robots\" content=\"index, follow, max-snippet:-1, max-image-preview:large, max-video-preview:-1\" \/>\n<link rel=\"canonical\" href=\"https:\/\/cambiodelona.com\/ca\/producto\/lona-corredissa\/\" \/>\n<meta property=\"og:locale\" content=\"ca_ES\" \/>\n<meta property=\"og:type\" content=\"article\" \/>\n<meta property=\"og:title\" content=\"Lona corredissa\" \/>\n<meta property=\"og:description\" content=\"Com prendre les mides de la teva lona corredissa? Configura la teva lona corredissa f\u00e0cilment. Amplada, extensi\u00f3, ones Necessites ajuda? Contacta&#039;ns ara!\" \/>\n<meta property=\"og:url\" content=\"https:\/\/cambiodelona.com\/ca\/producto\/lona-corredissa\/\" \/>\n<meta property=\"og:site_name\" content=\"Cambiodelona\" \/>\n<meta property=\"article:publisher\" content=\"https:\/\/www.facebook.com\/cambiodelona.web\" \/>\n<meta property=\"article:modified_time\" content=\"2025-06-10T20:40:48+00:00\" \/>\n<meta property=\"og:image\" content=\"https:\/\/cambiodelona.com\/wp-content\/uploads\/2025\/05\/lona_corredera-1.png\" \/>\n\t<meta property=\"og:image:width\" content=\"834\" \/>\n\t<meta property=\"og:image:height\" content=\"255\" \/>\n\t<meta property=\"og:image:type\" content=\"image\/png\" \/>\n<meta name=\"twitter:card\" content=\"summary_large_image\" \/>\n<meta name=\"twitter:label1\" content=\"Temps estimat de lectura\" \/>\n\t<meta name=\"twitter:data1\" content=\"3 minuts\" \/>\n<script type=\"application\/ld+json\" class=\"yoast-schema-graph\">{\"@context\":\"https:\/\/schema.org\",\"@graph\":[{\"@type\":\"WebPage\",\"@id\":\"https:\/\/cambiodelona.com\/ca\/producto\/lona-corredissa\/\",\"url\":\"https:\/\/cambiodelona.com\/ca\/producto\/lona-corredissa\/\",\"name\":\"Lona corredissa - Cambiodelona\",\"isPartOf\":{\"@id\":\"https:\/\/cambiodelona.com\/#website\"},\"datePublished\":\"2025-04-30T12:04:31+00:00\",\"dateModified\":\"2025-06-10T20:40:48+00:00\",\"description\":\"Com prendre les mides de la teva lona corredissa? Configura la teva lona corredissa f\u00e0cilment. Amplada, extensi\u00f3, ones Necessites ajuda? Contacta'ns ara!\",\"breadcrumb\":{\"@id\":\"https:\/\/cambiodelona.com\/ca\/producto\/lona-corredissa\/#breadcrumb\"},\"inLanguage\":\"ca\",\"potentialAction\":[{\"@type\":\"ReadAction\",\"target\":[\"https:\/\/cambiodelona.com\/ca\/producto\/lona-corredissa\/\"]}]},{\"@type\":\"BreadcrumbList\",\"@id\":\"https:\/\/cambiodelona.com\/ca\/producto\/lona-corredissa\/#breadcrumb\",\"itemListElement\":[{\"@type\":\"ListItem\",\"position\":1,\"name\":\"Portada\",\"item\":\"https:\/\/cambiodelona.com\/ca\/inici-2\/\"},{\"@type\":\"ListItem\",\"position\":2,\"name\":\"Botiga online\",\"item\":\"https:\/\/cambiodelona.com\/ca\/tienda-2\/\"},{\"@type\":\"ListItem\",\"position\":3,\"name\":\"Lona corredissa\"}]},{\"@type\":\"WebSite\",\"@id\":\"https:\/\/cambiodelona.com\/#website\",\"url\":\"https:\/\/cambiodelona.com\/\",\"name\":\"Cambiodelona.com\",\"description\":\"Nuevo portal especializado en la venta en l\u00ednea de productos confeccionados a medida para todo tipo de sistemas de protecci\u00f3n solar\",\"publisher\":{\"@id\":\"https:\/\/cambiodelona.com\/#organization\"},\"alternateName\":\"Cambio de lona\",\"potentialAction\":[{\"@type\":\"SearchAction\",\"target\":{\"@type\":\"EntryPoint\",\"urlTemplate\":\"https:\/\/cambiodelona.com\/?s={search_term_string}\"},\"query-input\":\"required name=search_term_string\"}],\"inLanguage\":\"ca\"},{\"@type\":\"Organization\",\"@id\":\"https:\/\/cambiodelona.com\/#organization\",\"name\":\"Cambio de lona S. L.\",\"url\":\"https:\/\/cambiodelona.com\/\",\"logo\":{\"@type\":\"ImageObject\",\"inLanguage\":\"ca\",\"@id\":\"https:\/\/cambiodelona.com\/#\/schema\/logo\/image\/\",\"url\":\"https:\/\/cambiodelona.com\/wp-content\/uploads\/2024\/09\/cambiodelona-logo.png\",\"contentUrl\":\"https:\/\/cambiodelona.com\/wp-content\/uploads\/2024\/09\/cambiodelona-logo.png\",\"width\":800,\"height\":439,\"caption\":\"Cambio de lona S. L.\"},\"image\":{\"@id\":\"https:\/\/cambiodelona.com\/#\/schema\/logo\/image\/\"},\"sameAs\":[\"https:\/\/www.facebook.com\/cambiodelona.web\",\"https:\/\/www.instagram.com\/cambiodelona\/\"]}]}<\/script>\n<!-- \/ Yoast SEO Premium plugin. -->","yoast_head_json":{"title":"Lona corredissa - Cambiodelona","description":"Com prendre les mides de la teva lona corredissa? Configura la teva lona corredissa f\u00e0cilment. Amplada, extensi\u00f3, ones Necessites ajuda? Contacta'ns ara!","robots":{"index":"index","follow":"follow","max-snippet":"max-snippet:-1","max-image-preview":"max-image-preview:large","max-video-preview":"max-video-preview:-1"},"canonical":"https:\/\/cambiodelona.com\/ca\/producto\/lona-corredissa\/","og_locale":"ca_ES","og_type":"article","og_title":"Lona corredissa","og_description":"Com prendre les mides de la teva lona corredissa? Configura la teva lona corredissa f\u00e0cilment. Amplada, extensi\u00f3, ones Necessites ajuda? Contacta'ns ara!","og_url":"https:\/\/cambiodelona.com\/ca\/producto\/lona-corredissa\/","og_site_name":"Cambiodelona","article_publisher":"https:\/\/www.facebook.com\/cambiodelona.web","article_modified_time":"2025-06-10T20:40:48+00:00","og_image":[{"width":834,"height":255,"url":"https:\/\/cambiodelona.com\/wp-content\/uploads\/2025\/05\/lona_corredera-1.png","type":"image\/png"}],"twitter_card":"summary_large_image","twitter_misc":{"Temps estimat de lectura":"3 minuts"},"schema":{"@context":"https:\/\/schema.org","@graph":[{"@type":"WebPage","@id":"https:\/\/cambiodelona.com\/ca\/producto\/lona-corredissa\/","url":"https:\/\/cambiodelona.com\/ca\/producto\/lona-corredissa\/","name":"Lona corredissa - Cambiodelona","isPartOf":{"@id":"https:\/\/cambiodelona.com\/#website"},"datePublished":"2025-04-30T12:04:31+00:00","dateModified":"2025-06-10T20:40:48+00:00","description":"Com prendre les mides de la teva lona corredissa? Configura la teva lona corredissa f\u00e0cilment. Amplada, extensi\u00f3, ones Necessites ajuda? Contacta'ns ara!","breadcrumb":{"@id":"https:\/\/cambiodelona.com\/ca\/producto\/lona-corredissa\/#breadcrumb"},"inLanguage":"ca","potentialAction":[{"@type":"ReadAction","target":["https:\/\/cambiodelona.com\/ca\/producto\/lona-corredissa\/"]}]},{"@type":"BreadcrumbList","@id":"https:\/\/cambiodelona.com\/ca\/producto\/lona-corredissa\/#breadcrumb","itemListElement":[{"@type":"ListItem","position":1,"name":"Portada","item":"https:\/\/cambiodelona.com\/ca\/inici-2\/"},{"@type":"ListItem","position":2,"name":"Botiga online","item":"https:\/\/cambiodelona.com\/ca\/tienda-2\/"},{"@type":"ListItem","position":3,"name":"Lona corredissa"}]},{"@type":"WebSite","@id":"https:\/\/cambiodelona.com\/#website","url":"https:\/\/cambiodelona.com\/","name":"Cambiodelona.com","description":"Nuevo portal especializado en la venta en l\u00ednea de productos confeccionados a medida para todo tipo de sistemas de protecci\u00f3n solar","publisher":{"@id":"https:\/\/cambiodelona.com\/#organization"},"alternateName":"Cambio de lona","potentialAction":[{"@type":"SearchAction","target":{"@type":"EntryPoint","urlTemplate":"https:\/\/cambiodelona.com\/?s={search_term_string}"},"query-input":"required name=search_term_string"}],"inLanguage":"ca"},{"@type":"Organization","@id":"https:\/\/cambiodelona.com\/#organization","name":"Cambio de lona S. L.","url":"https:\/\/cambiodelona.com\/","logo":{"@type":"ImageObject","inLanguage":"ca","@id":"https:\/\/cambiodelona.com\/#\/schema\/logo\/image\/","url":"https:\/\/cambiodelona.com\/wp-content\/uploads\/2024\/09\/cambiodelona-logo.png","contentUrl":"https:\/\/cambiodelona.com\/wp-content\/uploads\/2024\/09\/cambiodelona-logo.png","width":800,"height":439,"caption":"Cambio de lona S. L."},"image":{"@id":"https:\/\/cambiodelona.com\/#\/schema\/logo\/image\/"},"sameAs":["https:\/\/www.facebook.com\/cambiodelona.web","https:\/\/www.instagram.com\/cambiodelona\/"]}]}},"_links":{"self":[{"href":"https:\/\/cambiodelona.com\/ca\/wp-json\/wp\/v2\/product\/22115","targetHints":{"allow":["GET"]}}],"collection":[{"href":"https:\/\/cambiodelona.com\/ca\/wp-json\/wp\/v2\/product"}],"about":[{"href":"https:\/\/cambiodelona.com\/ca\/wp-json\/wp\/v2\/types\/product"}],"replies":[{"embeddable":true,"href":"https:\/\/cambiodelona.com\/ca\/wp-json\/wp\/v2\/comments?post=22115"}],"wp:featuredmedia":[{"embeddable":true,"href":"https:\/\/cambiodelona.com\/ca\/wp-json\/wp\/v2\/media\/22143"}],"wp:attachment":[{"href":"https:\/\/cambiodelona.com\/ca\/wp-json\/wp\/v2\/media?parent=22115"}],"wp:term":[{"taxonomy":"product_cat","embeddable":true,"href":"https:\/\/cambiodelona.com\/ca\/wp-json\/wp\/v2\/product_cat?post=22115"},{"taxonomy":"product_tag","embeddable":true,"href":"https:\/\/cambiodelona.com\/ca\/wp-json\/wp\/v2\/product_tag?post=22115"}],"curies":[{"name":"wp","href":"https:\/\/api.w.org\/{rel}","templated":true}]}}