{"id":22490,"date":"2025-06-06T06:46:08","date_gmt":"2025-06-06T04:46:08","guid":{"rendered":"https:\/\/cambiodelona.com\/?post_type=product&#038;p=22490"},"modified":"2026-01-20T07:26:29","modified_gmt":"2026-01-20T05:26:29","slug":"palillo-doble-de-4m-a-7m-cortado-a-medida","status":"publish","type":"product","link":"https:\/\/cambiodelona.com\/ca\/producto\/palillo-doble-de-4m-a-7m-cortado-a-medida\/","title":{"rendered":"Palilleria doble macarr\u00f3 de 4m a 7m (Ho tallem a la teva mida)"},"content":{"rendered":"<h2>Palilleria doble macarr\u00f3 Blanc de 4m a 7m (Ho tallem a la teva mida)<\/h2>\n<p class=\"text-body font-regular leading-[24px] pt-[9px] pb-[2px]\"><em>Revoluciona el teu sistema de tendals corredisses amb el Palillo Doble, disponible en mides de 4m, 5m, 6m i 7m, amb talls personalitzats segons les teves necessitats.<\/em><\/p>\n<h4 class=\"font-semibold pdf-heading-class-replace text-body leading-[24px] pt-[12px] pb-[2px] [&amp;_a]:underline-offset-[6px] [&amp;_.underline]:underline-offset-[6px]\"><strong class=\"font-semibold\">Per qu\u00e8 canviar a palilleria doble?<\/strong><\/h4>\n<p class=\"text-body font-regular leading-[24px] pt-[9px] pb-[2px]\">Si tens un tendal corredor antic, segurament comptes amb un sistema de <strong class=\"font-semibold\">palilleria simple<\/strong>. Aquest disseny tradicional est\u00e0 confeccionat amb una lona d&#8217;una sola pe\u00e7a i un \u00fanic macarr\u00f3 a cada ona, cosa que significa que si la lona pateix un dany, com un trencament o desgast, <strong class=\"font-semibold\">et veus obligat a reempla\u00e7ar-la completament. <\/strong>Aquest sistema antic pot ser car i poc pr\u00e0ctic a llarg termini.  <\/p>\n<p class=\"text-body font-regular leading-[24px] pt-[9px] pb-[2px]\"><strong class=\"font-semibold\">El sistema modern de palilleria doble<\/strong> resol aquest problema de soca-rel. Gr\u00e0cies a la seva estructura avan\u00e7ada, cada ona de la lona ara es confecciona en<strong class=\"font-semibold\"> draps individuals <\/strong>amb un macarr\u00f3 a cada costat (Doble macarr\u00f3). La guia incorpora <strong class=\"font-semibold\">dues ranures<\/strong> per inserir els macarrons, cosa que permet reempla\u00e7ar \u00fanicament el drap afectat en cas de dany. Aix\u00f2<strong class=\"font-semibold\"> redueix significativament els costos de manteniment<\/strong> i perllonga la vida \u00fatil del teu tendal.   <\/p>\n<p>Aquest sistema \u00e9s completament compatible amb les <strong>guies principals de 80&#215;40<\/strong>, per la qual cosa no caldr\u00e0 substituir-les. Aquestes guies s&#8217;adapten perfectament a la palilleria doble que us proposem, garantint una instal\u00b7laci\u00f3 s\u00f2lida i eficient. <\/p>\n<h4 class=\"font-semibold pdf-heading-class-replace text-body leading-[24px] pt-[12px] pb-[2px] [&amp;_a]:underline-offset-[6px] [&amp;_.underline]:underline-offset-[6px]\"><strong class=\"font-semibold\">M\u00e9s beneficis en canviar el sistema<\/strong><\/h4>\n<p class=\"text-body font-regular leading-[24px] pt-[9px] pb-[2px]\">Actualitzar a un sistema de palilleria doble no nom\u00e9s t\u00e9 avantatges econ\u00f2mics, sin\u00f3 que tamb\u00e9 <strong class=\"font-semibold\">renova completament el teu tendal corredor. <\/strong>En substituir les guies antigues, substitueixes tamb\u00e9 el sistema de rodaments desgastats, obtindr\u00e0s un sistema m\u00e9s<strong class=\"font-semibold\"> durador, modern i f\u00e0cil de mantenir.<\/strong> \u00c9s una millora que no nom\u00e9s lluir\u00e0 espectacular, sin\u00f3 que tamb\u00e9 portar\u00e0 tranquil\u00b7litat a llarg termini!  <\/p>\n<h4 class=\"font-semibold pdf-heading-class-replace text-body leading-[24px] pt-[12px] pb-[2px] [&amp;_a]:underline-offset-[6px] [&amp;_.underline]:underline-offset-[6px]\"><strong class=\"font-semibold\">Com calculeu la mida perfecta?<\/strong><\/h4>\n<p class=\"text-body font-regular leading-[24px] pt-[9px] pb-[2px]\">T\u00b4oferim la flexibilitat d\u00b4adaptar les guies a les dimensions exactes que necessites.<\/p>\n<p class=\"text-body font-regular leading-[24px] pt-[9px] pb-[2px]\">Per exemple:<br \/>\nSi necessites escuradents de 2,60 metres, nom\u00e9s cal triar un <strong class=\"font-semibold\">palillo doble de 6 metres<\/strong>, ja que es talla a mida. En dividir els 6 metres en dues parts, obtindr\u00e0s <strong class=\"font-semibold\">dos palillos de 2,60 metres<\/strong>, ajustats amb precisi\u00f3 per a la teva instal\u00b7laci\u00f3. <\/p>\n<h4 class=\"font-semibold pdf-heading-class-replace text-body leading-[24px] pt-[12px] pb-[2px] [&amp;_a]:underline-offset-[6px] [&amp;_.underline]:underline-offset-[6px]\"><strong class=\"font-semibold\">Inverteix avui i estalvia dem\u00e0<\/strong><\/h4>\n<p class=\"text-body font-regular leading-[24px] pt-[9px] pb-[2px]\">Amb el <strong class=\"font-semibold\">Palillo Doble<\/strong>, est\u00e0s invertint en un sistema m\u00e9s eficient i econ\u00f2mic que transformar\u00e0 la forma en qu\u00e8 cuides i gaudeixes del teu tendal. Redueix costos, amplia la vida \u00fatil de la teva lona i renova tot el sistema de manera pr\u00e0ctica i moderna. <\/p>\n<p class=\"text-body font-regular leading-[24px] pt-[9px] pb-[2px]\">\u27a1 <strong class=\"font-semibold\">No esperis m\u00e9s, tria la mesura perfecta per a tu i fa el salt a un sistema de palilleria doble avui mateix.<\/strong><\/p>\n","protected":false},"excerpt":{"rendered":"<p>Palilleria doble macarr\u00f3 Blanc de 4m a 7m (Ho tallem a la teva mida) Revoluciona el teu sistema de tendals corredisses amb el Palillo Doble, disponible en mides de 4m, 5m, 6m i 7m, amb talls personalitzats segons les teves necessitats. Per qu\u00e8 canviar a palilleria doble? Si tens un tendal corredor antic, segurament comptes &hellip;<\/p>\n<p class=\"read-more\"> <a class=\"\" href=\"https:\/\/cambiodelona.com\/ca\/producto\/palillo-doble-de-4m-a-7m-cortado-a-medida\/\"> <span class=\"screen-reader-text\">Palilleria doble macarr\u00f3 de 4m a 7m (Ho tallem a la teva mida)<\/span> Llegeix m\u00e9s &raquo;<\/a><\/p>\n","protected":false},"featured_media":22590,"comment_status":"closed","ping_status":"closed","template":"","meta":{"site-sidebar-layout":"default","site-content-layout":"default","ast-global-header-display":"","ast-main-header-display":"","ast-hfb-above-header-display":"","ast-hfb-below-header-display":"","ast-hfb-mobile-header-display":"","site-post-title":"","ast-breadcrumbs-content":"","ast-featured-img":"","footer-sml-layout":"","theme-transparent-header-meta":"default","adv-header-id-meta":"","stick-header-meta":"","header-above-stick-meta":"","header-main-stick-meta":"","header-below-stick-meta":""},"product_cat":[110],"product_tag":[],"class_list":["post-22490","product","type-product","status-publish","has-post-thumbnail","hentry","product_cat-accceseris-per-a-tendal","product_shipping_class-paquete-largo-ca","desktop-align-left","tablet-align-left","mobile-align-left"],"yoast_head":"<!-- This site is optimized with the Yoast SEO Premium plugin v21.2 (Yoast SEO v21.2) - https:\/\/yoast.com\/wordpress\/plugins\/seo\/ -->\n<title>Palilleria doble macarr\u00f3 de 4m a 7m (Ho tallem a la teva mida)<\/title>\n<meta name=\"description\" content=\"Palillo Doble de 4m a 7m (Tallat a mida). Renova el teu tendal corredor. Disponible en 4m a 7m. Modernitza el teu sistema i estalvia manteniment.\" \/>\n<meta name=\"robots\" content=\"index, follow, max-snippet:-1, max-image-preview:large, max-video-preview:-1\" \/>\n<link rel=\"canonical\" href=\"https:\/\/cambiodelona.com\/ca\/producto\/maneta-per-a-tendal\/\" \/>\n<meta property=\"og:locale\" content=\"ca_ES\" \/>\n<meta property=\"og:type\" content=\"article\" \/>\n<meta property=\"og:title\" content=\"Palilleria doble macarr\u00f3 de 4m a 7m (Ho tallem a la teva mida)\" \/>\n<meta property=\"og:description\" content=\"Palillo Doble de 4m a 7m (Tallat a mida). Renova el teu tendal corredor. Disponible en 4m a 7m. Modernitza el teu sistema i estalvia manteniment.\" \/>\n<meta property=\"og:url\" content=\"https:\/\/cambiodelona.com\/ca\/producto\/maneta-per-a-tendal\/\" \/>\n<meta property=\"og:site_name\" content=\"Cambiodelona\" \/>\n<meta property=\"article:publisher\" content=\"https:\/\/www.facebook.com\/cambiodelona.web\" \/>\n<meta property=\"article:modified_time\" content=\"2026-01-20T05:26:29+00:00\" \/>\n<meta property=\"og:image\" content=\"https:\/\/cambiodelona.com\/wp-content\/uploads\/2023\/07\/perfil-palillo-doble-standard-lacado-blanco-4-metros-gaviota.jpg\" \/>\n\t<meta property=\"og:image:width\" content=\"1100\" \/>\n\t<meta property=\"og:image:height\" content=\"1422\" \/>\n\t<meta property=\"og:image:type\" content=\"image\/jpeg\" \/>\n<meta name=\"twitter:card\" content=\"summary_large_image\" \/>\n<meta name=\"twitter:label1\" content=\"Temps estimat de lectura\" \/>\n\t<meta name=\"twitter:data1\" content=\"2 minuts\" \/>\n<script type=\"application\/ld+json\" class=\"yoast-schema-graph\">{\"@context\":\"https:\/\/schema.org\",\"@graph\":[{\"@type\":\"WebPage\",\"@id\":\"https:\/\/cambiodelona.com\/ca\/producto\/palillo-doble-de-4m-a-7m-cortado-a-medida\/\",\"url\":\"https:\/\/cambiodelona.com\/ca\/producto\/maneta-per-a-tendal\/\",\"name\":\"Palilleria doble macarr\u00f3 de 4m a 7m (Ho tallem a la teva mida)\",\"isPartOf\":{\"@id\":\"https:\/\/cambiodelona.com\/#website\"},\"datePublished\":\"2025-06-06T04:46:08+00:00\",\"dateModified\":\"2026-01-20T05:26:29+00:00\",\"description\":\"Palillo Doble de 4m a 7m (Tallat a mida). Renova el teu tendal corredor. Disponible en 4m a 7m. Modernitza el teu sistema i estalvia manteniment.\",\"breadcrumb\":{\"@id\":\"https:\/\/cambiodelona.com\/ca\/producto\/maneta-per-a-tendal\/#breadcrumb\"},\"inLanguage\":\"ca\",\"potentialAction\":[{\"@type\":\"ReadAction\",\"target\":[\"https:\/\/cambiodelona.com\/ca\/producto\/maneta-per-a-tendal\/\"]}]},{\"@type\":\"BreadcrumbList\",\"@id\":\"https:\/\/cambiodelona.com\/ca\/producto\/maneta-per-a-tendal\/#breadcrumb\",\"itemListElement\":[{\"@type\":\"ListItem\",\"position\":1,\"name\":\"Portada\",\"item\":\"https:\/\/cambiodelona.com\/ca\/inici-2\/\"},{\"@type\":\"ListItem\",\"position\":2,\"name\":\"Botiga online\",\"item\":\"https:\/\/cambiodelona.com\/ca\/tienda-2\/\"},{\"@type\":\"ListItem\",\"position\":3,\"name\":\"Palilleria doble macarr\u00f3 de 4m a 7m (Ho tallem a la teva mida)\"}]},{\"@type\":\"WebSite\",\"@id\":\"https:\/\/cambiodelona.com\/#website\",\"url\":\"https:\/\/cambiodelona.com\/\",\"name\":\"Cambiodelona.com\",\"description\":\"Nuevo portal especializado en la venta en l\u00ednea de productos confeccionados a medida para todo tipo de sistemas de protecci\u00f3n solar\",\"publisher\":{\"@id\":\"https:\/\/cambiodelona.com\/#organization\"},\"alternateName\":\"Cambio de lona\",\"potentialAction\":[{\"@type\":\"SearchAction\",\"target\":{\"@type\":\"EntryPoint\",\"urlTemplate\":\"https:\/\/cambiodelona.com\/?s={search_term_string}\"},\"query-input\":\"required name=search_term_string\"}],\"inLanguage\":\"ca\"},{\"@type\":\"Organization\",\"@id\":\"https:\/\/cambiodelona.com\/#organization\",\"name\":\"Cambio de lona S. L.\",\"url\":\"https:\/\/cambiodelona.com\/\",\"logo\":{\"@type\":\"ImageObject\",\"inLanguage\":\"ca\",\"@id\":\"https:\/\/cambiodelona.com\/#\/schema\/logo\/image\/\",\"url\":\"https:\/\/cambiodelona.com\/wp-content\/uploads\/2024\/09\/cambiodelona-logo.png\",\"contentUrl\":\"https:\/\/cambiodelona.com\/wp-content\/uploads\/2024\/09\/cambiodelona-logo.png\",\"width\":800,\"height\":439,\"caption\":\"Cambio de lona S. L.\"},\"image\":{\"@id\":\"https:\/\/cambiodelona.com\/#\/schema\/logo\/image\/\"},\"sameAs\":[\"https:\/\/www.facebook.com\/cambiodelona.web\",\"https:\/\/www.instagram.com\/cambiodelona\/\"]}]}<\/script>\n<!-- \/ Yoast SEO Premium plugin. -->","yoast_head_json":{"title":"Palilleria doble macarr\u00f3 de 4m a 7m (Ho tallem a la teva mida)","description":"Palillo Doble de 4m a 7m (Tallat a mida). Renova el teu tendal corredor. Disponible en 4m a 7m. Modernitza el teu sistema i estalvia manteniment.","robots":{"index":"index","follow":"follow","max-snippet":"max-snippet:-1","max-image-preview":"max-image-preview:large","max-video-preview":"max-video-preview:-1"},"canonical":"https:\/\/cambiodelona.com\/ca\/producto\/maneta-per-a-tendal\/","og_locale":"ca_ES","og_type":"article","og_title":"Palilleria doble macarr\u00f3 de 4m a 7m (Ho tallem a la teva mida)","og_description":"Palillo Doble de 4m a 7m (Tallat a mida). Renova el teu tendal corredor. Disponible en 4m a 7m. Modernitza el teu sistema i estalvia manteniment.","og_url":"https:\/\/cambiodelona.com\/ca\/producto\/maneta-per-a-tendal\/","og_site_name":"Cambiodelona","article_publisher":"https:\/\/www.facebook.com\/cambiodelona.web","article_modified_time":"2026-01-20T05:26:29+00:00","og_image":[{"width":1100,"height":1422,"url":"https:\/\/cambiodelona.com\/wp-content\/uploads\/2023\/07\/perfil-palillo-doble-standard-lacado-blanco-4-metros-gaviota.jpg","type":"image\/jpeg"}],"twitter_card":"summary_large_image","twitter_misc":{"Temps estimat de lectura":"2 minuts"},"schema":{"@context":"https:\/\/schema.org","@graph":[{"@type":"WebPage","@id":"https:\/\/cambiodelona.com\/ca\/producto\/palillo-doble-de-4m-a-7m-cortado-a-medida\/","url":"https:\/\/cambiodelona.com\/ca\/producto\/maneta-per-a-tendal\/","name":"Palilleria doble macarr\u00f3 de 4m a 7m (Ho tallem a la teva mida)","isPartOf":{"@id":"https:\/\/cambiodelona.com\/#website"},"datePublished":"2025-06-06T04:46:08+00:00","dateModified":"2026-01-20T05:26:29+00:00","description":"Palillo Doble de 4m a 7m (Tallat a mida). Renova el teu tendal corredor. Disponible en 4m a 7m. Modernitza el teu sistema i estalvia manteniment.","breadcrumb":{"@id":"https:\/\/cambiodelona.com\/ca\/producto\/maneta-per-a-tendal\/#breadcrumb"},"inLanguage":"ca","potentialAction":[{"@type":"ReadAction","target":["https:\/\/cambiodelona.com\/ca\/producto\/maneta-per-a-tendal\/"]}]},{"@type":"BreadcrumbList","@id":"https:\/\/cambiodelona.com\/ca\/producto\/maneta-per-a-tendal\/#breadcrumb","itemListElement":[{"@type":"ListItem","position":1,"name":"Portada","item":"https:\/\/cambiodelona.com\/ca\/inici-2\/"},{"@type":"ListItem","position":2,"name":"Botiga online","item":"https:\/\/cambiodelona.com\/ca\/tienda-2\/"},{"@type":"ListItem","position":3,"name":"Palilleria doble macarr\u00f3 de 4m a 7m (Ho tallem a la teva mida)"}]},{"@type":"WebSite","@id":"https:\/\/cambiodelona.com\/#website","url":"https:\/\/cambiodelona.com\/","name":"Cambiodelona.com","description":"Nuevo portal especializado en la venta en l\u00ednea de productos confeccionados a medida para todo tipo de sistemas de protecci\u00f3n solar","publisher":{"@id":"https:\/\/cambiodelona.com\/#organization"},"alternateName":"Cambio de lona","potentialAction":[{"@type":"SearchAction","target":{"@type":"EntryPoint","urlTemplate":"https:\/\/cambiodelona.com\/?s={search_term_string}"},"query-input":"required name=search_term_string"}],"inLanguage":"ca"},{"@type":"Organization","@id":"https:\/\/cambiodelona.com\/#organization","name":"Cambio de lona S. L.","url":"https:\/\/cambiodelona.com\/","logo":{"@type":"ImageObject","inLanguage":"ca","@id":"https:\/\/cambiodelona.com\/#\/schema\/logo\/image\/","url":"https:\/\/cambiodelona.com\/wp-content\/uploads\/2024\/09\/cambiodelona-logo.png","contentUrl":"https:\/\/cambiodelona.com\/wp-content\/uploads\/2024\/09\/cambiodelona-logo.png","width":800,"height":439,"caption":"Cambio de lona S. L."},"image":{"@id":"https:\/\/cambiodelona.com\/#\/schema\/logo\/image\/"},"sameAs":["https:\/\/www.facebook.com\/cambiodelona.web","https:\/\/www.instagram.com\/cambiodelona\/"]}]}},"_links":{"self":[{"href":"https:\/\/cambiodelona.com\/ca\/wp-json\/wp\/v2\/product\/22490","targetHints":{"allow":["GET"]}}],"collection":[{"href":"https:\/\/cambiodelona.com\/ca\/wp-json\/wp\/v2\/product"}],"about":[{"href":"https:\/\/cambiodelona.com\/ca\/wp-json\/wp\/v2\/types\/product"}],"replies":[{"embeddable":true,"href":"https:\/\/cambiodelona.com\/ca\/wp-json\/wp\/v2\/comments?post=22490"}],"wp:featuredmedia":[{"embeddable":true,"href":"https:\/\/cambiodelona.com\/ca\/wp-json\/wp\/v2\/media\/22590"}],"wp:attachment":[{"href":"https:\/\/cambiodelona.com\/ca\/wp-json\/wp\/v2\/media?parent=22490"}],"wp:term":[{"taxonomy":"product_cat","embeddable":true,"href":"https:\/\/cambiodelona.com\/ca\/wp-json\/wp\/v2\/product_cat?post=22490"},{"taxonomy":"product_tag","embeddable":true,"href":"https:\/\/cambiodelona.com\/ca\/wp-json\/wp\/v2\/product_tag?post=22490"}],"curies":[{"name":"wp","href":"https:\/\/api.w.org\/{rel}","templated":true}]}}