{"id":24678,"date":"2025-06-14T07:38:46","date_gmt":"2025-06-14T05:38:46","guid":{"rendered":"https:\/\/cambiodelona.com\/producto\/perfil-interior-de-juncio-80x40\/"},"modified":"2025-06-14T07:38:46","modified_gmt":"2025-06-14T05:38:46","slug":"perfil-interior-de-juncio-80x40","status":"publish","type":"product","link":"https:\/\/cambiodelona.com\/ca\/producto\/perfil-interior-de-juncio-80x40\/","title":{"rendered":"Perfil interior de junci\u00f3 80&#215;40"},"content":{"rendered":"<h2 class=\"text-body font-regular leading-[24px] pt-[9px] pb-[2px]\"><strong class=\"font-semibold\">Perfil interior de junci\u00f3 80&#215;40<\/strong><\/h2>\n<p class=\"text-body font-regular leading-[24px] pt-[9px] pb-[2px]\"><em>L&#8217;accessori essencial per unir les seccions de guies travesseres doble macarr\u00f3<\/em><\/p>\n<p class=\"text-body font-regular leading-[24px] pt-[9px] pb-[2px]\">El Perfil Interior de junci\u00f3 80&#215;40, fabricat en alumini d&#8217;alta qualitat i amb una longitud de 25 cm, est\u00e0 dissenyat per garantir un empalmament prec\u00eds i segur de guies en sistemes de p\u00e8rgoles.<\/p>\n<p class=\"text-body font-regular leading-[24px] pt-[9px] pb-[2px]\">Tallem els perfils a mida en seccions que no excedeixen els 220 cm, complint les restriccions de transport i assegurant una uni\u00f3 s\u00f2lida i estable. Aquest accessori indispensable ofereix una instal\u00b7laci\u00f3 professional i duradora, ideal per a projectes exigents. <\/p>\n","protected":false},"excerpt":{"rendered":"<p>Perfil interior de junci\u00f3 80&#215;40 L&#8217;accessori essencial per unir les seccions de guies travesseres doble macarr\u00f3 El Perfil Interior de junci\u00f3 80&#215;40, fabricat en alumini d&#8217;alta qualitat i amb una longitud de 25 cm, est\u00e0 dissenyat per garantir un empalmament prec\u00eds i segur de guies en sistemes de p\u00e8rgoles. Tallem els perfils a mida en &hellip;<\/p>\n<p class=\"read-more\"> <a class=\"\" href=\"https:\/\/cambiodelona.com\/ca\/producto\/perfil-interior-de-juncio-80x40\/\"> <span class=\"screen-reader-text\">Perfil interior de junci\u00f3 80&#215;40<\/span> Llegeix m\u00e9s &raquo;<\/a><\/p>\n","protected":false},"featured_media":22699,"comment_status":"closed","ping_status":"closed","template":"","meta":{"site-sidebar-layout":"default","site-content-layout":"default","ast-global-header-display":"","ast-main-header-display":"","ast-hfb-above-header-display":"","ast-hfb-below-header-display":"","ast-hfb-mobile-header-display":"","site-post-title":"","ast-breadcrumbs-content":"","ast-featured-img":"","footer-sml-layout":"","theme-transparent-header-meta":"default","adv-header-id-meta":"","stick-header-meta":"","header-above-stick-meta":"","header-main-stick-meta":"","header-below-stick-meta":""},"product_cat":[110],"product_tag":[],"class_list":["post-24678","product","type-product","status-publish","has-post-thumbnail","hentry","product_cat-accceseris-per-a-tendal","product_shipping_class-paqueteria-ca","desktop-align-left","tablet-align-left","mobile-align-left"],"yoast_head":"<!-- This site is optimized with the Yoast SEO Premium plugin v21.2 (Yoast SEO v21.2) - https:\/\/yoast.com\/wordpress\/plugins\/seo\/ -->\n<title>Perfil interior de junci\u00f3 80x40 - Cambiodelona<\/title>\n<meta name=\"description\" content=\"Perfil Interior de junci\u00f3 80x40: l&#039;accessori essencial per unir guies travesseres doble macarr\u00f3. Garanteix una instal\u00b7laci\u00f3 professional.\" \/>\n<meta name=\"robots\" content=\"index, follow, max-snippet:-1, max-image-preview:large, max-video-preview:-1\" \/>\n<link rel=\"canonical\" href=\"https:\/\/cambiodelona.com\/ca\/producto\/perfil-interior-de-juncio-80x40\/\" \/>\n<meta property=\"og:locale\" content=\"ca_ES\" \/>\n<meta property=\"og:type\" content=\"article\" \/>\n<meta property=\"og:title\" content=\"Perfil interior de junci\u00f3 80x40\" \/>\n<meta property=\"og:description\" content=\"Perfil Interior de junci\u00f3 80x40: l&#039;accessori essencial per unir guies travesseres doble macarr\u00f3. Garanteix una instal\u00b7laci\u00f3 professional.\" \/>\n<meta property=\"og:url\" content=\"https:\/\/cambiodelona.com\/ca\/producto\/perfil-interior-de-juncio-80x40\/\" \/>\n<meta property=\"og:site_name\" content=\"Cambiodelona\" \/>\n<meta property=\"article:publisher\" content=\"https:\/\/www.facebook.com\/cambiodelona.web\" \/>\n<meta property=\"og:image\" content=\"https:\/\/cambiodelona.com\/wp-content\/uploads\/2025\/06\/Perfil-interior-empalme-80x402-1.webp\" \/>\n\t<meta property=\"og:image:width\" content=\"1100\" \/>\n\t<meta property=\"og:image:height\" content=\"1422\" \/>\n\t<meta property=\"og:image:type\" content=\"image\/webp\" \/>\n<meta name=\"twitter:card\" content=\"summary_large_image\" \/>\n<script type=\"application\/ld+json\" class=\"yoast-schema-graph\">{\"@context\":\"https:\/\/schema.org\",\"@graph\":[{\"@type\":\"WebPage\",\"@id\":\"https:\/\/cambiodelona.com\/ca\/producto\/perfil-interior-de-juncio-80x40\/\",\"url\":\"https:\/\/cambiodelona.com\/ca\/producto\/perfil-interior-de-juncio-80x40\/\",\"name\":\"Perfil interior de junci\u00f3 80x40 - Cambiodelona\",\"isPartOf\":{\"@id\":\"https:\/\/cambiodelona.com\/#website\"},\"datePublished\":\"2025-06-14T05:38:46+00:00\",\"dateModified\":\"2025-06-14T05:38:46+00:00\",\"description\":\"Perfil Interior de junci\u00f3 80x40: l'accessori essencial per unir guies travesseres doble macarr\u00f3. Garanteix una instal\u00b7laci\u00f3 professional.\",\"breadcrumb\":{\"@id\":\"https:\/\/cambiodelona.com\/ca\/producto\/perfil-interior-de-juncio-80x40\/#breadcrumb\"},\"inLanguage\":\"ca\",\"potentialAction\":[{\"@type\":\"ReadAction\",\"target\":[\"https:\/\/cambiodelona.com\/ca\/producto\/perfil-interior-de-juncio-80x40\/\"]}]},{\"@type\":\"BreadcrumbList\",\"@id\":\"https:\/\/cambiodelona.com\/ca\/producto\/perfil-interior-de-juncio-80x40\/#breadcrumb\",\"itemListElement\":[{\"@type\":\"ListItem\",\"position\":1,\"name\":\"Portada\",\"item\":\"https:\/\/cambiodelona.com\/ca\/inici-2\/\"},{\"@type\":\"ListItem\",\"position\":2,\"name\":\"Botiga online\",\"item\":\"https:\/\/cambiodelona.com\/ca\/tienda-2\/\"},{\"@type\":\"ListItem\",\"position\":3,\"name\":\"Perfil interior de junci\u00f3 80&#215;40\"}]},{\"@type\":\"WebSite\",\"@id\":\"https:\/\/cambiodelona.com\/#website\",\"url\":\"https:\/\/cambiodelona.com\/\",\"name\":\"Cambiodelona.com\",\"description\":\"Nuevo portal especializado en la venta en l\u00ednea de productos confeccionados a medida para todo tipo de sistemas de protecci\u00f3n solar\",\"publisher\":{\"@id\":\"https:\/\/cambiodelona.com\/#organization\"},\"alternateName\":\"Cambio de lona\",\"potentialAction\":[{\"@type\":\"SearchAction\",\"target\":{\"@type\":\"EntryPoint\",\"urlTemplate\":\"https:\/\/cambiodelona.com\/?s={search_term_string}\"},\"query-input\":\"required name=search_term_string\"}],\"inLanguage\":\"ca\"},{\"@type\":\"Organization\",\"@id\":\"https:\/\/cambiodelona.com\/#organization\",\"name\":\"Cambio de lona S. L.\",\"url\":\"https:\/\/cambiodelona.com\/\",\"logo\":{\"@type\":\"ImageObject\",\"inLanguage\":\"ca\",\"@id\":\"https:\/\/cambiodelona.com\/#\/schema\/logo\/image\/\",\"url\":\"https:\/\/cambiodelona.com\/wp-content\/uploads\/2024\/09\/cambiodelona-logo.png\",\"contentUrl\":\"https:\/\/cambiodelona.com\/wp-content\/uploads\/2024\/09\/cambiodelona-logo.png\",\"width\":800,\"height\":439,\"caption\":\"Cambio de lona S. L.\"},\"image\":{\"@id\":\"https:\/\/cambiodelona.com\/#\/schema\/logo\/image\/\"},\"sameAs\":[\"https:\/\/www.facebook.com\/cambiodelona.web\",\"https:\/\/www.instagram.com\/cambiodelona\/\"]}]}<\/script>\n<!-- \/ Yoast SEO Premium plugin. -->","yoast_head_json":{"title":"Perfil interior de junci\u00f3 80x40 - Cambiodelona","description":"Perfil Interior de junci\u00f3 80x40: l'accessori essencial per unir guies travesseres doble macarr\u00f3. Garanteix una instal\u00b7laci\u00f3 professional.","robots":{"index":"index","follow":"follow","max-snippet":"max-snippet:-1","max-image-preview":"max-image-preview:large","max-video-preview":"max-video-preview:-1"},"canonical":"https:\/\/cambiodelona.com\/ca\/producto\/perfil-interior-de-juncio-80x40\/","og_locale":"ca_ES","og_type":"article","og_title":"Perfil interior de junci\u00f3 80x40","og_description":"Perfil Interior de junci\u00f3 80x40: l'accessori essencial per unir guies travesseres doble macarr\u00f3. Garanteix una instal\u00b7laci\u00f3 professional.","og_url":"https:\/\/cambiodelona.com\/ca\/producto\/perfil-interior-de-juncio-80x40\/","og_site_name":"Cambiodelona","article_publisher":"https:\/\/www.facebook.com\/cambiodelona.web","og_image":[{"width":1100,"height":1422,"url":"https:\/\/cambiodelona.com\/wp-content\/uploads\/2025\/06\/Perfil-interior-empalme-80x402-1.webp","type":"image\/webp"}],"twitter_card":"summary_large_image","schema":{"@context":"https:\/\/schema.org","@graph":[{"@type":"WebPage","@id":"https:\/\/cambiodelona.com\/ca\/producto\/perfil-interior-de-juncio-80x40\/","url":"https:\/\/cambiodelona.com\/ca\/producto\/perfil-interior-de-juncio-80x40\/","name":"Perfil interior de junci\u00f3 80x40 - Cambiodelona","isPartOf":{"@id":"https:\/\/cambiodelona.com\/#website"},"datePublished":"2025-06-14T05:38:46+00:00","dateModified":"2025-06-14T05:38:46+00:00","description":"Perfil Interior de junci\u00f3 80x40: l'accessori essencial per unir guies travesseres doble macarr\u00f3. Garanteix una instal\u00b7laci\u00f3 professional.","breadcrumb":{"@id":"https:\/\/cambiodelona.com\/ca\/producto\/perfil-interior-de-juncio-80x40\/#breadcrumb"},"inLanguage":"ca","potentialAction":[{"@type":"ReadAction","target":["https:\/\/cambiodelona.com\/ca\/producto\/perfil-interior-de-juncio-80x40\/"]}]},{"@type":"BreadcrumbList","@id":"https:\/\/cambiodelona.com\/ca\/producto\/perfil-interior-de-juncio-80x40\/#breadcrumb","itemListElement":[{"@type":"ListItem","position":1,"name":"Portada","item":"https:\/\/cambiodelona.com\/ca\/inici-2\/"},{"@type":"ListItem","position":2,"name":"Botiga online","item":"https:\/\/cambiodelona.com\/ca\/tienda-2\/"},{"@type":"ListItem","position":3,"name":"Perfil interior de junci\u00f3 80&#215;40"}]},{"@type":"WebSite","@id":"https:\/\/cambiodelona.com\/#website","url":"https:\/\/cambiodelona.com\/","name":"Cambiodelona.com","description":"Nuevo portal especializado en la venta en l\u00ednea de productos confeccionados a medida para todo tipo de sistemas de protecci\u00f3n solar","publisher":{"@id":"https:\/\/cambiodelona.com\/#organization"},"alternateName":"Cambio de lona","potentialAction":[{"@type":"SearchAction","target":{"@type":"EntryPoint","urlTemplate":"https:\/\/cambiodelona.com\/?s={search_term_string}"},"query-input":"required name=search_term_string"}],"inLanguage":"ca"},{"@type":"Organization","@id":"https:\/\/cambiodelona.com\/#organization","name":"Cambio de lona S. L.","url":"https:\/\/cambiodelona.com\/","logo":{"@type":"ImageObject","inLanguage":"ca","@id":"https:\/\/cambiodelona.com\/#\/schema\/logo\/image\/","url":"https:\/\/cambiodelona.com\/wp-content\/uploads\/2024\/09\/cambiodelona-logo.png","contentUrl":"https:\/\/cambiodelona.com\/wp-content\/uploads\/2024\/09\/cambiodelona-logo.png","width":800,"height":439,"caption":"Cambio de lona S. L."},"image":{"@id":"https:\/\/cambiodelona.com\/#\/schema\/logo\/image\/"},"sameAs":["https:\/\/www.facebook.com\/cambiodelona.web","https:\/\/www.instagram.com\/cambiodelona\/"]}]}},"_links":{"self":[{"href":"https:\/\/cambiodelona.com\/ca\/wp-json\/wp\/v2\/product\/24678","targetHints":{"allow":["GET"]}}],"collection":[{"href":"https:\/\/cambiodelona.com\/ca\/wp-json\/wp\/v2\/product"}],"about":[{"href":"https:\/\/cambiodelona.com\/ca\/wp-json\/wp\/v2\/types\/product"}],"replies":[{"embeddable":true,"href":"https:\/\/cambiodelona.com\/ca\/wp-json\/wp\/v2\/comments?post=24678"}],"wp:featuredmedia":[{"embeddable":true,"href":"https:\/\/cambiodelona.com\/ca\/wp-json\/wp\/v2\/media\/22699"}],"wp:attachment":[{"href":"https:\/\/cambiodelona.com\/ca\/wp-json\/wp\/v2\/media?parent=24678"}],"wp:term":[{"taxonomy":"product_cat","embeddable":true,"href":"https:\/\/cambiodelona.com\/ca\/wp-json\/wp\/v2\/product_cat?post=24678"},{"taxonomy":"product_tag","embeddable":true,"href":"https:\/\/cambiodelona.com\/ca\/wp-json\/wp\/v2\/product_tag?post=24678"}],"curies":[{"name":"wp","href":"https:\/\/api.w.org\/{rel}","templated":true}]}}