{"id":12579,"date":"2023-05-29T08:19:26","date_gmt":"2023-05-29T06:19:26","guid":{"rendered":"https:\/\/cambiodelona.com\/faq\/"},"modified":"2025-05-11T07:11:19","modified_gmt":"2025-05-11T05:11:19","slug":"faq","status":"publish","type":"page","link":"https:\/\/cambiodelona.com\/de\/faq\/","title":{"rendered":"FAQ"},"content":{"rendered":"\t\t<div data-elementor-type=\"wp-page\" data-elementor-id=\"12579\" class=\"elementor elementor-12579 elementor-8698\">\n\t\t\t\t\t\t<section class=\"elementor-section elementor-top-section elementor-element elementor-element-53c4c182 elementor-section-boxed elementor-section-height-default elementor-section-height-default\" data-id=\"53c4c182\" data-element_type=\"section\" data-e-type=\"section\">\n\t\t\t\t\t\t<div class=\"elementor-container elementor-column-gap-default\">\n\t\t\t\t\t<div class=\"elementor-column elementor-col-100 elementor-top-column elementor-element elementor-element-4f74371c\" data-id=\"4f74371c\" data-element_type=\"column\" data-e-type=\"column\">\n\t\t\t<div class=\"elementor-widget-wrap elementor-element-populated\">\n\t\t\t\t\t\t<div class=\"elementor-element elementor-element-4efe109e elementor-widget elementor-widget-text-editor\" data-id=\"4efe109e\" data-element_type=\"widget\" data-e-type=\"widget\" data-widget_type=\"text-editor.default\">\n\t\t\t\t<div class=\"elementor-widget-container\">\n\t\t\t\t\t\t\t\t\t<h1>H\u00e4ufig gestellte Fragen<\/h1>\t\t\t\t\t\t\t\t<\/div>\n\t\t\t\t<\/div>\n\t\t\t\t\t<\/div>\n\t\t<\/div>\n\t\t\t\t\t<\/div>\n\t\t<\/section>\n\t\t\t\t<section class=\"elementor-section elementor-top-section elementor-element elementor-element-4f3dc30 elementor-section-boxed elementor-section-height-default elementor-section-height-default\" data-id=\"4f3dc30\" data-element_type=\"section\" data-e-type=\"section\">\n\t\t\t\t\t\t<div class=\"elementor-container elementor-column-gap-default\">\n\t\t\t\t\t<div class=\"elementor-column elementor-col-100 elementor-top-column elementor-element elementor-element-644cd29\" data-id=\"644cd29\" data-element_type=\"column\" data-e-type=\"column\">\n\t\t\t<div class=\"elementor-widget-wrap elementor-element-populated\">\n\t\t\t\t\t\t<div class=\"elementor-element elementor-element-7c44efb elementor-widget elementor-widget-lps\" data-id=\"7c44efb\" data-element_type=\"widget\" data-e-type=\"widget\" data-widget_type=\"lps.default\">\n\t\t\t\t<div class=\"elementor-widget-container\">\n\t\t\t\t\t\t\t<div class=\"elementor-shortcode\"><section class=\"latest-post-selection one-column h-info-image has-shadow has-radius content-space-between ver2\" id=\"lps-9857d961c2ce5564131abb01342d03d3\" style=\"\"><article class=\"post-12585 post type-post status-publish format-standard hentry category-faq-de has-link\" data-lps-id=\"12585\"><div class=\"article__info\"><h3 class=\"item-title-tag\"><a href=\"https:\/\/cambiodelona.com\/de\/wie-lange-dauert-die-lieferung-meine-markisenstoff\/\" class=\"main-link\" title=\"Was ist die Lieferzeit?\">Was ist die Lieferzeit?<\/a><\/h3><div class=\"item-text\"><\/div><span class=\"read-more\">Leer m\u00e1s<\/span><\/div><\/article><article class=\"post-12587 post type-post status-publish format-standard hentry category-faq-de has-link\" data-lps-id=\"12587\"><div class=\"article__info\"><h3 class=\"item-title-tag\"><a href=\"https:\/\/cambiodelona.com\/de\/wie-sind-die-oeffnungszeiten-von-cambio-de-lona\/\" class=\"main-link\" title=\"Was sind unsere Kundenservicezeiten?\">Was sind unsere Kundenservicezeiten?<\/a><\/h3><div class=\"item-text\"><\/div><span class=\"read-more\">Leer m\u00e1s<\/span><\/div><\/article><article class=\"post-12589 post type-post status-publish format-standard hentry category-faq-de has-link\" data-lps-id=\"12589\"><div class=\"article__info\"><h3 class=\"item-title-tag\"><a href=\"https:\/\/cambiodelona.com\/de\/mein-markisenstoff-hat-einige-optische-oder-aesthetische-maengel-ist-das-normal\/\" class=\"main-link\" title=\"Mein Markisenstoff hat einige optische oder \u00e4sthetische M\u00e4ngel, ist das normal?\">Mein Markisenstoff hat einige optische oder \u00e4sthetische M\u00e4ngel, ist das normal?<\/a><\/h3><div class=\"item-text\"><\/div><span class=\"read-more\">Leer m\u00e1s<\/span><\/div><\/article><article class=\"post-12596 post type-post status-publish format-standard hentry category-faq-de has-link\" data-lps-id=\"12596\"><div class=\"article__info\"><h3 class=\"item-title-tag\"><a href=\"https:\/\/cambiodelona.com\/de\/wie-installiere-ich-mein-neues-markisenstoff\/\" class=\"main-link\" title=\"Wie installiere ich mein neues Markisenstoff?\">Wie installiere ich mein neues Markisenstoff?<\/a><\/h3><div class=\"item-text\"><\/div><span class=\"read-more\">Leer m\u00e1s<\/span><\/div><\/article><article class=\"post-12598 post type-post status-publish format-standard hentry category-faq-de has-link\" data-lps-id=\"12598\"><div class=\"article__info\"><h3 class=\"item-title-tag\"><a href=\"https:\/\/cambiodelona.com\/de\/welche-schritte-muss-ich-unternehmen-um-mein-markisenstoff-zu-kaufen\/\" class=\"main-link\" title=\"Welche Schritte muss ich unternehmen, um mein Markisenstoff zu kaufen ?\">Welche Schritte muss ich unternehmen, um mein Markisenstoff zu kaufen ?<\/a><\/h3><div class=\"item-text\"><\/div><span class=\"read-more\">Leer m\u00e1s<\/span><\/div><\/article><article class=\"post-12600 post type-post status-publish format-standard has-post-thumbnail hentry category-faq-de has-link\" data-lps-id=\"12600\"><div class=\"article__info\"><h3 class=\"item-title-tag\"><a href=\"https:\/\/cambiodelona.com\/de\/habe-ich-schwierigkeiten-mein-neues-markisenstoff-zu-montieren\/\" class=\"main-link\" title=\"Schwierigkeiten bei der Installation deines neuen Markisentuchs? Wir helfen dir Schritt f\u00fcr Schritt!\">Schwierigkeiten bei der Installation deines neuen Markisentuchs? Wir helfen dir Schritt f\u00fcr Schritt!<\/a><\/h3><div class=\"item-text\"><p>Schwierigkeiten bei der Installation deines neuen Markisentuchs? Wir helfen dir Schritt f\u00fcr Schritt!  Spare Geld und genie\u00dfe ein professionelles Ergebnis.<\/p>\n<\/div><span class=\"read-more\">Leer m\u00e1s<\/span><\/div><\/article><article class=\"post-12602 post type-post status-publish format-standard hentry category-faq-de has-link\" data-lps-id=\"12602\"><div class=\"article__info\"><h3 class=\"item-title-tag\"><a href=\"https:\/\/cambiodelona.com\/de\/ich-habe-zweifel-ich-weiss-nicht-wie-ich-die-art-der-befestigung-fuer-mein-markisenstoff-bestimmen-soll\/\" class=\"main-link\" title=\"Kennen Sie die Oberfl\u00e4chen Ihrer Markisentoff nicht?\">Kennen Sie die Oberfl\u00e4chen Ihrer Markisentoff nicht?<\/a><\/h3><div class=\"item-text\"><\/div><span class=\"read-more\">Leer m\u00e1s<\/span><\/div><\/article><article class=\"post-12604 post type-post status-publish format-standard hentry category-faq-de has-link\" data-lps-id=\"12604\"><div class=\"article__info\"><h3 class=\"item-title-tag\"><a href=\"https:\/\/cambiodelona.com\/de\/ich-kenne-die-teilenummer-des-herstellers-meines-markisenstoff-nicht\/\" class=\"main-link\" title=\"K\u00f6nnen Sie Ihre Merkisenstoff referenz nicht finden? Wir helfen Ihnen gerne!\">K\u00f6nnen Sie Ihre Merkisenstoff referenz nicht finden? Wir helfen Ihnen gerne!<\/a><\/h3><div class=\"item-text\"><\/div><span class=\"read-more\">Leer m\u00e1s<\/span><\/div><\/article><article class=\"post-12607 post type-post status-publish format-standard hentry category-faq-de has-link\" data-lps-id=\"12607\"><div class=\"article__info\"><h3 class=\"item-title-tag\"><a href=\"https:\/\/cambiodelona.com\/de\/wie-messe-ich-mein-markisenstoff-aus\/\" class=\"main-link\" title=\"Wie misst man den Markisenstoff?\">Wie misst man den Markisenstoff?<\/a><\/h3><div class=\"item-text\"><\/div><span class=\"read-more\">Leer m\u00e1s<\/span><\/div><\/article><\/section><div class=\"clear\"><\/div><\/div>\n\t\t\t\t\t\t<\/div>\n\t\t\t\t<\/div>\n\t\t\t\t<div class=\"elementor-element elementor-element-108d7c9 elementor-widget elementor-widget-text-editor\" data-id=\"108d7c9\" data-element_type=\"widget\" data-e-type=\"widget\" data-widget_type=\"text-editor.default\">\n\t\t\t\t<div class=\"elementor-widget-container\">\n\t\t\t\t\t\t\t\t\t<section class=\"elementor-section elementor-top-section elementor-element elementor-element-46a5f7b elementor-section-boxed elementor-section-height-default elementor-section-height-default\" data-id=\"46a5f7b\" data-element_type=\"section\"><div class=\"elementor-container elementor-column-gap-default\"><div class=\"elementor-column elementor-col-100 elementor-top-column elementor-element elementor-element-7fec4bb\" data-id=\"7fec4bb\" data-element_type=\"column\"><div class=\"elementor-widget-wrap elementor-element-populated\"><div class=\"elementor-element elementor-element-52c2d66 elementor-widget elementor-widget-image\" data-id=\"52c2d66\" data-element_type=\"widget\" data-widget_type=\"image.default\"><div class=\"elementor-widget-container\"><img fetchpriority=\"high\" decoding=\"async\" class=\"attachment-medium size-medium wp-image-14887 aligncenter\" src=\"https:\/\/cambiodelona.com\/wp-content\/uploads\/2023\/11\/Transparente-300x186.png\" sizes=\"(max-width: 300px) 100vw, 300px\" srcset=\"https:\/\/cambiodelona.com\/wp-content\/uploads\/2023\/11\/Transparente-300x186.png 300w, https:\/\/cambiodelona.com\/wp-content\/uploads\/2023\/11\/Transparente-1024x635.png 1024w, https:\/\/cambiodelona.com\/wp-content\/uploads\/2023\/11\/Transparente-768x476.png 768w, https:\/\/cambiodelona.com\/wp-content\/uploads\/2023\/11\/Transparente-1536x952.png 1536w, https:\/\/cambiodelona.com\/wp-content\/uploads\/2023\/11\/Transparente-2048x1269.png 2048w, https:\/\/cambiodelona.com\/wp-content\/uploads\/2023\/11\/Transparente-600x372.png 600w\" alt=\"\" width=\"300\" height=\"186\" \/><\/div><div><img decoding=\"async\" class=\"wp-image-22380 aligncenter\" src=\"https:\/\/cambiodelona.com\/wp-content\/uploads\/2025\/05\/Digital_Inline_Green-300x69.png\" alt=\"\" width=\"156\" height=\"36\" srcset=\"https:\/\/cambiodelona.com\/wp-content\/uploads\/2025\/05\/Digital_Inline_Green-300x69.png 300w, https:\/\/cambiodelona.com\/wp-content\/uploads\/2025\/05\/Digital_Inline_Green-1024x236.png 1024w, https:\/\/cambiodelona.com\/wp-content\/uploads\/2025\/05\/Digital_Inline_Green-768x177.png 768w, https:\/\/cambiodelona.com\/wp-content\/uploads\/2025\/05\/Digital_Inline_Green-600x138.png 600w, https:\/\/cambiodelona.com\/wp-content\/uploads\/2025\/05\/Digital_Inline_Green.png 1502w\" sizes=\"(max-width: 156px) 100vw, 156px\" \/><\/div><\/div><\/div><\/div><\/div><\/section><section class=\"elementor-section elementor-top-section elementor-element elementor-element-057bd3f elementor-section-boxed elementor-section-height-default elementor-section-height-default\" data-id=\"057bd3f\" data-element_type=\"section\"><div class=\"elementor-container elementor-column-gap-default\"><div class=\"elementor-column elementor-col-100 elementor-top-column elementor-element elementor-element-b946fb1\" data-id=\"b946fb1\" data-element_type=\"column\"><div class=\"elementor-widget-wrap elementor-element-populated\"><div class=\"elementor-element elementor-element-2f3f525 elementor-widget elementor-widget-text-editor\" data-id=\"2f3f525\" data-element_type=\"widget\" data-widget_type=\"text-editor.default\"><div class=\"elementor-widget-container\"><h2 class=\"wp-block-heading has-text-align-center\" style=\"text-align: center;\"><strong>(0034) 609825961<\/strong><\/h2><h2 class=\"wp-block-heading has-text-align-center\" style=\"text-align: center;\"><a href=\"mailto:web@cambiodelona.com\">web@meinmarkisenstoff.com<\/a><\/h2><\/div><\/div><\/div><\/div><\/div><\/section>\t\t\t\t\t\t\t\t<\/div>\n\t\t\t\t<\/div>\n\t\t\t\t\t<\/div>\n\t\t<\/div>\n\t\t\t\t\t<\/div>\n\t\t<\/section>\n\t\t\t\t<\/div>\n\t\t","protected":false},"excerpt":{"rendered":"<p>H\u00e4ufig gestellte Fragen (0034) 609825961 web@meinmarkisenstoff.com<\/p>\n","protected":false},"author":1,"featured_media":0,"parent":0,"menu_order":0,"comment_status":"closed","ping_status":"closed","template":"","meta":{"site-sidebar-layout":"default","site-content-layout":"default","ast-global-header-display":"","ast-main-header-display":"","ast-hfb-above-header-display":"","ast-hfb-below-header-display":"","ast-hfb-mobile-header-display":"","site-post-title":"disabled","ast-breadcrumbs-content":"","ast-featured-img":"","footer-sml-layout":"","theme-transparent-header-meta":"","adv-header-id-meta":"","stick-header-meta":"","header-above-stick-meta":"","header-main-stick-meta":"","header-below-stick-meta":"","footnotes":""},"class_list":["post-12579","page","type-page","status-publish","hentry"],"yoast_head":"<!-- This site is optimized with the Yoast SEO Premium plugin v21.2 (Yoast SEO v21.2) - https:\/\/yoast.com\/wordpress\/plugins\/seo\/ -->\n<title>FAQ - H\u00e4ufig gestellte Fragen<\/title>\n<meta name=\"description\" content=\"FAQ. Finde deine ideale Markisenstoff, kl\u00e4re deine Zweifel mit unserer Expertenhilfe. \u00dcberpr\u00fcfe \u00d6ffnungszeiten und Lieferzeiten. Messen, Installieren!\" \/>\n<meta name=\"robots\" content=\"index, follow, max-snippet:-1, max-image-preview:large, max-video-preview:-1\" \/>\n<link rel=\"canonical\" href=\"https:\/\/cambiodelona.com\/de\/faq\/\" \/>\n<meta property=\"og:locale\" content=\"de_DE\" \/>\n<meta property=\"og:type\" content=\"article\" \/>\n<meta property=\"og:title\" content=\"FAQ\" \/>\n<meta property=\"og:description\" content=\"FAQ. Finde deine ideale Markisenstoff, kl\u00e4re deine Zweifel mit unserer Expertenhilfe. \u00dcberpr\u00fcfe \u00d6ffnungszeiten und Lieferzeiten. Messen, Installieren!\" \/>\n<meta property=\"og:url\" content=\"https:\/\/cambiodelona.com\/de\/faq\/\" \/>\n<meta property=\"og:site_name\" content=\"Cambiodelona\" \/>\n<meta property=\"article:publisher\" content=\"https:\/\/www.facebook.com\/cambiodelona.web\" \/>\n<meta property=\"article:modified_time\" content=\"2025-05-11T05:11:19+00:00\" \/>\n<meta property=\"og:image\" content=\"https:\/\/cambiodelona.com\/wp-content\/uploads\/2023\/11\/Transparente-300x186.png\" \/>\n<meta name=\"twitter:card\" content=\"summary_large_image\" \/>\n<meta name=\"twitter:label1\" content=\"Gesch\u00e4tzte Lesezeit\" \/>\n\t<meta name=\"twitter:data1\" content=\"2\u00a0Minuten\" \/>\n<script type=\"application\/ld+json\" class=\"yoast-schema-graph\">{\"@context\":\"https:\/\/schema.org\",\"@graph\":[{\"@type\":\"WebPage\",\"@id\":\"https:\/\/cambiodelona.com\/de\/faq\/\",\"url\":\"https:\/\/cambiodelona.com\/de\/faq\/\",\"name\":\"FAQ - H\u00e4ufig gestellte Fragen\",\"isPartOf\":{\"@id\":\"https:\/\/cambiodelona.com\/#website\"},\"datePublished\":\"2023-05-29T06:19:26+00:00\",\"dateModified\":\"2025-05-11T05:11:19+00:00\",\"description\":\"FAQ. Finde deine ideale Markisenstoff, kl\u00e4re deine Zweifel mit unserer Expertenhilfe. \u00dcberpr\u00fcfe \u00d6ffnungszeiten und Lieferzeiten. Messen, Installieren!\",\"breadcrumb\":{\"@id\":\"https:\/\/cambiodelona.com\/de\/faq\/#breadcrumb\"},\"inLanguage\":\"de\",\"potentialAction\":[{\"@type\":\"ReadAction\",\"target\":[\"https:\/\/cambiodelona.com\/de\/faq\/\"]}]},{\"@type\":\"BreadcrumbList\",\"@id\":\"https:\/\/cambiodelona.com\/de\/faq\/#breadcrumb\",\"itemListElement\":[{\"@type\":\"ListItem\",\"position\":1,\"name\":\"Portada\",\"item\":\"https:\/\/cambiodelona.com\/\"},{\"@type\":\"ListItem\",\"position\":2,\"name\":\"FAQ\"}]},{\"@type\":\"WebSite\",\"@id\":\"https:\/\/cambiodelona.com\/#website\",\"url\":\"https:\/\/cambiodelona.com\/\",\"name\":\"Cambiodelona.com\",\"description\":\"Nuevo portal especializado en la venta en l\u00ednea de productos confeccionados a medida para todo tipo de sistemas de protecci\u00f3n solar\",\"publisher\":{\"@id\":\"https:\/\/cambiodelona.com\/#organization\"},\"alternateName\":\"Cambio de lona\",\"potentialAction\":[{\"@type\":\"SearchAction\",\"target\":{\"@type\":\"EntryPoint\",\"urlTemplate\":\"https:\/\/cambiodelona.com\/?s={search_term_string}\"},\"query-input\":\"required name=search_term_string\"}],\"inLanguage\":\"de\"},{\"@type\":\"Organization\",\"@id\":\"https:\/\/cambiodelona.com\/#organization\",\"name\":\"Cambio de lona S. L.\",\"url\":\"https:\/\/cambiodelona.com\/\",\"logo\":{\"@type\":\"ImageObject\",\"inLanguage\":\"de\",\"@id\":\"https:\/\/cambiodelona.com\/#\/schema\/logo\/image\/\",\"url\":\"https:\/\/cambiodelona.com\/wp-content\/uploads\/2024\/09\/cambiodelona-logo.png\",\"contentUrl\":\"https:\/\/cambiodelona.com\/wp-content\/uploads\/2024\/09\/cambiodelona-logo.png\",\"width\":800,\"height\":439,\"caption\":\"Cambio de lona S. L.\"},\"image\":{\"@id\":\"https:\/\/cambiodelona.com\/#\/schema\/logo\/image\/\"},\"sameAs\":[\"https:\/\/www.facebook.com\/cambiodelona.web\",\"https:\/\/www.instagram.com\/cambiodelona\/\"]}]}<\/script>\n<!-- \/ Yoast SEO Premium plugin. -->","yoast_head_json":{"title":"FAQ - H\u00e4ufig gestellte Fragen","description":"FAQ. Finde deine ideale Markisenstoff, kl\u00e4re deine Zweifel mit unserer Expertenhilfe. \u00dcberpr\u00fcfe \u00d6ffnungszeiten und Lieferzeiten. Messen, Installieren!","robots":{"index":"index","follow":"follow","max-snippet":"max-snippet:-1","max-image-preview":"max-image-preview:large","max-video-preview":"max-video-preview:-1"},"canonical":"https:\/\/cambiodelona.com\/de\/faq\/","og_locale":"de_DE","og_type":"article","og_title":"FAQ","og_description":"FAQ. Finde deine ideale Markisenstoff, kl\u00e4re deine Zweifel mit unserer Expertenhilfe. \u00dcberpr\u00fcfe \u00d6ffnungszeiten und Lieferzeiten. Messen, Installieren!","og_url":"https:\/\/cambiodelona.com\/de\/faq\/","og_site_name":"Cambiodelona","article_publisher":"https:\/\/www.facebook.com\/cambiodelona.web","article_modified_time":"2025-05-11T05:11:19+00:00","og_image":[{"url":"https:\/\/cambiodelona.com\/wp-content\/uploads\/2023\/11\/Transparente-300x186.png"}],"twitter_card":"summary_large_image","twitter_misc":{"Gesch\u00e4tzte Lesezeit":"2\u00a0Minuten"},"schema":{"@context":"https:\/\/schema.org","@graph":[{"@type":"WebPage","@id":"https:\/\/cambiodelona.com\/de\/faq\/","url":"https:\/\/cambiodelona.com\/de\/faq\/","name":"FAQ - H\u00e4ufig gestellte Fragen","isPartOf":{"@id":"https:\/\/cambiodelona.com\/#website"},"datePublished":"2023-05-29T06:19:26+00:00","dateModified":"2025-05-11T05:11:19+00:00","description":"FAQ. Finde deine ideale Markisenstoff, kl\u00e4re deine Zweifel mit unserer Expertenhilfe. \u00dcberpr\u00fcfe \u00d6ffnungszeiten und Lieferzeiten. Messen, Installieren!","breadcrumb":{"@id":"https:\/\/cambiodelona.com\/de\/faq\/#breadcrumb"},"inLanguage":"de","potentialAction":[{"@type":"ReadAction","target":["https:\/\/cambiodelona.com\/de\/faq\/"]}]},{"@type":"BreadcrumbList","@id":"https:\/\/cambiodelona.com\/de\/faq\/#breadcrumb","itemListElement":[{"@type":"ListItem","position":1,"name":"Portada","item":"https:\/\/cambiodelona.com\/"},{"@type":"ListItem","position":2,"name":"FAQ"}]},{"@type":"WebSite","@id":"https:\/\/cambiodelona.com\/#website","url":"https:\/\/cambiodelona.com\/","name":"Cambiodelona.com","description":"Nuevo portal especializado en la venta en l\u00ednea de productos confeccionados a medida para todo tipo de sistemas de protecci\u00f3n solar","publisher":{"@id":"https:\/\/cambiodelona.com\/#organization"},"alternateName":"Cambio de lona","potentialAction":[{"@type":"SearchAction","target":{"@type":"EntryPoint","urlTemplate":"https:\/\/cambiodelona.com\/?s={search_term_string}"},"query-input":"required name=search_term_string"}],"inLanguage":"de"},{"@type":"Organization","@id":"https:\/\/cambiodelona.com\/#organization","name":"Cambio de lona S. L.","url":"https:\/\/cambiodelona.com\/","logo":{"@type":"ImageObject","inLanguage":"de","@id":"https:\/\/cambiodelona.com\/#\/schema\/logo\/image\/","url":"https:\/\/cambiodelona.com\/wp-content\/uploads\/2024\/09\/cambiodelona-logo.png","contentUrl":"https:\/\/cambiodelona.com\/wp-content\/uploads\/2024\/09\/cambiodelona-logo.png","width":800,"height":439,"caption":"Cambio de lona S. L."},"image":{"@id":"https:\/\/cambiodelona.com\/#\/schema\/logo\/image\/"},"sameAs":["https:\/\/www.facebook.com\/cambiodelona.web","https:\/\/www.instagram.com\/cambiodelona\/"]}]}},"_links":{"self":[{"href":"https:\/\/cambiodelona.com\/de\/wp-json\/wp\/v2\/pages\/12579","targetHints":{"allow":["GET"]}}],"collection":[{"href":"https:\/\/cambiodelona.com\/de\/wp-json\/wp\/v2\/pages"}],"about":[{"href":"https:\/\/cambiodelona.com\/de\/wp-json\/wp\/v2\/types\/page"}],"author":[{"embeddable":true,"href":"https:\/\/cambiodelona.com\/de\/wp-json\/wp\/v2\/users\/1"}],"replies":[{"embeddable":true,"href":"https:\/\/cambiodelona.com\/de\/wp-json\/wp\/v2\/comments?post=12579"}],"version-history":[{"count":16,"href":"https:\/\/cambiodelona.com\/de\/wp-json\/wp\/v2\/pages\/12579\/revisions"}],"predecessor-version":[{"id":22393,"href":"https:\/\/cambiodelona.com\/de\/wp-json\/wp\/v2\/pages\/12579\/revisions\/22393"}],"wp:attachment":[{"href":"https:\/\/cambiodelona.com\/de\/wp-json\/wp\/v2\/media?parent=12579"}],"curies":[{"name":"wp","href":"https:\/\/api.w.org\/{rel}","templated":true}]}}