{"id":17432,"date":"2024-03-29T10:26:17","date_gmt":"2024-03-29T08:26:17","guid":{"rendered":"https:\/\/cambiodelona.com\/hersteller-2\/"},"modified":"2025-05-11T07:08:52","modified_gmt":"2025-05-11T05:08:52","slug":"hersteller-2","status":"publish","type":"page","link":"https:\/\/cambiodelona.com\/de\/hersteller-2\/","title":{"rendered":"Hersteller"},"content":{"rendered":"\n<p><\/p>\n\n\n\n<h1 class=\"wp-block-heading has-text-align-center has-large-font-size\" id=\"h-dies-ist-die-liste-der-hersteller-die-sie-auf-unserer-website-meinmarkisenstoff-com-finden\"><strong>Dies ist die Liste der Hersteller, die Sie auf unserer Website<a href=\"https:\/\/cambiodelona.com\/de\/producto\/markisenstoff\/\"> meinmarkisenstoff.com<\/a> finden.<\/strong><\/h1>\n\n\n\n<h3 class=\"wp-block-heading has-text-align-center\" id=\"h-wir-wahlen-die-besten-europaischen-hersteller-aus-um-perfekte-zufriedenheit-zu-gewahrleisten\"><strong>Wir w\u00e4hlen die besten europ\u00e4ischen Hersteller aus, um perfekte Zufriedenheit zu gew\u00e4hrleisten.<\/strong><\/h3>\n\n\n\n<p>Renommierte Hersteller, die eine gro\u00dfe Auswahl an Stoffen und Farben anbieten.<br>Sie finden Marken wie Sauleda, Recasens, Citel, Dickson, Sattler, Latim und Serge Ferrari Microperforiert.<br>Jeder Hersteller bietet eine einzigartige Auswahl an Stoffen, von Uni \u00fcber Fantasiemotive bis hin zu Streifen und Mustern.<\/p>\n\n\n\n<p>Erkunden Sie unsere Auswahl, um den perfekten Stoff f\u00fcr Ihr Markisentuch-Projekt zu finden.<\/p>\n\n\n\n<h2 class=\"wp-block-heading\" id=\"h-hergestellt-in-spanien\">Hergestellt in Spanien<\/h2>\n\n\n\n<ul class=\"wp-block-list\">\n<li><strong>Sauleda<br><\/strong>Einfarbige:<a href=\"https:\/\/cambiodelona.com\/de\/sauleda-markisenstoff-einfarbig\/\"> DATENBLATT: MASACRIL Einfarbige von Sauleda<br><\/a>Gestreifte Fantasie: <a href=\"https:\/\/cambiodelona.com\/de\/datenblatt-masacril-gestreifter-fantasy-stoff-von-sauleda\/\">DATENBLATT: MASACRIL Gestreifte Fantasie de Sauleda<br><\/a>Klassische Streifen: <a href=\"https:\/\/cambiodelona.com\/de\/datenblatt-masacril-klassische-streifen-von-sauleda\/\">DATENBLATT: MASACRIL Klassische Streifen von Sauleda<br><\/a>Opera   <br>Schottland<br>Tiere<br>Tandem<br>Green by Sauleda and Pureti<br>Einfarbige Fantasie<br>Drucke<br>PVC VIP FR<br>Solrain (Wasserdichte Acrylfarben)<\/li>\n<\/ul>\n\n\n\n<ul class=\"wp-block-list\">\n<li><strong>Recasens<br><\/strong>Recacril Einfarbige : <a href=\"https:\/\/cambiodelona.com\/de\/datenblaetter-recacril-einfarbige-von-recasens\/\">DATENBLATT: RECACRIL Einfarbige von Recasens<br><\/a>Recacril Klassiker<br>Recacril Fantas\u00eda<br>Estampados<\/li>\n<\/ul>\n\n\n\n<ul class=\"wp-block-list\">\n<li><strong>Citel<\/strong><br>Docril Solid colors<br>Docril Solid &amp; Textured Colors<br>Docril Fantasy<br>Docril Classics<br>Docril Block Stripes<\/li>\n<\/ul>\n\n\n\n<h2 class=\"wp-block-heading\" id=\"h-franzosische-herstellung\">Franz\u00f6sische Herstellung<\/h2>\n\n\n\n<ul class=\"wp-block-list\">\n<li><strong>Dickson<\/strong><br>Orchestra Solids (Einfarbige) : <a href=\"https:\/\/cambiodelona.com\/de\/datenblatt-orchestra-dickson-einfarben\/\">DATENBLATT: ORCHESTRA Einfarbige von Dickson<br><\/a>Orchestra Chin\u00e9s &amp; Tweed : <a href=\"https:\/\/cambiodelona.com\/de\/datenblatt-orchestra-chines-tweed-von-dickson\/\">DATENBLATT: ORCHESTRA \u2013 Dickson\u00ae Chin\u00e9s &amp; Tweed<br><\/a>Orchestra Flamm\u00e9s  <br>Orchestra Switch<br>Orchestra Piqu\u00e9s<br>Orchestra Block Stripes (Klassische Streifen)<br>Orchestra Fantasy Stripes<br>Orchestra Goldies<br>Orchestra Link<br>Max (Wasserdichte Acrylfarben)<br>Spark<br>Op\u00e9ra<br>Sunworker<\/li>\n<\/ul>\n\n\n\n<ul class=\"wp-block-list\">\n<li><strong>Latim<\/strong><br>Einfarbig<br>Gestreift<br>Bedruckt<\/li>\n<\/ul>\n\n\n\n<h2 class=\"wp-block-heading\" id=\"h-osterreichische-herstellung\">\u00d6sterreichische Herstellung<\/h2>\n\n\n\n<ul class=\"wp-block-list\">\n<li><strong>Sattler<\/strong><br>Elements Solids<br>Block Stripes<br>Elements Stripes<br>Elements Urban Design<br>Lumera Solids<br>Lumera Stripe<br>Lumera Landscape<br>Lumera Landscape Mini<br>All Weather Imperm\u00e9able<br>Lumera 3DSurface<br>Elements Project Reflect<br>Elements Project Reflect Air<br>Twilight Metal<br>Twilight Pearl<br>Twilight Space<br>Firemaster<br>Pergola Opaque<\/li>\n<\/ul>\n\n\n\n<h2 class=\"wp-block-heading\" id=\"h-tejido-tecnico\">Tejido T\u00e9cnico<\/h2>\n\n\n\n<ul class=\"wp-block-list\">\n<li><strong>Serge Ferrari <\/strong>Mikroperforiert:<a href=\"https:\/\/cambiodelona.com\/de\/design-serge-ferrari\/\"> Materialien von Serge Ferrari<br><\/a>Soltis Horizon 86<br>Soltis Harmony 88<br>Soltis Perform 92<br>Soltis Lounge 96<br>Soltis Proof W96<\/li>\n<\/ul>\n\n\n\n<ul class=\"wp-block-list\">\n<li><strong>Dickson Mikroperforiert<\/strong><br>Sunworker<\/li>\n<\/ul>\n\n\n\n<p>.<\/p>\n\n\n\n<ul class=\"wp-block-list\">\n<li><strong>Sauleda<\/strong><br>PVC VIP FR<\/li>\n<\/ul>\n","protected":false},"excerpt":{"rendered":"<p>Dies ist die Liste der Hersteller, die Sie auf unserer Website meinmarkisenstoff.com finden. Wir w\u00e4hlen die besten europ\u00e4ischen Hersteller aus, um perfekte Zufriedenheit zu gew\u00e4hrleisten. Renommierte Hersteller, die eine gro\u00dfe Auswahl an Stoffen und Farben anbieten.Sie finden Marken wie Sauleda, Recasens, Citel, Dickson, Sattler, Latim und Serge Ferrari Microperforiert.Jeder Hersteller bietet eine einzigartige Auswahl an &hellip;<\/p>\n<p class=\"read-more\"> <a class=\"\" href=\"https:\/\/cambiodelona.com\/de\/hersteller-2\/\"> <span class=\"screen-reader-text\">Hersteller<\/span> Weiterlesen &raquo;<\/a><\/p>\n","protected":false},"author":1,"featured_media":0,"parent":0,"menu_order":0,"comment_status":"closed","ping_status":"closed","template":"","meta":{"site-sidebar-layout":"default","site-content-layout":"default","ast-global-header-display":"","ast-main-header-display":"","ast-hfb-above-header-display":"","ast-hfb-below-header-display":"","ast-hfb-mobile-header-display":"","site-post-title":"disabled","ast-breadcrumbs-content":"","ast-featured-img":"","footer-sml-layout":"","theme-transparent-header-meta":"","adv-header-id-meta":"","stick-header-meta":"","header-above-stick-meta":"","header-main-stick-meta":"","header-below-stick-meta":"","footnotes":""},"class_list":["post-17432","page","type-page","status-publish","hentry"],"yoast_head":"<!-- This site is optimized with the Yoast SEO Premium plugin v21.2 (Yoast SEO v21.2) - https:\/\/yoast.com\/wordpress\/plugins\/seo\/ -->\n<title>Hersteller - Cambiodelona<\/title>\n<meta name=\"description\" content=\"Europ\u00e4ische Hersteller von renommierten, bieten wir eine Vielzahl von Optionen in Stoffen und Farben, um eine perfekte Zufriedenheit zu gew\u00e4hrleisten.\" \/>\n<meta name=\"robots\" content=\"index, follow, max-snippet:-1, max-image-preview:large, max-video-preview:-1\" \/>\n<link rel=\"canonical\" href=\"https:\/\/cambiodelona.com\/de\/hersteller-2\/\" \/>\n<meta property=\"og:locale\" content=\"de_DE\" \/>\n<meta property=\"og:type\" content=\"article\" \/>\n<meta property=\"og:title\" content=\"Hersteller\" \/>\n<meta property=\"og:description\" content=\"Europ\u00e4ische Hersteller von renommierten, bieten wir eine Vielzahl von Optionen in Stoffen und Farben, um eine perfekte Zufriedenheit zu gew\u00e4hrleisten.\" \/>\n<meta property=\"og:url\" content=\"https:\/\/cambiodelona.com\/de\/hersteller-2\/\" \/>\n<meta property=\"og:site_name\" content=\"Cambiodelona\" \/>\n<meta property=\"article:publisher\" content=\"https:\/\/www.facebook.com\/cambiodelona.web\" \/>\n<meta property=\"article:modified_time\" content=\"2025-05-11T05:08:52+00:00\" \/>\n<meta property=\"og:image\" content=\"https:\/\/cambiodelona.com\/wp-content\/uploads\/2023\/09\/Transparente.png\" \/>\n\t<meta property=\"og:image:width\" content=\"4096\" \/>\n\t<meta property=\"og:image:height\" content=\"2528\" \/>\n\t<meta property=\"og:image:type\" content=\"image\/png\" \/>\n<meta name=\"twitter:card\" content=\"summary_large_image\" \/>\n<meta name=\"twitter:label1\" content=\"Gesch\u00e4tzte Lesezeit\" \/>\n\t<meta name=\"twitter:data1\" content=\"2\u00a0Minuten\" \/>\n<script type=\"application\/ld+json\" class=\"yoast-schema-graph\">{\"@context\":\"https:\/\/schema.org\",\"@graph\":[{\"@type\":\"WebPage\",\"@id\":\"https:\/\/cambiodelona.com\/de\/hersteller-2\/\",\"url\":\"https:\/\/cambiodelona.com\/de\/hersteller-2\/\",\"name\":\"Hersteller - Cambiodelona\",\"isPartOf\":{\"@id\":\"https:\/\/cambiodelona.com\/#website\"},\"datePublished\":\"2024-03-29T08:26:17+00:00\",\"dateModified\":\"2025-05-11T05:08:52+00:00\",\"description\":\"Europ\u00e4ische Hersteller von renommierten, bieten wir eine Vielzahl von Optionen in Stoffen und Farben, um eine perfekte Zufriedenheit zu gew\u00e4hrleisten.\",\"breadcrumb\":{\"@id\":\"https:\/\/cambiodelona.com\/de\/hersteller-2\/#breadcrumb\"},\"inLanguage\":\"de\",\"potentialAction\":[{\"@type\":\"ReadAction\",\"target\":[\"https:\/\/cambiodelona.com\/de\/hersteller-2\/\"]}]},{\"@type\":\"BreadcrumbList\",\"@id\":\"https:\/\/cambiodelona.com\/de\/hersteller-2\/#breadcrumb\",\"itemListElement\":[{\"@type\":\"ListItem\",\"position\":1,\"name\":\"Portada\",\"item\":\"https:\/\/cambiodelona.com\/\"},{\"@type\":\"ListItem\",\"position\":2,\"name\":\"Hersteller\"}]},{\"@type\":\"WebSite\",\"@id\":\"https:\/\/cambiodelona.com\/#website\",\"url\":\"https:\/\/cambiodelona.com\/\",\"name\":\"Cambiodelona.com\",\"description\":\"Nuevo portal especializado en la venta en l\u00ednea de productos confeccionados a medida para todo tipo de sistemas de protecci\u00f3n solar\",\"publisher\":{\"@id\":\"https:\/\/cambiodelona.com\/#organization\"},\"alternateName\":\"Cambio de lona\",\"potentialAction\":[{\"@type\":\"SearchAction\",\"target\":{\"@type\":\"EntryPoint\",\"urlTemplate\":\"https:\/\/cambiodelona.com\/?s={search_term_string}\"},\"query-input\":\"required name=search_term_string\"}],\"inLanguage\":\"de\"},{\"@type\":\"Organization\",\"@id\":\"https:\/\/cambiodelona.com\/#organization\",\"name\":\"Cambio de lona S. L.\",\"url\":\"https:\/\/cambiodelona.com\/\",\"logo\":{\"@type\":\"ImageObject\",\"inLanguage\":\"de\",\"@id\":\"https:\/\/cambiodelona.com\/#\/schema\/logo\/image\/\",\"url\":\"https:\/\/cambiodelona.com\/wp-content\/uploads\/2024\/09\/cambiodelona-logo.png\",\"contentUrl\":\"https:\/\/cambiodelona.com\/wp-content\/uploads\/2024\/09\/cambiodelona-logo.png\",\"width\":800,\"height\":439,\"caption\":\"Cambio de lona S. L.\"},\"image\":{\"@id\":\"https:\/\/cambiodelona.com\/#\/schema\/logo\/image\/\"},\"sameAs\":[\"https:\/\/www.facebook.com\/cambiodelona.web\",\"https:\/\/www.instagram.com\/cambiodelona\/\"]}]}<\/script>\n<!-- \/ Yoast SEO Premium plugin. -->","yoast_head_json":{"title":"Hersteller - Cambiodelona","description":"Europ\u00e4ische Hersteller von renommierten, bieten wir eine Vielzahl von Optionen in Stoffen und Farben, um eine perfekte Zufriedenheit zu gew\u00e4hrleisten.","robots":{"index":"index","follow":"follow","max-snippet":"max-snippet:-1","max-image-preview":"max-image-preview:large","max-video-preview":"max-video-preview:-1"},"canonical":"https:\/\/cambiodelona.com\/de\/hersteller-2\/","og_locale":"de_DE","og_type":"article","og_title":"Hersteller","og_description":"Europ\u00e4ische Hersteller von renommierten, bieten wir eine Vielzahl von Optionen in Stoffen und Farben, um eine perfekte Zufriedenheit zu gew\u00e4hrleisten.","og_url":"https:\/\/cambiodelona.com\/de\/hersteller-2\/","og_site_name":"Cambiodelona","article_publisher":"https:\/\/www.facebook.com\/cambiodelona.web","article_modified_time":"2025-05-11T05:08:52+00:00","og_image":[{"width":4096,"height":2528,"url":"https:\/\/cambiodelona.com\/wp-content\/uploads\/2023\/09\/Transparente.png","type":"image\/png"}],"twitter_card":"summary_large_image","twitter_misc":{"Gesch\u00e4tzte Lesezeit":"2\u00a0Minuten"},"schema":{"@context":"https:\/\/schema.org","@graph":[{"@type":"WebPage","@id":"https:\/\/cambiodelona.com\/de\/hersteller-2\/","url":"https:\/\/cambiodelona.com\/de\/hersteller-2\/","name":"Hersteller - Cambiodelona","isPartOf":{"@id":"https:\/\/cambiodelona.com\/#website"},"datePublished":"2024-03-29T08:26:17+00:00","dateModified":"2025-05-11T05:08:52+00:00","description":"Europ\u00e4ische Hersteller von renommierten, bieten wir eine Vielzahl von Optionen in Stoffen und Farben, um eine perfekte Zufriedenheit zu gew\u00e4hrleisten.","breadcrumb":{"@id":"https:\/\/cambiodelona.com\/de\/hersteller-2\/#breadcrumb"},"inLanguage":"de","potentialAction":[{"@type":"ReadAction","target":["https:\/\/cambiodelona.com\/de\/hersteller-2\/"]}]},{"@type":"BreadcrumbList","@id":"https:\/\/cambiodelona.com\/de\/hersteller-2\/#breadcrumb","itemListElement":[{"@type":"ListItem","position":1,"name":"Portada","item":"https:\/\/cambiodelona.com\/"},{"@type":"ListItem","position":2,"name":"Hersteller"}]},{"@type":"WebSite","@id":"https:\/\/cambiodelona.com\/#website","url":"https:\/\/cambiodelona.com\/","name":"Cambiodelona.com","description":"Nuevo portal especializado en la venta en l\u00ednea de productos confeccionados a medida para todo tipo de sistemas de protecci\u00f3n solar","publisher":{"@id":"https:\/\/cambiodelona.com\/#organization"},"alternateName":"Cambio de lona","potentialAction":[{"@type":"SearchAction","target":{"@type":"EntryPoint","urlTemplate":"https:\/\/cambiodelona.com\/?s={search_term_string}"},"query-input":"required name=search_term_string"}],"inLanguage":"de"},{"@type":"Organization","@id":"https:\/\/cambiodelona.com\/#organization","name":"Cambio de lona S. L.","url":"https:\/\/cambiodelona.com\/","logo":{"@type":"ImageObject","inLanguage":"de","@id":"https:\/\/cambiodelona.com\/#\/schema\/logo\/image\/","url":"https:\/\/cambiodelona.com\/wp-content\/uploads\/2024\/09\/cambiodelona-logo.png","contentUrl":"https:\/\/cambiodelona.com\/wp-content\/uploads\/2024\/09\/cambiodelona-logo.png","width":800,"height":439,"caption":"Cambio de lona S. L."},"image":{"@id":"https:\/\/cambiodelona.com\/#\/schema\/logo\/image\/"},"sameAs":["https:\/\/www.facebook.com\/cambiodelona.web","https:\/\/www.instagram.com\/cambiodelona\/"]}]}},"_links":{"self":[{"href":"https:\/\/cambiodelona.com\/de\/wp-json\/wp\/v2\/pages\/17432","targetHints":{"allow":["GET"]}}],"collection":[{"href":"https:\/\/cambiodelona.com\/de\/wp-json\/wp\/v2\/pages"}],"about":[{"href":"https:\/\/cambiodelona.com\/de\/wp-json\/wp\/v2\/types\/page"}],"author":[{"embeddable":true,"href":"https:\/\/cambiodelona.com\/de\/wp-json\/wp\/v2\/users\/1"}],"replies":[{"embeddable":true,"href":"https:\/\/cambiodelona.com\/de\/wp-json\/wp\/v2\/comments?post=17432"}],"version-history":[{"count":5,"href":"https:\/\/cambiodelona.com\/de\/wp-json\/wp\/v2\/pages\/17432\/revisions"}],"predecessor-version":[{"id":22387,"href":"https:\/\/cambiodelona.com\/de\/wp-json\/wp\/v2\/pages\/17432\/revisions\/22387"}],"wp:attachment":[{"href":"https:\/\/cambiodelona.com\/de\/wp-json\/wp\/v2\/media?parent=17432"}],"curies":[{"name":"wp","href":"https:\/\/api.w.org\/{rel}","templated":true}]}}