{"id":12569,"date":"2023-03-08T09:08:55","date_gmt":"2023-03-08T09:08:55","guid":{"rendered":"https:\/\/cambiodelona.com\/producto\/mein-markisentuch\/"},"modified":"2025-11-06T13:10:57","modified_gmt":"2025-11-06T11:10:57","slug":"markisenstoff","status":"publish","type":"product","link":"https:\/\/cambiodelona.com\/de\/producto\/markisenstoff\/","title":{"rendered":"Mein Markisenstoff"},"content":{"rendered":"<h2><strong>Mein Markisenstoff<\/strong><\/h2>\n<h2><strong>Konfigurieren Sie Ihre Markisenstoff.<\/strong><\/h2>\n<p>Um eine neue Markisentuch genau wie die bereits vorhandene herzustellen, ben\u00f6tigen wir die Ma\u00dfe.<\/p>\n<ul>\n<li>Die <strong>Breite<\/strong>:<br \/>\nDu musst die Markise vollst\u00e4ndig ausfahren, das Ma\u00dfband direkt auf den Markisenstoff legen und die Breite des Stoffes von einem Ende zum anderen messen.<\/li>\n<li><span class=\"notion-enable-hover\" data-token-index=\"0\"><span class=\"notion-enable-hover\" data-token-index=\"0\">Der <strong>Ausfall<\/strong>:<\/span><\/span> Auch hier muss deine Markise vollst\u00e4ndig ge\u00f6ffnet sein, also maximal ausgefahren.<br \/>\nLege das Ma\u00dfband direkt auf den Markisenstoff und messe die Ausladung (oder H\u00f6he).<br \/>\nDu wirst feststellen, dass noch Stoff auf der oberen Rolle aufgerollt ist, selbst wenn die Markise vollst\u00e4ndig ge\u00f6ffnet ist.<br \/>\nDaher solltest du <strong>30 cm f\u00fcr das Aufrollen<\/strong> hinzurechnen.<\/li>\n<\/ul>\n<h2><strong>Bestimmen Sie die Gr\u00f6\u00dfe des Volant.<\/strong><\/h2>\n<p>Wenn Sie ein Volant haben und es ebenfalls ersetzen m\u00f6chten, ben\u00f6tigen wir auch dessen Abmessungen.<br \/>\nEs ist nicht notwendig, die Breite zu messen, da sie mit der zuvor gemessenen Markisentuch identisch ist.<br \/>\nDie Breite des Volant muss die gleiche sein, aber wir m\u00fcssen seine H\u00f6he messen.<\/p>\n<h2><strong>Die Endbearbeitungen der Markisenstoff anzeigen.<\/strong><\/h2>\n<p>Das hei\u00dft, wir betrachten den Stoff und sehen, wie er am Gestell des Sonnenschirms befestigt ist.<\/p>\n<p>Es gibt zwei Arten von Finishes.<\/p>\n<ul>\n<li><span style=\"font-size: 16px;\">Mit <strong><a href=\"https:\/\/cambiodelona.com\/de\/was-ist-ein-keder\/\">Keder<\/a><\/strong>, nach oben und unten, und auch am Vorhang, wenn Ihr Markisenstoff einen hat. (Kunststoffstangen oder St\u00e4be)<\/span><\/li>\n<li>Oben ges\u00e4umt (mit Klammern befestigt) und unten <strong><a href=\"https:\/\/cambiodelona.com\/de\/was-ist-eine-hohlsaum\/\">ummantelt<\/a><\/strong> (in diesem Fall muss der Rohrdurchmesser angegeben werden).<\/li>\n<\/ul>\n<p>Merken Sie sich diese 3 W\u00f6rter: <strong>Breite &#8211; Ausfall &#8211; Volant h\u00f6he.<br \/>\n<\/strong> und geben Sie sie in unserem Konfigurator ein.<\/p>\n<p>Wenn Sie Fragen oder Anmerkungen haben, stehen wir Ihnen gerne zur Verf\u00fcgung.<\/p>\n<ul>\n<li>per E-Mail an <strong>web@cambiodelona.com<\/strong><\/li>\n<li>von WhattApp im <strong>+34 609 82 59 61<\/strong><\/li>\n<\/ul>\n<p>Wir w\u00fcnschen Ihnen einen erfolgreichen Abschluss Ihres Sonnenschutzprojektes und vergessen Sie vor allem nicht, uns ein Foto der fertigen Anlage zu schicken.<\/p>\n<h3>Produktfotos<\/h3>\n<p><a href=\"https:\/\/cambiodelona.com\/wp-content\/uploads\/2023\/03\/foto-clientes-300x300.webp\" target=\"_blank\" rel=\"noopener\"><img fetchpriority=\"high\" decoding=\"async\" class=\"alignnone wp-image-20695\" style=\"margin-bottom: 5px;\" src=\"https:\/\/cambiodelona.com\/wp-content\/uploads\/2023\/03\/foto-clientes-300x300.webp\" alt=\"orange gestreiftes Markisentuch\" width=\"295\" height=\"295\" srcset=\"https:\/\/cambiodelona.com\/wp-content\/uploads\/2023\/03\/foto-clientes-300x300.webp 300w, https:\/\/cambiodelona.com\/wp-content\/uploads\/2023\/03\/foto-clientes-1024x1024.webp 1024w, https:\/\/cambiodelona.com\/wp-content\/uploads\/2023\/03\/foto-clientes-150x150.webp 150w, https:\/\/cambiodelona.com\/wp-content\/uploads\/2023\/03\/foto-clientes-768x768.webp 768w, https:\/\/cambiodelona.com\/wp-content\/uploads\/2023\/03\/foto-clientes-600x600.webp 600w, https:\/\/cambiodelona.com\/wp-content\/uploads\/2023\/03\/foto-clientes-100x100.webp 100w, https:\/\/cambiodelona.com\/wp-content\/uploads\/2023\/03\/foto-clientes.webp 1080w\" sizes=\"(max-width: 295px) 100vw, 295px\" \/><\/a> <a href=\"https:\/\/cambiodelona.com\/wp-content\/uploads\/2023\/03\/foto-clientes3-300x300.webp\" target=\"_blank\" rel=\"noopener\"><img decoding=\"async\" class=\"alignnone wp-image-20703\" style=\"margin-bottom: 5px;\" src=\"https:\/\/cambiodelona.com\/wp-content\/uploads\/2023\/03\/foto-clientes3-300x300.webp\" alt=\"orangefarbenes Markisentuch\" width=\"295\" height=\"295\" srcset=\"https:\/\/cambiodelona.com\/wp-content\/uploads\/2023\/03\/foto-clientes3-300x300.webp 300w, https:\/\/cambiodelona.com\/wp-content\/uploads\/2023\/03\/foto-clientes3-1024x1024.webp 1024w, https:\/\/cambiodelona.com\/wp-content\/uploads\/2023\/03\/foto-clientes3-150x150.webp 150w, https:\/\/cambiodelona.com\/wp-content\/uploads\/2023\/03\/foto-clientes3-768x768.webp 768w, https:\/\/cambiodelona.com\/wp-content\/uploads\/2023\/03\/foto-clientes3-600x600.webp 600w, https:\/\/cambiodelona.com\/wp-content\/uploads\/2023\/03\/foto-clientes3-100x100.webp 100w, https:\/\/cambiodelona.com\/wp-content\/uploads\/2023\/03\/foto-clientes3.webp 1200w\" sizes=\"(max-width: 295px) 100vw, 295px\" \/><\/a> <a href=\"https:\/\/cambiodelona.com\/wp-content\/uploads\/2024\/11\/foto-clientes4-300x300.webp\" target=\"_blank\" rel=\"noopener\"><img decoding=\"async\" class=\"alignnone wp-image-20703\" style=\"margin-bottom: 5px;\" src=\"https:\/\/cambiodelona.com\/wp-content\/uploads\/2024\/11\/foto-clientes4-300x300.webp\" alt=\"wei\u00dfe Markisenplane\" width=\"295\" height=\"295\" \/><\/a> <a href=\"https:\/\/cambiodelona.com\/wp-content\/uploads\/2023\/03\/fotos-clientes-2-300x300.webp\" target=\"_blank\" rel=\"noopener\"><img loading=\"lazy\" decoding=\"async\" class=\"alignnone wp-image-20699\" style=\"margin-bottom: 5px;\" src=\"https:\/\/cambiodelona.com\/wp-content\/uploads\/2023\/03\/fotos-clientes-2-300x300.webp\" alt=\"graues Markisentuch\" width=\"295\" height=\"295\" srcset=\"https:\/\/cambiodelona.com\/wp-content\/uploads\/2023\/03\/fotos-clientes-2-300x300.webp 300w, https:\/\/cambiodelona.com\/wp-content\/uploads\/2023\/03\/fotos-clientes-2-1024x1024.webp 1024w, https:\/\/cambiodelona.com\/wp-content\/uploads\/2023\/03\/fotos-clientes-2-150x150.webp 150w, https:\/\/cambiodelona.com\/wp-content\/uploads\/2023\/03\/fotos-clientes-2-768x768.webp 768w, https:\/\/cambiodelona.com\/wp-content\/uploads\/2023\/03\/fotos-clientes-2-600x600.webp 600w, https:\/\/cambiodelona.com\/wp-content\/uploads\/2023\/03\/fotos-clientes-2-100x100.webp 100w, https:\/\/cambiodelona.com\/wp-content\/uploads\/2023\/03\/fotos-clientes-2.webp 1200w\" sizes=\"(max-width: 295px) 100vw, 295px\" \/><\/a> <a href=\"https:\/\/cambiodelona.com\/wp-content\/uploads\/2024\/11\/fotos-clientes5-300x300.webp\" target=\"_blank\" rel=\"noopener\"><img loading=\"lazy\" decoding=\"async\" class=\"alignnone wp-image-20699\" style=\"margin-bottom: 5px;\" src=\"https:\/\/cambiodelona.com\/wp-content\/uploads\/2024\/11\/fotos-clientes5-300x300.webp\" alt=\"braunes Markisentuch\" width=\"295\" height=\"295\" \/><\/a> <a href=\"https:\/\/cambiodelona.com\/wp-content\/uploads\/2024\/11\/foto-cliente6.webp\" target=\"_blank\" rel=\"noopener\"><img loading=\"lazy\" decoding=\"async\" class=\"alignnone wp-image-20699\" style=\"margin-bottom: 5px;\" src=\"https:\/\/cambiodelona.com\/wp-content\/uploads\/2024\/11\/foto-cliente6.webp\" alt=\"blau gestreiftes Markisentuch\" width=\"295\" height=\"295\" \/><\/a> <a href=\"https:\/\/cambiodelona.com\/wp-content\/uploads\/2024\/11\/foto-cliente7.webp\" target=\"_blank\" rel=\"noopener\"><img loading=\"lazy\" decoding=\"async\" class=\"alignnone wp-image-20699\" style=\"margin-bottom: 5px;\" src=\"https:\/\/cambiodelona.com\/wp-content\/uploads\/2024\/11\/foto-cliente7.webp\" alt=\"gr\u00fcne Markisenplane\" width=\"295\" height=\"295\" \/><\/a> <a href=\"https:\/\/cambiodelona.com\/wp-content\/uploads\/2024\/11\/foto-cliente8.webp\" target=\"_blank\" rel=\"noopener\"><img loading=\"lazy\" decoding=\"async\" class=\"alignnone wp-image-20699\" style=\"margin-bottom: 5px;\" src=\"https:\/\/cambiodelona.com\/wp-content\/uploads\/2024\/11\/foto-cliente8.webp\" alt=\"wei\u00dfe Markisenplane\" width=\"295\" height=\"295\" \/><\/a><\/p>\n","protected":false},"excerpt":{"rendered":"<p>So konfigurieren Sie ein Markisentuch:<br \/>\nMessen Sie die <strong>Breite <\/strong>und den <strong>Ausfall <\/strong>des Tuchs (die Ma\u00dfe der ausgefahrenen Arme) und addieren<strong> Sie 30 cm f\u00fcr das Aufrollen<\/strong>.<br \/>\nWenn Ihr Tuch mit einem Volant ausgestattet ist, messen Sie auch dessen <strong>H\u00f6he<\/strong>.<br \/>\nW\u00e4hlen Sie anschlie\u00dfend die Farbe oder die Tuchreferenz, die Ihnen gef\u00e4llt. Sie k\u00f6nnen nach Referenz, nach Farbe oder anhand des RAL-Codes suchen, falls Sie diesen genau kennen.<br \/>\nAbschlie\u00dfend w\u00e4hlen Sie die Form des Volants sowie die Farbe der Abschlussborte aus. Wenn Sie nicht wissen, welche Farbe Sie f\u00fcr Ihren Rand w\u00e4hlen sollen, empfehlen wir Ihnen, den Rand passend zu Ihrer Leinwand zu w\u00e4hlen. Wir k\u00fcmmern uns darum, das Beste zu finden, das zur Farbe Ihrer Markisenstoff passt. F\u00fcr einen moderneren Touch w\u00e4hlen Sie einen geraden <span class=\"notion-enable-hover\" data-token-index=\"1\">Volant <strong>(ohne Finishing-Band)<\/strong><\/span>.<br \/>\nZum Schluss m\u00fcssen Sie die Abschl\u00fcsse des Markisentuchs angeben, also die Art der Befestigung des Tuchs an der Struktur der Markise. Sie k\u00f6nnen zwischen <a href=\"https:\/\/cambiodelona.com\/de\/was-ist-ein-keder\/\">Keder<\/a> oder Saum \/ Schote f\u00fcr Rohre w\u00e4hlen.<\/p>\n","protected":false},"featured_media":11448,"comment_status":"open","ping_status":"closed","template":"","meta":{"site-sidebar-layout":"default","site-content-layout":"default","ast-global-header-display":"","ast-main-header-display":"","ast-hfb-above-header-display":"","ast-hfb-below-header-display":"","ast-hfb-mobile-header-display":"","site-post-title":"","ast-breadcrumbs-content":"","ast-featured-img":"","footer-sml-layout":"","theme-transparent-header-meta":"default","adv-header-id-meta":"","stick-header-meta":"","header-above-stick-meta":"","header-main-stick-meta":"","header-below-stick-meta":""},"product_cat":[],"product_tag":[],"class_list":["post-12569","product","type-product","status-publish","has-post-thumbnail","hentry","product_shipping_class-paketservice","desktop-align-left","tablet-align-left","mobile-align-left"],"yoast_head":"<!-- This site is optimized with the Yoast SEO Premium plugin v21.2 (Yoast SEO v21.2) - https:\/\/yoast.com\/wordpress\/plugins\/seo\/ -->\n<title>Markisenstoff nach Ma\u00df | UV- und Wasserbest\u00e4ndigkeit<\/title>\n<meta name=\"description\" content=\"Ma\u00dfgeschneiderte Markisenstoffe aus hochwertigen, langlebigen und anpassbaren Materialien in einer gro\u00dfen Auswahl an Farben.\" \/>\n<meta name=\"robots\" content=\"index, follow, max-snippet:-1, max-image-preview:large, max-video-preview:-1\" \/>\n<link rel=\"canonical\" href=\"https:\/\/cambiodelona.com\/de\/producto\/markisenstoff\/\" \/>\n<meta property=\"og:locale\" content=\"de_DE\" \/>\n<meta property=\"og:type\" content=\"article\" \/>\n<meta property=\"og:title\" content=\"Mein Markisenstoff\" \/>\n<meta property=\"og:description\" content=\"Ma\u00dfgeschneiderte Markisenstoffe aus hochwertigen, langlebigen und anpassbaren Materialien in einer gro\u00dfen Auswahl an Farben.\" \/>\n<meta property=\"og:url\" content=\"https:\/\/cambiodelona.com\/de\/producto\/markisenstoff\/\" \/>\n<meta property=\"og:site_name\" content=\"Cambiodelona\" \/>\n<meta property=\"article:publisher\" content=\"https:\/\/www.facebook.com\/cambiodelona.web\" \/>\n<meta property=\"article:modified_time\" content=\"2025-11-06T11:10:57+00:00\" \/>\n<meta property=\"og:image\" content=\"https:\/\/cambiodelona.com\/wp-content\/uploads\/2023\/06\/lona-ona-de.png\" \/>\n\t<meta property=\"og:image:width\" content=\"834\" \/>\n\t<meta property=\"og:image:height\" content=\"255\" \/>\n\t<meta property=\"og:image:type\" content=\"image\/png\" \/>\n<meta name=\"twitter:card\" content=\"summary_large_image\" \/>\n<meta name=\"twitter:label1\" content=\"Gesch\u00e4tzte Lesezeit\" \/>\n\t<meta name=\"twitter:data1\" content=\"3\u00a0Minuten\" \/>\n<script type=\"application\/ld+json\" class=\"yoast-schema-graph\">{\"@context\":\"https:\/\/schema.org\",\"@graph\":[{\"@type\":\"WebPage\",\"@id\":\"https:\/\/cambiodelona.com\/de\/producto\/markisenstoff\/\",\"url\":\"https:\/\/cambiodelona.com\/de\/producto\/markisenstoff\/\",\"name\":\"Markisenstoff nach Ma\u00df | UV- und Wasserbest\u00e4ndigkeit\",\"isPartOf\":{\"@id\":\"https:\/\/cambiodelona.com\/#website\"},\"datePublished\":\"2023-03-08T09:08:55+00:00\",\"dateModified\":\"2025-11-06T11:10:57+00:00\",\"description\":\"Ma\u00dfgeschneiderte Markisenstoffe aus hochwertigen, langlebigen und anpassbaren Materialien in einer gro\u00dfen Auswahl an Farben.\",\"breadcrumb\":{\"@id\":\"https:\/\/cambiodelona.com\/de\/producto\/markisenstoff\/#breadcrumb\"},\"inLanguage\":\"de\",\"potentialAction\":[{\"@type\":\"ReadAction\",\"target\":[\"https:\/\/cambiodelona.com\/de\/producto\/markisenstoff\/\"]}]},{\"@type\":\"BreadcrumbList\",\"@id\":\"https:\/\/cambiodelona.com\/de\/producto\/markisenstoff\/#breadcrumb\",\"itemListElement\":[{\"@type\":\"ListItem\",\"position\":1,\"name\":\"Portada\",\"item\":\"https:\/\/cambiodelona.com\/\"},{\"@type\":\"ListItem\",\"position\":2,\"name\":\"Onlineshop\",\"item\":\"https:\/\/cambiodelona.com\/de\/shop\/\"},{\"@type\":\"ListItem\",\"position\":3,\"name\":\"Mein Markisenstoff\"}]},{\"@type\":\"WebSite\",\"@id\":\"https:\/\/cambiodelona.com\/#website\",\"url\":\"https:\/\/cambiodelona.com\/\",\"name\":\"Cambiodelona.com\",\"description\":\"Nuevo portal especializado en la venta en l\u00ednea de productos confeccionados a medida para todo tipo de sistemas de protecci\u00f3n solar\",\"publisher\":{\"@id\":\"https:\/\/cambiodelona.com\/#organization\"},\"alternateName\":\"Cambio de lona\",\"potentialAction\":[{\"@type\":\"SearchAction\",\"target\":{\"@type\":\"EntryPoint\",\"urlTemplate\":\"https:\/\/cambiodelona.com\/?s={search_term_string}\"},\"query-input\":\"required name=search_term_string\"}],\"inLanguage\":\"de\"},{\"@type\":\"Organization\",\"@id\":\"https:\/\/cambiodelona.com\/#organization\",\"name\":\"Cambio de lona S. L.\",\"url\":\"https:\/\/cambiodelona.com\/\",\"logo\":{\"@type\":\"ImageObject\",\"inLanguage\":\"de\",\"@id\":\"https:\/\/cambiodelona.com\/#\/schema\/logo\/image\/\",\"url\":\"https:\/\/cambiodelona.com\/wp-content\/uploads\/2024\/09\/cambiodelona-logo.png\",\"contentUrl\":\"https:\/\/cambiodelona.com\/wp-content\/uploads\/2024\/09\/cambiodelona-logo.png\",\"width\":800,\"height\":439,\"caption\":\"Cambio de lona S. L.\"},\"image\":{\"@id\":\"https:\/\/cambiodelona.com\/#\/schema\/logo\/image\/\"},\"sameAs\":[\"https:\/\/www.facebook.com\/cambiodelona.web\",\"https:\/\/www.instagram.com\/cambiodelona\/\"]}]}<\/script>\n<!-- \/ Yoast SEO Premium plugin. -->","yoast_head_json":{"title":"Markisenstoff nach Ma\u00df | UV- und Wasserbest\u00e4ndigkeit","description":"Ma\u00dfgeschneiderte Markisenstoffe aus hochwertigen, langlebigen und anpassbaren Materialien in einer gro\u00dfen Auswahl an Farben.","robots":{"index":"index","follow":"follow","max-snippet":"max-snippet:-1","max-image-preview":"max-image-preview:large","max-video-preview":"max-video-preview:-1"},"canonical":"https:\/\/cambiodelona.com\/de\/producto\/markisenstoff\/","og_locale":"de_DE","og_type":"article","og_title":"Mein Markisenstoff","og_description":"Ma\u00dfgeschneiderte Markisenstoffe aus hochwertigen, langlebigen und anpassbaren Materialien in einer gro\u00dfen Auswahl an Farben.","og_url":"https:\/\/cambiodelona.com\/de\/producto\/markisenstoff\/","og_site_name":"Cambiodelona","article_publisher":"https:\/\/www.facebook.com\/cambiodelona.web","article_modified_time":"2025-11-06T11:10:57+00:00","og_image":[{"width":834,"height":255,"url":"https:\/\/cambiodelona.com\/wp-content\/uploads\/2023\/06\/lona-ona-de.png","type":"image\/png"}],"twitter_card":"summary_large_image","twitter_misc":{"Gesch\u00e4tzte Lesezeit":"3\u00a0Minuten"},"schema":{"@context":"https:\/\/schema.org","@graph":[{"@type":"WebPage","@id":"https:\/\/cambiodelona.com\/de\/producto\/markisenstoff\/","url":"https:\/\/cambiodelona.com\/de\/producto\/markisenstoff\/","name":"Markisenstoff nach Ma\u00df | UV- und Wasserbest\u00e4ndigkeit","isPartOf":{"@id":"https:\/\/cambiodelona.com\/#website"},"datePublished":"2023-03-08T09:08:55+00:00","dateModified":"2025-11-06T11:10:57+00:00","description":"Ma\u00dfgeschneiderte Markisenstoffe aus hochwertigen, langlebigen und anpassbaren Materialien in einer gro\u00dfen Auswahl an Farben.","breadcrumb":{"@id":"https:\/\/cambiodelona.com\/de\/producto\/markisenstoff\/#breadcrumb"},"inLanguage":"de","potentialAction":[{"@type":"ReadAction","target":["https:\/\/cambiodelona.com\/de\/producto\/markisenstoff\/"]}]},{"@type":"BreadcrumbList","@id":"https:\/\/cambiodelona.com\/de\/producto\/markisenstoff\/#breadcrumb","itemListElement":[{"@type":"ListItem","position":1,"name":"Portada","item":"https:\/\/cambiodelona.com\/"},{"@type":"ListItem","position":2,"name":"Onlineshop","item":"https:\/\/cambiodelona.com\/de\/shop\/"},{"@type":"ListItem","position":3,"name":"Mein Markisenstoff"}]},{"@type":"WebSite","@id":"https:\/\/cambiodelona.com\/#website","url":"https:\/\/cambiodelona.com\/","name":"Cambiodelona.com","description":"Nuevo portal especializado en la venta en l\u00ednea de productos confeccionados a medida para todo tipo de sistemas de protecci\u00f3n solar","publisher":{"@id":"https:\/\/cambiodelona.com\/#organization"},"alternateName":"Cambio de lona","potentialAction":[{"@type":"SearchAction","target":{"@type":"EntryPoint","urlTemplate":"https:\/\/cambiodelona.com\/?s={search_term_string}"},"query-input":"required name=search_term_string"}],"inLanguage":"de"},{"@type":"Organization","@id":"https:\/\/cambiodelona.com\/#organization","name":"Cambio de lona S. L.","url":"https:\/\/cambiodelona.com\/","logo":{"@type":"ImageObject","inLanguage":"de","@id":"https:\/\/cambiodelona.com\/#\/schema\/logo\/image\/","url":"https:\/\/cambiodelona.com\/wp-content\/uploads\/2024\/09\/cambiodelona-logo.png","contentUrl":"https:\/\/cambiodelona.com\/wp-content\/uploads\/2024\/09\/cambiodelona-logo.png","width":800,"height":439,"caption":"Cambio de lona S. L."},"image":{"@id":"https:\/\/cambiodelona.com\/#\/schema\/logo\/image\/"},"sameAs":["https:\/\/www.facebook.com\/cambiodelona.web","https:\/\/www.instagram.com\/cambiodelona\/"]}]}},"_links":{"self":[{"href":"https:\/\/cambiodelona.com\/de\/wp-json\/wp\/v2\/product\/12569","targetHints":{"allow":["GET"]}}],"collection":[{"href":"https:\/\/cambiodelona.com\/de\/wp-json\/wp\/v2\/product"}],"about":[{"href":"https:\/\/cambiodelona.com\/de\/wp-json\/wp\/v2\/types\/product"}],"replies":[{"embeddable":true,"href":"https:\/\/cambiodelona.com\/de\/wp-json\/wp\/v2\/comments?post=12569"}],"wp:featuredmedia":[{"embeddable":true,"href":"https:\/\/cambiodelona.com\/de\/wp-json\/wp\/v2\/media\/11448"}],"wp:attachment":[{"href":"https:\/\/cambiodelona.com\/de\/wp-json\/wp\/v2\/media?parent=12569"}],"wp:term":[{"taxonomy":"product_cat","embeddable":true,"href":"https:\/\/cambiodelona.com\/de\/wp-json\/wp\/v2\/product_cat?post=12569"},{"taxonomy":"product_tag","embeddable":true,"href":"https:\/\/cambiodelona.com\/de\/wp-json\/wp\/v2\/product_tag?post=12569"}],"curies":[{"name":"wp","href":"https:\/\/api.w.org\/{rel}","templated":true}]}}