{"id":13385,"date":"2023-06-22T12:25:56","date_gmt":"2023-06-22T10:25:56","guid":{"rendered":"https:\/\/cambiodelona.com\/producto\/bambalina\/"},"modified":"2025-06-10T22:02:08","modified_gmt":"2025-06-10T20:02:08","slug":"volant-allein","status":"publish","type":"product","link":"https:\/\/cambiodelona.com\/de\/producto\/volant-allein\/","title":{"rendered":"Volant allein"},"content":{"rendered":"<h2><strong>M\u00f6chten Sie nur den Volant der Markise ersetzen ?<\/strong><\/h2>\n<h2><strong>Es ist auch m\u00f6glich !<\/strong><\/h2>\n<p>Ihr Markisentuch ist in sehr gutem Zustand, der Volant ist besch\u00e4digt und gerissen, es ist Zeit, ihn zu ersetzen.<\/p>\n<h2>Was ist ein Volant und k\u00f6nnen wir nur dieses Element ersetzen?<\/h2>\n<p>Der Volant ist das kleine St\u00fcck Stoff, das unter der Laststange h\u00e4ngt . Seine Aufgabe ist es, uns vor der tiefstehenden Sonne am Morgen oder am Ende des Tages zu sch\u00fctzen, je nachdem, wie Ihre Markise aufgestellt ist.<\/p>\n<h2>Arten der Befestigung der Volant:<\/h2>\n<ul>\n<li><strong>Befestigung mit <a href=\"https:\/\/cambiodelona.com\/de\/was-ist-ein-keder\/\">Keder<\/a>:<\/strong><br \/>\nDer Volant ist ein v\u00f6llig separates Teil vom Markisentuch, wenn er mit einem Keder befestigt ist. Er ist sehr einfach auszutauschen, da er oben ebenfalls mit diesem Keder ausgestattet ist.<br \/>\nZum Entfernen muss lediglich die kleine Schraube an der Ladenstange der Markise gel\u00f6st und der Volant herausgeschoben werden. <\/li>\n<li><strong>Befestigung mit Clips:<\/strong><br \/>\nMan muss nur kr\u00e4ftig ziehen, um die Klammern aus ihrer Halterung zu entfernen. Um den neuen Volant zu befestigen, werden wir die gleichen Klammern verwenden, indem wir L\u00f6cher in den Stoff stanzen und sie in die L\u00f6cher dr\u00fccken.<\/li>\n<\/ul>\n<h2><strong>Die verschiedenen Volantformen :<\/strong><\/h2>\n<ul>\n<li><strong>Option 1 :<\/strong><br \/>\nEs handelt sich um Wellen mit einer ausgepr\u00e4gten Spitze zwischen jeder Welle.<\/li>\n<li><strong>Option 2<\/strong> (Standard):<br \/>\nEs sind sanfte Wellen, das Standard-Finish, das wir seit vielen Jahren sehen.<\/li>\n<li><strong>Option 4<\/strong> :<br \/>\nEs handelt sich um eine Welle, gefolgt von einem geraden Schnitt.<\/li>\n<li><strong>Welle Burg<\/strong> :<br \/>\nEin ganz besonderer Stil, der uns an das Mittelalter erinnert.<\/li>\n<li><strong>Gerade Form mit Finishing-Band<\/strong>, order <strong> Gerade Form ohne Finishing-Band (Saum)<\/strong> :<br \/>\nF\u00fcr einen zeitgen\u00f6ssischeren Stil, der sich immer in geraden Linien oder quadratischen Formen ausdr\u00fcckt.<\/li>\n<\/ul>\n<h2><strong><span class=\"notion-enable-hover\" data-token-index=\"0\"><span role=\"img\" aria-label=\"\ud83d\udca1\">\ud83d\udca1<\/span><\/span> Ratschl\u00e4ge von Experten :<\/strong><\/h2>\n<p>M\u00f6chten Sie nur den Volant der Markise ersetzen ? und Ihrem \u00c4u\u00dferen einen neuen, modernen Touch zu verleihen, entscheiden Sie sich f\u00fcr einen <strong>Gerade Volant mit Saum (sin Finishing-Band)<\/strong>. Der Saum ist zweifelsohne der perfekte Abschluss.<\/p>\n<p>St\u00e4ndig den Elementen ausgesetzt, sei es Regen, Wind oder Schnee, nutzt sich der Volant sehr schnell ab. Es ist immer die Finishing-Band, die zuerst nachgibt, dann auseinanderf\u00e4llt und dann im Wind h\u00e4ngt und einen Hauch von Verwahrlosung auf unserer Markise hinterl\u00e4sst, die dennoch in gutem Zustand ist&#8230;<\/p>\n","protected":false},"excerpt":{"rendered":"<h1>Volant allein<\/h1>\n<p>Der Volant ist das kleine St\u00fcck Stoff, das unter der Laststange der Markise h\u00e4ngt.<br \/>\nSie wird mit einer Keder oder mit Clips befestigt.<br \/>\nEs gibt verschiedene Formen wie Option 1, Option 2, Option 4, Option 5 und Gerade Form mit oder ohne Finishing-Band.<br \/>\nEs wird empfohlen, einen geraden Volant ohne Finishing-Band zu verwenden, um der Markise ein modernes Aussehen zu verleih<\/p>\n","protected":false},"featured_media":13397,"comment_status":"closed","ping_status":"closed","template":"","meta":{"site-sidebar-layout":"default","site-content-layout":"default","ast-global-header-display":"","ast-main-header-display":"","ast-hfb-above-header-display":"","ast-hfb-below-header-display":"","ast-hfb-mobile-header-display":"","site-post-title":"","ast-breadcrumbs-content":"","ast-featured-img":"","footer-sml-layout":"","theme-transparent-header-meta":"default","adv-header-id-meta":"","stick-header-meta":"","header-above-stick-meta":"","header-main-stick-meta":"","header-below-stick-meta":""},"product_cat":[],"product_tag":[],"class_list":["post-13385","product","type-product","status-publish","has-post-thumbnail","hentry","product_shipping_class-paketservice","desktop-align-left","tablet-align-left","mobile-align-left"],"yoast_head":"<!-- This site is optimized with the Yoast SEO Premium plugin v21.2 (Yoast SEO v21.2) - https:\/\/yoast.com\/wordpress\/plugins\/seo\/ -->\n<title>Volant allein - Cambiodelona<\/title>\n<meta name=\"description\" content=\"Ich w\u00fcrde gerne nur die Volant meiner Markisenstoff ersetzen. Es ist auch m\u00f6glich ! Der Volant ist ein v\u00f6llig separater Teil des Markisenstoffs.\" \/>\n<meta name=\"robots\" content=\"index, follow, max-snippet:-1, max-image-preview:large, max-video-preview:-1\" \/>\n<link rel=\"canonical\" href=\"https:\/\/cambiodelona.com\/de\/producto\/volant-allein\/\" \/>\n<meta property=\"og:locale\" content=\"de_DE\" \/>\n<meta property=\"og:type\" content=\"article\" \/>\n<meta property=\"og:title\" content=\"Volant allein\" \/>\n<meta property=\"og:description\" content=\"Ich w\u00fcrde gerne nur die Volant meiner Markisenstoff ersetzen. Es ist auch m\u00f6glich ! Der Volant ist ein v\u00f6llig separater Teil des Markisenstoffs.\" \/>\n<meta property=\"og:url\" content=\"https:\/\/cambiodelona.com\/de\/producto\/volant-allein\/\" \/>\n<meta property=\"og:site_name\" content=\"Cambiodelona\" \/>\n<meta property=\"article:publisher\" content=\"https:\/\/www.facebook.com\/cambiodelona.web\" \/>\n<meta property=\"article:modified_time\" content=\"2025-06-10T20:02:08+00:00\" \/>\n<meta property=\"og:image\" content=\"https:\/\/cambiodelona.com\/wp-content\/uploads\/2023\/07\/bambalina-es.png\" \/>\n\t<meta property=\"og:image:width\" content=\"834\" \/>\n\t<meta property=\"og:image:height\" content=\"99\" \/>\n\t<meta property=\"og:image:type\" content=\"image\/png\" \/>\n<meta name=\"twitter:card\" content=\"summary_large_image\" \/>\n<meta name=\"twitter:label1\" content=\"Gesch\u00e4tzte Lesezeit\" \/>\n\t<meta name=\"twitter:data1\" content=\"2\u00a0Minuten\" \/>\n<script type=\"application\/ld+json\" class=\"yoast-schema-graph\">{\"@context\":\"https:\/\/schema.org\",\"@graph\":[{\"@type\":\"WebPage\",\"@id\":\"https:\/\/cambiodelona.com\/de\/producto\/volant-allein\/\",\"url\":\"https:\/\/cambiodelona.com\/de\/producto\/volant-allein\/\",\"name\":\"Volant allein - Cambiodelona\",\"isPartOf\":{\"@id\":\"https:\/\/cambiodelona.com\/#website\"},\"datePublished\":\"2023-06-22T10:25:56+00:00\",\"dateModified\":\"2025-06-10T20:02:08+00:00\",\"description\":\"Ich w\u00fcrde gerne nur die Volant meiner Markisenstoff ersetzen. Es ist auch m\u00f6glich ! Der Volant ist ein v\u00f6llig separater Teil des Markisenstoffs.\",\"breadcrumb\":{\"@id\":\"https:\/\/cambiodelona.com\/de\/producto\/volant-allein\/#breadcrumb\"},\"inLanguage\":\"de\",\"potentialAction\":[{\"@type\":\"ReadAction\",\"target\":[\"https:\/\/cambiodelona.com\/de\/producto\/volant-allein\/\"]}]},{\"@type\":\"BreadcrumbList\",\"@id\":\"https:\/\/cambiodelona.com\/de\/producto\/volant-allein\/#breadcrumb\",\"itemListElement\":[{\"@type\":\"ListItem\",\"position\":1,\"name\":\"Portada\",\"item\":\"https:\/\/cambiodelona.com\/\"},{\"@type\":\"ListItem\",\"position\":2,\"name\":\"Onlineshop\",\"item\":\"https:\/\/cambiodelona.com\/de\/shop\/\"},{\"@type\":\"ListItem\",\"position\":3,\"name\":\"Volant allein\"}]},{\"@type\":\"WebSite\",\"@id\":\"https:\/\/cambiodelona.com\/#website\",\"url\":\"https:\/\/cambiodelona.com\/\",\"name\":\"Cambiodelona.com\",\"description\":\"Nuevo portal especializado en la venta en l\u00ednea de productos confeccionados a medida para todo tipo de sistemas de protecci\u00f3n solar\",\"publisher\":{\"@id\":\"https:\/\/cambiodelona.com\/#organization\"},\"alternateName\":\"Cambio de lona\",\"potentialAction\":[{\"@type\":\"SearchAction\",\"target\":{\"@type\":\"EntryPoint\",\"urlTemplate\":\"https:\/\/cambiodelona.com\/?s={search_term_string}\"},\"query-input\":\"required name=search_term_string\"}],\"inLanguage\":\"de\"},{\"@type\":\"Organization\",\"@id\":\"https:\/\/cambiodelona.com\/#organization\",\"name\":\"Cambio de lona S. L.\",\"url\":\"https:\/\/cambiodelona.com\/\",\"logo\":{\"@type\":\"ImageObject\",\"inLanguage\":\"de\",\"@id\":\"https:\/\/cambiodelona.com\/#\/schema\/logo\/image\/\",\"url\":\"https:\/\/cambiodelona.com\/wp-content\/uploads\/2024\/09\/cambiodelona-logo.png\",\"contentUrl\":\"https:\/\/cambiodelona.com\/wp-content\/uploads\/2024\/09\/cambiodelona-logo.png\",\"width\":800,\"height\":439,\"caption\":\"Cambio de lona S. L.\"},\"image\":{\"@id\":\"https:\/\/cambiodelona.com\/#\/schema\/logo\/image\/\"},\"sameAs\":[\"https:\/\/www.facebook.com\/cambiodelona.web\",\"https:\/\/www.instagram.com\/cambiodelona\/\"]}]}<\/script>\n<!-- \/ Yoast SEO Premium plugin. -->","yoast_head_json":{"title":"Volant allein - Cambiodelona","description":"Ich w\u00fcrde gerne nur die Volant meiner Markisenstoff ersetzen. Es ist auch m\u00f6glich ! Der Volant ist ein v\u00f6llig separater Teil des Markisenstoffs.","robots":{"index":"index","follow":"follow","max-snippet":"max-snippet:-1","max-image-preview":"max-image-preview:large","max-video-preview":"max-video-preview:-1"},"canonical":"https:\/\/cambiodelona.com\/de\/producto\/volant-allein\/","og_locale":"de_DE","og_type":"article","og_title":"Volant allein","og_description":"Ich w\u00fcrde gerne nur die Volant meiner Markisenstoff ersetzen. Es ist auch m\u00f6glich ! Der Volant ist ein v\u00f6llig separater Teil des Markisenstoffs.","og_url":"https:\/\/cambiodelona.com\/de\/producto\/volant-allein\/","og_site_name":"Cambiodelona","article_publisher":"https:\/\/www.facebook.com\/cambiodelona.web","article_modified_time":"2025-06-10T20:02:08+00:00","og_image":[{"width":834,"height":99,"url":"https:\/\/cambiodelona.com\/wp-content\/uploads\/2023\/07\/bambalina-es.png","type":"image\/png"}],"twitter_card":"summary_large_image","twitter_misc":{"Gesch\u00e4tzte Lesezeit":"2\u00a0Minuten"},"schema":{"@context":"https:\/\/schema.org","@graph":[{"@type":"WebPage","@id":"https:\/\/cambiodelona.com\/de\/producto\/volant-allein\/","url":"https:\/\/cambiodelona.com\/de\/producto\/volant-allein\/","name":"Volant allein - Cambiodelona","isPartOf":{"@id":"https:\/\/cambiodelona.com\/#website"},"datePublished":"2023-06-22T10:25:56+00:00","dateModified":"2025-06-10T20:02:08+00:00","description":"Ich w\u00fcrde gerne nur die Volant meiner Markisenstoff ersetzen. Es ist auch m\u00f6glich ! Der Volant ist ein v\u00f6llig separater Teil des Markisenstoffs.","breadcrumb":{"@id":"https:\/\/cambiodelona.com\/de\/producto\/volant-allein\/#breadcrumb"},"inLanguage":"de","potentialAction":[{"@type":"ReadAction","target":["https:\/\/cambiodelona.com\/de\/producto\/volant-allein\/"]}]},{"@type":"BreadcrumbList","@id":"https:\/\/cambiodelona.com\/de\/producto\/volant-allein\/#breadcrumb","itemListElement":[{"@type":"ListItem","position":1,"name":"Portada","item":"https:\/\/cambiodelona.com\/"},{"@type":"ListItem","position":2,"name":"Onlineshop","item":"https:\/\/cambiodelona.com\/de\/shop\/"},{"@type":"ListItem","position":3,"name":"Volant allein"}]},{"@type":"WebSite","@id":"https:\/\/cambiodelona.com\/#website","url":"https:\/\/cambiodelona.com\/","name":"Cambiodelona.com","description":"Nuevo portal especializado en la venta en l\u00ednea de productos confeccionados a medida para todo tipo de sistemas de protecci\u00f3n solar","publisher":{"@id":"https:\/\/cambiodelona.com\/#organization"},"alternateName":"Cambio de lona","potentialAction":[{"@type":"SearchAction","target":{"@type":"EntryPoint","urlTemplate":"https:\/\/cambiodelona.com\/?s={search_term_string}"},"query-input":"required name=search_term_string"}],"inLanguage":"de"},{"@type":"Organization","@id":"https:\/\/cambiodelona.com\/#organization","name":"Cambio de lona S. L.","url":"https:\/\/cambiodelona.com\/","logo":{"@type":"ImageObject","inLanguage":"de","@id":"https:\/\/cambiodelona.com\/#\/schema\/logo\/image\/","url":"https:\/\/cambiodelona.com\/wp-content\/uploads\/2024\/09\/cambiodelona-logo.png","contentUrl":"https:\/\/cambiodelona.com\/wp-content\/uploads\/2024\/09\/cambiodelona-logo.png","width":800,"height":439,"caption":"Cambio de lona S. L."},"image":{"@id":"https:\/\/cambiodelona.com\/#\/schema\/logo\/image\/"},"sameAs":["https:\/\/www.facebook.com\/cambiodelona.web","https:\/\/www.instagram.com\/cambiodelona\/"]}]}},"_links":{"self":[{"href":"https:\/\/cambiodelona.com\/de\/wp-json\/wp\/v2\/product\/13385","targetHints":{"allow":["GET"]}}],"collection":[{"href":"https:\/\/cambiodelona.com\/de\/wp-json\/wp\/v2\/product"}],"about":[{"href":"https:\/\/cambiodelona.com\/de\/wp-json\/wp\/v2\/types\/product"}],"replies":[{"embeddable":true,"href":"https:\/\/cambiodelona.com\/de\/wp-json\/wp\/v2\/comments?post=13385"}],"wp:featuredmedia":[{"embeddable":true,"href":"https:\/\/cambiodelona.com\/de\/wp-json\/wp\/v2\/media\/13397"}],"wp:attachment":[{"href":"https:\/\/cambiodelona.com\/de\/wp-json\/wp\/v2\/media?parent=13385"}],"wp:term":[{"taxonomy":"product_cat","embeddable":true,"href":"https:\/\/cambiodelona.com\/de\/wp-json\/wp\/v2\/product_cat?post=13385"},{"taxonomy":"product_tag","embeddable":true,"href":"https:\/\/cambiodelona.com\/de\/wp-json\/wp\/v2\/product_tag?post=13385"}],"curies":[{"name":"wp","href":"https:\/\/api.w.org\/{rel}","templated":true}]}}