{"id":13821,"date":"2023-07-27T14:25:41","date_gmt":"2023-07-27T12:25:41","guid":{"rendered":"https:\/\/cambiodelona.com\/producto\/markise-kurbel\/"},"modified":"2025-06-11T06:38:39","modified_gmt":"2025-06-11T04:38:39","slug":"markise-kurbel","status":"publish","type":"product","link":"https:\/\/cambiodelona.com\/de\/producto\/markise-kurbel\/","title":{"rendered":"Markise-Kurbel"},"content":{"rendered":"<h3 class=\"text-body font-regular leading-[24px] pt-[9px] pb-[2px]\"><strong class=\"font-semibold\">Hochwertige Kurbel f\u00fcr Markisen<\/strong><\/h3>\n<p class=\"text-body font-regular leading-[24px] pt-[9px] pb-[2px]\">Wei\u00df oder schwarz lackierte Kurbel, entworfen f\u00fcr manuelle oder motorisierte Markisen. Erh\u00e4ltlich in verschiedenen Gr\u00f6\u00dfen, um sich deinen Bed\u00fcrfnissen anzupassen. <\/p>\n<p class=\"text-body font-regular leading-[24px] pt-[9px] pb-[2px]\">Die Gesamtl\u00e4nge wird von einem Ende zum anderen gemessen, und der Haken hat einen Durchmesser von 3,5 cm. Hergestellt aus hochwertigem Stahl mit wei\u00dfer oder schwarzer Lackierung, sind diese Griffe in den folgenden Ma\u00dfen erh\u00e4ltlich: 80 cm, 100 cm, 120 cm, 150 cm, 180 cm, 200 cm, 220 cm und 240 cm. <\/p>\n<h3 class=\"font-semibold pdf-heading-class-replace text-h4 leading-[30px] pt-[15px] pb-[2px] [&amp;_a]:underline-offset-[6px] [&amp;_.underline]:underline-offset-[6px]\">Details zum Spezialversand<\/h3>\n<p class=\"text-body font-regular leading-[24px] pt-[9px] pb-[2px]\">F\u00fcr diesen Artikel, der aufgrund seiner einzigartigen Abmessungen einen sicheren Transport erfordert, bieten wir unseren Service \u201e<strong class=\"font-semibold\">Spezialversand Markise-Kurbel<\/strong>\u201c an, der speziell f\u00fcr diese Art von Produkten entwickelt wurde. Dieser Service kostet 34,95 \u20ac (inkl. MwSt.) und umfasst schnellen, sicheren Versand mit Echtzeit-Tracking, um sicherzustellen, dass das Produkt in einwandfreiem Zustand ankommt. <\/p>\n<p class=\"text-body font-regular leading-[24px] pt-[9px] pb-[2px]\">Bestelle jetzt und genie\u00dfe eine schnelle und unkomplizierte Lieferung.<\/p>\n","protected":false},"excerpt":{"rendered":"<p>Hochwertige Kurbel f\u00fcr Markisen Wei\u00df oder schwarz lackierte Kurbel, entworfen f\u00fcr manuelle oder motorisierte Markisen. Erh\u00e4ltlich in verschiedenen Gr\u00f6\u00dfen, um sich deinen Bed\u00fcrfnissen anzupassen. Die Gesamtl\u00e4nge wird von einem Ende zum anderen gemessen, und der Haken hat einen Durchmesser von 3,5 cm. Hergestellt aus hochwertigem Stahl mit wei\u00dfer oder schwarzer Lackierung, sind diese Griffe in &hellip;<\/p>\n<p class=\"read-more\"> <a class=\"\" href=\"https:\/\/cambiodelona.com\/de\/producto\/markise-kurbel\/\"> <span class=\"screen-reader-text\">Markise-Kurbel<\/span> Weiterlesen &raquo;<\/a><\/p>\n","protected":false},"featured_media":13794,"comment_status":"closed","ping_status":"closed","template":"","meta":{"site-sidebar-layout":"default","site-content-layout":"default","ast-global-header-display":"","ast-main-header-display":"","ast-hfb-above-header-display":"","ast-hfb-below-header-display":"","ast-hfb-mobile-header-display":"","site-post-title":"","ast-breadcrumbs-content":"","ast-featured-img":"","footer-sml-layout":"","theme-transparent-header-meta":"default","adv-header-id-meta":"","stick-header-meta":"","header-above-stick-meta":"","header-main-stick-meta":"","header-below-stick-meta":""},"product_cat":[112],"product_tag":[],"class_list":["post-13821","product","type-product","status-publish","has-post-thumbnail","hentry","product_cat-markisenzubehoer","product_shipping_class-spezialversand-markise-kurbel","desktop-align-left","tablet-align-left","mobile-align-left"],"yoast_head":"<!-- This site is optimized with the Yoast SEO Premium plugin v21.2 (Yoast SEO v21.2) - https:\/\/yoast.com\/wordpress\/plugins\/seo\/ -->\n<title>Markise-Kurbel - Cambiodelona<\/title>\n<meta name=\"description\" content=\"Markise-Kurbel. Cambiodelona.com - Zubeh\u00f6r : Schwarz oder wei\u00df lackierte Kurbel f\u00fcr manuelle oder motorisierte Markise. Erh\u00e4ltlich in verschiedenen Gr\u00f6\u00dfen.\" \/>\n<meta name=\"robots\" content=\"index, follow, max-snippet:-1, max-image-preview:large, max-video-preview:-1\" \/>\n<link rel=\"canonical\" href=\"https:\/\/cambiodelona.com\/de\/producto\/markise-kurbel\/\" \/>\n<meta property=\"og:locale\" content=\"de_DE\" \/>\n<meta property=\"og:type\" content=\"article\" \/>\n<meta property=\"og:title\" content=\"Markise-Kurbel\" \/>\n<meta property=\"og:description\" content=\"Markise-Kurbel. Cambiodelona.com - Zubeh\u00f6r : Schwarz oder wei\u00df lackierte Kurbel f\u00fcr manuelle oder motorisierte Markise. Erh\u00e4ltlich in verschiedenen Gr\u00f6\u00dfen.\" \/>\n<meta property=\"og:url\" content=\"https:\/\/cambiodelona.com\/de\/producto\/markise-kurbel\/\" \/>\n<meta property=\"og:site_name\" content=\"Cambiodelona\" \/>\n<meta property=\"article:publisher\" content=\"https:\/\/www.facebook.com\/cambiodelona.web\" \/>\n<meta property=\"article:modified_time\" content=\"2025-06-11T04:38:39+00:00\" \/>\n<meta property=\"og:image\" content=\"https:\/\/cambiodelona.com\/wp-content\/uploads\/2023\/07\/manivelle-de-store-blanche-ou-noire.jpg\" \/>\n\t<meta property=\"og:image:width\" content=\"680\" \/>\n\t<meta property=\"og:image:height\" content=\"480\" \/>\n\t<meta property=\"og:image:type\" content=\"image\/jpeg\" \/>\n<meta name=\"twitter:card\" content=\"summary_large_image\" \/>\n<meta name=\"twitter:label1\" content=\"Gesch\u00e4tzte Lesezeit\" \/>\n\t<meta name=\"twitter:data1\" content=\"1\u00a0Minute\" \/>\n<script type=\"application\/ld+json\" class=\"yoast-schema-graph\">{\"@context\":\"https:\/\/schema.org\",\"@graph\":[{\"@type\":\"WebPage\",\"@id\":\"https:\/\/cambiodelona.com\/de\/producto\/markise-kurbel\/\",\"url\":\"https:\/\/cambiodelona.com\/de\/producto\/markise-kurbel\/\",\"name\":\"Markise-Kurbel - Cambiodelona\",\"isPartOf\":{\"@id\":\"https:\/\/cambiodelona.com\/#website\"},\"datePublished\":\"2023-07-27T12:25:41+00:00\",\"dateModified\":\"2025-06-11T04:38:39+00:00\",\"description\":\"Markise-Kurbel. Cambiodelona.com - Zubeh\u00f6r : Schwarz oder wei\u00df lackierte Kurbel f\u00fcr manuelle oder motorisierte Markise. Erh\u00e4ltlich in verschiedenen Gr\u00f6\u00dfen.\",\"breadcrumb\":{\"@id\":\"https:\/\/cambiodelona.com\/de\/producto\/markise-kurbel\/#breadcrumb\"},\"inLanguage\":\"de\",\"potentialAction\":[{\"@type\":\"ReadAction\",\"target\":[\"https:\/\/cambiodelona.com\/de\/producto\/markise-kurbel\/\"]}]},{\"@type\":\"BreadcrumbList\",\"@id\":\"https:\/\/cambiodelona.com\/de\/producto\/markise-kurbel\/#breadcrumb\",\"itemListElement\":[{\"@type\":\"ListItem\",\"position\":1,\"name\":\"Portada\",\"item\":\"https:\/\/cambiodelona.com\/\"},{\"@type\":\"ListItem\",\"position\":2,\"name\":\"Onlineshop\",\"item\":\"https:\/\/cambiodelona.com\/de\/shop\/\"},{\"@type\":\"ListItem\",\"position\":3,\"name\":\"Markise-Kurbel\"}]},{\"@type\":\"WebSite\",\"@id\":\"https:\/\/cambiodelona.com\/#website\",\"url\":\"https:\/\/cambiodelona.com\/\",\"name\":\"Cambiodelona.com\",\"description\":\"Nuevo portal especializado en la venta en l\u00ednea de productos confeccionados a medida para todo tipo de sistemas de protecci\u00f3n solar\",\"publisher\":{\"@id\":\"https:\/\/cambiodelona.com\/#organization\"},\"alternateName\":\"Cambio de lona\",\"potentialAction\":[{\"@type\":\"SearchAction\",\"target\":{\"@type\":\"EntryPoint\",\"urlTemplate\":\"https:\/\/cambiodelona.com\/?s={search_term_string}\"},\"query-input\":\"required name=search_term_string\"}],\"inLanguage\":\"de\"},{\"@type\":\"Organization\",\"@id\":\"https:\/\/cambiodelona.com\/#organization\",\"name\":\"Cambio de lona S. L.\",\"url\":\"https:\/\/cambiodelona.com\/\",\"logo\":{\"@type\":\"ImageObject\",\"inLanguage\":\"de\",\"@id\":\"https:\/\/cambiodelona.com\/#\/schema\/logo\/image\/\",\"url\":\"https:\/\/cambiodelona.com\/wp-content\/uploads\/2024\/09\/cambiodelona-logo.png\",\"contentUrl\":\"https:\/\/cambiodelona.com\/wp-content\/uploads\/2024\/09\/cambiodelona-logo.png\",\"width\":800,\"height\":439,\"caption\":\"Cambio de lona S. L.\"},\"image\":{\"@id\":\"https:\/\/cambiodelona.com\/#\/schema\/logo\/image\/\"},\"sameAs\":[\"https:\/\/www.facebook.com\/cambiodelona.web\",\"https:\/\/www.instagram.com\/cambiodelona\/\"]}]}<\/script>\n<!-- \/ Yoast SEO Premium plugin. -->","yoast_head_json":{"title":"Markise-Kurbel - Cambiodelona","description":"Markise-Kurbel. Cambiodelona.com - Zubeh\u00f6r : Schwarz oder wei\u00df lackierte Kurbel f\u00fcr manuelle oder motorisierte Markise. Erh\u00e4ltlich in verschiedenen Gr\u00f6\u00dfen.","robots":{"index":"index","follow":"follow","max-snippet":"max-snippet:-1","max-image-preview":"max-image-preview:large","max-video-preview":"max-video-preview:-1"},"canonical":"https:\/\/cambiodelona.com\/de\/producto\/markise-kurbel\/","og_locale":"de_DE","og_type":"article","og_title":"Markise-Kurbel","og_description":"Markise-Kurbel. Cambiodelona.com - Zubeh\u00f6r : Schwarz oder wei\u00df lackierte Kurbel f\u00fcr manuelle oder motorisierte Markise. Erh\u00e4ltlich in verschiedenen Gr\u00f6\u00dfen.","og_url":"https:\/\/cambiodelona.com\/de\/producto\/markise-kurbel\/","og_site_name":"Cambiodelona","article_publisher":"https:\/\/www.facebook.com\/cambiodelona.web","article_modified_time":"2025-06-11T04:38:39+00:00","og_image":[{"width":680,"height":480,"url":"https:\/\/cambiodelona.com\/wp-content\/uploads\/2023\/07\/manivelle-de-store-blanche-ou-noire.jpg","type":"image\/jpeg"}],"twitter_card":"summary_large_image","twitter_misc":{"Gesch\u00e4tzte Lesezeit":"1\u00a0Minute"},"schema":{"@context":"https:\/\/schema.org","@graph":[{"@type":"WebPage","@id":"https:\/\/cambiodelona.com\/de\/producto\/markise-kurbel\/","url":"https:\/\/cambiodelona.com\/de\/producto\/markise-kurbel\/","name":"Markise-Kurbel - Cambiodelona","isPartOf":{"@id":"https:\/\/cambiodelona.com\/#website"},"datePublished":"2023-07-27T12:25:41+00:00","dateModified":"2025-06-11T04:38:39+00:00","description":"Markise-Kurbel. Cambiodelona.com - Zubeh\u00f6r : Schwarz oder wei\u00df lackierte Kurbel f\u00fcr manuelle oder motorisierte Markise. Erh\u00e4ltlich in verschiedenen Gr\u00f6\u00dfen.","breadcrumb":{"@id":"https:\/\/cambiodelona.com\/de\/producto\/markise-kurbel\/#breadcrumb"},"inLanguage":"de","potentialAction":[{"@type":"ReadAction","target":["https:\/\/cambiodelona.com\/de\/producto\/markise-kurbel\/"]}]},{"@type":"BreadcrumbList","@id":"https:\/\/cambiodelona.com\/de\/producto\/markise-kurbel\/#breadcrumb","itemListElement":[{"@type":"ListItem","position":1,"name":"Portada","item":"https:\/\/cambiodelona.com\/"},{"@type":"ListItem","position":2,"name":"Onlineshop","item":"https:\/\/cambiodelona.com\/de\/shop\/"},{"@type":"ListItem","position":3,"name":"Markise-Kurbel"}]},{"@type":"WebSite","@id":"https:\/\/cambiodelona.com\/#website","url":"https:\/\/cambiodelona.com\/","name":"Cambiodelona.com","description":"Nuevo portal especializado en la venta en l\u00ednea de productos confeccionados a medida para todo tipo de sistemas de protecci\u00f3n solar","publisher":{"@id":"https:\/\/cambiodelona.com\/#organization"},"alternateName":"Cambio de lona","potentialAction":[{"@type":"SearchAction","target":{"@type":"EntryPoint","urlTemplate":"https:\/\/cambiodelona.com\/?s={search_term_string}"},"query-input":"required name=search_term_string"}],"inLanguage":"de"},{"@type":"Organization","@id":"https:\/\/cambiodelona.com\/#organization","name":"Cambio de lona S. L.","url":"https:\/\/cambiodelona.com\/","logo":{"@type":"ImageObject","inLanguage":"de","@id":"https:\/\/cambiodelona.com\/#\/schema\/logo\/image\/","url":"https:\/\/cambiodelona.com\/wp-content\/uploads\/2024\/09\/cambiodelona-logo.png","contentUrl":"https:\/\/cambiodelona.com\/wp-content\/uploads\/2024\/09\/cambiodelona-logo.png","width":800,"height":439,"caption":"Cambio de lona S. L."},"image":{"@id":"https:\/\/cambiodelona.com\/#\/schema\/logo\/image\/"},"sameAs":["https:\/\/www.facebook.com\/cambiodelona.web","https:\/\/www.instagram.com\/cambiodelona\/"]}]}},"_links":{"self":[{"href":"https:\/\/cambiodelona.com\/de\/wp-json\/wp\/v2\/product\/13821","targetHints":{"allow":["GET"]}}],"collection":[{"href":"https:\/\/cambiodelona.com\/de\/wp-json\/wp\/v2\/product"}],"about":[{"href":"https:\/\/cambiodelona.com\/de\/wp-json\/wp\/v2\/types\/product"}],"replies":[{"embeddable":true,"href":"https:\/\/cambiodelona.com\/de\/wp-json\/wp\/v2\/comments?post=13821"}],"wp:featuredmedia":[{"embeddable":true,"href":"https:\/\/cambiodelona.com\/de\/wp-json\/wp\/v2\/media\/13794"}],"wp:attachment":[{"href":"https:\/\/cambiodelona.com\/de\/wp-json\/wp\/v2\/media?parent=13821"}],"wp:term":[{"taxonomy":"product_cat","embeddable":true,"href":"https:\/\/cambiodelona.com\/de\/wp-json\/wp\/v2\/product_cat?post=13821"},{"taxonomy":"product_tag","embeddable":true,"href":"https:\/\/cambiodelona.com\/de\/wp-json\/wp\/v2\/product_tag?post=13821"}],"curies":[{"name":"wp","href":"https:\/\/api.w.org\/{rel}","templated":true}]}}