{"id":14017,"date":"2023-08-04T10:29:05","date_gmt":"2023-08-04T08:29:05","guid":{"rendered":"https:\/\/cambiodelona.com\/producto\/lona-para-pergola\/"},"modified":"2025-06-10T18:16:44","modified_gmt":"2025-06-10T16:16:44","slug":"meine-stoff-fur-pergola","status":"publish","type":"product","link":"https:\/\/cambiodelona.com\/de\/producto\/meine-stoff-fur-pergola\/","title":{"rendered":"Pergolatuch"},"content":{"rendered":"<h2><strong>M\u00fcssen Sie die Stoff Ihrer Pergola \u00e4ndern?<\/strong><\/h2>\n<p>Sie k\u00f6nnen Ihre Stoff f\u00fcr die Pergola mit dem Material konfigurieren, das Ihren Bed\u00fcrfnissen am besten entspricht.<br \/>\nDiese Konfektion eignet sich f\u00fcr alle Arten von Bauten, ob es sich um eine Gartenlaube mit Holzstruktur oder eine Metallstruktur.<\/p>\n<p>Bei CambioDeLona sind wir spezialisiert auf ma\u00dfgeschneiderte Stoffe, die perfekt zu Ihrem Pergola passen.<br \/>\nW\u00e4hlen Sie aus unserer Auswahl an Pergola-Stoffen f\u00fcr hervorragenden W\u00e4rme- und Sichtschutz.<\/p>\n<h2><strong>Art der Konfektionierung :<\/strong><\/h2>\n<p>Verst\u00e4rkter Saum entlang des gesamten Umfangs<br \/>\n12 mm Edelstahl\u00f6sen alle 30 cm angebracht<\/p>\n<p>.<\/p>\n<h2><strong>Herstellungs und Zusatzoptionen :<\/strong><\/h2>\n<h3><strong>M\u00f6chten Sie einen perfekten Halt haben?<\/strong><\/h3>\n<p>Du kannst die Befestigung deines Pergolatuchs weiter verbessern, indem du einen oder mehrere strategisch platzierte Klettverschl\u00fcsse unter dem Tuch anbringst und sie an deine spezifischen Bed\u00fcrfnisse anpasst.<br \/>\nMit diesen Klettb\u00e4ndern stellst du sicher, dass die Pergola-Plane fest an der Struktur befestigt bleibt, wodurch das Risiko minimiert wird, dass sie bei starkem Wind oder ung\u00fcnstigen Wetterbedingungen abhebt.<\/p>\n<h2><strong>Die notwendige Erg\u00e4nzung :<\/strong><\/h2>\n<p>Um eine ordnungsgem\u00e4\u00dfe Installation deiner neuen Plane zu gew\u00e4hrleisten, empfehlen wir die Verwendung eines elastischen Seils <em>(Sandow)<\/em> mit 6 mm Durchmesser. Du kannst zwischen der Farbe Wei\u00df oder Schwarz w\u00e4hlen, je nach deinen Vorlieben.<br \/>\nAu\u00dferdem ist unser Konfigurator so konzipiert, dass er automatisch die genaue Menge an Seil berechnet, die Sie ben\u00f6tigen, basierend auf dem Umfang Ihrer Plane. <\/p>\n<p><!-- notionvc: 95ce69c5-1ab8-46ad-a4ca-06e32c76e3b1 --><\/p>\n","protected":false},"excerpt":{"rendered":"<p>M\u00fcssen Sie die Stoff Ihrer Pergola \u00e4ndern? Sie k\u00f6nnen Ihre Stoff f\u00fcr die Pergola mit dem Material konfigurieren, das Ihren Bed\u00fcrfnissen am besten entspricht. Diese Konfektion eignet sich f\u00fcr alle Arten von Bauten, ob es sich um eine Gartenlaube mit Holzstruktur oder eine Metallstruktur. Bei CambioDeLona sind wir spezialisiert auf ma\u00dfgeschneiderte Stoffe, die perfekt zu &hellip;<\/p>\n<p class=\"read-more\"> <a class=\"\" href=\"https:\/\/cambiodelona.com\/de\/producto\/meine-stoff-fur-pergola\/\"> <span class=\"screen-reader-text\">Pergolatuch<\/span> Weiterlesen &raquo;<\/a><\/p>\n","protected":false},"featured_media":14211,"comment_status":"closed","ping_status":"closed","template":"","meta":{"site-sidebar-layout":"default","site-content-layout":"default","ast-global-header-display":"","ast-main-header-display":"","ast-hfb-above-header-display":"","ast-hfb-below-header-display":"","ast-hfb-mobile-header-display":"","site-post-title":"","ast-breadcrumbs-content":"","ast-featured-img":"","footer-sml-layout":"","theme-transparent-header-meta":"default","adv-header-id-meta":"","stick-header-meta":"","header-above-stick-meta":"","header-main-stick-meta":"","header-below-stick-meta":""},"product_cat":[],"product_tag":[],"class_list":["post-14017","product","type-product","status-publish","has-post-thumbnail","hentry","product_shipping_class-paketservice","desktop-align-left","tablet-align-left","mobile-align-left"],"yoast_head":"<!-- This site is optimized with the Yoast SEO Premium plugin v21.2 (Yoast SEO v21.2) - https:\/\/yoast.com\/wordpress\/plugins\/seo\/ -->\n<title>Pergolatuch - Cambiodelona<\/title>\n<meta name=\"description\" content=\"Meine ma\u00dfgeschneiderte Stoff f\u00fcr die Pergola. Sie k\u00f6nnen Ihre Stoff f\u00fcr die Pergola mit dem Material konfigurieren, das Ihren Bed\u00fcrfnissen am besten entspricht.\" \/>\n<meta name=\"robots\" content=\"index, follow, max-snippet:-1, max-image-preview:large, max-video-preview:-1\" \/>\n<link rel=\"canonical\" href=\"https:\/\/cambiodelona.com\/de\/producto\/meine-stoff-fur-pergola\/\" \/>\n<meta property=\"og:locale\" content=\"de_DE\" \/>\n<meta property=\"og:type\" content=\"article\" \/>\n<meta property=\"og:title\" content=\"Pergolatuch\" \/>\n<meta property=\"og:description\" content=\"Meine ma\u00dfgeschneiderte Stoff f\u00fcr die Pergola. Sie k\u00f6nnen Ihre Stoff f\u00fcr die Pergola mit dem Material konfigurieren, das Ihren Bed\u00fcrfnissen am besten entspricht.\" \/>\n<meta property=\"og:url\" content=\"https:\/\/cambiodelona.com\/de\/producto\/meine-stoff-fur-pergola\/\" \/>\n<meta property=\"og:site_name\" content=\"Cambiodelona\" \/>\n<meta property=\"article:publisher\" content=\"https:\/\/www.facebook.com\/cambiodelona.web\" \/>\n<meta property=\"article:modified_time\" content=\"2025-06-10T16:16:44+00:00\" \/>\n<meta property=\"og:image\" content=\"https:\/\/cambiodelona.com\/wp-content\/uploads\/2023\/08\/lona-pergola-anillos-sandow-black-filled-de-1.png\" \/>\n\t<meta property=\"og:image:width\" content=\"1200\" \/>\n\t<meta property=\"og:image:height\" content=\"1100\" \/>\n\t<meta property=\"og:image:type\" content=\"image\/png\" \/>\n<meta name=\"twitter:card\" content=\"summary_large_image\" \/>\n<meta name=\"twitter:label1\" content=\"Gesch\u00e4tzte Lesezeit\" \/>\n\t<meta name=\"twitter:data1\" content=\"1\u00a0Minute\" \/>\n<script type=\"application\/ld+json\" class=\"yoast-schema-graph\">{\"@context\":\"https:\/\/schema.org\",\"@graph\":[{\"@type\":\"WebPage\",\"@id\":\"https:\/\/cambiodelona.com\/de\/producto\/meine-stoff-fur-pergola\/\",\"url\":\"https:\/\/cambiodelona.com\/de\/producto\/meine-stoff-fur-pergola\/\",\"name\":\"Pergolatuch - Cambiodelona\",\"isPartOf\":{\"@id\":\"https:\/\/cambiodelona.com\/#website\"},\"datePublished\":\"2023-08-04T08:29:05+00:00\",\"dateModified\":\"2025-06-10T16:16:44+00:00\",\"description\":\"Meine ma\u00dfgeschneiderte Stoff f\u00fcr die Pergola. Sie k\u00f6nnen Ihre Stoff f\u00fcr die Pergola mit dem Material konfigurieren, das Ihren Bed\u00fcrfnissen am besten entspricht.\",\"breadcrumb\":{\"@id\":\"https:\/\/cambiodelona.com\/de\/producto\/meine-stoff-fur-pergola\/#breadcrumb\"},\"inLanguage\":\"de\",\"potentialAction\":[{\"@type\":\"ReadAction\",\"target\":[\"https:\/\/cambiodelona.com\/de\/producto\/meine-stoff-fur-pergola\/\"]}]},{\"@type\":\"BreadcrumbList\",\"@id\":\"https:\/\/cambiodelona.com\/de\/producto\/meine-stoff-fur-pergola\/#breadcrumb\",\"itemListElement\":[{\"@type\":\"ListItem\",\"position\":1,\"name\":\"Portada\",\"item\":\"https:\/\/cambiodelona.com\/\"},{\"@type\":\"ListItem\",\"position\":2,\"name\":\"Onlineshop\",\"item\":\"https:\/\/cambiodelona.com\/de\/shop\/\"},{\"@type\":\"ListItem\",\"position\":3,\"name\":\"Pergolatuch\"}]},{\"@type\":\"WebSite\",\"@id\":\"https:\/\/cambiodelona.com\/#website\",\"url\":\"https:\/\/cambiodelona.com\/\",\"name\":\"Cambiodelona.com\",\"description\":\"Nuevo portal especializado en la venta en l\u00ednea de productos confeccionados a medida para todo tipo de sistemas de protecci\u00f3n solar\",\"publisher\":{\"@id\":\"https:\/\/cambiodelona.com\/#organization\"},\"alternateName\":\"Cambio de lona\",\"potentialAction\":[{\"@type\":\"SearchAction\",\"target\":{\"@type\":\"EntryPoint\",\"urlTemplate\":\"https:\/\/cambiodelona.com\/?s={search_term_string}\"},\"query-input\":\"required name=search_term_string\"}],\"inLanguage\":\"de\"},{\"@type\":\"Organization\",\"@id\":\"https:\/\/cambiodelona.com\/#organization\",\"name\":\"Cambio de lona S. L.\",\"url\":\"https:\/\/cambiodelona.com\/\",\"logo\":{\"@type\":\"ImageObject\",\"inLanguage\":\"de\",\"@id\":\"https:\/\/cambiodelona.com\/#\/schema\/logo\/image\/\",\"url\":\"https:\/\/cambiodelona.com\/wp-content\/uploads\/2024\/09\/cambiodelona-logo.png\",\"contentUrl\":\"https:\/\/cambiodelona.com\/wp-content\/uploads\/2024\/09\/cambiodelona-logo.png\",\"width\":800,\"height\":439,\"caption\":\"Cambio de lona S. L.\"},\"image\":{\"@id\":\"https:\/\/cambiodelona.com\/#\/schema\/logo\/image\/\"},\"sameAs\":[\"https:\/\/www.facebook.com\/cambiodelona.web\",\"https:\/\/www.instagram.com\/cambiodelona\/\"]}]}<\/script>\n<!-- \/ Yoast SEO Premium plugin. -->","yoast_head_json":{"title":"Pergolatuch - Cambiodelona","description":"Meine ma\u00dfgeschneiderte Stoff f\u00fcr die Pergola. Sie k\u00f6nnen Ihre Stoff f\u00fcr die Pergola mit dem Material konfigurieren, das Ihren Bed\u00fcrfnissen am besten entspricht.","robots":{"index":"index","follow":"follow","max-snippet":"max-snippet:-1","max-image-preview":"max-image-preview:large","max-video-preview":"max-video-preview:-1"},"canonical":"https:\/\/cambiodelona.com\/de\/producto\/meine-stoff-fur-pergola\/","og_locale":"de_DE","og_type":"article","og_title":"Pergolatuch","og_description":"Meine ma\u00dfgeschneiderte Stoff f\u00fcr die Pergola. Sie k\u00f6nnen Ihre Stoff f\u00fcr die Pergola mit dem Material konfigurieren, das Ihren Bed\u00fcrfnissen am besten entspricht.","og_url":"https:\/\/cambiodelona.com\/de\/producto\/meine-stoff-fur-pergola\/","og_site_name":"Cambiodelona","article_publisher":"https:\/\/www.facebook.com\/cambiodelona.web","article_modified_time":"2025-06-10T16:16:44+00:00","og_image":[{"width":1200,"height":1100,"url":"https:\/\/cambiodelona.com\/wp-content\/uploads\/2023\/08\/lona-pergola-anillos-sandow-black-filled-de-1.png","type":"image\/png"}],"twitter_card":"summary_large_image","twitter_misc":{"Gesch\u00e4tzte Lesezeit":"1\u00a0Minute"},"schema":{"@context":"https:\/\/schema.org","@graph":[{"@type":"WebPage","@id":"https:\/\/cambiodelona.com\/de\/producto\/meine-stoff-fur-pergola\/","url":"https:\/\/cambiodelona.com\/de\/producto\/meine-stoff-fur-pergola\/","name":"Pergolatuch - Cambiodelona","isPartOf":{"@id":"https:\/\/cambiodelona.com\/#website"},"datePublished":"2023-08-04T08:29:05+00:00","dateModified":"2025-06-10T16:16:44+00:00","description":"Meine ma\u00dfgeschneiderte Stoff f\u00fcr die Pergola. Sie k\u00f6nnen Ihre Stoff f\u00fcr die Pergola mit dem Material konfigurieren, das Ihren Bed\u00fcrfnissen am besten entspricht.","breadcrumb":{"@id":"https:\/\/cambiodelona.com\/de\/producto\/meine-stoff-fur-pergola\/#breadcrumb"},"inLanguage":"de","potentialAction":[{"@type":"ReadAction","target":["https:\/\/cambiodelona.com\/de\/producto\/meine-stoff-fur-pergola\/"]}]},{"@type":"BreadcrumbList","@id":"https:\/\/cambiodelona.com\/de\/producto\/meine-stoff-fur-pergola\/#breadcrumb","itemListElement":[{"@type":"ListItem","position":1,"name":"Portada","item":"https:\/\/cambiodelona.com\/"},{"@type":"ListItem","position":2,"name":"Onlineshop","item":"https:\/\/cambiodelona.com\/de\/shop\/"},{"@type":"ListItem","position":3,"name":"Pergolatuch"}]},{"@type":"WebSite","@id":"https:\/\/cambiodelona.com\/#website","url":"https:\/\/cambiodelona.com\/","name":"Cambiodelona.com","description":"Nuevo portal especializado en la venta en l\u00ednea de productos confeccionados a medida para todo tipo de sistemas de protecci\u00f3n solar","publisher":{"@id":"https:\/\/cambiodelona.com\/#organization"},"alternateName":"Cambio de lona","potentialAction":[{"@type":"SearchAction","target":{"@type":"EntryPoint","urlTemplate":"https:\/\/cambiodelona.com\/?s={search_term_string}"},"query-input":"required name=search_term_string"}],"inLanguage":"de"},{"@type":"Organization","@id":"https:\/\/cambiodelona.com\/#organization","name":"Cambio de lona S. L.","url":"https:\/\/cambiodelona.com\/","logo":{"@type":"ImageObject","inLanguage":"de","@id":"https:\/\/cambiodelona.com\/#\/schema\/logo\/image\/","url":"https:\/\/cambiodelona.com\/wp-content\/uploads\/2024\/09\/cambiodelona-logo.png","contentUrl":"https:\/\/cambiodelona.com\/wp-content\/uploads\/2024\/09\/cambiodelona-logo.png","width":800,"height":439,"caption":"Cambio de lona S. L."},"image":{"@id":"https:\/\/cambiodelona.com\/#\/schema\/logo\/image\/"},"sameAs":["https:\/\/www.facebook.com\/cambiodelona.web","https:\/\/www.instagram.com\/cambiodelona\/"]}]}},"_links":{"self":[{"href":"https:\/\/cambiodelona.com\/de\/wp-json\/wp\/v2\/product\/14017","targetHints":{"allow":["GET"]}}],"collection":[{"href":"https:\/\/cambiodelona.com\/de\/wp-json\/wp\/v2\/product"}],"about":[{"href":"https:\/\/cambiodelona.com\/de\/wp-json\/wp\/v2\/types\/product"}],"replies":[{"embeddable":true,"href":"https:\/\/cambiodelona.com\/de\/wp-json\/wp\/v2\/comments?post=14017"}],"wp:featuredmedia":[{"embeddable":true,"href":"https:\/\/cambiodelona.com\/de\/wp-json\/wp\/v2\/media\/14211"}],"wp:attachment":[{"href":"https:\/\/cambiodelona.com\/de\/wp-json\/wp\/v2\/media?parent=14017"}],"wp:term":[{"taxonomy":"product_cat","embeddable":true,"href":"https:\/\/cambiodelona.com\/de\/wp-json\/wp\/v2\/product_cat?post=14017"},{"taxonomy":"product_tag","embeddable":true,"href":"https:\/\/cambiodelona.com\/de\/wp-json\/wp\/v2\/product_tag?post=14017"}],"curies":[{"name":"wp","href":"https:\/\/api.w.org\/{rel}","templated":true}]}}