{"id":14088,"date":"2023-08-28T09:25:26","date_gmt":"2023-08-28T07:25:26","guid":{"rendered":"https:\/\/cambiodelona.com\/producto\/lona-para-balcon\/"},"modified":"2025-10-01T13:57:35","modified_gmt":"2025-10-01T11:57:35","slug":"balkon-sichtschutz","status":"publish","type":"product","link":"https:\/\/cambiodelona.com\/de\/producto\/balkon-sichtschutz\/","title":{"rendered":"Mein Balkon-Sichtschutz"},"content":{"rendered":"<h2><strong>M\u00f6chten Sie Ihrem Balkon eine \u00e4sthetische Note verleihen und gleichzeitig Ihre Privatsph\u00e4re wahren?<\/strong><\/h2>\n<p>Sie k\u00f6nnen die Balkon-Stoff mit dem Material konfigurieren, das am besten zu Ihren Bed\u00fcrfnissen passt und in den Farben, die Ihnen am besten gefallen.<br \/>\nBei CambioDeLona, dem Spezialisten f\u00fcr ma\u00dfgeschneiderte Stoffe, finden Sie bestimmt die perfekte L\u00f6sung.<\/p>\n<p>W\u00e4hlen Sie aus unserer Auswahl an Balkonstoffen f\u00fcr einen hervorragenden Sichtschutz.<\/p>\n<h3><strong>Art der Konfektionierung :<\/strong><\/h3>\n<p>Verst\u00e4rkter Saum entlang des gesamten Umfangs<br \/>\n12 mm Edelstahl\u00f6sen alle 30 cm angebracht<\/p>\n<p>.<\/p>\n<h2><\/h2>\n<h3>Die notwendige Erg\u00e4nzung :<\/h3>\n<p>F\u00fcr eine korrekte Montage Ihrer neuen Balkonstoff empfehlen wir das 6 mm Bungeeseil (<em>Sandow<\/em>), wei\u00df oder schwarz.<br \/>\nDer Konfigurator errechnet automatisch die ben\u00f6tigten Meter anhand des Umfangs Ihrer Plane.<\/p>\n","protected":false},"excerpt":{"rendered":"<p>M\u00f6chten Sie Ihrem Balkon eine \u00e4sthetische Note verleihen und gleichzeitig Ihre Privatsph\u00e4re wahren? Sie k\u00f6nnen die Balkon-Stoff mit dem Material konfigurieren, das am besten zu Ihren Bed\u00fcrfnissen passt und in den Farben, die Ihnen am besten gefallen. Bei CambioDeLona, dem Spezialisten f\u00fcr ma\u00dfgeschneiderte Stoffe, finden Sie bestimmt die perfekte L\u00f6sung. W\u00e4hlen Sie aus unserer Auswahl &hellip;<\/p>\n<p class=\"read-more\"> <a class=\"\" href=\"https:\/\/cambiodelona.com\/de\/producto\/balkon-sichtschutz\/\"> <span class=\"screen-reader-text\">Mein Balkon-Sichtschutz<\/span> Weiterlesen &raquo;<\/a><\/p>\n","protected":false},"featured_media":14215,"comment_status":"closed","ping_status":"closed","template":"","meta":{"site-sidebar-layout":"default","site-content-layout":"default","ast-global-header-display":"","ast-main-header-display":"","ast-hfb-above-header-display":"","ast-hfb-below-header-display":"","ast-hfb-mobile-header-display":"","site-post-title":"","ast-breadcrumbs-content":"","ast-featured-img":"","footer-sml-layout":"","theme-transparent-header-meta":"default","adv-header-id-meta":"","stick-header-meta":"","header-above-stick-meta":"","header-main-stick-meta":"","header-below-stick-meta":""},"product_cat":[],"product_tag":[],"class_list":["post-14088","product","type-product","status-publish","has-post-thumbnail","hentry","product_shipping_class-paketservice","desktop-align-left","tablet-align-left","mobile-align-left"],"yoast_head":"<!-- This site is optimized with the Yoast SEO Premium plugin v21.2 (Yoast SEO v21.2) - https:\/\/yoast.com\/wordpress\/plugins\/seo\/ -->\n<title>Mein Balkon-Sichtschutz - Cambiodelona<\/title>\n<meta name=\"description\" content=\"Balkonstoff auf Ma\u00df konfigurieren mit verst\u00e4rktem Saum, Edelstahl\u00f6sen und optimalem Sichtschutz f\u00fcr Privatsph\u00e4re und stilvolle Gestaltung.\" \/>\n<meta name=\"robots\" content=\"index, follow, max-snippet:-1, max-image-preview:large, max-video-preview:-1\" \/>\n<link rel=\"canonical\" href=\"https:\/\/cambiodelona.com\/de\/producto\/balkon-sichtschutz\/\" \/>\n<meta property=\"og:locale\" content=\"de_DE\" \/>\n<meta property=\"og:type\" content=\"article\" \/>\n<meta property=\"og:title\" content=\"Mein Balkon-Sichtschutz\" \/>\n<meta property=\"og:description\" content=\"Balkonstoff auf Ma\u00df konfigurieren mit verst\u00e4rktem Saum, Edelstahl\u00f6sen und optimalem Sichtschutz f\u00fcr Privatsph\u00e4re und stilvolle Gestaltung.\" \/>\n<meta property=\"og:url\" content=\"https:\/\/cambiodelona.com\/de\/producto\/balkon-sichtschutz\/\" \/>\n<meta property=\"og:site_name\" content=\"Cambiodelona\" \/>\n<meta property=\"article:publisher\" content=\"https:\/\/www.facebook.com\/cambiodelona.web\" \/>\n<meta property=\"article:modified_time\" content=\"2025-10-01T11:57:35+00:00\" \/>\n<meta property=\"og:image\" content=\"https:\/\/cambiodelona.com\/wp-content\/uploads\/2023\/08\/lona-pergola-anillos-sandow-black-filled-de.png\" \/>\n\t<meta property=\"og:image:width\" content=\"1200\" \/>\n\t<meta property=\"og:image:height\" content=\"595\" \/>\n\t<meta property=\"og:image:type\" content=\"image\/png\" \/>\n<meta name=\"twitter:card\" content=\"summary_large_image\" \/>\n<meta name=\"twitter:label1\" content=\"Gesch\u00e4tzte Lesezeit\" \/>\n\t<meta name=\"twitter:data1\" content=\"1\u00a0Minute\" \/>\n<script type=\"application\/ld+json\" class=\"yoast-schema-graph\">{\"@context\":\"https:\/\/schema.org\",\"@graph\":[{\"@type\":\"WebPage\",\"@id\":\"https:\/\/cambiodelona.com\/de\/producto\/balkon-sichtschutz\/\",\"url\":\"https:\/\/cambiodelona.com\/de\/producto\/balkon-sichtschutz\/\",\"name\":\"Mein Balkon-Sichtschutz - Cambiodelona\",\"isPartOf\":{\"@id\":\"https:\/\/cambiodelona.com\/#website\"},\"datePublished\":\"2023-08-28T07:25:26+00:00\",\"dateModified\":\"2025-10-01T11:57:35+00:00\",\"description\":\"Balkonstoff auf Ma\u00df konfigurieren mit verst\u00e4rktem Saum, Edelstahl\u00f6sen und optimalem Sichtschutz f\u00fcr Privatsph\u00e4re und stilvolle Gestaltung.\",\"breadcrumb\":{\"@id\":\"https:\/\/cambiodelona.com\/de\/producto\/balkon-sichtschutz\/#breadcrumb\"},\"inLanguage\":\"de\",\"potentialAction\":[{\"@type\":\"ReadAction\",\"target\":[\"https:\/\/cambiodelona.com\/de\/producto\/balkon-sichtschutz\/\"]}]},{\"@type\":\"BreadcrumbList\",\"@id\":\"https:\/\/cambiodelona.com\/de\/producto\/balkon-sichtschutz\/#breadcrumb\",\"itemListElement\":[{\"@type\":\"ListItem\",\"position\":1,\"name\":\"Portada\",\"item\":\"https:\/\/cambiodelona.com\/\"},{\"@type\":\"ListItem\",\"position\":2,\"name\":\"Onlineshop\",\"item\":\"https:\/\/cambiodelona.com\/de\/shop\/\"},{\"@type\":\"ListItem\",\"position\":3,\"name\":\"Mein Balkon-Sichtschutz\"}]},{\"@type\":\"WebSite\",\"@id\":\"https:\/\/cambiodelona.com\/#website\",\"url\":\"https:\/\/cambiodelona.com\/\",\"name\":\"Cambiodelona.com\",\"description\":\"Nuevo portal especializado en la venta en l\u00ednea de productos confeccionados a medida para todo tipo de sistemas de protecci\u00f3n solar\",\"publisher\":{\"@id\":\"https:\/\/cambiodelona.com\/#organization\"},\"alternateName\":\"Cambio de lona\",\"potentialAction\":[{\"@type\":\"SearchAction\",\"target\":{\"@type\":\"EntryPoint\",\"urlTemplate\":\"https:\/\/cambiodelona.com\/?s={search_term_string}\"},\"query-input\":\"required name=search_term_string\"}],\"inLanguage\":\"de\"},{\"@type\":\"Organization\",\"@id\":\"https:\/\/cambiodelona.com\/#organization\",\"name\":\"Cambio de lona S. L.\",\"url\":\"https:\/\/cambiodelona.com\/\",\"logo\":{\"@type\":\"ImageObject\",\"inLanguage\":\"de\",\"@id\":\"https:\/\/cambiodelona.com\/#\/schema\/logo\/image\/\",\"url\":\"https:\/\/cambiodelona.com\/wp-content\/uploads\/2024\/09\/cambiodelona-logo.png\",\"contentUrl\":\"https:\/\/cambiodelona.com\/wp-content\/uploads\/2024\/09\/cambiodelona-logo.png\",\"width\":800,\"height\":439,\"caption\":\"Cambio de lona S. L.\"},\"image\":{\"@id\":\"https:\/\/cambiodelona.com\/#\/schema\/logo\/image\/\"},\"sameAs\":[\"https:\/\/www.facebook.com\/cambiodelona.web\",\"https:\/\/www.instagram.com\/cambiodelona\/\"]}]}<\/script>\n<!-- \/ Yoast SEO Premium plugin. -->","yoast_head_json":{"title":"Mein Balkon-Sichtschutz - Cambiodelona","description":"Balkonstoff auf Ma\u00df konfigurieren mit verst\u00e4rktem Saum, Edelstahl\u00f6sen und optimalem Sichtschutz f\u00fcr Privatsph\u00e4re und stilvolle Gestaltung.","robots":{"index":"index","follow":"follow","max-snippet":"max-snippet:-1","max-image-preview":"max-image-preview:large","max-video-preview":"max-video-preview:-1"},"canonical":"https:\/\/cambiodelona.com\/de\/producto\/balkon-sichtschutz\/","og_locale":"de_DE","og_type":"article","og_title":"Mein Balkon-Sichtschutz","og_description":"Balkonstoff auf Ma\u00df konfigurieren mit verst\u00e4rktem Saum, Edelstahl\u00f6sen und optimalem Sichtschutz f\u00fcr Privatsph\u00e4re und stilvolle Gestaltung.","og_url":"https:\/\/cambiodelona.com\/de\/producto\/balkon-sichtschutz\/","og_site_name":"Cambiodelona","article_publisher":"https:\/\/www.facebook.com\/cambiodelona.web","article_modified_time":"2025-10-01T11:57:35+00:00","og_image":[{"width":1200,"height":595,"url":"https:\/\/cambiodelona.com\/wp-content\/uploads\/2023\/08\/lona-pergola-anillos-sandow-black-filled-de.png","type":"image\/png"}],"twitter_card":"summary_large_image","twitter_misc":{"Gesch\u00e4tzte Lesezeit":"1\u00a0Minute"},"schema":{"@context":"https:\/\/schema.org","@graph":[{"@type":"WebPage","@id":"https:\/\/cambiodelona.com\/de\/producto\/balkon-sichtschutz\/","url":"https:\/\/cambiodelona.com\/de\/producto\/balkon-sichtschutz\/","name":"Mein Balkon-Sichtschutz - Cambiodelona","isPartOf":{"@id":"https:\/\/cambiodelona.com\/#website"},"datePublished":"2023-08-28T07:25:26+00:00","dateModified":"2025-10-01T11:57:35+00:00","description":"Balkonstoff auf Ma\u00df konfigurieren mit verst\u00e4rktem Saum, Edelstahl\u00f6sen und optimalem Sichtschutz f\u00fcr Privatsph\u00e4re und stilvolle Gestaltung.","breadcrumb":{"@id":"https:\/\/cambiodelona.com\/de\/producto\/balkon-sichtschutz\/#breadcrumb"},"inLanguage":"de","potentialAction":[{"@type":"ReadAction","target":["https:\/\/cambiodelona.com\/de\/producto\/balkon-sichtschutz\/"]}]},{"@type":"BreadcrumbList","@id":"https:\/\/cambiodelona.com\/de\/producto\/balkon-sichtschutz\/#breadcrumb","itemListElement":[{"@type":"ListItem","position":1,"name":"Portada","item":"https:\/\/cambiodelona.com\/"},{"@type":"ListItem","position":2,"name":"Onlineshop","item":"https:\/\/cambiodelona.com\/de\/shop\/"},{"@type":"ListItem","position":3,"name":"Mein Balkon-Sichtschutz"}]},{"@type":"WebSite","@id":"https:\/\/cambiodelona.com\/#website","url":"https:\/\/cambiodelona.com\/","name":"Cambiodelona.com","description":"Nuevo portal especializado en la venta en l\u00ednea de productos confeccionados a medida para todo tipo de sistemas de protecci\u00f3n solar","publisher":{"@id":"https:\/\/cambiodelona.com\/#organization"},"alternateName":"Cambio de lona","potentialAction":[{"@type":"SearchAction","target":{"@type":"EntryPoint","urlTemplate":"https:\/\/cambiodelona.com\/?s={search_term_string}"},"query-input":"required name=search_term_string"}],"inLanguage":"de"},{"@type":"Organization","@id":"https:\/\/cambiodelona.com\/#organization","name":"Cambio de lona S. L.","url":"https:\/\/cambiodelona.com\/","logo":{"@type":"ImageObject","inLanguage":"de","@id":"https:\/\/cambiodelona.com\/#\/schema\/logo\/image\/","url":"https:\/\/cambiodelona.com\/wp-content\/uploads\/2024\/09\/cambiodelona-logo.png","contentUrl":"https:\/\/cambiodelona.com\/wp-content\/uploads\/2024\/09\/cambiodelona-logo.png","width":800,"height":439,"caption":"Cambio de lona S. L."},"image":{"@id":"https:\/\/cambiodelona.com\/#\/schema\/logo\/image\/"},"sameAs":["https:\/\/www.facebook.com\/cambiodelona.web","https:\/\/www.instagram.com\/cambiodelona\/"]}]}},"_links":{"self":[{"href":"https:\/\/cambiodelona.com\/de\/wp-json\/wp\/v2\/product\/14088","targetHints":{"allow":["GET"]}}],"collection":[{"href":"https:\/\/cambiodelona.com\/de\/wp-json\/wp\/v2\/product"}],"about":[{"href":"https:\/\/cambiodelona.com\/de\/wp-json\/wp\/v2\/types\/product"}],"replies":[{"embeddable":true,"href":"https:\/\/cambiodelona.com\/de\/wp-json\/wp\/v2\/comments?post=14088"}],"wp:featuredmedia":[{"embeddable":true,"href":"https:\/\/cambiodelona.com\/de\/wp-json\/wp\/v2\/media\/14215"}],"wp:attachment":[{"href":"https:\/\/cambiodelona.com\/de\/wp-json\/wp\/v2\/media?parent=14088"}],"wp:term":[{"taxonomy":"product_cat","embeddable":true,"href":"https:\/\/cambiodelona.com\/de\/wp-json\/wp\/v2\/product_cat?post=14088"},{"taxonomy":"product_tag","embeddable":true,"href":"https:\/\/cambiodelona.com\/de\/wp-json\/wp\/v2\/product_tag?post=14088"}],"curies":[{"name":"wp","href":"https:\/\/api.w.org\/{rel}","templated":true}]}}