{"id":22114,"date":"2025-04-30T14:04:31","date_gmt":"2025-04-30T12:04:31","guid":{"rendered":"https:\/\/cambiodelona.com\/?post_type=product&#038;p=22114"},"modified":"2025-06-10T17:58:06","modified_gmt":"2025-06-10T15:58:06","slug":"schiebeplane-fuer-pergola","status":"publish","type":"product","link":"https:\/\/cambiodelona.com\/de\/producto\/schiebeplane-fuer-pergola\/","title":{"rendered":"Schiebeplane f\u00fcr Pergola"},"content":{"rendered":"<h3 class=\"font-bold text-h4 leading-[30px] pt-[15px] pb-[2px] [&amp;_a]:underline-offset-[6px] [&amp;_.underline]:underline-offset-[6px]\">Wie misst man Ihre Schiebeplane f\u00fcr Pergola?<\/h3>\n<h4 class=\"font-bold text-body leading-[24px] pt-[12px] pb-[2px] [&amp;_a]:underline-offset-[6px] [&amp;_.underline]:underline-offset-[6px]\"><strong class=\"font-bold\">Breite der Leinwand :<\/strong><\/h4>\n<p class=\"text-body font-regular leading-[24px] pt-[9px] pb-[2px]\">Miss von einem Ende zum anderen die gesamte Breite, die du f\u00fcr die Plane ben\u00f6tigst. Es ist wichtig, diese Messung genau vorzunehmen, indem du ein gut ausgestrecktes Ma\u00dfband verwendest. <\/p>\n<h4 class=\"font-bold text-body leading-[24px] pt-[12px] pb-[2px] [&amp;_a]:underline-offset-[6px] [&amp;_.underline]:underline-offset-[6px]\"><strong class=\"font-bold\">Ausfall Schubf\u00fchrung:<\/strong><\/h4>\n<p class=\"text-body font-regular leading-[24px] pt-[9px] pb-[2px]\">Um die Gr\u00f6\u00dfe deiner Plane korrekt zu messen, befolge diese Schritte:<\/p>\n<ol class=\"text-body list-decimal list-inside pl-[24px] py-1.5 [&amp;_ul]:pl-4 [&amp;_ul]:py-0 [&amp;_ol]:pl-4 [&amp;_ol]:py-0\">\n<li class=\"[&amp;&lt;encoded_tag_closed \/&gt;p]:inline\" style=\"box-sizing: border-box; border-width: 0px; border-style: solid; border-color: rgba(0, 0, 0, 0.08); --tw-border-spacing-x: 0; --tw-border-spacing-y: 0; --tw-translate-x: 0; --tw-translate-y: 0; --tw-rotate: 0; --tw-skew-x: 0; --tw-skew-y: 0; --tw-scale-x: 1; --tw-scale-y: 1; --tw-scroll-snap-strictness: proximity; --tw-ring-offset-width: 0px; --tw-ring-offset-color: #fff; --tw-ring-color: rgba(59,130,246,.5); --tw-ring-offset-shadow: 0 0 #0000; --tw-ring-shadow: 0 0 #0000; --tw-shadow: 0 0 #0000; --tw-shadow-colored: 0 0 #0000; scrollbar-width: thin; scrollbar-color: #e0e0e1 #f9f9f9;\">Breiten Sie die Plane vollst\u00e4ndig aus und messen Sie von einem Ende zum anderen.<\/li>\n<li class=\"[&amp;&lt;encoded_tag_closed \/&gt;p]:inline\" style=\"box-sizing: border-box; border-width: 0px; border-style: solid; border-color: rgba(0, 0, 0, 0.08); --tw-border-spacing-x: 0; --tw-border-spacing-y: 0; --tw-translate-x: 0; --tw-translate-y: 0; --tw-rotate: 0; --tw-skew-x: 0; --tw-skew-y: 0; --tw-scale-x: 1; --tw-scale-y: 1; --tw-scroll-snap-strictness: proximity; --tw-ring-offset-width: 0px; --tw-ring-offset-color: #fff; --tw-ring-color: rgba(59,130,246,.5); --tw-ring-offset-shadow: 0 0 #0000; --tw-ring-shadow: 0 0 #0000; --tw-shadow: 0 0 #0000; --tw-shadow-colored: 0 0 #0000; scrollbar-width: thin; scrollbar-color: #e0e0e1 #f9f9f9;\">Jede gestreckte Welle misst ungef\u00e4hr <strong class=\"font-bold\">52 Zentimeter.<\/strong><\/li>\n<li class=\"[&amp;&lt;encoded_tag_closed \/&gt;p]:inline\" style=\"box-sizing: border-box; border-width: 0px; border-style: solid; border-color: rgba(0, 0, 0, 0.08); --tw-border-spacing-x: 0; --tw-border-spacing-y: 0; --tw-translate-x: 0; --tw-translate-y: 0; --tw-rotate: 0; --tw-skew-x: 0; --tw-skew-y: 0; --tw-scale-x: 1; --tw-scale-y: 1; --tw-scroll-snap-strictness: proximity; --tw-ring-offset-width: 0px; --tw-ring-offset-color: #fff; --tw-ring-color: rgba(59,130,246,.5); --tw-ring-offset-shadow: 0 0 #0000; --tw-ring-shadow: 0 0 #0000; --tw-shadow: 0 0 #0000; --tw-shadow-colored: 0 0 #0000; scrollbar-width: thin; scrollbar-color: #e0e0e1 #f9f9f9;\">\u00dcberpr\u00fcfen Sie die folgende Tabelle, um festzustellen, ob die Gesamtl\u00e4nge mit der Anzahl der Wellen \u00fcbereinstimmt, die Ihre aktuelle Plane hat:<\/li>\n<\/ol>\n<div class=\"overflow-auto py-1.5\">\n<table class=\"table-auto w-full border-collapse border border-neutral\">\n<thead class=\"bg-surface-light-recessed\">\n<tr class=\"border border-neutral\">\n<th class=\"border border-neutral p-2 text-left\">N\u00ba Wellen<\/th>\n<th class=\"border border-neutral p-2 text-left\">Ausfall Schubf\u00fchrung<\/th>\n<\/tr>\n<\/thead>\n<tbody>\n<tr class=\"border border-neutral\">\n<td class=\"border border-neutral p-2 text-left\">3<\/td>\n<td class=\"border border-neutral p-2 text-left\">1,50 m<\/td>\n<\/tr>\n<tr class=\"border border-neutral\">\n<td class=\"border border-neutral p-2 text-left\">4<\/td>\n<td class=\"border border-neutral p-2 text-left\">2,00 m<\/td>\n<\/tr>\n<tr class=\"border border-neutral\">\n<td class=\"border border-neutral p-2 text-left\">5<\/td>\n<td class=\"border border-neutral p-2 text-left\">2,50 m<\/td>\n<\/tr>\n<tr class=\"border border-neutral\">\n<td class=\"border border-neutral p-2 text-left\">6<\/td>\n<td class=\"border border-neutral p-2 text-left\">3,00 m<\/td>\n<\/tr>\n<tr class=\"border border-neutral\">\n<td class=\"border border-neutral p-2 text-left\">7<\/td>\n<td class=\"border border-neutral p-2 text-left\">3,50 m<\/td>\n<\/tr>\n<tr class=\"border border-neutral\">\n<td class=\"border border-neutral p-2 text-left\">8<\/td>\n<td class=\"border border-neutral p-2 text-left\">4,00 m<\/td>\n<\/tr>\n<tr class=\"border border-neutral\">\n<td class=\"border border-neutral p-2 text-left\">9<\/td>\n<td class=\"border border-neutral p-2 text-left\">4,50 m<\/td>\n<\/tr>\n<tr class=\"border border-neutral\">\n<td class=\"border border-neutral p-2 text-left\">10<\/td>\n<td class=\"border border-neutral p-2 text-left\">5,00 m<\/td>\n<\/tr>\n<tr class=\"border border-neutral\">\n<td class=\"border border-neutral p-2 text-left\">11<\/td>\n<td class=\"border border-neutral p-2 text-left\">5,50 m<\/td>\n<\/tr>\n<tr class=\"border border-neutral\">\n<td class=\"border border-neutral p-2 text-left\">12<\/td>\n<td class=\"border border-neutral p-2 text-left\">6,00 m<\/td>\n<\/tr>\n<tr class=\"border border-neutral\">\n<td class=\"border border-neutral p-2 text-left\">13<\/td>\n<td class=\"border border-neutral p-2 text-left\">6,50 m<\/td>\n<\/tr>\n<tr class=\"border border-neutral\">\n<td class=\"border border-neutral p-2 text-left\">14<\/td>\n<td class=\"border border-neutral p-2 text-left\">7,00 m<\/td>\n<\/tr>\n<\/tbody>\n<\/table>\n<\/div>\n<p class=\"text-body font-regular leading-[24px] pt-[9px] pb-[2px]\">Geben Sie die Abmessung der ausgezogenen Plane in Zentimetern an.<\/p>\n<h3 class=\"font-bold text-h4 leading-[30px] pt-[15px] pb-[2px] [&amp;_a]:underline-offset-[6px] [&amp;_.underline]:underline-offset-[6px]\">Die Ausf\u00fchrungen der Plane angeben<\/h3>\n<p class=\"text-body font-regular leading-[24px] pt-[9px] pb-[2px]\">Es ist wichtig anzugeben, wie die Plane an der Struktur befestigt werden soll. Je nach Art der Installation kann Ihre Schiebeplane eine der folgenden Ausf\u00fchrungen haben: <\/p>\n<ul class=\"text-body list-decimal list-inside pl-[24px] py-1.5 [&amp;_ul]:pl-4 [&amp;_ul]:py-0 [&amp;_ol]:pl-4 [&amp;_ol]:py-0\">\n<li class=\"[&amp;&lt;encoded_tag_closed \/&gt;p]:inline\" style=\"box-sizing: border-box; border-width: 0px; border-style: solid; border-color: rgba(0, 0, 0, 0.08); --tw-border-spacing-x: 0; --tw-border-spacing-y: 0; --tw-translate-x: 0; --tw-translate-y: 0; --tw-rotate: 0; --tw-skew-x: 0; --tw-skew-y: 0; --tw-scale-x: 1; --tw-scale-y: 1; --tw-scroll-snap-strictness: proximity; --tw-ring-offset-width: 0px; --tw-ring-offset-color: #fff; --tw-ring-color: rgba(59,130,246,.5); --tw-ring-offset-shadow: 0 0 #0000; --tw-ring-shadow: 0 0 #0000; --tw-shadow: 0 0 #0000; --tw-shadow-colored: 0 0 #0000; scrollbar-width: thin; scrollbar-color: #e0e0e1 #f9f9f9;\"><strong class=\"font-bold\">Einfache Paliller\u00eda:<\/strong><br \/>\nJede F\u00fchrung hat nur ein Loch, in das der Stab (Makaron) eingesetzt wird.<br \/>\nDie neue Plane wird aus einem einzigen St\u00fcck gefertigt und wird mit den Keder geliefert.<\/li>\n<li class=\"[&amp;&lt;encoded_tag_closed \/&gt;p]:inline\" style=\"box-sizing: border-box; border-width: 0px; border-style: solid; border-color: rgba(0, 0, 0, 0.08); --tw-border-spacing-x: 0; --tw-border-spacing-y: 0; --tw-translate-x: 0; --tw-translate-y: 0; --tw-rotate: 0; --tw-skew-x: 0; --tw-skew-y: 0; --tw-scale-x: 1; --tw-scale-y: 1; --tw-scroll-snap-strictness: proximity; --tw-ring-offset-width: 0px; --tw-ring-offset-color: #fff; --tw-ring-color: rgba(59,130,246,.5); --tw-ring-offset-shadow: 0 0 #0000; --tw-ring-shadow: 0 0 #0000; --tw-shadow: 0 0 #0000; --tw-shadow-colored: 0 0 #0000; scrollbar-width: thin; scrollbar-color: #e0e0e1 #f9f9f9;\"><strong class=\"font-bold\">Doppelte Stangenf\u00fchrung:<\/strong><br \/>\nJede F\u00fchrung hat zwei \u00d6ffnungen, in die die R\u00f6hrchen (Keder) eingesetzt werden.<br \/>\nDie neue Plane wird aus mehreren Bahnen gefertigt und wird mit den Makaronis geliefert.<\/li>\n<\/ul>\n<h3 class=\"font-bold text-h4 leading-[30px] pt-[15px] pb-[2px] [&amp;_a]:underline-offset-[6px] [&amp;_.underline]:underline-offset-[6px]\">Hast du eine Frage oder brauchst du Hilfe?<\/h3>\n<p class=\"text-body font-regular leading-[24px] pt-[9px] pb-[2px]\">Unser Team steht dir zur Verf\u00fcgung, um dich w\u00e4hrend des gesamten Prozesses zu begleiten. Wenn du Fragen zu den Ma\u00dfen, der Verarbeitung oder anderen Details hast, kontaktiere uns gerne unverbindlich. <\/p>\n<p class=\"text-body font-regular leading-[24px] pt-[9px] pb-[2px]\">\ud83d\udce7 <strong class=\"font-bold\">E-Mail<\/strong>: <a class=\"text-link underline hover:text-link-hover\" href=\"mailto:web@meinmarkisenstoff.com\" target=\"_blank\" rel=\"noopener noreferrer\">web@meinmarkisenstoff.com<br \/>\n<\/a>\ud83d\udcde <strong class=\"font-bold\">WhatsApp<\/strong>: +34 609 82 59 61<\/p>\n<p class=\"text-body font-regular leading-[24px] pt-[9px] pb-[2px]\">Wir w\u00fcnschen dir viel Erfolg bei deinem Sonnenschutzprojekt und freuen uns darauf, ein Foto der fertigen Installation zu erhalten. Vielen Dank, dass du uns dein Vertrauen schenkst.! \ud83d\ude0a<\/p>\n","protected":false},"excerpt":{"rendered":"<p>Wie misst man Ihre Schiebeplane f\u00fcr Pergola? Breite der Leinwand : Miss von einem Ende zum anderen die gesamte Breite, die du f\u00fcr die Plane ben\u00f6tigst. Es ist wichtig, diese Messung genau vorzunehmen, indem du ein gut ausgestrecktes Ma\u00dfband verwendest. Ausfall Schubf\u00fchrung: Um die Gr\u00f6\u00dfe deiner Plane korrekt zu messen, befolge diese Schritte: Breiten Sie &hellip;<\/p>\n<p class=\"read-more\"> <a class=\"\" href=\"https:\/\/cambiodelona.com\/de\/producto\/schiebeplane-fuer-pergola\/\"> <span class=\"screen-reader-text\">Schiebeplane f\u00fcr Pergola<\/span> Weiterlesen &raquo;<\/a><\/p>\n","protected":false},"featured_media":22145,"comment_status":"closed","ping_status":"closed","template":"","meta":{"site-sidebar-layout":"default","site-content-layout":"default","ast-global-header-display":"","ast-main-header-display":"","ast-hfb-above-header-display":"","ast-hfb-below-header-display":"","ast-hfb-mobile-header-display":"","site-post-title":"","ast-breadcrumbs-content":"","ast-featured-img":"","footer-sml-layout":"","theme-transparent-header-meta":"default","adv-header-id-meta":"","stick-header-meta":"","header-above-stick-meta":"","header-main-stick-meta":"","header-below-stick-meta":""},"product_cat":[],"product_tag":[],"class_list":["post-22114","product","type-product","status-publish","has-post-thumbnail","hentry","product_shipping_class-paketservice","desktop-align-left","tablet-align-left","mobile-align-left"],"yoast_head":"<!-- This site is optimized with the Yoast SEO Premium plugin v21.2 (Yoast SEO v21.2) - https:\/\/yoast.com\/wordpress\/plugins\/seo\/ -->\n<title>Schiebeplane f\u00fcr Pergola - Cambiodelona<\/title>\n<meta name=\"description\" content=\"Wie messe ich Ihre Schiebeplane f\u00fcr Pergola? Konfigurieren Sie Ihre Schiebegardine ganz einfach. Breite, Ausfall, Volant. Brauchen Sie Hilfe?\" \/>\n<meta name=\"robots\" content=\"index, follow, max-snippet:-1, max-image-preview:large, max-video-preview:-1\" \/>\n<link rel=\"canonical\" href=\"https:\/\/cambiodelona.com\/de\/producto\/schiebeplane-fuer-pergola\/\" \/>\n<meta property=\"og:locale\" content=\"de_DE\" \/>\n<meta property=\"og:type\" content=\"article\" \/>\n<meta property=\"og:title\" content=\"Schiebeplane f\u00fcr Pergola\" \/>\n<meta property=\"og:description\" content=\"Wie messe ich Ihre Schiebeplane f\u00fcr Pergola? Konfigurieren Sie Ihre Schiebegardine ganz einfach. Breite, Ausfall, Volant. Brauchen Sie Hilfe?\" \/>\n<meta property=\"og:url\" content=\"https:\/\/cambiodelona.com\/de\/producto\/schiebeplane-fuer-pergola\/\" \/>\n<meta property=\"og:site_name\" content=\"Cambiodelona\" \/>\n<meta property=\"article:publisher\" content=\"https:\/\/www.facebook.com\/cambiodelona.web\" \/>\n<meta property=\"article:modified_time\" content=\"2025-06-10T15:58:06+00:00\" \/>\n<meta property=\"og:image\" content=\"https:\/\/cambiodelona.com\/wp-content\/uploads\/2025\/05\/lona_corredera-1.png\" \/>\n\t<meta property=\"og:image:width\" content=\"834\" \/>\n\t<meta property=\"og:image:height\" content=\"255\" \/>\n\t<meta property=\"og:image:type\" content=\"image\/png\" \/>\n<meta name=\"twitter:card\" content=\"summary_large_image\" \/>\n<meta name=\"twitter:label1\" content=\"Gesch\u00e4tzte Lesezeit\" \/>\n\t<meta name=\"twitter:data1\" content=\"3\u00a0Minuten\" \/>\n<script type=\"application\/ld+json\" class=\"yoast-schema-graph\">{\"@context\":\"https:\/\/schema.org\",\"@graph\":[{\"@type\":\"WebPage\",\"@id\":\"https:\/\/cambiodelona.com\/de\/producto\/schiebeplane-fuer-pergola\/\",\"url\":\"https:\/\/cambiodelona.com\/de\/producto\/schiebeplane-fuer-pergola\/\",\"name\":\"Schiebeplane f\u00fcr Pergola - Cambiodelona\",\"isPartOf\":{\"@id\":\"https:\/\/cambiodelona.com\/#website\"},\"datePublished\":\"2025-04-30T12:04:31+00:00\",\"dateModified\":\"2025-06-10T15:58:06+00:00\",\"description\":\"Wie messe ich Ihre Schiebeplane f\u00fcr Pergola? Konfigurieren Sie Ihre Schiebegardine ganz einfach. Breite, Ausfall, Volant. Brauchen Sie Hilfe?\",\"breadcrumb\":{\"@id\":\"https:\/\/cambiodelona.com\/de\/producto\/schiebeplane-fuer-pergola\/#breadcrumb\"},\"inLanguage\":\"de\",\"potentialAction\":[{\"@type\":\"ReadAction\",\"target\":[\"https:\/\/cambiodelona.com\/de\/producto\/schiebeplane-fuer-pergola\/\"]}]},{\"@type\":\"BreadcrumbList\",\"@id\":\"https:\/\/cambiodelona.com\/de\/producto\/schiebeplane-fuer-pergola\/#breadcrumb\",\"itemListElement\":[{\"@type\":\"ListItem\",\"position\":1,\"name\":\"Portada\",\"item\":\"https:\/\/cambiodelona.com\/\"},{\"@type\":\"ListItem\",\"position\":2,\"name\":\"Onlineshop\",\"item\":\"https:\/\/cambiodelona.com\/de\/shop\/\"},{\"@type\":\"ListItem\",\"position\":3,\"name\":\"Schiebeplane f\u00fcr Pergola\"}]},{\"@type\":\"WebSite\",\"@id\":\"https:\/\/cambiodelona.com\/#website\",\"url\":\"https:\/\/cambiodelona.com\/\",\"name\":\"Cambiodelona.com\",\"description\":\"Nuevo portal especializado en la venta en l\u00ednea de productos confeccionados a medida para todo tipo de sistemas de protecci\u00f3n solar\",\"publisher\":{\"@id\":\"https:\/\/cambiodelona.com\/#organization\"},\"alternateName\":\"Cambio de lona\",\"potentialAction\":[{\"@type\":\"SearchAction\",\"target\":{\"@type\":\"EntryPoint\",\"urlTemplate\":\"https:\/\/cambiodelona.com\/?s={search_term_string}\"},\"query-input\":\"required name=search_term_string\"}],\"inLanguage\":\"de\"},{\"@type\":\"Organization\",\"@id\":\"https:\/\/cambiodelona.com\/#organization\",\"name\":\"Cambio de lona S. L.\",\"url\":\"https:\/\/cambiodelona.com\/\",\"logo\":{\"@type\":\"ImageObject\",\"inLanguage\":\"de\",\"@id\":\"https:\/\/cambiodelona.com\/#\/schema\/logo\/image\/\",\"url\":\"https:\/\/cambiodelona.com\/wp-content\/uploads\/2024\/09\/cambiodelona-logo.png\",\"contentUrl\":\"https:\/\/cambiodelona.com\/wp-content\/uploads\/2024\/09\/cambiodelona-logo.png\",\"width\":800,\"height\":439,\"caption\":\"Cambio de lona S. L.\"},\"image\":{\"@id\":\"https:\/\/cambiodelona.com\/#\/schema\/logo\/image\/\"},\"sameAs\":[\"https:\/\/www.facebook.com\/cambiodelona.web\",\"https:\/\/www.instagram.com\/cambiodelona\/\"]}]}<\/script>\n<!-- \/ Yoast SEO Premium plugin. -->","yoast_head_json":{"title":"Schiebeplane f\u00fcr Pergola - Cambiodelona","description":"Wie messe ich Ihre Schiebeplane f\u00fcr Pergola? Konfigurieren Sie Ihre Schiebegardine ganz einfach. Breite, Ausfall, Volant. Brauchen Sie Hilfe?","robots":{"index":"index","follow":"follow","max-snippet":"max-snippet:-1","max-image-preview":"max-image-preview:large","max-video-preview":"max-video-preview:-1"},"canonical":"https:\/\/cambiodelona.com\/de\/producto\/schiebeplane-fuer-pergola\/","og_locale":"de_DE","og_type":"article","og_title":"Schiebeplane f\u00fcr Pergola","og_description":"Wie messe ich Ihre Schiebeplane f\u00fcr Pergola? Konfigurieren Sie Ihre Schiebegardine ganz einfach. Breite, Ausfall, Volant. Brauchen Sie Hilfe?","og_url":"https:\/\/cambiodelona.com\/de\/producto\/schiebeplane-fuer-pergola\/","og_site_name":"Cambiodelona","article_publisher":"https:\/\/www.facebook.com\/cambiodelona.web","article_modified_time":"2025-06-10T15:58:06+00:00","og_image":[{"width":834,"height":255,"url":"https:\/\/cambiodelona.com\/wp-content\/uploads\/2025\/05\/lona_corredera-1.png","type":"image\/png"}],"twitter_card":"summary_large_image","twitter_misc":{"Gesch\u00e4tzte Lesezeit":"3\u00a0Minuten"},"schema":{"@context":"https:\/\/schema.org","@graph":[{"@type":"WebPage","@id":"https:\/\/cambiodelona.com\/de\/producto\/schiebeplane-fuer-pergola\/","url":"https:\/\/cambiodelona.com\/de\/producto\/schiebeplane-fuer-pergola\/","name":"Schiebeplane f\u00fcr Pergola - Cambiodelona","isPartOf":{"@id":"https:\/\/cambiodelona.com\/#website"},"datePublished":"2025-04-30T12:04:31+00:00","dateModified":"2025-06-10T15:58:06+00:00","description":"Wie messe ich Ihre Schiebeplane f\u00fcr Pergola? Konfigurieren Sie Ihre Schiebegardine ganz einfach. Breite, Ausfall, Volant. Brauchen Sie Hilfe?","breadcrumb":{"@id":"https:\/\/cambiodelona.com\/de\/producto\/schiebeplane-fuer-pergola\/#breadcrumb"},"inLanguage":"de","potentialAction":[{"@type":"ReadAction","target":["https:\/\/cambiodelona.com\/de\/producto\/schiebeplane-fuer-pergola\/"]}]},{"@type":"BreadcrumbList","@id":"https:\/\/cambiodelona.com\/de\/producto\/schiebeplane-fuer-pergola\/#breadcrumb","itemListElement":[{"@type":"ListItem","position":1,"name":"Portada","item":"https:\/\/cambiodelona.com\/"},{"@type":"ListItem","position":2,"name":"Onlineshop","item":"https:\/\/cambiodelona.com\/de\/shop\/"},{"@type":"ListItem","position":3,"name":"Schiebeplane f\u00fcr Pergola"}]},{"@type":"WebSite","@id":"https:\/\/cambiodelona.com\/#website","url":"https:\/\/cambiodelona.com\/","name":"Cambiodelona.com","description":"Nuevo portal especializado en la venta en l\u00ednea de productos confeccionados a medida para todo tipo de sistemas de protecci\u00f3n solar","publisher":{"@id":"https:\/\/cambiodelona.com\/#organization"},"alternateName":"Cambio de lona","potentialAction":[{"@type":"SearchAction","target":{"@type":"EntryPoint","urlTemplate":"https:\/\/cambiodelona.com\/?s={search_term_string}"},"query-input":"required name=search_term_string"}],"inLanguage":"de"},{"@type":"Organization","@id":"https:\/\/cambiodelona.com\/#organization","name":"Cambio de lona S. L.","url":"https:\/\/cambiodelona.com\/","logo":{"@type":"ImageObject","inLanguage":"de","@id":"https:\/\/cambiodelona.com\/#\/schema\/logo\/image\/","url":"https:\/\/cambiodelona.com\/wp-content\/uploads\/2024\/09\/cambiodelona-logo.png","contentUrl":"https:\/\/cambiodelona.com\/wp-content\/uploads\/2024\/09\/cambiodelona-logo.png","width":800,"height":439,"caption":"Cambio de lona S. L."},"image":{"@id":"https:\/\/cambiodelona.com\/#\/schema\/logo\/image\/"},"sameAs":["https:\/\/www.facebook.com\/cambiodelona.web","https:\/\/www.instagram.com\/cambiodelona\/"]}]}},"_links":{"self":[{"href":"https:\/\/cambiodelona.com\/de\/wp-json\/wp\/v2\/product\/22114","targetHints":{"allow":["GET"]}}],"collection":[{"href":"https:\/\/cambiodelona.com\/de\/wp-json\/wp\/v2\/product"}],"about":[{"href":"https:\/\/cambiodelona.com\/de\/wp-json\/wp\/v2\/types\/product"}],"replies":[{"embeddable":true,"href":"https:\/\/cambiodelona.com\/de\/wp-json\/wp\/v2\/comments?post=22114"}],"wp:featuredmedia":[{"embeddable":true,"href":"https:\/\/cambiodelona.com\/de\/wp-json\/wp\/v2\/media\/22145"}],"wp:attachment":[{"href":"https:\/\/cambiodelona.com\/de\/wp-json\/wp\/v2\/media?parent=22114"}],"wp:term":[{"taxonomy":"product_cat","embeddable":true,"href":"https:\/\/cambiodelona.com\/de\/wp-json\/wp\/v2\/product_cat?post=22114"},{"taxonomy":"product_tag","embeddable":true,"href":"https:\/\/cambiodelona.com\/de\/wp-json\/wp\/v2\/product_tag?post=22114"}],"curies":[{"name":"wp","href":"https:\/\/api.w.org\/{rel}","templated":true}]}}