{"id":22697,"date":"2025-06-14T07:38:46","date_gmt":"2025-06-14T05:38:46","guid":{"rendered":"https:\/\/cambiodelona.com\/?post_type=product&#038;p=22697"},"modified":"2025-06-14T07:50:37","modified_gmt":"2025-06-14T05:50:37","slug":"perfil-interior-empalme-80x40","status":"publish","type":"product","link":"https:\/\/cambiodelona.com\/de\/producto\/perfil-interior-empalme-80x40\/","title":{"rendered":"Perfil interior empalme 80&#215;40"},"content":{"rendered":"<h2 class=\"text-body font-regular leading-[24px] pt-[9px] pb-[2px]\"><strong class=\"font-semibold\">Perfil Interior de Empalme 80&#215;40<\/strong><\/h2>\n<p class=\"text-body font-regular leading-[24px] pt-[9px] pb-[2px]\"><em>El accesorio esencial para unir las secciones de gu\u00edas palillos dobles<\/em><\/p>\n<p class=\"text-body font-regular leading-[24px] pt-[9px] pb-[2px]\">El Perfil Interior de Empalme 80&#215;40, fabricado en aluminio de alta calidad y con una longitud de 25 cm, est\u00e1 dise\u00f1ado para garantizar un empalme preciso y seguro de gu\u00edas y palillos dobles en sistemas de p\u00e9rgolas.<\/p>\n<p class=\"text-body font-regular leading-[24px] pt-[9px] pb-[2px]\">Cortamos los perfiles a medida en secciones que no exceden los 220 cm, cumpliendo con las restricciones de transporte y asegurando una uni\u00f3n s\u00f3lida y estable. Este accesorio indispensable ofrece una instalaci\u00f3n profesional y duradera, ideal para proyectos exigentes.<\/p>\n","protected":false},"excerpt":{"rendered":"<p>Perfil Interior de Empalme 80&#215;40 El accesorio esencial para unir las secciones de gu\u00edas palillos dobles El Perfil Interior de Empalme 80&#215;40, fabricado en aluminio de alta calidad y con una longitud de 25 cm, est\u00e1 dise\u00f1ado para garantizar un empalme preciso y seguro de gu\u00edas y palillos dobles en sistemas de p\u00e9rgolas. Cortamos los &hellip;<\/p>\n<p class=\"read-more\"> <a class=\"\" href=\"https:\/\/cambiodelona.com\/de\/producto\/perfil-interior-empalme-80x40\/\"> <span class=\"screen-reader-text\">Perfil interior empalme 80&#215;40<\/span> Weiterlesen &raquo;<\/a><\/p>\n","protected":false},"featured_media":22698,"comment_status":"closed","ping_status":"closed","template":"","meta":{"site-sidebar-layout":"default","site-content-layout":"default","ast-global-header-display":"","ast-main-header-display":"","ast-hfb-above-header-display":"","ast-hfb-below-header-display":"","ast-hfb-mobile-header-display":"","site-post-title":"","ast-breadcrumbs-content":"","ast-featured-img":"","footer-sml-layout":"","theme-transparent-header-meta":"default","adv-header-id-meta":"","stick-header-meta":"","header-above-stick-meta":"","header-main-stick-meta":"","header-below-stick-meta":""},"product_cat":[109],"product_tag":[],"class_list":["post-22697","product","type-product","status-publish","has-post-thumbnail","hentry","product_cat-accesorios-para-toldo","product_shipping_class-paqueteria","desktop-align-left","tablet-align-left","mobile-align-left"],"yoast_head":"<!-- This site is optimized with the Yoast SEO Premium plugin v21.2 (Yoast SEO v21.2) - https:\/\/yoast.com\/wordpress\/plugins\/seo\/ -->\n<title>Perfil interior empalme 80x40 - Cambiodelona<\/title>\n<meta name=\"description\" content=\"Perfil Interior de Empalme 80x40: el accesorio esencial para unir gu\u00edas y palillos dobles. Garantiza una instalaci\u00f3n profesional.\" \/>\n<meta name=\"robots\" content=\"index, follow, max-snippet:-1, max-image-preview:large, max-video-preview:-1\" \/>\n<link rel=\"canonical\" href=\"https:\/\/cambiodelona.com\/producto\/perfil-interior-empalme-80x40\/\" \/>\n<meta property=\"og:locale\" content=\"de_DE\" \/>\n<meta property=\"og:type\" content=\"article\" \/>\n<meta property=\"og:title\" content=\"Perfil interior empalme 80x40\" \/>\n<meta property=\"og:description\" content=\"Perfil Interior de Empalme 80x40: el accesorio esencial para unir gu\u00edas y palillos dobles. Garantiza una instalaci\u00f3n profesional.\" \/>\n<meta property=\"og:url\" content=\"https:\/\/cambiodelona.com\/producto\/perfil-interior-empalme-80x40\/\" \/>\n<meta property=\"og:site_name\" content=\"Cambiodelona\" \/>\n<meta property=\"article:publisher\" content=\"https:\/\/www.facebook.com\/cambiodelona.web\" \/>\n<meta property=\"article:modified_time\" content=\"2025-06-14T05:50:37+00:00\" \/>\n<meta property=\"og:image\" content=\"https:\/\/cambiodelona.com\/wp-content\/uploads\/2025\/06\/Perfil-interior-empalme-80x402-1.webp\" \/>\n\t<meta property=\"og:image:width\" content=\"1100\" \/>\n\t<meta property=\"og:image:height\" content=\"1422\" \/>\n\t<meta property=\"og:image:type\" content=\"image\/webp\" \/>\n<meta name=\"twitter:card\" content=\"summary_large_image\" \/>\n<meta name=\"twitter:label1\" content=\"Gesch\u00e4tzte Lesezeit\" \/>\n\t<meta name=\"twitter:data1\" content=\"1\u00a0Minute\" \/>\n<script type=\"application\/ld+json\" class=\"yoast-schema-graph\">{\"@context\":\"https:\/\/schema.org\",\"@graph\":[{\"@type\":\"WebPage\",\"@id\":\"https:\/\/cambiodelona.com\/producto\/perfil-interior-empalme-80x40\/\",\"url\":\"https:\/\/cambiodelona.com\/producto\/perfil-interior-empalme-80x40\/\",\"name\":\"Perfil interior empalme 80x40 - Cambiodelona\",\"isPartOf\":{\"@id\":\"https:\/\/cambiodelona.com\/#website\"},\"datePublished\":\"2025-06-14T05:38:46+00:00\",\"dateModified\":\"2025-06-14T05:50:37+00:00\",\"description\":\"Perfil Interior de Empalme 80x40: el accesorio esencial para unir gu\u00edas y palillos dobles. Garantiza una instalaci\u00f3n profesional.\",\"breadcrumb\":{\"@id\":\"https:\/\/cambiodelona.com\/producto\/perfil-interior-empalme-80x40\/#breadcrumb\"},\"inLanguage\":\"de\",\"potentialAction\":[{\"@type\":\"ReadAction\",\"target\":[\"https:\/\/cambiodelona.com\/producto\/perfil-interior-empalme-80x40\/\"]}]},{\"@type\":\"BreadcrumbList\",\"@id\":\"https:\/\/cambiodelona.com\/producto\/perfil-interior-empalme-80x40\/#breadcrumb\",\"itemListElement\":[{\"@type\":\"ListItem\",\"position\":1,\"name\":\"Portada\",\"item\":\"https:\/\/cambiodelona.com\/\"},{\"@type\":\"ListItem\",\"position\":2,\"name\":\"Onlineshop\",\"item\":\"https:\/\/cambiodelona.com\/de\/shop\/\"},{\"@type\":\"ListItem\",\"position\":3,\"name\":\"Perfil interior empalme 80&#215;40\"}]},{\"@type\":\"WebSite\",\"@id\":\"https:\/\/cambiodelona.com\/#website\",\"url\":\"https:\/\/cambiodelona.com\/\",\"name\":\"Cambiodelona.com\",\"description\":\"Nuevo portal especializado en la venta en l\u00ednea de productos confeccionados a medida para todo tipo de sistemas de protecci\u00f3n solar\",\"publisher\":{\"@id\":\"https:\/\/cambiodelona.com\/#organization\"},\"alternateName\":\"Cambio de lona\",\"potentialAction\":[{\"@type\":\"SearchAction\",\"target\":{\"@type\":\"EntryPoint\",\"urlTemplate\":\"https:\/\/cambiodelona.com\/?s={search_term_string}\"},\"query-input\":\"required name=search_term_string\"}],\"inLanguage\":\"de\"},{\"@type\":\"Organization\",\"@id\":\"https:\/\/cambiodelona.com\/#organization\",\"name\":\"Cambio de lona S. L.\",\"url\":\"https:\/\/cambiodelona.com\/\",\"logo\":{\"@type\":\"ImageObject\",\"inLanguage\":\"de\",\"@id\":\"https:\/\/cambiodelona.com\/#\/schema\/logo\/image\/\",\"url\":\"https:\/\/cambiodelona.com\/wp-content\/uploads\/2024\/09\/cambiodelona-logo.png\",\"contentUrl\":\"https:\/\/cambiodelona.com\/wp-content\/uploads\/2024\/09\/cambiodelona-logo.png\",\"width\":800,\"height\":439,\"caption\":\"Cambio de lona S. L.\"},\"image\":{\"@id\":\"https:\/\/cambiodelona.com\/#\/schema\/logo\/image\/\"},\"sameAs\":[\"https:\/\/www.facebook.com\/cambiodelona.web\",\"https:\/\/www.instagram.com\/cambiodelona\/\"]}]}<\/script>\n<!-- \/ Yoast SEO Premium plugin. -->","yoast_head_json":{"title":"Perfil interior empalme 80x40 - Cambiodelona","description":"Perfil Interior de Empalme 80x40: el accesorio esencial para unir gu\u00edas y palillos dobles. Garantiza una instalaci\u00f3n profesional.","robots":{"index":"index","follow":"follow","max-snippet":"max-snippet:-1","max-image-preview":"max-image-preview:large","max-video-preview":"max-video-preview:-1"},"canonical":"https:\/\/cambiodelona.com\/producto\/perfil-interior-empalme-80x40\/","og_locale":"de_DE","og_type":"article","og_title":"Perfil interior empalme 80x40","og_description":"Perfil Interior de Empalme 80x40: el accesorio esencial para unir gu\u00edas y palillos dobles. Garantiza una instalaci\u00f3n profesional.","og_url":"https:\/\/cambiodelona.com\/producto\/perfil-interior-empalme-80x40\/","og_site_name":"Cambiodelona","article_publisher":"https:\/\/www.facebook.com\/cambiodelona.web","article_modified_time":"2025-06-14T05:50:37+00:00","og_image":[{"width":1100,"height":1422,"url":"https:\/\/cambiodelona.com\/wp-content\/uploads\/2025\/06\/Perfil-interior-empalme-80x402-1.webp","type":"image\/webp"}],"twitter_card":"summary_large_image","twitter_misc":{"Gesch\u00e4tzte Lesezeit":"1\u00a0Minute"},"schema":{"@context":"https:\/\/schema.org","@graph":[{"@type":"WebPage","@id":"https:\/\/cambiodelona.com\/producto\/perfil-interior-empalme-80x40\/","url":"https:\/\/cambiodelona.com\/producto\/perfil-interior-empalme-80x40\/","name":"Perfil interior empalme 80x40 - Cambiodelona","isPartOf":{"@id":"https:\/\/cambiodelona.com\/#website"},"datePublished":"2025-06-14T05:38:46+00:00","dateModified":"2025-06-14T05:50:37+00:00","description":"Perfil Interior de Empalme 80x40: el accesorio esencial para unir gu\u00edas y palillos dobles. Garantiza una instalaci\u00f3n profesional.","breadcrumb":{"@id":"https:\/\/cambiodelona.com\/producto\/perfil-interior-empalme-80x40\/#breadcrumb"},"inLanguage":"de","potentialAction":[{"@type":"ReadAction","target":["https:\/\/cambiodelona.com\/producto\/perfil-interior-empalme-80x40\/"]}]},{"@type":"BreadcrumbList","@id":"https:\/\/cambiodelona.com\/producto\/perfil-interior-empalme-80x40\/#breadcrumb","itemListElement":[{"@type":"ListItem","position":1,"name":"Portada","item":"https:\/\/cambiodelona.com\/"},{"@type":"ListItem","position":2,"name":"Onlineshop","item":"https:\/\/cambiodelona.com\/de\/shop\/"},{"@type":"ListItem","position":3,"name":"Perfil interior empalme 80&#215;40"}]},{"@type":"WebSite","@id":"https:\/\/cambiodelona.com\/#website","url":"https:\/\/cambiodelona.com\/","name":"Cambiodelona.com","description":"Nuevo portal especializado en la venta en l\u00ednea de productos confeccionados a medida para todo tipo de sistemas de protecci\u00f3n solar","publisher":{"@id":"https:\/\/cambiodelona.com\/#organization"},"alternateName":"Cambio de lona","potentialAction":[{"@type":"SearchAction","target":{"@type":"EntryPoint","urlTemplate":"https:\/\/cambiodelona.com\/?s={search_term_string}"},"query-input":"required name=search_term_string"}],"inLanguage":"de"},{"@type":"Organization","@id":"https:\/\/cambiodelona.com\/#organization","name":"Cambio de lona S. L.","url":"https:\/\/cambiodelona.com\/","logo":{"@type":"ImageObject","inLanguage":"de","@id":"https:\/\/cambiodelona.com\/#\/schema\/logo\/image\/","url":"https:\/\/cambiodelona.com\/wp-content\/uploads\/2024\/09\/cambiodelona-logo.png","contentUrl":"https:\/\/cambiodelona.com\/wp-content\/uploads\/2024\/09\/cambiodelona-logo.png","width":800,"height":439,"caption":"Cambio de lona S. L."},"image":{"@id":"https:\/\/cambiodelona.com\/#\/schema\/logo\/image\/"},"sameAs":["https:\/\/www.facebook.com\/cambiodelona.web","https:\/\/www.instagram.com\/cambiodelona\/"]}]}},"_links":{"self":[{"href":"https:\/\/cambiodelona.com\/de\/wp-json\/wp\/v2\/product\/22697","targetHints":{"allow":["GET"]}}],"collection":[{"href":"https:\/\/cambiodelona.com\/de\/wp-json\/wp\/v2\/product"}],"about":[{"href":"https:\/\/cambiodelona.com\/de\/wp-json\/wp\/v2\/types\/product"}],"replies":[{"embeddable":true,"href":"https:\/\/cambiodelona.com\/de\/wp-json\/wp\/v2\/comments?post=22697"}],"wp:featuredmedia":[{"embeddable":true,"href":"https:\/\/cambiodelona.com\/de\/wp-json\/wp\/v2\/media\/22698"}],"wp:attachment":[{"href":"https:\/\/cambiodelona.com\/de\/wp-json\/wp\/v2\/media?parent=22697"}],"wp:term":[{"taxonomy":"product_cat","embeddable":true,"href":"https:\/\/cambiodelona.com\/de\/wp-json\/wp\/v2\/product_cat?post=22697"},{"taxonomy":"product_tag","embeddable":true,"href":"https:\/\/cambiodelona.com\/de\/wp-json\/wp\/v2\/product_tag?post=22697"}],"curies":[{"name":"wp","href":"https:\/\/api.w.org\/{rel}","templated":true}]}}