{"id":8881,"date":"2023-05-29T08:19:26","date_gmt":"2023-05-29T06:19:26","guid":{"rendered":"https:\/\/cambiodelona.com\/faq\/"},"modified":"2025-11-18T17:49:25","modified_gmt":"2025-11-18T15:49:25","slug":"faq","status":"publish","type":"page","link":"https:\/\/cambiodelona.com\/fr\/faq\/","title":{"rendered":"FAQ"},"content":{"rendered":"\t\t<div data-elementor-type=\"wp-page\" data-elementor-id=\"8881\" class=\"elementor elementor-8881 elementor-8698\">\n\t\t\t\t\t\t<section class=\"elementor-section elementor-top-section elementor-element elementor-element-53c4c182 elementor-section-boxed elementor-section-height-default elementor-section-height-default\" data-id=\"53c4c182\" data-element_type=\"section\" data-e-type=\"section\">\n\t\t\t\t\t\t<div class=\"elementor-container elementor-column-gap-default\">\n\t\t\t\t\t<div class=\"elementor-column elementor-col-100 elementor-top-column elementor-element elementor-element-4f74371c\" data-id=\"4f74371c\" data-element_type=\"column\" data-e-type=\"column\">\n\t\t\t<div class=\"elementor-widget-wrap elementor-element-populated\">\n\t\t\t\t\t\t<div class=\"elementor-element elementor-element-4efe109e elementor-widget elementor-widget-text-editor\" data-id=\"4efe109e\" data-element_type=\"widget\" data-e-type=\"widget\" data-widget_type=\"text-editor.default\">\n\t\t\t\t<div class=\"elementor-widget-container\">\n\t\t\t\t\t\t\t\t\t<h1>Questions Fr\u00e9quentes<\/h1>\t\t\t\t\t\t\t\t<\/div>\n\t\t\t\t<\/div>\n\t\t\t\t\t<\/div>\n\t\t<\/div>\n\t\t\t\t\t<\/div>\n\t\t<\/section>\n\t\t\t\t<section class=\"elementor-section elementor-top-section elementor-element elementor-element-4f3dc30 elementor-section-boxed elementor-section-height-default elementor-section-height-default\" data-id=\"4f3dc30\" data-element_type=\"section\" data-e-type=\"section\">\n\t\t\t\t\t\t<div class=\"elementor-container elementor-column-gap-default\">\n\t\t\t\t\t<div class=\"elementor-column elementor-col-100 elementor-top-column elementor-element elementor-element-644cd29\" data-id=\"644cd29\" data-element_type=\"column\" data-e-type=\"column\">\n\t\t\t<div class=\"elementor-widget-wrap elementor-element-populated\">\n\t\t\t\t\t\t<div class=\"elementor-element elementor-element-7c44efb elementor-widget elementor-widget-lps\" data-id=\"7c44efb\" data-element_type=\"widget\" data-e-type=\"widget\" data-widget_type=\"lps.default\">\n\t\t\t\t<div class=\"elementor-widget-container\">\n\t\t\t\t\t\t\t<div class=\"elementor-shortcode\"><section class=\"latest-post-selection one-column h-info-image has-shadow has-radius content-space-between ver2\" id=\"lps-c8d1227ab8ee1c2fd6fea04eb23db694\" style=\"\"><article class=\"post-14942 post type-post status-publish format-standard hentry category-faq-fr has-link\" data-lps-id=\"14942\"><div class=\"article__info\"><h3 class=\"item-title-tag\"><a href=\"https:\/\/cambiodelona.com\/fr\/instructions-de-montage-de-votre-toile-de-store\/\" class=\"main-link\" title=\"Instructions de montage de votre toile de store.\">Instructions de montage de votre toile de store.<\/a><\/h3><div class=\"item-text\"><\/div><span class=\"read-more\">Leer m\u00e1s<\/span><\/div><\/article><article class=\"post-8892 post type-post status-publish format-standard hentry category-faq-fr has-link\" data-lps-id=\"8892\"><div class=\"article__info\"><h3 class=\"item-title-tag\"><a href=\"https:\/\/cambiodelona.com\/fr\/quel-est-le-delai-de-livraison\/\" class=\"main-link\" title=\"Quel est le d\u00e9lai de livraison?\">Quel est le d\u00e9lai de livraison?<\/a><\/h3><div class=\"item-text\"><\/div><span class=\"read-more\">Leer m\u00e1s<\/span><\/div><\/article><article class=\"post-8877 post type-post status-publish format-standard hentry category-faq-fr has-link\" data-lps-id=\"8877\"><div class=\"article__info\"><h3 class=\"item-title-tag\"><a href=\"https:\/\/cambiodelona.com\/fr\/quel-est-lhoraire-dattention-au-client\/\" class=\"main-link\" title=\"Quels sont les horaires de notre service client ?\">Quels sont les horaires de notre service client ?<\/a><\/h3><div class=\"item-text\"><\/div><span class=\"read-more\">Leer m\u00e1s<\/span><\/div><\/article><article class=\"post-8848 post type-post status-publish format-standard hentry category-faq-fr has-link\" data-lps-id=\"8848\"><div class=\"article__info\"><h3 class=\"item-title-tag\"><a href=\"https:\/\/cambiodelona.com\/fr\/votre-toile-a-quelques-defauts-visuels-ou-esthetiques\/\" class=\"main-link\" title=\"Ma toile de store a quelques d\u00e9fauts visuels ou esth\u00e9tiques, est-ce normal ?\">Ma toile de store a quelques d\u00e9fauts visuels ou esth\u00e9tiques, est-ce normal ?<\/a><\/h3><div class=\"item-text\"><\/div><span class=\"read-more\">Leer m\u00e1s<\/span><\/div><\/article><article class=\"post-8838 post type-post status-publish format-standard hentry category-faq-fr has-link\" data-lps-id=\"8838\"><div class=\"article__info\"><h3 class=\"item-title-tag\"><a href=\"https:\/\/cambiodelona.com\/fr\/quelles-mesures-dois-je-prendre-pour-acheter-une-nouvelle-toile-de-store\/\" class=\"main-link\" title=\"Quelles mesures dois-je prendre pour configurer correctement ma toile de store ?\">Quelles mesures dois-je prendre pour configurer correctement ma toile de store ?<\/a><\/h3><div class=\"item-text\"><\/div><span class=\"read-more\">Leer m\u00e1s<\/span><\/div><\/article><article class=\"post-8818 post type-post status-publish format-standard has-post-thumbnail hentry category-faq-fr has-link\" data-lps-id=\"8818\"><div class=\"article__info\"><h3 class=\"item-title-tag\"><a href=\"https:\/\/cambiodelona.com\/fr\/vous-rencontrez-des-problemes-pour-installer-votre-nouvelle-toile-de-store\/\" class=\"main-link\" title=\"Des difficult\u00e9s \u00e0 installer votre nouvelle toile de store ? Nous vous aidons \u00e9tape par \u00e9tape !\">Des difficult\u00e9s \u00e0 installer votre nouvelle toile de store ? Nous vous aidons \u00e9tape par \u00e9tape !<\/a><\/h3><div class=\"item-text\"><p>Des difficult\u00e9s \u00e0 installer votre nouvelle toile de store ? Nous vous aidons \u00e9tape par \u00e9tape ! \u00c9conomisez de l&rsquo;argent et profitez d&rsquo;un r\u00e9sultat professionnel.  <\/p>\n<\/div><span class=\"read-more\">Leer m\u00e1s<\/span><\/div><\/article><article class=\"post-8805 post type-post status-publish format-standard hentry category-faq category-faq-fr has-link\" data-lps-id=\"8805\"><div class=\"article__info\"><h3 class=\"item-title-tag\"><a href=\"https:\/\/cambiodelona.com\/fr\/vous-ne-trouvez-pas-votre-toile-de-store\/\" class=\"main-link\" title=\"Vous ne trouvez pas la r\u00e9f\u00e9rence de votre toile ? Nous vous aidons !\">Vous ne trouvez pas la r\u00e9f\u00e9rence de votre toile ? Nous vous aidons !<\/a><\/h3><div class=\"item-text\"><\/div><span class=\"read-more\">Leer m\u00e1s<\/span><\/div><\/article><article class=\"post-8784 post type-post status-publish format-standard hentry category-faq-fr has-link\" data-lps-id=\"8784\"><div class=\"article__info\"><h3 class=\"item-title-tag\"><a href=\"https:\/\/cambiodelona.com\/fr\/comment-prendre-les-mesures-du-tissu-de-votre-store\/\" class=\"main-link\" title=\"Comment prendre les mesures de votre toile de store ?\">Comment prendre les mesures de votre toile de store ?<\/a><\/h3><div class=\"item-text\"><\/div><span class=\"read-more\">Leer m\u00e1s<\/span><\/div><\/article><\/section><div class=\"clear\"><\/div><\/div>\n\t\t\t\t\t\t<\/div>\n\t\t\t\t<\/div>\n\t\t\t\t<div class=\"elementor-element elementor-element-108d7c9 elementor-widget elementor-widget-text-editor\" data-id=\"108d7c9\" data-element_type=\"widget\" data-e-type=\"widget\" data-widget_type=\"text-editor.default\">\n\t\t\t\t<div class=\"elementor-widget-container\">\n\t\t\t\t\t\t\t\t\t<section class=\"elementor-section elementor-top-section elementor-element elementor-element-46a5f7b elementor-section-boxed elementor-section-height-default elementor-section-height-default\" data-id=\"46a5f7b\" data-element_type=\"section\">\n<div class=\"elementor-container elementor-column-gap-default\">\n<div class=\"elementor-column elementor-col-100 elementor-top-column elementor-element elementor-element-7fec4bb\" data-id=\"7fec4bb\" data-element_type=\"column\">\n<div class=\"elementor-widget-wrap elementor-element-populated\">\n<div class=\"elementor-element elementor-element-52c2d66 elementor-widget elementor-widget-image\" data-id=\"52c2d66\" data-element_type=\"widget\" data-widget_type=\"image.default\">\n<div class=\"elementor-widget-container\"><img fetchpriority=\"high\" decoding=\"async\" class=\"attachment-medium size-medium wp-image-14887 aligncenter\" src=\"https:\/\/cambiodelona.com\/wp-content\/uploads\/2023\/11\/Transparente-300x186.png\" sizes=\"(max-width: 300px) 100vw, 300px\" srcset=\"https:\/\/cambiodelona.com\/wp-content\/uploads\/2023\/11\/Transparente-300x186.png 300w, https:\/\/cambiodelona.com\/wp-content\/uploads\/2023\/11\/Transparente-1024x635.png 1024w, https:\/\/cambiodelona.com\/wp-content\/uploads\/2023\/11\/Transparente-768x476.png 768w, https:\/\/cambiodelona.com\/wp-content\/uploads\/2023\/11\/Transparente-1536x952.png 1536w, https:\/\/cambiodelona.com\/wp-content\/uploads\/2023\/11\/Transparente-2048x1269.png 2048w, https:\/\/cambiodelona.com\/wp-content\/uploads\/2023\/11\/Transparente-600x372.png 600w\" alt=\"\" width=\"300\" height=\"186\" \/><\/div>\n<\/div>\n<\/div>\n<\/div>\n<\/div>\n<\/section>\n<section class=\"elementor-section elementor-top-section elementor-element elementor-element-057bd3f elementor-section-boxed elementor-section-height-default elementor-section-height-default\" data-id=\"057bd3f\" data-element_type=\"section\">\n<div class=\"elementor-container elementor-column-gap-default\">\n<div class=\"elementor-column elementor-col-100 elementor-top-column elementor-element elementor-element-b946fb1\" data-id=\"b946fb1\" data-element_type=\"column\">\n<div class=\"elementor-widget-wrap elementor-element-populated\">\n<div class=\"elementor-element elementor-element-2f3f525 elementor-widget elementor-widget-text-editor\" data-id=\"2f3f525\" data-element_type=\"widget\" data-widget_type=\"text-editor.default\">\n<div class=\"elementor-widget-container\">\n<h2 class=\"wp-block-heading has-text-align-center\" style=\"text-align: center;\"><strong>(+33) 749 70 24 82<\/strong><\/h2>\n<h2 class=\"wp-block-heading has-text-align-center\" style=\"text-align: center;\"><a href=\"mailto:web@cambiodelona.com\">web@matoiledestore.com<\/a><\/h2>\n<\/div>\n<\/div>\n<\/div>\n<\/div>\n<\/div>\n<\/section>\t\t\t\t\t\t\t\t<\/div>\n\t\t\t\t<\/div>\n\t\t\t\t\t<\/div>\n\t\t<\/div>\n\t\t\t\t\t<\/div>\n\t\t<\/section>\n\t\t\t\t<\/div>\n\t\t","protected":false},"excerpt":{"rendered":"<p>Questions Fr\u00e9quentes (+33) 749 70 24 82 web@matoiledestore.com<\/p>\n","protected":false},"author":1,"featured_media":0,"parent":0,"menu_order":0,"comment_status":"closed","ping_status":"closed","template":"","meta":{"site-sidebar-layout":"default","site-content-layout":"default","ast-global-header-display":"","ast-main-header-display":"","ast-hfb-above-header-display":"","ast-hfb-below-header-display":"","ast-hfb-mobile-header-display":"","site-post-title":"disabled","ast-breadcrumbs-content":"","ast-featured-img":"","footer-sml-layout":"","theme-transparent-header-meta":"","adv-header-id-meta":"","stick-header-meta":"","header-above-stick-meta":"","header-main-stick-meta":"","header-below-stick-meta":"","footnotes":""},"class_list":["post-8881","page","type-page","status-publish","hentry"],"yoast_head":"<!-- This site is optimized with the Yoast SEO Premium plugin v21.2 (Yoast SEO v21.2) - https:\/\/yoast.com\/wordpress\/plugins\/seo\/ -->\n<title>FAQ - Questions Fr\u00e9quentes<\/title>\n<meta name=\"description\" content=\"FAQ. Trouvez votre toile id\u00e9ale, r\u00e9solvez vos doutes avec notre aide experte. Consultez les horaires d&#039;ouverture et les d\u00e9lais de livraison. Mesurez, installez !\" \/>\n<meta name=\"robots\" content=\"index, follow, max-snippet:-1, max-image-preview:large, max-video-preview:-1\" \/>\n<link rel=\"canonical\" href=\"https:\/\/cambiodelona.com\/fr\/faq\/\" \/>\n<meta property=\"og:locale\" content=\"fr_FR\" \/>\n<meta property=\"og:type\" content=\"article\" \/>\n<meta property=\"og:title\" content=\"FAQ\" \/>\n<meta property=\"og:description\" content=\"FAQ. Trouvez votre toile id\u00e9ale, r\u00e9solvez vos doutes avec notre aide experte. Consultez les horaires d&#039;ouverture et les d\u00e9lais de livraison. Mesurez, installez !\" \/>\n<meta property=\"og:url\" content=\"https:\/\/cambiodelona.com\/fr\/faq\/\" \/>\n<meta property=\"og:site_name\" content=\"Cambiodelona\" \/>\n<meta property=\"article:publisher\" content=\"https:\/\/www.facebook.com\/cambiodelona.web\" \/>\n<meta property=\"article:modified_time\" content=\"2025-11-18T15:49:25+00:00\" \/>\n<meta property=\"og:image\" content=\"https:\/\/cambiodelona.com\/wp-content\/uploads\/2023\/11\/Transparente-300x186.png\" \/>\n<meta name=\"twitter:card\" content=\"summary_large_image\" \/>\n<meta name=\"twitter:label1\" content=\"Dur\u00e9e de lecture estim\u00e9e\" \/>\n\t<meta name=\"twitter:data1\" content=\"1 minute\" \/>\n<script type=\"application\/ld+json\" class=\"yoast-schema-graph\">{\"@context\":\"https:\/\/schema.org\",\"@graph\":[{\"@type\":\"WebPage\",\"@id\":\"https:\/\/cambiodelona.com\/fr\/faq\/\",\"url\":\"https:\/\/cambiodelona.com\/fr\/faq\/\",\"name\":\"FAQ - Questions Fr\u00e9quentes\",\"isPartOf\":{\"@id\":\"https:\/\/cambiodelona.com\/#website\"},\"datePublished\":\"2023-05-29T06:19:26+00:00\",\"dateModified\":\"2025-11-18T15:49:25+00:00\",\"description\":\"FAQ. Trouvez votre toile id\u00e9ale, r\u00e9solvez vos doutes avec notre aide experte. Consultez les horaires d'ouverture et les d\u00e9lais de livraison. Mesurez, installez !\",\"breadcrumb\":{\"@id\":\"https:\/\/cambiodelona.com\/fr\/faq\/#breadcrumb\"},\"inLanguage\":\"fr-FR\",\"potentialAction\":[{\"@type\":\"ReadAction\",\"target\":[\"https:\/\/cambiodelona.com\/fr\/faq\/\"]}]},{\"@type\":\"BreadcrumbList\",\"@id\":\"https:\/\/cambiodelona.com\/fr\/faq\/#breadcrumb\",\"itemListElement\":[{\"@type\":\"ListItem\",\"position\":1,\"name\":\"Portada\",\"item\":\"https:\/\/cambiodelona.com\/fr\/accueil\/\"},{\"@type\":\"ListItem\",\"position\":2,\"name\":\"FAQ\"}]},{\"@type\":\"WebSite\",\"@id\":\"https:\/\/cambiodelona.com\/#website\",\"url\":\"https:\/\/cambiodelona.com\/\",\"name\":\"Cambiodelona.com\",\"description\":\"Nuevo portal especializado en la venta en l\u00ednea de productos confeccionados a medida para todo tipo de sistemas de protecci\u00f3n solar\",\"publisher\":{\"@id\":\"https:\/\/cambiodelona.com\/#organization\"},\"alternateName\":\"Cambio de lona\",\"potentialAction\":[{\"@type\":\"SearchAction\",\"target\":{\"@type\":\"EntryPoint\",\"urlTemplate\":\"https:\/\/cambiodelona.com\/?s={search_term_string}\"},\"query-input\":\"required name=search_term_string\"}],\"inLanguage\":\"fr-FR\"},{\"@type\":\"Organization\",\"@id\":\"https:\/\/cambiodelona.com\/#organization\",\"name\":\"Cambio de lona S. L.\",\"url\":\"https:\/\/cambiodelona.com\/\",\"logo\":{\"@type\":\"ImageObject\",\"inLanguage\":\"fr-FR\",\"@id\":\"https:\/\/cambiodelona.com\/#\/schema\/logo\/image\/\",\"url\":\"https:\/\/cambiodelona.com\/wp-content\/uploads\/2025\/05\/cambiodelona-fr-v2.webp\",\"contentUrl\":\"https:\/\/cambiodelona.com\/wp-content\/uploads\/2025\/05\/cambiodelona-fr-v2.webp\",\"width\":800,\"height\":439,\"caption\":\"Cambio de lona S. L.\"},\"image\":{\"@id\":\"https:\/\/cambiodelona.com\/#\/schema\/logo\/image\/\"},\"sameAs\":[\"https:\/\/www.facebook.com\/cambiodelona.web\",\"https:\/\/www.instagram.com\/cambiodelona\/\"]}]}<\/script>\n<!-- \/ Yoast SEO Premium plugin. -->","yoast_head_json":{"title":"FAQ - Questions Fr\u00e9quentes","description":"FAQ. Trouvez votre toile id\u00e9ale, r\u00e9solvez vos doutes avec notre aide experte. Consultez les horaires d'ouverture et les d\u00e9lais de livraison. Mesurez, installez !","robots":{"index":"index","follow":"follow","max-snippet":"max-snippet:-1","max-image-preview":"max-image-preview:large","max-video-preview":"max-video-preview:-1"},"canonical":"https:\/\/cambiodelona.com\/fr\/faq\/","og_locale":"fr_FR","og_type":"article","og_title":"FAQ","og_description":"FAQ. Trouvez votre toile id\u00e9ale, r\u00e9solvez vos doutes avec notre aide experte. Consultez les horaires d'ouverture et les d\u00e9lais de livraison. Mesurez, installez !","og_url":"https:\/\/cambiodelona.com\/fr\/faq\/","og_site_name":"Cambiodelona","article_publisher":"https:\/\/www.facebook.com\/cambiodelona.web","article_modified_time":"2025-11-18T15:49:25+00:00","og_image":[{"url":"https:\/\/cambiodelona.com\/wp-content\/uploads\/2023\/11\/Transparente-300x186.png"}],"twitter_card":"summary_large_image","twitter_misc":{"Dur\u00e9e de lecture estim\u00e9e":"1 minute"},"schema":{"@context":"https:\/\/schema.org","@graph":[{"@type":"WebPage","@id":"https:\/\/cambiodelona.com\/fr\/faq\/","url":"https:\/\/cambiodelona.com\/fr\/faq\/","name":"FAQ - Questions Fr\u00e9quentes","isPartOf":{"@id":"https:\/\/cambiodelona.com\/#website"},"datePublished":"2023-05-29T06:19:26+00:00","dateModified":"2025-11-18T15:49:25+00:00","description":"FAQ. Trouvez votre toile id\u00e9ale, r\u00e9solvez vos doutes avec notre aide experte. Consultez les horaires d'ouverture et les d\u00e9lais de livraison. Mesurez, installez !","breadcrumb":{"@id":"https:\/\/cambiodelona.com\/fr\/faq\/#breadcrumb"},"inLanguage":"fr-FR","potentialAction":[{"@type":"ReadAction","target":["https:\/\/cambiodelona.com\/fr\/faq\/"]}]},{"@type":"BreadcrumbList","@id":"https:\/\/cambiodelona.com\/fr\/faq\/#breadcrumb","itemListElement":[{"@type":"ListItem","position":1,"name":"Portada","item":"https:\/\/cambiodelona.com\/fr\/accueil\/"},{"@type":"ListItem","position":2,"name":"FAQ"}]},{"@type":"WebSite","@id":"https:\/\/cambiodelona.com\/#website","url":"https:\/\/cambiodelona.com\/","name":"Cambiodelona.com","description":"Nuevo portal especializado en la venta en l\u00ednea de productos confeccionados a medida para todo tipo de sistemas de protecci\u00f3n solar","publisher":{"@id":"https:\/\/cambiodelona.com\/#organization"},"alternateName":"Cambio de lona","potentialAction":[{"@type":"SearchAction","target":{"@type":"EntryPoint","urlTemplate":"https:\/\/cambiodelona.com\/?s={search_term_string}"},"query-input":"required name=search_term_string"}],"inLanguage":"fr-FR"},{"@type":"Organization","@id":"https:\/\/cambiodelona.com\/#organization","name":"Cambio de lona S. L.","url":"https:\/\/cambiodelona.com\/","logo":{"@type":"ImageObject","inLanguage":"fr-FR","@id":"https:\/\/cambiodelona.com\/#\/schema\/logo\/image\/","url":"https:\/\/cambiodelona.com\/wp-content\/uploads\/2025\/05\/cambiodelona-fr-v2.webp","contentUrl":"https:\/\/cambiodelona.com\/wp-content\/uploads\/2025\/05\/cambiodelona-fr-v2.webp","width":800,"height":439,"caption":"Cambio de lona S. L."},"image":{"@id":"https:\/\/cambiodelona.com\/#\/schema\/logo\/image\/"},"sameAs":["https:\/\/www.facebook.com\/cambiodelona.web","https:\/\/www.instagram.com\/cambiodelona\/"]}]}},"_links":{"self":[{"href":"https:\/\/cambiodelona.com\/fr\/wp-json\/wp\/v2\/pages\/8881","targetHints":{"allow":["GET"]}}],"collection":[{"href":"https:\/\/cambiodelona.com\/fr\/wp-json\/wp\/v2\/pages"}],"about":[{"href":"https:\/\/cambiodelona.com\/fr\/wp-json\/wp\/v2\/types\/page"}],"author":[{"embeddable":true,"href":"https:\/\/cambiodelona.com\/fr\/wp-json\/wp\/v2\/users\/1"}],"replies":[{"embeddable":true,"href":"https:\/\/cambiodelona.com\/fr\/wp-json\/wp\/v2\/comments?post=8881"}],"version-history":[{"count":15,"href":"https:\/\/cambiodelona.com\/fr\/wp-json\/wp\/v2\/pages\/8881\/revisions"}],"predecessor-version":[{"id":22336,"href":"https:\/\/cambiodelona.com\/fr\/wp-json\/wp\/v2\/pages\/8881\/revisions\/22336"}],"wp:attachment":[{"href":"https:\/\/cambiodelona.com\/fr\/wp-json\/wp\/v2\/media?parent=8881"}],"curies":[{"name":"wp","href":"https:\/\/api.w.org\/{rel}","templated":true}]}}