{"id":13384,"date":"2023-06-22T12:25:56","date_gmt":"2023-06-22T10:25:56","guid":{"rendered":"https:\/\/cambiodelona.com\/producto\/bambalina\/"},"modified":"2025-10-01T13:19:41","modified_gmt":"2025-10-01T11:19:41","slug":"lambrequin-seul","status":"publish","type":"product","link":"https:\/\/cambiodelona.com\/fr\/producto\/lambrequin-seul\/","title":{"rendered":"Lambrequin seul"},"content":{"rendered":"<h2><strong>Vous souhaitez uniquement remplacer le lambrequin de votre toile de store ?<\/strong><\/h2>\n<h2><strong>C&rsquo;est \u00e9galement possible !<\/strong><\/h2>\n<p>Votre toile de store est en tr\u00e8s bon \u00e9tat, le lambrequin est ab\u00eem\u00e9 et d\u00e9chir\u00e9, il est temps de le remplacer.<\/p>\n<h2>Qu&rsquo;est-ce qu&rsquo;un lambrequin et pouvons-nous changer uniquement cet \u00e9l\u00e9ment ?<\/h2>\n<p>Le lambrequin est la petite pi\u00e8ce de tissu qui pend sous la barre de charge, \u00e9galement appel\u00e9e \u00ab\u00a0jupe\u00a0\u00bb, et dont la fonction est de nous prot\u00e9ger du soleil rasant le matin ou en fin de journ\u00e9e selon l&rsquo;exposition de votre store.<\/p>\n<h2>Types d&rsquo;attaches du lambrequin :<\/h2>\n<ul>\n<li><strong>Fixation avec <a href=\"https:\/\/cambiodelona.com\/fr\/quest-ce-quun-jonc\/\">jonc <\/a><\/strong>:<br \/>\nLe lambrequin est une pi\u00e8ce enti\u00e8rement ind\u00e9pendante de la toile du store lorsqu&rsquo;elle est fix\u00e9e avec un jonc. Il est tr\u00e8s facile \u00e0 changer, car il est \u00e9galement \u00e9quip\u00e9 de ce jonc sur la partie sup\u00e9rieure.<br \/>\nPour la retirer, il suffit de d\u00e9visser la petite vis situ\u00e9e sur le c\u00f4t\u00e9 de la barre de charge et de faire glisser le lambrequin pour l&rsquo;enlever.<\/li>\n<li><strong>Fixation avec des clips :<\/strong><br \/>\nIl suffit de tirer fortement pour retirer les agrafes de leur logement.<\/p>\n<p>Pour installer le nouveau lambrequin, nous utiliserons les m\u00eames clips en per\u00e7ant un trou dans le tissu tout en en pressionnant dans le trou.<\/li>\n<\/ul>\n<h2><strong>Les diff\u00e9rentes formes de lambrequin :<\/strong><\/h2>\n<ul>\n<li><strong>Option 1 :<\/strong><br \/>\nIl s&rsquo;agit de vagues avec une pointe prononc\u00e9e entre chaque vague.<\/li>\n<li><strong>Option 2<\/strong> (Standard):<br \/>\nCe sont des vagues douces, la finition standard que nous voyons depuis des ann\u00e9es.<\/li>\n<li><strong>Option 4<\/strong> :<br \/>\nIl s&rsquo;agit d&rsquo;une vague suivie d&rsquo;une coupe droite.<\/li>\n<li><strong>Vague Ch\u00e2teau :<\/strong><br \/>\nUn style tr\u00e8s particulier qui nous rappelle le Moyen \u00c2ge.<\/li>\n<li><strong>Forme droite avec biais<\/strong>, ou <strong> avec ourlet sans biais<\/strong> :<br \/>\nPour un style plus contemporain qui se traduit toujours par des lignes droites ou des formes carr\u00e9es.<\/li>\n<\/ul>\n<h2><strong><span class=\"notion-enable-hover\" data-token-index=\"0\"><span role=\"img\" aria-label=\"\ud83d\udca1\">\ud83d\udca1<\/span><\/span> Conseil du professionnel :<\/strong><\/h2>\n<p>Vous souhaitez uniquement remplacer le lambrequin de votre toile de store ? Pour donner une nouvelle touche de modernit\u00e9 \u00e0 votre ext\u00e9rieur, optez pour un <strong>lambrequin de Forme Droite avec Ourlet (sans biais)<\/strong>. Sans aucun doute, le petit ourlet est la finition parfaite.<\/p>\n<p>Toujours expos\u00e9e aux \u00e9l\u00e9ments, qu&rsquo;il s&rsquo;agisse de pluie, de vent ou de neige, le lambrequin s&rsquo;use tr\u00e8s rapidement. C&rsquo;est le biais qui c\u00e8de toujours en premier, il se d\u00e9coud puis il pend au fil du vent laissant un air d&rsquo;abandon \u00e0 notre store banne pourtant en bon \u00e9tat&#8230;<\/p>\n","protected":false},"excerpt":{"rendered":"<h1>Lambrequin seul<\/h1>\n<p>Le lambrequin est le petit morceau de tissu qui pend sous la barre de charge du store.<br \/>\nIl est fix\u00e9 avec un jonc ou des clips.<br \/>\nIl existe diff\u00e9rentes formes telles que la vague 1, la vague 2, la vague 4, la vague ch\u00e2teau et la vague droite avec ou sans biais.<br \/>\nIl est recommand\u00e9 d&rsquo;utiliser un lambrequin de Forme Droite avec Ourlet (sans biais) pour donner au store un aspect moderne.<\/p>\n","protected":false},"featured_media":13396,"comment_status":"closed","ping_status":"closed","template":"","meta":{"site-sidebar-layout":"default","site-content-layout":"default","ast-global-header-display":"","ast-main-header-display":"","ast-hfb-above-header-display":"","ast-hfb-below-header-display":"","ast-hfb-mobile-header-display":"","site-post-title":"","ast-breadcrumbs-content":"","ast-featured-img":"","footer-sml-layout":"","theme-transparent-header-meta":"default","adv-header-id-meta":"","stick-header-meta":"","header-above-stick-meta":"","header-main-stick-meta":"","header-below-stick-meta":""},"product_cat":[],"product_tag":[],"class_list":["post-13384","product","type-product","status-publish","has-post-thumbnail","hentry","product_shipping_class-messagerie","desktop-align-left","tablet-align-left","mobile-align-left"],"yoast_head":"<!-- This site is optimized with the Yoast SEO Premium plugin v21.2 (Yoast SEO v21.2) - https:\/\/yoast.com\/wordpress\/plugins\/seo\/ -->\n<title>Lambrequin seul - Cambiodelona<\/title>\n<meta name=\"description\" content=\"Remplacez facilement le lambrequin de votre store. Choix de formes, fixation par jonc ou clips, pour prot\u00e9ger du soleil et moderniser votre ext\u00e9rieur.\" \/>\n<meta name=\"robots\" content=\"index, follow, max-snippet:-1, max-image-preview:large, max-video-preview:-1\" \/>\n<link rel=\"canonical\" href=\"https:\/\/cambiodelona.com\/fr\/producto\/lambrequin-seul\/\" \/>\n<meta property=\"og:locale\" content=\"fr_FR\" \/>\n<meta property=\"og:type\" content=\"article\" \/>\n<meta property=\"og:title\" content=\"Lambrequin seul\" \/>\n<meta property=\"og:description\" content=\"Remplacez facilement le lambrequin de votre store. Choix de formes, fixation par jonc ou clips, pour prot\u00e9ger du soleil et moderniser votre ext\u00e9rieur.\" \/>\n<meta property=\"og:url\" content=\"https:\/\/cambiodelona.com\/fr\/producto\/lambrequin-seul\/\" \/>\n<meta property=\"og:site_name\" content=\"Cambiodelona\" \/>\n<meta property=\"article:publisher\" content=\"https:\/\/www.facebook.com\/cambiodelona.web\" \/>\n<meta property=\"article:modified_time\" content=\"2025-10-01T11:19:41+00:00\" \/>\n<meta property=\"og:image\" content=\"https:\/\/cambiodelona.com\/wp-content\/uploads\/2023\/07\/bambalina-es.png\" \/>\n\t<meta property=\"og:image:width\" content=\"834\" \/>\n\t<meta property=\"og:image:height\" content=\"99\" \/>\n\t<meta property=\"og:image:type\" content=\"image\/png\" \/>\n<meta name=\"twitter:card\" content=\"summary_large_image\" \/>\n<meta name=\"twitter:label1\" content=\"Dur\u00e9e de lecture estim\u00e9e\" \/>\n\t<meta name=\"twitter:data1\" content=\"2 minutes\" \/>\n<script type=\"application\/ld+json\" class=\"yoast-schema-graph\">{\"@context\":\"https:\/\/schema.org\",\"@graph\":[{\"@type\":\"WebPage\",\"@id\":\"https:\/\/cambiodelona.com\/fr\/producto\/lambrequin-seul\/\",\"url\":\"https:\/\/cambiodelona.com\/fr\/producto\/lambrequin-seul\/\",\"name\":\"Lambrequin seul - Cambiodelona\",\"isPartOf\":{\"@id\":\"https:\/\/cambiodelona.com\/#website\"},\"datePublished\":\"2023-06-22T10:25:56+00:00\",\"dateModified\":\"2025-10-01T11:19:41+00:00\",\"description\":\"Remplacez facilement le lambrequin de votre store. Choix de formes, fixation par jonc ou clips, pour prot\u00e9ger du soleil et moderniser votre ext\u00e9rieur.\",\"breadcrumb\":{\"@id\":\"https:\/\/cambiodelona.com\/fr\/producto\/lambrequin-seul\/#breadcrumb\"},\"inLanguage\":\"fr-FR\",\"potentialAction\":[{\"@type\":\"ReadAction\",\"target\":[\"https:\/\/cambiodelona.com\/fr\/producto\/lambrequin-seul\/\"]}]},{\"@type\":\"BreadcrumbList\",\"@id\":\"https:\/\/cambiodelona.com\/fr\/producto\/lambrequin-seul\/#breadcrumb\",\"itemListElement\":[{\"@type\":\"ListItem\",\"position\":1,\"name\":\"Portada\",\"item\":\"https:\/\/cambiodelona.com\/fr\/accueil\/\"},{\"@type\":\"ListItem\",\"position\":2,\"name\":\"Boutique en ligne\",\"item\":\"https:\/\/cambiodelona.com\/fr\/boutique\/\"},{\"@type\":\"ListItem\",\"position\":3,\"name\":\"Lambrequin seul\"}]},{\"@type\":\"WebSite\",\"@id\":\"https:\/\/cambiodelona.com\/#website\",\"url\":\"https:\/\/cambiodelona.com\/\",\"name\":\"Cambiodelona.com\",\"description\":\"Nuevo portal especializado en la venta en l\u00ednea de productos confeccionados a medida para todo tipo de sistemas de protecci\u00f3n solar\",\"publisher\":{\"@id\":\"https:\/\/cambiodelona.com\/#organization\"},\"alternateName\":\"Cambio de lona\",\"potentialAction\":[{\"@type\":\"SearchAction\",\"target\":{\"@type\":\"EntryPoint\",\"urlTemplate\":\"https:\/\/cambiodelona.com\/?s={search_term_string}\"},\"query-input\":\"required name=search_term_string\"}],\"inLanguage\":\"fr-FR\"},{\"@type\":\"Organization\",\"@id\":\"https:\/\/cambiodelona.com\/#organization\",\"name\":\"Cambio de lona S. L.\",\"url\":\"https:\/\/cambiodelona.com\/\",\"logo\":{\"@type\":\"ImageObject\",\"inLanguage\":\"fr-FR\",\"@id\":\"https:\/\/cambiodelona.com\/#\/schema\/logo\/image\/\",\"url\":\"https:\/\/cambiodelona.com\/wp-content\/uploads\/2025\/05\/cambiodelona-fr-v2.webp\",\"contentUrl\":\"https:\/\/cambiodelona.com\/wp-content\/uploads\/2025\/05\/cambiodelona-fr-v2.webp\",\"width\":800,\"height\":439,\"caption\":\"Cambio de lona S. L.\"},\"image\":{\"@id\":\"https:\/\/cambiodelona.com\/#\/schema\/logo\/image\/\"},\"sameAs\":[\"https:\/\/www.facebook.com\/cambiodelona.web\",\"https:\/\/www.instagram.com\/cambiodelona\/\"]}]}<\/script>\n<!-- \/ Yoast SEO Premium plugin. -->","yoast_head_json":{"title":"Lambrequin seul - Cambiodelona","description":"Remplacez facilement le lambrequin de votre store. Choix de formes, fixation par jonc ou clips, pour prot\u00e9ger du soleil et moderniser votre ext\u00e9rieur.","robots":{"index":"index","follow":"follow","max-snippet":"max-snippet:-1","max-image-preview":"max-image-preview:large","max-video-preview":"max-video-preview:-1"},"canonical":"https:\/\/cambiodelona.com\/fr\/producto\/lambrequin-seul\/","og_locale":"fr_FR","og_type":"article","og_title":"Lambrequin seul","og_description":"Remplacez facilement le lambrequin de votre store. Choix de formes, fixation par jonc ou clips, pour prot\u00e9ger du soleil et moderniser votre ext\u00e9rieur.","og_url":"https:\/\/cambiodelona.com\/fr\/producto\/lambrequin-seul\/","og_site_name":"Cambiodelona","article_publisher":"https:\/\/www.facebook.com\/cambiodelona.web","article_modified_time":"2025-10-01T11:19:41+00:00","og_image":[{"width":834,"height":99,"url":"https:\/\/cambiodelona.com\/wp-content\/uploads\/2023\/07\/bambalina-es.png","type":"image\/png"}],"twitter_card":"summary_large_image","twitter_misc":{"Dur\u00e9e de lecture estim\u00e9e":"2 minutes"},"schema":{"@context":"https:\/\/schema.org","@graph":[{"@type":"WebPage","@id":"https:\/\/cambiodelona.com\/fr\/producto\/lambrequin-seul\/","url":"https:\/\/cambiodelona.com\/fr\/producto\/lambrequin-seul\/","name":"Lambrequin seul - Cambiodelona","isPartOf":{"@id":"https:\/\/cambiodelona.com\/#website"},"datePublished":"2023-06-22T10:25:56+00:00","dateModified":"2025-10-01T11:19:41+00:00","description":"Remplacez facilement le lambrequin de votre store. Choix de formes, fixation par jonc ou clips, pour prot\u00e9ger du soleil et moderniser votre ext\u00e9rieur.","breadcrumb":{"@id":"https:\/\/cambiodelona.com\/fr\/producto\/lambrequin-seul\/#breadcrumb"},"inLanguage":"fr-FR","potentialAction":[{"@type":"ReadAction","target":["https:\/\/cambiodelona.com\/fr\/producto\/lambrequin-seul\/"]}]},{"@type":"BreadcrumbList","@id":"https:\/\/cambiodelona.com\/fr\/producto\/lambrequin-seul\/#breadcrumb","itemListElement":[{"@type":"ListItem","position":1,"name":"Portada","item":"https:\/\/cambiodelona.com\/fr\/accueil\/"},{"@type":"ListItem","position":2,"name":"Boutique en ligne","item":"https:\/\/cambiodelona.com\/fr\/boutique\/"},{"@type":"ListItem","position":3,"name":"Lambrequin seul"}]},{"@type":"WebSite","@id":"https:\/\/cambiodelona.com\/#website","url":"https:\/\/cambiodelona.com\/","name":"Cambiodelona.com","description":"Nuevo portal especializado en la venta en l\u00ednea de productos confeccionados a medida para todo tipo de sistemas de protecci\u00f3n solar","publisher":{"@id":"https:\/\/cambiodelona.com\/#organization"},"alternateName":"Cambio de lona","potentialAction":[{"@type":"SearchAction","target":{"@type":"EntryPoint","urlTemplate":"https:\/\/cambiodelona.com\/?s={search_term_string}"},"query-input":"required name=search_term_string"}],"inLanguage":"fr-FR"},{"@type":"Organization","@id":"https:\/\/cambiodelona.com\/#organization","name":"Cambio de lona S. L.","url":"https:\/\/cambiodelona.com\/","logo":{"@type":"ImageObject","inLanguage":"fr-FR","@id":"https:\/\/cambiodelona.com\/#\/schema\/logo\/image\/","url":"https:\/\/cambiodelona.com\/wp-content\/uploads\/2025\/05\/cambiodelona-fr-v2.webp","contentUrl":"https:\/\/cambiodelona.com\/wp-content\/uploads\/2025\/05\/cambiodelona-fr-v2.webp","width":800,"height":439,"caption":"Cambio de lona S. L."},"image":{"@id":"https:\/\/cambiodelona.com\/#\/schema\/logo\/image\/"},"sameAs":["https:\/\/www.facebook.com\/cambiodelona.web","https:\/\/www.instagram.com\/cambiodelona\/"]}]}},"_links":{"self":[{"href":"https:\/\/cambiodelona.com\/fr\/wp-json\/wp\/v2\/product\/13384","targetHints":{"allow":["GET"]}}],"collection":[{"href":"https:\/\/cambiodelona.com\/fr\/wp-json\/wp\/v2\/product"}],"about":[{"href":"https:\/\/cambiodelona.com\/fr\/wp-json\/wp\/v2\/types\/product"}],"replies":[{"embeddable":true,"href":"https:\/\/cambiodelona.com\/fr\/wp-json\/wp\/v2\/comments?post=13384"}],"wp:featuredmedia":[{"embeddable":true,"href":"https:\/\/cambiodelona.com\/fr\/wp-json\/wp\/v2\/media\/13396"}],"wp:attachment":[{"href":"https:\/\/cambiodelona.com\/fr\/wp-json\/wp\/v2\/media?parent=13384"}],"wp:term":[{"taxonomy":"product_cat","embeddable":true,"href":"https:\/\/cambiodelona.com\/fr\/wp-json\/wp\/v2\/product_cat?post=13384"},{"taxonomy":"product_tag","embeddable":true,"href":"https:\/\/cambiodelona.com\/fr\/wp-json\/wp\/v2\/product_tag?post=13384"}],"curies":[{"name":"wp","href":"https:\/\/api.w.org\/{rel}","templated":true}]}}