{"id":13853,"date":"2023-07-27T14:25:41","date_gmt":"2023-07-27T12:25:41","guid":{"rendered":"https:\/\/cambiodelona.com\/producto\/manivelle-de-store\/"},"modified":"2025-06-11T06:35:39","modified_gmt":"2025-06-11T04:35:39","slug":"manivelle-de-store","status":"publish","type":"product","link":"https:\/\/cambiodelona.com\/fr\/producto\/manivelle-de-store\/","title":{"rendered":"Manivelle de store"},"content":{"rendered":"<h3 class=\"text-body font-regular leading-[24px] pt-[9px] pb-[2px]\"><strong class=\"font-semibold\">Manivelle de qualit\u00e9 pour stores<\/strong><\/h3>\n<p class=\"text-body font-regular leading-[24px] pt-[9px] pb-[2px]\">Manivelle laqu\u00e9e en blanc ou noir con\u00e7ue pour des stores manuels ou motoris\u00e9s. Disponible en diff\u00e9rentes tailles pour s\u2019adapter \u00e0 vos besoins. <\/p>\n<p class=\"text-body font-regular leading-[24px] pt-[9px] pb-[2px]\">La longueur totale est mesur\u00e9e d&rsquo;une extr\u00e9mit\u00e9 \u00e0 l&rsquo;autre, et le crochet a un diam\u00e8tre de 3,5 cm. Fabriqu\u00e9es en acier de haute qualit\u00e9 avec une finition laqu\u00e9e blanche ou noire, ces poign\u00e9es sont disponibles dans les dimensions suivantes : 80 cm, 100 cm, 120 cm, 150 cm, 180 cm, 200 cm, 220 cm et 240 cm. <\/p>\n<h3 class=\"font-semibold pdf-heading-class-replace text-h4 leading-[30px] pt-[15px] pb-[2px] [&amp;_a]:underline-offset-[6px] [&amp;_.underline]:underline-offset-[6px]\">D\u00e9tails sur l&rsquo;envoi sp\u00e9cial<\/h3>\n<p class=\"text-body font-regular leading-[24px] pt-[9px] pb-[2px]\">Pour cet article, qui n\u00e9cessite un transport s\u00e9curis\u00e9 en raison de ses dimensions uniques, nous proposons notre service \u00ab\u00a0<strong class=\"font-semibold\">Exp\u00e9dition Sp\u00e9ciale Manivelle<\/strong>\u00ab\u00a0, sp\u00e9cialement con\u00e7u pour ce type de produits. Ce service co\u00fbte 34,95 \u20ac (TVA incluse) et comprend une exp\u00e9dition rapide, s\u00e9curis\u00e9e et avec suivi en temps r\u00e9el pour garantir que le produit arrive en parfait \u00e9tat. <\/p>\n<p class=\"text-body font-regular leading-[24px] pt-[9px] pb-[2px]\">Passez votre commande maintenant et profitez d&rsquo;une livraison efficace et sans tracas.<\/p>\n","protected":false},"excerpt":{"rendered":"<p>Manivelle de qualit\u00e9 pour stores Manivelle laqu\u00e9e en blanc ou noir con\u00e7ue pour des stores manuels ou motoris\u00e9s. Disponible en diff\u00e9rentes tailles pour s\u2019adapter \u00e0 vos besoins. La longueur totale est mesur\u00e9e d&rsquo;une extr\u00e9mit\u00e9 \u00e0 l&rsquo;autre, et le crochet a un diam\u00e8tre de 3,5 cm. Fabriqu\u00e9es en acier de haute qualit\u00e9 avec une finition laqu\u00e9e &hellip;<\/p>\n<p class=\"read-more\"> <a class=\"\" href=\"https:\/\/cambiodelona.com\/fr\/producto\/manivelle-de-store\/\"> <span class=\"screen-reader-text\">Manivelle de store<\/span> Lire la suite\u00a0\u00bb<\/a><\/p>\n","protected":false},"featured_media":13793,"comment_status":"closed","ping_status":"closed","template":"","meta":{"site-sidebar-layout":"default","site-content-layout":"default","ast-global-header-display":"","ast-main-header-display":"","ast-hfb-above-header-display":"","ast-hfb-below-header-display":"","ast-hfb-mobile-header-display":"","site-post-title":"","ast-breadcrumbs-content":"","ast-featured-img":"","footer-sml-layout":"","theme-transparent-header-meta":"default","adv-header-id-meta":"","stick-header-meta":"","header-above-stick-meta":"","header-main-stick-meta":"","header-below-stick-meta":""},"product_cat":[111],"product_tag":[],"class_list":["post-13853","product","type-product","status-publish","has-post-thumbnail","hentry","product_cat-accessoires-pour-store","product_shipping_class-expedition-special-manivelle","desktop-align-left","tablet-align-left","mobile-align-left"],"yoast_head":"<!-- This site is optimized with the Yoast SEO Premium plugin v21.2 (Yoast SEO v21.2) - https:\/\/yoast.com\/wordpress\/plugins\/seo\/ -->\n<title>Manivelle de store - Cambiodelona<\/title>\n<meta name=\"description\" content=\"Manivelle de store. Cambiodelona.com - Accessoires : Manivelle laqu\u00e9e noire ou blanche pour store manuel ou motoris\u00e9. Disponible en diff\u00e9rentes dimensions.\" \/>\n<meta name=\"robots\" content=\"index, follow, max-snippet:-1, max-image-preview:large, max-video-preview:-1\" \/>\n<link rel=\"canonical\" href=\"https:\/\/cambiodelona.com\/fr\/producto\/manivelle-de-store\/\" \/>\n<meta property=\"og:locale\" content=\"fr_FR\" \/>\n<meta property=\"og:type\" content=\"article\" \/>\n<meta property=\"og:title\" content=\"Manivelle de store\" \/>\n<meta property=\"og:description\" content=\"Manivelle de store. Cambiodelona.com - Accessoires : Manivelle laqu\u00e9e noire ou blanche pour store manuel ou motoris\u00e9. Disponible en diff\u00e9rentes dimensions.\" \/>\n<meta property=\"og:url\" content=\"https:\/\/cambiodelona.com\/fr\/producto\/manivelle-de-store\/\" \/>\n<meta property=\"og:site_name\" content=\"Cambiodelona\" \/>\n<meta property=\"article:publisher\" content=\"https:\/\/www.facebook.com\/cambiodelona.web\" \/>\n<meta property=\"article:modified_time\" content=\"2025-06-11T04:35:39+00:00\" \/>\n<meta property=\"og:image\" content=\"https:\/\/cambiodelona.com\/wp-content\/uploads\/2023\/07\/manivelle-de-store-blanche-ou-noire.jpg\" \/>\n\t<meta property=\"og:image:width\" content=\"680\" \/>\n\t<meta property=\"og:image:height\" content=\"480\" \/>\n\t<meta property=\"og:image:type\" content=\"image\/jpeg\" \/>\n<meta name=\"twitter:card\" content=\"summary_large_image\" \/>\n<meta name=\"twitter:label1\" content=\"Dur\u00e9e de lecture estim\u00e9e\" \/>\n\t<meta name=\"twitter:data1\" content=\"1 minute\" \/>\n<script type=\"application\/ld+json\" class=\"yoast-schema-graph\">{\"@context\":\"https:\/\/schema.org\",\"@graph\":[{\"@type\":\"WebPage\",\"@id\":\"https:\/\/cambiodelona.com\/fr\/producto\/manivelle-de-store\/\",\"url\":\"https:\/\/cambiodelona.com\/fr\/producto\/manivelle-de-store\/\",\"name\":\"Manivelle de store - Cambiodelona\",\"isPartOf\":{\"@id\":\"https:\/\/cambiodelona.com\/#website\"},\"datePublished\":\"2023-07-27T12:25:41+00:00\",\"dateModified\":\"2025-06-11T04:35:39+00:00\",\"description\":\"Manivelle de store. Cambiodelona.com - Accessoires : Manivelle laqu\u00e9e noire ou blanche pour store manuel ou motoris\u00e9. Disponible en diff\u00e9rentes dimensions.\",\"breadcrumb\":{\"@id\":\"https:\/\/cambiodelona.com\/fr\/producto\/manivelle-de-store\/#breadcrumb\"},\"inLanguage\":\"fr-FR\",\"potentialAction\":[{\"@type\":\"ReadAction\",\"target\":[\"https:\/\/cambiodelona.com\/fr\/producto\/manivelle-de-store\/\"]}]},{\"@type\":\"BreadcrumbList\",\"@id\":\"https:\/\/cambiodelona.com\/fr\/producto\/manivelle-de-store\/#breadcrumb\",\"itemListElement\":[{\"@type\":\"ListItem\",\"position\":1,\"name\":\"Portada\",\"item\":\"https:\/\/cambiodelona.com\/fr\/accueil\/\"},{\"@type\":\"ListItem\",\"position\":2,\"name\":\"Boutique en ligne\",\"item\":\"https:\/\/cambiodelona.com\/fr\/boutique\/\"},{\"@type\":\"ListItem\",\"position\":3,\"name\":\"Manivelle de store\"}]},{\"@type\":\"WebSite\",\"@id\":\"https:\/\/cambiodelona.com\/#website\",\"url\":\"https:\/\/cambiodelona.com\/\",\"name\":\"Cambiodelona.com\",\"description\":\"Nuevo portal especializado en la venta en l\u00ednea de productos confeccionados a medida para todo tipo de sistemas de protecci\u00f3n solar\",\"publisher\":{\"@id\":\"https:\/\/cambiodelona.com\/#organization\"},\"alternateName\":\"Cambio de lona\",\"potentialAction\":[{\"@type\":\"SearchAction\",\"target\":{\"@type\":\"EntryPoint\",\"urlTemplate\":\"https:\/\/cambiodelona.com\/?s={search_term_string}\"},\"query-input\":\"required name=search_term_string\"}],\"inLanguage\":\"fr-FR\"},{\"@type\":\"Organization\",\"@id\":\"https:\/\/cambiodelona.com\/#organization\",\"name\":\"Cambio de lona S. L.\",\"url\":\"https:\/\/cambiodelona.com\/\",\"logo\":{\"@type\":\"ImageObject\",\"inLanguage\":\"fr-FR\",\"@id\":\"https:\/\/cambiodelona.com\/#\/schema\/logo\/image\/\",\"url\":\"https:\/\/cambiodelona.com\/wp-content\/uploads\/2025\/05\/cambiodelona-fr-v2.webp\",\"contentUrl\":\"https:\/\/cambiodelona.com\/wp-content\/uploads\/2025\/05\/cambiodelona-fr-v2.webp\",\"width\":800,\"height\":439,\"caption\":\"Cambio de lona S. L.\"},\"image\":{\"@id\":\"https:\/\/cambiodelona.com\/#\/schema\/logo\/image\/\"},\"sameAs\":[\"https:\/\/www.facebook.com\/cambiodelona.web\",\"https:\/\/www.instagram.com\/cambiodelona\/\"]}]}<\/script>\n<!-- \/ Yoast SEO Premium plugin. -->","yoast_head_json":{"title":"Manivelle de store - Cambiodelona","description":"Manivelle de store. Cambiodelona.com - Accessoires : Manivelle laqu\u00e9e noire ou blanche pour store manuel ou motoris\u00e9. Disponible en diff\u00e9rentes dimensions.","robots":{"index":"index","follow":"follow","max-snippet":"max-snippet:-1","max-image-preview":"max-image-preview:large","max-video-preview":"max-video-preview:-1"},"canonical":"https:\/\/cambiodelona.com\/fr\/producto\/manivelle-de-store\/","og_locale":"fr_FR","og_type":"article","og_title":"Manivelle de store","og_description":"Manivelle de store. Cambiodelona.com - Accessoires : Manivelle laqu\u00e9e noire ou blanche pour store manuel ou motoris\u00e9. Disponible en diff\u00e9rentes dimensions.","og_url":"https:\/\/cambiodelona.com\/fr\/producto\/manivelle-de-store\/","og_site_name":"Cambiodelona","article_publisher":"https:\/\/www.facebook.com\/cambiodelona.web","article_modified_time":"2025-06-11T04:35:39+00:00","og_image":[{"width":680,"height":480,"url":"https:\/\/cambiodelona.com\/wp-content\/uploads\/2023\/07\/manivelle-de-store-blanche-ou-noire.jpg","type":"image\/jpeg"}],"twitter_card":"summary_large_image","twitter_misc":{"Dur\u00e9e de lecture estim\u00e9e":"1 minute"},"schema":{"@context":"https:\/\/schema.org","@graph":[{"@type":"WebPage","@id":"https:\/\/cambiodelona.com\/fr\/producto\/manivelle-de-store\/","url":"https:\/\/cambiodelona.com\/fr\/producto\/manivelle-de-store\/","name":"Manivelle de store - Cambiodelona","isPartOf":{"@id":"https:\/\/cambiodelona.com\/#website"},"datePublished":"2023-07-27T12:25:41+00:00","dateModified":"2025-06-11T04:35:39+00:00","description":"Manivelle de store. Cambiodelona.com - Accessoires : Manivelle laqu\u00e9e noire ou blanche pour store manuel ou motoris\u00e9. Disponible en diff\u00e9rentes dimensions.","breadcrumb":{"@id":"https:\/\/cambiodelona.com\/fr\/producto\/manivelle-de-store\/#breadcrumb"},"inLanguage":"fr-FR","potentialAction":[{"@type":"ReadAction","target":["https:\/\/cambiodelona.com\/fr\/producto\/manivelle-de-store\/"]}]},{"@type":"BreadcrumbList","@id":"https:\/\/cambiodelona.com\/fr\/producto\/manivelle-de-store\/#breadcrumb","itemListElement":[{"@type":"ListItem","position":1,"name":"Portada","item":"https:\/\/cambiodelona.com\/fr\/accueil\/"},{"@type":"ListItem","position":2,"name":"Boutique en ligne","item":"https:\/\/cambiodelona.com\/fr\/boutique\/"},{"@type":"ListItem","position":3,"name":"Manivelle de store"}]},{"@type":"WebSite","@id":"https:\/\/cambiodelona.com\/#website","url":"https:\/\/cambiodelona.com\/","name":"Cambiodelona.com","description":"Nuevo portal especializado en la venta en l\u00ednea de productos confeccionados a medida para todo tipo de sistemas de protecci\u00f3n solar","publisher":{"@id":"https:\/\/cambiodelona.com\/#organization"},"alternateName":"Cambio de lona","potentialAction":[{"@type":"SearchAction","target":{"@type":"EntryPoint","urlTemplate":"https:\/\/cambiodelona.com\/?s={search_term_string}"},"query-input":"required name=search_term_string"}],"inLanguage":"fr-FR"},{"@type":"Organization","@id":"https:\/\/cambiodelona.com\/#organization","name":"Cambio de lona S. L.","url":"https:\/\/cambiodelona.com\/","logo":{"@type":"ImageObject","inLanguage":"fr-FR","@id":"https:\/\/cambiodelona.com\/#\/schema\/logo\/image\/","url":"https:\/\/cambiodelona.com\/wp-content\/uploads\/2025\/05\/cambiodelona-fr-v2.webp","contentUrl":"https:\/\/cambiodelona.com\/wp-content\/uploads\/2025\/05\/cambiodelona-fr-v2.webp","width":800,"height":439,"caption":"Cambio de lona S. L."},"image":{"@id":"https:\/\/cambiodelona.com\/#\/schema\/logo\/image\/"},"sameAs":["https:\/\/www.facebook.com\/cambiodelona.web","https:\/\/www.instagram.com\/cambiodelona\/"]}]}},"_links":{"self":[{"href":"https:\/\/cambiodelona.com\/fr\/wp-json\/wp\/v2\/product\/13853","targetHints":{"allow":["GET"]}}],"collection":[{"href":"https:\/\/cambiodelona.com\/fr\/wp-json\/wp\/v2\/product"}],"about":[{"href":"https:\/\/cambiodelona.com\/fr\/wp-json\/wp\/v2\/types\/product"}],"replies":[{"embeddable":true,"href":"https:\/\/cambiodelona.com\/fr\/wp-json\/wp\/v2\/comments?post=13853"}],"wp:featuredmedia":[{"embeddable":true,"href":"https:\/\/cambiodelona.com\/fr\/wp-json\/wp\/v2\/media\/13793"}],"wp:attachment":[{"href":"https:\/\/cambiodelona.com\/fr\/wp-json\/wp\/v2\/media?parent=13853"}],"wp:term":[{"taxonomy":"product_cat","embeddable":true,"href":"https:\/\/cambiodelona.com\/fr\/wp-json\/wp\/v2\/product_cat?post=13853"},{"taxonomy":"product_tag","embeddable":true,"href":"https:\/\/cambiodelona.com\/fr\/wp-json\/wp\/v2\/product_tag?post=13853"}],"curies":[{"name":"wp","href":"https:\/\/api.w.org\/{rel}","templated":true}]}}