{"id":13907,"date":"2023-08-02T19:16:55","date_gmt":"2023-08-02T17:16:55","guid":{"rendered":"https:\/\/cambiodelona.com\/producto\/sachet-de-50-clips-de-fixation-pour-toile-de-store\/"},"modified":"2025-06-10T18:19:08","modified_gmt":"2025-06-10T16:19:08","slug":"clips-de-fixation-de-toile","status":"publish","type":"product","link":"https:\/\/cambiodelona.com\/fr\/producto\/clips-de-fixation-de-toile\/","title":{"rendered":"Sachet de 25 Clips de Fixation"},"content":{"rendered":"<h2><strong>Clips de fixation de toile (ou Agrafes)<\/strong><\/h2>\n<p><em>Paquet de 25 agrafes en acier inoxydable.<\/em><br \/>\n<em>Non disponible \u00e0 l&rsquo;unit\u00e9.<\/em><\/p>\n<p><strong>Ils servent \u00e0 fixer la toile de store qui a pour finition sup\u00e9rieure un ourlet simple.<\/strong><\/p>\n<p>Comme mentionn\u00e9 dans notre article \u00ab\u00a0<strong><a class=\"notion-link-token notion-focusable-token notion-enable-hover\" tabindex=\"0\" href=\"https:\/\/cambiodelona.com\/fr\/quest-ce-quun-jonc\/\" rel=\"noopener noreferrer\" data-token-index=\"1\"><span class=\"link-annotation-unknown-block-id-932646944\">Qu&rsquo;est-ce qu&rsquo;un jonc<\/span><\/a><\/strong> ?\u00a0\u00bb, les toiles pour stores incluent g\u00e9n\u00e9ralement une tige en plastique dans l&rsquo;ourlet, \u00e0 la fois sur la partie sup\u00e9rieure et inf\u00e9rieure de la toile.<br \/>\nCependant, si votre toile ne poss\u00e8de pas de jonc, vous pouvez la fixer \u00e0 la structure du store avec des <strong>clips <\/strong>sur la partie sup\u00e9rieure.<\/p>\n<p><strong>Ce sont les m\u00eames clips qui sont utilis\u00e9s pour fixer le <a href=\"https:\/\/cambiodelona.com\/de\/producto\/volant-allein\/\">lambrequin de votre store<\/a>.<\/strong><\/p>\n<p>Dans ce cas, le lambrequin est une pi\u00e8ce de tissu enti\u00e8rement ind\u00e9pendante, livr\u00e9 s\u00e9par\u00e9ment et fix\u00e9 \u00e0 la barre de charge \u00e0 l&rsquo;aide de clips de fixation pour toile tous les 25\/30 cm.<br \/>\nLa barre de charge est perfor\u00e9e, et les clips sont ins\u00e9r\u00e9s en pressant et en perforant le tissu.<\/p>\n","protected":false},"excerpt":{"rendered":"<p>Clips de fixation de toile (ou Agrafes) Paquet de 25 agrafes en acier inoxydable. Non disponible \u00e0 l&rsquo;unit\u00e9. Ils servent \u00e0 fixer la toile de store qui a pour finition sup\u00e9rieure un ourlet simple. Comme mentionn\u00e9 dans notre article \u00ab\u00a0Qu&rsquo;est-ce qu&rsquo;un jonc ?\u00a0\u00bb, les toiles pour stores incluent g\u00e9n\u00e9ralement une tige en plastique dans l&rsquo;ourlet, &hellip;<\/p>\n<p class=\"read-more\"> <a class=\"\" href=\"https:\/\/cambiodelona.com\/fr\/producto\/clips-de-fixation-de-toile\/\"> <span class=\"screen-reader-text\">Sachet de 25 Clips de Fixation<\/span> Lire la suite\u00a0\u00bb<\/a><\/p>\n","protected":false},"featured_media":13883,"comment_status":"closed","ping_status":"closed","template":"","meta":{"site-sidebar-layout":"default","site-content-layout":"default","ast-global-header-display":"","ast-main-header-display":"","ast-hfb-above-header-display":"","ast-hfb-below-header-display":"","ast-hfb-mobile-header-display":"","site-post-title":"","ast-breadcrumbs-content":"","ast-featured-img":"","footer-sml-layout":"","theme-transparent-header-meta":"default","adv-header-id-meta":"","stick-header-meta":"","header-above-stick-meta":"","header-main-stick-meta":"","header-below-stick-meta":""},"product_cat":[111],"product_tag":[],"class_list":["post-13907","product","type-product","status-publish","has-post-thumbnail","hentry","product_cat-accessoires-pour-store","product_shipping_class-messagerie","desktop-align-left","tablet-align-left","mobile-align-left"],"yoast_head":"<!-- This site is optimized with the Yoast SEO Premium plugin v21.2 (Yoast SEO v21.2) - https:\/\/yoast.com\/wordpress\/plugins\/seo\/ -->\n<title>Clips de fixation de toile<\/title>\n<meta name=\"description\" content=\"Lot de 25 clips de fixation pour toile. Ils servent \u00e0 fixer la toile de store qui a pour finition sup\u00e9rieure un ourlet simple.\" \/>\n<meta name=\"robots\" content=\"index, follow, max-snippet:-1, max-image-preview:large, max-video-preview:-1\" \/>\n<link rel=\"canonical\" href=\"https:\/\/cambiodelona.com\/fr\/producto\/clips-de-fixation-de-toile\/\" \/>\n<meta property=\"og:locale\" content=\"fr_FR\" \/>\n<meta property=\"og:type\" content=\"article\" \/>\n<meta property=\"og:title\" content=\"Sachet de 25 Clips de Fixation\" \/>\n<meta property=\"og:description\" content=\"Lot de 25 clips de fixation pour toile. Ils servent \u00e0 fixer la toile de store qui a pour finition sup\u00e9rieure un ourlet simple.\" \/>\n<meta property=\"og:url\" content=\"https:\/\/cambiodelona.com\/fr\/producto\/clips-de-fixation-de-toile\/\" \/>\n<meta property=\"og:site_name\" content=\"Cambiodelona\" \/>\n<meta property=\"article:publisher\" content=\"https:\/\/www.facebook.com\/cambiodelona.web\" \/>\n<meta property=\"article:modified_time\" content=\"2025-06-10T16:19:08+00:00\" \/>\n<meta property=\"og:image\" content=\"https:\/\/cambiodelona.com\/wp-content\/uploads\/2023\/07\/image_Clips-de-Fijacion2.jpg\" \/>\n\t<meta property=\"og:image:width\" content=\"342\" \/>\n\t<meta property=\"og:image:height\" content=\"337\" \/>\n\t<meta property=\"og:image:type\" content=\"image\/jpeg\" \/>\n<meta name=\"twitter:card\" content=\"summary_large_image\" \/>\n<meta name=\"twitter:label1\" content=\"Dur\u00e9e de lecture estim\u00e9e\" \/>\n\t<meta name=\"twitter:data1\" content=\"1 minute\" \/>\n<script type=\"application\/ld+json\" class=\"yoast-schema-graph\">{\"@context\":\"https:\/\/schema.org\",\"@graph\":[{\"@type\":\"WebPage\",\"@id\":\"https:\/\/cambiodelona.com\/fr\/producto\/clips-de-fixation-de-toile\/\",\"url\":\"https:\/\/cambiodelona.com\/fr\/producto\/clips-de-fixation-de-toile\/\",\"name\":\"Clips de fixation de toile\",\"isPartOf\":{\"@id\":\"https:\/\/cambiodelona.com\/#website\"},\"datePublished\":\"2023-08-02T17:16:55+00:00\",\"dateModified\":\"2025-06-10T16:19:08+00:00\",\"description\":\"Lot de 25 clips de fixation pour toile. Ils servent \u00e0 fixer la toile de store qui a pour finition sup\u00e9rieure un ourlet simple.\",\"breadcrumb\":{\"@id\":\"https:\/\/cambiodelona.com\/fr\/producto\/clips-de-fixation-de-toile\/#breadcrumb\"},\"inLanguage\":\"fr-FR\",\"potentialAction\":[{\"@type\":\"ReadAction\",\"target\":[\"https:\/\/cambiodelona.com\/fr\/producto\/clips-de-fixation-de-toile\/\"]}]},{\"@type\":\"BreadcrumbList\",\"@id\":\"https:\/\/cambiodelona.com\/fr\/producto\/clips-de-fixation-de-toile\/#breadcrumb\",\"itemListElement\":[{\"@type\":\"ListItem\",\"position\":1,\"name\":\"Portada\",\"item\":\"https:\/\/cambiodelona.com\/fr\/accueil\/\"},{\"@type\":\"ListItem\",\"position\":2,\"name\":\"Boutique en ligne\",\"item\":\"https:\/\/cambiodelona.com\/fr\/boutique\/\"},{\"@type\":\"ListItem\",\"position\":3,\"name\":\"Sachet de 25 Clips de Fixation\"}]},{\"@type\":\"WebSite\",\"@id\":\"https:\/\/cambiodelona.com\/#website\",\"url\":\"https:\/\/cambiodelona.com\/\",\"name\":\"Cambiodelona.com\",\"description\":\"Nuevo portal especializado en la venta en l\u00ednea de productos confeccionados a medida para todo tipo de sistemas de protecci\u00f3n solar\",\"publisher\":{\"@id\":\"https:\/\/cambiodelona.com\/#organization\"},\"alternateName\":\"Cambio de lona\",\"potentialAction\":[{\"@type\":\"SearchAction\",\"target\":{\"@type\":\"EntryPoint\",\"urlTemplate\":\"https:\/\/cambiodelona.com\/?s={search_term_string}\"},\"query-input\":\"required name=search_term_string\"}],\"inLanguage\":\"fr-FR\"},{\"@type\":\"Organization\",\"@id\":\"https:\/\/cambiodelona.com\/#organization\",\"name\":\"Cambio de lona S. L.\",\"url\":\"https:\/\/cambiodelona.com\/\",\"logo\":{\"@type\":\"ImageObject\",\"inLanguage\":\"fr-FR\",\"@id\":\"https:\/\/cambiodelona.com\/#\/schema\/logo\/image\/\",\"url\":\"https:\/\/cambiodelona.com\/wp-content\/uploads\/2025\/05\/cambiodelona-fr-v2.webp\",\"contentUrl\":\"https:\/\/cambiodelona.com\/wp-content\/uploads\/2025\/05\/cambiodelona-fr-v2.webp\",\"width\":800,\"height\":439,\"caption\":\"Cambio de lona S. L.\"},\"image\":{\"@id\":\"https:\/\/cambiodelona.com\/#\/schema\/logo\/image\/\"},\"sameAs\":[\"https:\/\/www.facebook.com\/cambiodelona.web\",\"https:\/\/www.instagram.com\/cambiodelona\/\"]}]}<\/script>\n<!-- \/ Yoast SEO Premium plugin. -->","yoast_head_json":{"title":"Clips de fixation de toile","description":"Lot de 25 clips de fixation pour toile. Ils servent \u00e0 fixer la toile de store qui a pour finition sup\u00e9rieure un ourlet simple.","robots":{"index":"index","follow":"follow","max-snippet":"max-snippet:-1","max-image-preview":"max-image-preview:large","max-video-preview":"max-video-preview:-1"},"canonical":"https:\/\/cambiodelona.com\/fr\/producto\/clips-de-fixation-de-toile\/","og_locale":"fr_FR","og_type":"article","og_title":"Sachet de 25 Clips de Fixation","og_description":"Lot de 25 clips de fixation pour toile. Ils servent \u00e0 fixer la toile de store qui a pour finition sup\u00e9rieure un ourlet simple.","og_url":"https:\/\/cambiodelona.com\/fr\/producto\/clips-de-fixation-de-toile\/","og_site_name":"Cambiodelona","article_publisher":"https:\/\/www.facebook.com\/cambiodelona.web","article_modified_time":"2025-06-10T16:19:08+00:00","og_image":[{"width":342,"height":337,"url":"https:\/\/cambiodelona.com\/wp-content\/uploads\/2023\/07\/image_Clips-de-Fijacion2.jpg","type":"image\/jpeg"}],"twitter_card":"summary_large_image","twitter_misc":{"Dur\u00e9e de lecture estim\u00e9e":"1 minute"},"schema":{"@context":"https:\/\/schema.org","@graph":[{"@type":"WebPage","@id":"https:\/\/cambiodelona.com\/fr\/producto\/clips-de-fixation-de-toile\/","url":"https:\/\/cambiodelona.com\/fr\/producto\/clips-de-fixation-de-toile\/","name":"Clips de fixation de toile","isPartOf":{"@id":"https:\/\/cambiodelona.com\/#website"},"datePublished":"2023-08-02T17:16:55+00:00","dateModified":"2025-06-10T16:19:08+00:00","description":"Lot de 25 clips de fixation pour toile. Ils servent \u00e0 fixer la toile de store qui a pour finition sup\u00e9rieure un ourlet simple.","breadcrumb":{"@id":"https:\/\/cambiodelona.com\/fr\/producto\/clips-de-fixation-de-toile\/#breadcrumb"},"inLanguage":"fr-FR","potentialAction":[{"@type":"ReadAction","target":["https:\/\/cambiodelona.com\/fr\/producto\/clips-de-fixation-de-toile\/"]}]},{"@type":"BreadcrumbList","@id":"https:\/\/cambiodelona.com\/fr\/producto\/clips-de-fixation-de-toile\/#breadcrumb","itemListElement":[{"@type":"ListItem","position":1,"name":"Portada","item":"https:\/\/cambiodelona.com\/fr\/accueil\/"},{"@type":"ListItem","position":2,"name":"Boutique en ligne","item":"https:\/\/cambiodelona.com\/fr\/boutique\/"},{"@type":"ListItem","position":3,"name":"Sachet de 25 Clips de Fixation"}]},{"@type":"WebSite","@id":"https:\/\/cambiodelona.com\/#website","url":"https:\/\/cambiodelona.com\/","name":"Cambiodelona.com","description":"Nuevo portal especializado en la venta en l\u00ednea de productos confeccionados a medida para todo tipo de sistemas de protecci\u00f3n solar","publisher":{"@id":"https:\/\/cambiodelona.com\/#organization"},"alternateName":"Cambio de lona","potentialAction":[{"@type":"SearchAction","target":{"@type":"EntryPoint","urlTemplate":"https:\/\/cambiodelona.com\/?s={search_term_string}"},"query-input":"required name=search_term_string"}],"inLanguage":"fr-FR"},{"@type":"Organization","@id":"https:\/\/cambiodelona.com\/#organization","name":"Cambio de lona S. L.","url":"https:\/\/cambiodelona.com\/","logo":{"@type":"ImageObject","inLanguage":"fr-FR","@id":"https:\/\/cambiodelona.com\/#\/schema\/logo\/image\/","url":"https:\/\/cambiodelona.com\/wp-content\/uploads\/2025\/05\/cambiodelona-fr-v2.webp","contentUrl":"https:\/\/cambiodelona.com\/wp-content\/uploads\/2025\/05\/cambiodelona-fr-v2.webp","width":800,"height":439,"caption":"Cambio de lona S. L."},"image":{"@id":"https:\/\/cambiodelona.com\/#\/schema\/logo\/image\/"},"sameAs":["https:\/\/www.facebook.com\/cambiodelona.web","https:\/\/www.instagram.com\/cambiodelona\/"]}]}},"_links":{"self":[{"href":"https:\/\/cambiodelona.com\/fr\/wp-json\/wp\/v2\/product\/13907","targetHints":{"allow":["GET"]}}],"collection":[{"href":"https:\/\/cambiodelona.com\/fr\/wp-json\/wp\/v2\/product"}],"about":[{"href":"https:\/\/cambiodelona.com\/fr\/wp-json\/wp\/v2\/types\/product"}],"replies":[{"embeddable":true,"href":"https:\/\/cambiodelona.com\/fr\/wp-json\/wp\/v2\/comments?post=13907"}],"wp:featuredmedia":[{"embeddable":true,"href":"https:\/\/cambiodelona.com\/fr\/wp-json\/wp\/v2\/media\/13883"}],"wp:attachment":[{"href":"https:\/\/cambiodelona.com\/fr\/wp-json\/wp\/v2\/media?parent=13907"}],"wp:term":[{"taxonomy":"product_cat","embeddable":true,"href":"https:\/\/cambiodelona.com\/fr\/wp-json\/wp\/v2\/product_cat?post=13907"},{"taxonomy":"product_tag","embeddable":true,"href":"https:\/\/cambiodelona.com\/fr\/wp-json\/wp\/v2\/product_tag?post=13907"}],"curies":[{"name":"wp","href":"https:\/\/api.w.org\/{rel}","templated":true}]}}