{"id":14016,"date":"2023-08-04T10:29:05","date_gmt":"2023-08-04T08:29:05","guid":{"rendered":"https:\/\/cambiodelona.com\/producto\/lona-para-pergola\/"},"modified":"2025-06-10T18:16:45","modified_gmt":"2025-06-10T16:16:45","slug":"toile-de-pergola","status":"publish","type":"product","link":"https:\/\/cambiodelona.com\/fr\/producto\/toile-de-pergola\/","title":{"rendered":"Toile de pergola"},"content":{"rendered":"<h2><strong>Vous souhaitez changer la toile de votre pergola ?<\/strong><\/h2>\n<p>Vous pouvez configurer votre toile de pergola avec le tissu qui convient le mieux \u00e0 vos besoins.<br \/>\nCette confection convient \u00e0 tous les types de structures, qu&rsquo;il s&rsquo;agisse d&rsquo;une pergola de jardin ou d&rsquo;une tonelle, avec une structure en bois ou m\u00e9tallique.<\/p>\n<p>Chez CambioDeLona, nous sommes sp\u00e9cialis\u00e9s dans la confection de toiles sur mesure, parfaitement adapt\u00e9es \u00e0 votre pergola.<br \/>\nChoisissez parmi notre s\u00e9lection de toiles pour pergolas pour une excellente protection thermique et visuelle.<\/p>\n<h2><strong>Type de confection :<\/strong><\/h2>\n<p>Ourlet renforc\u00e9 sur tout le p\u00e9rim\u00e8tre<br \/>\n\u0152illets en acier inoxydable de 12 mm plac\u00e9s tous les 30 cm.<\/p>\n<h2><strong>Fabrication et compl\u00e9ment:<\/strong><\/h2>\n<h3><strong>Vous souhaitez une fixation parfaite ?<\/strong><\/h3>\n<p>Vous pouvez encore am\u00e9liorer le soutien de votre toile de pergola en ajoutant une ou plusieurs bandes Velcro plac\u00e9es strat\u00e9giquement sous la toile, et les adapter \u00e0 vos besoins sp\u00e9cifiques.<br \/>\nEn utilisant ces bandes Velcro, vous vous assurez que la toile de la pergola reste fermement attach\u00e9e \u00e0 la structure, \u00e9vitant ainsi tout risque de soul\u00e8vement en cas de vents forts ou de conditions m\u00e9t\u00e9orologiques d\u00e9favorables.<\/p>\n<h2><strong>Le compl\u00e9ment indispensable :<\/strong><\/h2>\n<p>Pour assurer une bonne installation de votre nouvelle b\u00e2che, nous recommandons l&rsquo;utilisation d&rsquo;une corde \u00e9lastique de 6 mm d&rsquo;\u00e9paisseur (<em>Sandow<\/em>). Vous pouvez choisir entre l&rsquo;option de couleur blanche ou noire, selon vos pr\u00e9f\u00e9rences.<br \/>\nDe plus, notre configurateur est con\u00e7u pour calculer automatiquement la quantit\u00e9 exacte de m\u00e8tres de corde dont vous avez besoin, en tenant compte du p\u00e9rim\u00e8tre de votre b\u00e2che. <\/p>\n<p><!-- notionvc: 95ce69c5-1ab8-46ad-a4ca-06e32c76e3b1 --><\/p>\n","protected":false},"excerpt":{"rendered":"<p>Vous souhaitez changer la toile de votre pergola ? Vous pouvez configurer votre toile de pergola avec le tissu qui convient le mieux \u00e0 vos besoins. Cette confection convient \u00e0 tous les types de structures, qu&rsquo;il s&rsquo;agisse d&rsquo;une pergola de jardin ou d&rsquo;une tonelle, avec une structure en bois ou m\u00e9tallique. Chez CambioDeLona, nous sommes &hellip;<\/p>\n<p class=\"read-more\"> <a class=\"\" href=\"https:\/\/cambiodelona.com\/fr\/producto\/toile-de-pergola\/\"> <span class=\"screen-reader-text\">Toile de pergola<\/span> Lire la suite\u00a0\u00bb<\/a><\/p>\n","protected":false},"featured_media":14210,"comment_status":"closed","ping_status":"closed","template":"","meta":{"site-sidebar-layout":"default","site-content-layout":"default","ast-global-header-display":"","ast-main-header-display":"","ast-hfb-above-header-display":"","ast-hfb-below-header-display":"","ast-hfb-mobile-header-display":"","site-post-title":"","ast-breadcrumbs-content":"","ast-featured-img":"","footer-sml-layout":"","theme-transparent-header-meta":"default","adv-header-id-meta":"","stick-header-meta":"","header-above-stick-meta":"","header-main-stick-meta":"","header-below-stick-meta":""},"product_cat":[],"product_tag":[],"class_list":["post-14016","product","type-product","status-publish","has-post-thumbnail","hentry","product_shipping_class-messagerie","desktop-align-left","tablet-align-left","mobile-align-left"],"yoast_head":"<!-- This site is optimized with the Yoast SEO Premium plugin v21.2 (Yoast SEO v21.2) - https:\/\/yoast.com\/wordpress\/plugins\/seo\/ -->\n<title>Toile de pergola - Cambiodelona<\/title>\n<meta name=\"description\" content=\"Ma toile de pergola sur mesure. Vous pouvez configurer votre toile de pergola avec le tissu qui convient le mieux \u00e0 vos besoins.\" \/>\n<meta name=\"robots\" content=\"index, follow, max-snippet:-1, max-image-preview:large, max-video-preview:-1\" \/>\n<link rel=\"canonical\" href=\"https:\/\/cambiodelona.com\/fr\/producto\/toile-de-pergola\/\" \/>\n<meta property=\"og:locale\" content=\"fr_FR\" \/>\n<meta property=\"og:type\" content=\"article\" \/>\n<meta property=\"og:title\" content=\"Toile de pergola\" \/>\n<meta property=\"og:description\" content=\"Ma toile de pergola sur mesure. Vous pouvez configurer votre toile de pergola avec le tissu qui convient le mieux \u00e0 vos besoins.\" \/>\n<meta property=\"og:url\" content=\"https:\/\/cambiodelona.com\/fr\/producto\/toile-de-pergola\/\" \/>\n<meta property=\"og:site_name\" content=\"Cambiodelona\" \/>\n<meta property=\"article:publisher\" content=\"https:\/\/www.facebook.com\/cambiodelona.web\" \/>\n<meta property=\"article:modified_time\" content=\"2025-06-10T16:16:45+00:00\" \/>\n<meta property=\"og:image\" content=\"https:\/\/cambiodelona.com\/wp-content\/uploads\/2023\/08\/lona-pergola-anillos-sandow-black-filled-fr-1.png\" \/>\n\t<meta property=\"og:image:width\" content=\"1200\" \/>\n\t<meta property=\"og:image:height\" content=\"1100\" \/>\n\t<meta property=\"og:image:type\" content=\"image\/png\" \/>\n<meta name=\"twitter:card\" content=\"summary_large_image\" \/>\n<meta name=\"twitter:label1\" content=\"Dur\u00e9e de lecture estim\u00e9e\" \/>\n\t<meta name=\"twitter:data1\" content=\"1 minute\" \/>\n<script type=\"application\/ld+json\" class=\"yoast-schema-graph\">{\"@context\":\"https:\/\/schema.org\",\"@graph\":[{\"@type\":\"WebPage\",\"@id\":\"https:\/\/cambiodelona.com\/fr\/producto\/toile-de-pergola\/\",\"url\":\"https:\/\/cambiodelona.com\/fr\/producto\/toile-de-pergola\/\",\"name\":\"Toile de pergola - Cambiodelona\",\"isPartOf\":{\"@id\":\"https:\/\/cambiodelona.com\/#website\"},\"datePublished\":\"2023-08-04T08:29:05+00:00\",\"dateModified\":\"2025-06-10T16:16:45+00:00\",\"description\":\"Ma toile de pergola sur mesure. Vous pouvez configurer votre toile de pergola avec le tissu qui convient le mieux \u00e0 vos besoins.\",\"breadcrumb\":{\"@id\":\"https:\/\/cambiodelona.com\/fr\/producto\/toile-de-pergola\/#breadcrumb\"},\"inLanguage\":\"fr-FR\",\"potentialAction\":[{\"@type\":\"ReadAction\",\"target\":[\"https:\/\/cambiodelona.com\/fr\/producto\/toile-de-pergola\/\"]}]},{\"@type\":\"BreadcrumbList\",\"@id\":\"https:\/\/cambiodelona.com\/fr\/producto\/toile-de-pergola\/#breadcrumb\",\"itemListElement\":[{\"@type\":\"ListItem\",\"position\":1,\"name\":\"Portada\",\"item\":\"https:\/\/cambiodelona.com\/fr\/accueil\/\"},{\"@type\":\"ListItem\",\"position\":2,\"name\":\"Boutique en ligne\",\"item\":\"https:\/\/cambiodelona.com\/fr\/boutique\/\"},{\"@type\":\"ListItem\",\"position\":3,\"name\":\"Toile de pergola\"}]},{\"@type\":\"WebSite\",\"@id\":\"https:\/\/cambiodelona.com\/#website\",\"url\":\"https:\/\/cambiodelona.com\/\",\"name\":\"Cambiodelona.com\",\"description\":\"Nuevo portal especializado en la venta en l\u00ednea de productos confeccionados a medida para todo tipo de sistemas de protecci\u00f3n solar\",\"publisher\":{\"@id\":\"https:\/\/cambiodelona.com\/#organization\"},\"alternateName\":\"Cambio de lona\",\"potentialAction\":[{\"@type\":\"SearchAction\",\"target\":{\"@type\":\"EntryPoint\",\"urlTemplate\":\"https:\/\/cambiodelona.com\/?s={search_term_string}\"},\"query-input\":\"required name=search_term_string\"}],\"inLanguage\":\"fr-FR\"},{\"@type\":\"Organization\",\"@id\":\"https:\/\/cambiodelona.com\/#organization\",\"name\":\"Cambio de lona S. L.\",\"url\":\"https:\/\/cambiodelona.com\/\",\"logo\":{\"@type\":\"ImageObject\",\"inLanguage\":\"fr-FR\",\"@id\":\"https:\/\/cambiodelona.com\/#\/schema\/logo\/image\/\",\"url\":\"https:\/\/cambiodelona.com\/wp-content\/uploads\/2025\/05\/cambiodelona-fr-v2.webp\",\"contentUrl\":\"https:\/\/cambiodelona.com\/wp-content\/uploads\/2025\/05\/cambiodelona-fr-v2.webp\",\"width\":800,\"height\":439,\"caption\":\"Cambio de lona S. L.\"},\"image\":{\"@id\":\"https:\/\/cambiodelona.com\/#\/schema\/logo\/image\/\"},\"sameAs\":[\"https:\/\/www.facebook.com\/cambiodelona.web\",\"https:\/\/www.instagram.com\/cambiodelona\/\"]}]}<\/script>\n<!-- \/ Yoast SEO Premium plugin. -->","yoast_head_json":{"title":"Toile de pergola - Cambiodelona","description":"Ma toile de pergola sur mesure. Vous pouvez configurer votre toile de pergola avec le tissu qui convient le mieux \u00e0 vos besoins.","robots":{"index":"index","follow":"follow","max-snippet":"max-snippet:-1","max-image-preview":"max-image-preview:large","max-video-preview":"max-video-preview:-1"},"canonical":"https:\/\/cambiodelona.com\/fr\/producto\/toile-de-pergola\/","og_locale":"fr_FR","og_type":"article","og_title":"Toile de pergola","og_description":"Ma toile de pergola sur mesure. Vous pouvez configurer votre toile de pergola avec le tissu qui convient le mieux \u00e0 vos besoins.","og_url":"https:\/\/cambiodelona.com\/fr\/producto\/toile-de-pergola\/","og_site_name":"Cambiodelona","article_publisher":"https:\/\/www.facebook.com\/cambiodelona.web","article_modified_time":"2025-06-10T16:16:45+00:00","og_image":[{"width":1200,"height":1100,"url":"https:\/\/cambiodelona.com\/wp-content\/uploads\/2023\/08\/lona-pergola-anillos-sandow-black-filled-fr-1.png","type":"image\/png"}],"twitter_card":"summary_large_image","twitter_misc":{"Dur\u00e9e de lecture estim\u00e9e":"1 minute"},"schema":{"@context":"https:\/\/schema.org","@graph":[{"@type":"WebPage","@id":"https:\/\/cambiodelona.com\/fr\/producto\/toile-de-pergola\/","url":"https:\/\/cambiodelona.com\/fr\/producto\/toile-de-pergola\/","name":"Toile de pergola - Cambiodelona","isPartOf":{"@id":"https:\/\/cambiodelona.com\/#website"},"datePublished":"2023-08-04T08:29:05+00:00","dateModified":"2025-06-10T16:16:45+00:00","description":"Ma toile de pergola sur mesure. Vous pouvez configurer votre toile de pergola avec le tissu qui convient le mieux \u00e0 vos besoins.","breadcrumb":{"@id":"https:\/\/cambiodelona.com\/fr\/producto\/toile-de-pergola\/#breadcrumb"},"inLanguage":"fr-FR","potentialAction":[{"@type":"ReadAction","target":["https:\/\/cambiodelona.com\/fr\/producto\/toile-de-pergola\/"]}]},{"@type":"BreadcrumbList","@id":"https:\/\/cambiodelona.com\/fr\/producto\/toile-de-pergola\/#breadcrumb","itemListElement":[{"@type":"ListItem","position":1,"name":"Portada","item":"https:\/\/cambiodelona.com\/fr\/accueil\/"},{"@type":"ListItem","position":2,"name":"Boutique en ligne","item":"https:\/\/cambiodelona.com\/fr\/boutique\/"},{"@type":"ListItem","position":3,"name":"Toile de pergola"}]},{"@type":"WebSite","@id":"https:\/\/cambiodelona.com\/#website","url":"https:\/\/cambiodelona.com\/","name":"Cambiodelona.com","description":"Nuevo portal especializado en la venta en l\u00ednea de productos confeccionados a medida para todo tipo de sistemas de protecci\u00f3n solar","publisher":{"@id":"https:\/\/cambiodelona.com\/#organization"},"alternateName":"Cambio de lona","potentialAction":[{"@type":"SearchAction","target":{"@type":"EntryPoint","urlTemplate":"https:\/\/cambiodelona.com\/?s={search_term_string}"},"query-input":"required name=search_term_string"}],"inLanguage":"fr-FR"},{"@type":"Organization","@id":"https:\/\/cambiodelona.com\/#organization","name":"Cambio de lona S. L.","url":"https:\/\/cambiodelona.com\/","logo":{"@type":"ImageObject","inLanguage":"fr-FR","@id":"https:\/\/cambiodelona.com\/#\/schema\/logo\/image\/","url":"https:\/\/cambiodelona.com\/wp-content\/uploads\/2025\/05\/cambiodelona-fr-v2.webp","contentUrl":"https:\/\/cambiodelona.com\/wp-content\/uploads\/2025\/05\/cambiodelona-fr-v2.webp","width":800,"height":439,"caption":"Cambio de lona S. L."},"image":{"@id":"https:\/\/cambiodelona.com\/#\/schema\/logo\/image\/"},"sameAs":["https:\/\/www.facebook.com\/cambiodelona.web","https:\/\/www.instagram.com\/cambiodelona\/"]}]}},"_links":{"self":[{"href":"https:\/\/cambiodelona.com\/fr\/wp-json\/wp\/v2\/product\/14016","targetHints":{"allow":["GET"]}}],"collection":[{"href":"https:\/\/cambiodelona.com\/fr\/wp-json\/wp\/v2\/product"}],"about":[{"href":"https:\/\/cambiodelona.com\/fr\/wp-json\/wp\/v2\/types\/product"}],"replies":[{"embeddable":true,"href":"https:\/\/cambiodelona.com\/fr\/wp-json\/wp\/v2\/comments?post=14016"}],"wp:featuredmedia":[{"embeddable":true,"href":"https:\/\/cambiodelona.com\/fr\/wp-json\/wp\/v2\/media\/14210"}],"wp:attachment":[{"href":"https:\/\/cambiodelona.com\/fr\/wp-json\/wp\/v2\/media?parent=14016"}],"wp:term":[{"taxonomy":"product_cat","embeddable":true,"href":"https:\/\/cambiodelona.com\/fr\/wp-json\/wp\/v2\/product_cat?post=14016"},{"taxonomy":"product_tag","embeddable":true,"href":"https:\/\/cambiodelona.com\/fr\/wp-json\/wp\/v2\/product_tag?post=14016"}],"curies":[{"name":"wp","href":"https:\/\/api.w.org\/{rel}","templated":true}]}}