{"id":14087,"date":"2023-08-28T09:25:26","date_gmt":"2023-08-28T07:25:26","guid":{"rendered":"https:\/\/cambiodelona.com\/producto\/lona-para-balcon\/"},"modified":"2025-10-01T13:20:48","modified_gmt":"2025-10-01T11:20:48","slug":"brise-vue-de-balcon","status":"publish","type":"product","link":"https:\/\/cambiodelona.com\/fr\/producto\/brise-vue-de-balcon\/","title":{"rendered":"Mon brise-vue de balcon"},"content":{"rendered":"<h2><strong>Vous souhaitez donner une touche esth\u00e9tique \u00e0 votre balcon tout en pr\u00e9servant votre intimit\u00e9 ?<\/strong><\/h2>\n<p>Vous pouvez configurer la toile de votre balcon avec le mat\u00e9riau qui convient le mieux \u00e0 vos besoins et aux couleurs que vous pr\u00e9f\u00e9rez.<br \/>\nChez CambioDeLona, nous sommes sp\u00e9cialistes des tissus confectionn\u00e9s sur mesure, vous trouverez certainement la solution parfaite.<\/p>\n<p>Choisissez parmi notre s\u00e9lection de tissus pour balcons pour une excellente protection visuelle.<\/p>\n<h3><strong>Type de confection :<\/strong><\/h3>\n<p>Ourlet renforc\u00e9 sur tout le p\u00e9rim\u00e8tre<br \/>\n\u0152illets en acier inoxydable de 12 mm plac\u00e9s tous les 30 cm.<\/p>\n<h2><\/h2>\n<h3>Le compl\u00e9ment indispensable :<\/h3>\n<p>Pour une installation correcte de votre nouveau brise-vue de balcon, nous vous conseillons d&rsquo;utiliser la corde \u00e9lastique de 6 mm (<em>Sandow<\/em>), blanche ou noire<br \/>\nLe configurateur calcule automatiquement les m\u00e8tres dont vous avez besoin en fonction du p\u00e9rim\u00e8tre de votre toile.<\/p>\n","protected":false},"excerpt":{"rendered":"<p>Vous souhaitez donner une touche esth\u00e9tique \u00e0 votre balcon tout en pr\u00e9servant votre intimit\u00e9 ? Vous pouvez configurer la toile de votre balcon avec le mat\u00e9riau qui convient le mieux \u00e0 vos besoins et aux couleurs que vous pr\u00e9f\u00e9rez. Chez CambioDeLona, nous sommes sp\u00e9cialistes des tissus confectionn\u00e9s sur mesure, vous trouverez certainement la solution parfaite. &hellip;<\/p>\n<p class=\"read-more\"> <a class=\"\" href=\"https:\/\/cambiodelona.com\/fr\/producto\/brise-vue-de-balcon\/\"> <span class=\"screen-reader-text\">Mon brise-vue de balcon<\/span> Lire la suite\u00a0\u00bb<\/a><\/p>\n","protected":false},"featured_media":14214,"comment_status":"closed","ping_status":"closed","template":"","meta":{"site-sidebar-layout":"default","site-content-layout":"default","ast-global-header-display":"","ast-main-header-display":"","ast-hfb-above-header-display":"","ast-hfb-below-header-display":"","ast-hfb-mobile-header-display":"","site-post-title":"","ast-breadcrumbs-content":"","ast-featured-img":"","footer-sml-layout":"","theme-transparent-header-meta":"default","adv-header-id-meta":"","stick-header-meta":"","header-above-stick-meta":"","header-main-stick-meta":"","header-below-stick-meta":""},"product_cat":[],"product_tag":[],"class_list":["post-14087","product","type-product","status-publish","has-post-thumbnail","hentry","product_shipping_class-messagerie","desktop-align-left","tablet-align-left","mobile-align-left"],"yoast_head":"<!-- This site is optimized with the Yoast SEO Premium plugin v21.2 (Yoast SEO v21.2) - https:\/\/yoast.com\/wordpress\/plugins\/seo\/ -->\n<title>Mon brise-vue de balcon - Cambiodelona<\/title>\n<meta name=\"description\" content=\"Configurez votre brise-vue de balcon sur mesure avec tissu r\u00e9sistant, \u0153illets inox et ourlet renforc\u00e9 pour intimit\u00e9 et style parfaits.\" \/>\n<meta name=\"robots\" content=\"index, follow, max-snippet:-1, max-image-preview:large, max-video-preview:-1\" \/>\n<link rel=\"canonical\" href=\"https:\/\/cambiodelona.com\/fr\/producto\/brise-vue-de-balcon\/\" \/>\n<meta property=\"og:locale\" content=\"fr_FR\" \/>\n<meta property=\"og:type\" content=\"article\" \/>\n<meta property=\"og:title\" content=\"Mon brise-vue de balcon\" \/>\n<meta property=\"og:description\" content=\"Configurez votre brise-vue de balcon sur mesure avec tissu r\u00e9sistant, \u0153illets inox et ourlet renforc\u00e9 pour intimit\u00e9 et style parfaits.\" \/>\n<meta property=\"og:url\" content=\"https:\/\/cambiodelona.com\/fr\/producto\/brise-vue-de-balcon\/\" \/>\n<meta property=\"og:site_name\" content=\"Cambiodelona\" \/>\n<meta property=\"article:publisher\" content=\"https:\/\/www.facebook.com\/cambiodelona.web\" \/>\n<meta property=\"article:modified_time\" content=\"2025-10-01T11:20:48+00:00\" \/>\n<meta property=\"og:image\" content=\"https:\/\/cambiodelona.com\/wp-content\/uploads\/2023\/08\/lona-pergola-anillos-sandow-black-filled-fr.png\" \/>\n\t<meta property=\"og:image:width\" content=\"1200\" \/>\n\t<meta property=\"og:image:height\" content=\"595\" \/>\n\t<meta property=\"og:image:type\" content=\"image\/png\" \/>\n<meta name=\"twitter:card\" content=\"summary_large_image\" \/>\n<meta name=\"twitter:label1\" content=\"Dur\u00e9e de lecture estim\u00e9e\" \/>\n\t<meta name=\"twitter:data1\" content=\"1 minute\" \/>\n<script type=\"application\/ld+json\" class=\"yoast-schema-graph\">{\"@context\":\"https:\/\/schema.org\",\"@graph\":[{\"@type\":\"WebPage\",\"@id\":\"https:\/\/cambiodelona.com\/fr\/producto\/brise-vue-de-balcon\/\",\"url\":\"https:\/\/cambiodelona.com\/fr\/producto\/brise-vue-de-balcon\/\",\"name\":\"Mon brise-vue de balcon - Cambiodelona\",\"isPartOf\":{\"@id\":\"https:\/\/cambiodelona.com\/#website\"},\"datePublished\":\"2023-08-28T07:25:26+00:00\",\"dateModified\":\"2025-10-01T11:20:48+00:00\",\"description\":\"Configurez votre brise-vue de balcon sur mesure avec tissu r\u00e9sistant, \u0153illets inox et ourlet renforc\u00e9 pour intimit\u00e9 et style parfaits.\",\"breadcrumb\":{\"@id\":\"https:\/\/cambiodelona.com\/fr\/producto\/brise-vue-de-balcon\/#breadcrumb\"},\"inLanguage\":\"fr-FR\",\"potentialAction\":[{\"@type\":\"ReadAction\",\"target\":[\"https:\/\/cambiodelona.com\/fr\/producto\/brise-vue-de-balcon\/\"]}]},{\"@type\":\"BreadcrumbList\",\"@id\":\"https:\/\/cambiodelona.com\/fr\/producto\/brise-vue-de-balcon\/#breadcrumb\",\"itemListElement\":[{\"@type\":\"ListItem\",\"position\":1,\"name\":\"Portada\",\"item\":\"https:\/\/cambiodelona.com\/fr\/accueil\/\"},{\"@type\":\"ListItem\",\"position\":2,\"name\":\"Boutique en ligne\",\"item\":\"https:\/\/cambiodelona.com\/fr\/boutique\/\"},{\"@type\":\"ListItem\",\"position\":3,\"name\":\"Mon brise-vue de balcon\"}]},{\"@type\":\"WebSite\",\"@id\":\"https:\/\/cambiodelona.com\/#website\",\"url\":\"https:\/\/cambiodelona.com\/\",\"name\":\"Cambiodelona.com\",\"description\":\"Nuevo portal especializado en la venta en l\u00ednea de productos confeccionados a medida para todo tipo de sistemas de protecci\u00f3n solar\",\"publisher\":{\"@id\":\"https:\/\/cambiodelona.com\/#organization\"},\"alternateName\":\"Cambio de lona\",\"potentialAction\":[{\"@type\":\"SearchAction\",\"target\":{\"@type\":\"EntryPoint\",\"urlTemplate\":\"https:\/\/cambiodelona.com\/?s={search_term_string}\"},\"query-input\":\"required name=search_term_string\"}],\"inLanguage\":\"fr-FR\"},{\"@type\":\"Organization\",\"@id\":\"https:\/\/cambiodelona.com\/#organization\",\"name\":\"Cambio de lona S. L.\",\"url\":\"https:\/\/cambiodelona.com\/\",\"logo\":{\"@type\":\"ImageObject\",\"inLanguage\":\"fr-FR\",\"@id\":\"https:\/\/cambiodelona.com\/#\/schema\/logo\/image\/\",\"url\":\"https:\/\/cambiodelona.com\/wp-content\/uploads\/2025\/05\/cambiodelona-fr-v2.webp\",\"contentUrl\":\"https:\/\/cambiodelona.com\/wp-content\/uploads\/2025\/05\/cambiodelona-fr-v2.webp\",\"width\":800,\"height\":439,\"caption\":\"Cambio de lona S. L.\"},\"image\":{\"@id\":\"https:\/\/cambiodelona.com\/#\/schema\/logo\/image\/\"},\"sameAs\":[\"https:\/\/www.facebook.com\/cambiodelona.web\",\"https:\/\/www.instagram.com\/cambiodelona\/\"]}]}<\/script>\n<!-- \/ Yoast SEO Premium plugin. -->","yoast_head_json":{"title":"Mon brise-vue de balcon - Cambiodelona","description":"Configurez votre brise-vue de balcon sur mesure avec tissu r\u00e9sistant, \u0153illets inox et ourlet renforc\u00e9 pour intimit\u00e9 et style parfaits.","robots":{"index":"index","follow":"follow","max-snippet":"max-snippet:-1","max-image-preview":"max-image-preview:large","max-video-preview":"max-video-preview:-1"},"canonical":"https:\/\/cambiodelona.com\/fr\/producto\/brise-vue-de-balcon\/","og_locale":"fr_FR","og_type":"article","og_title":"Mon brise-vue de balcon","og_description":"Configurez votre brise-vue de balcon sur mesure avec tissu r\u00e9sistant, \u0153illets inox et ourlet renforc\u00e9 pour intimit\u00e9 et style parfaits.","og_url":"https:\/\/cambiodelona.com\/fr\/producto\/brise-vue-de-balcon\/","og_site_name":"Cambiodelona","article_publisher":"https:\/\/www.facebook.com\/cambiodelona.web","article_modified_time":"2025-10-01T11:20:48+00:00","og_image":[{"width":1200,"height":595,"url":"https:\/\/cambiodelona.com\/wp-content\/uploads\/2023\/08\/lona-pergola-anillos-sandow-black-filled-fr.png","type":"image\/png"}],"twitter_card":"summary_large_image","twitter_misc":{"Dur\u00e9e de lecture estim\u00e9e":"1 minute"},"schema":{"@context":"https:\/\/schema.org","@graph":[{"@type":"WebPage","@id":"https:\/\/cambiodelona.com\/fr\/producto\/brise-vue-de-balcon\/","url":"https:\/\/cambiodelona.com\/fr\/producto\/brise-vue-de-balcon\/","name":"Mon brise-vue de balcon - Cambiodelona","isPartOf":{"@id":"https:\/\/cambiodelona.com\/#website"},"datePublished":"2023-08-28T07:25:26+00:00","dateModified":"2025-10-01T11:20:48+00:00","description":"Configurez votre brise-vue de balcon sur mesure avec tissu r\u00e9sistant, \u0153illets inox et ourlet renforc\u00e9 pour intimit\u00e9 et style parfaits.","breadcrumb":{"@id":"https:\/\/cambiodelona.com\/fr\/producto\/brise-vue-de-balcon\/#breadcrumb"},"inLanguage":"fr-FR","potentialAction":[{"@type":"ReadAction","target":["https:\/\/cambiodelona.com\/fr\/producto\/brise-vue-de-balcon\/"]}]},{"@type":"BreadcrumbList","@id":"https:\/\/cambiodelona.com\/fr\/producto\/brise-vue-de-balcon\/#breadcrumb","itemListElement":[{"@type":"ListItem","position":1,"name":"Portada","item":"https:\/\/cambiodelona.com\/fr\/accueil\/"},{"@type":"ListItem","position":2,"name":"Boutique en ligne","item":"https:\/\/cambiodelona.com\/fr\/boutique\/"},{"@type":"ListItem","position":3,"name":"Mon brise-vue de balcon"}]},{"@type":"WebSite","@id":"https:\/\/cambiodelona.com\/#website","url":"https:\/\/cambiodelona.com\/","name":"Cambiodelona.com","description":"Nuevo portal especializado en la venta en l\u00ednea de productos confeccionados a medida para todo tipo de sistemas de protecci\u00f3n solar","publisher":{"@id":"https:\/\/cambiodelona.com\/#organization"},"alternateName":"Cambio de lona","potentialAction":[{"@type":"SearchAction","target":{"@type":"EntryPoint","urlTemplate":"https:\/\/cambiodelona.com\/?s={search_term_string}"},"query-input":"required name=search_term_string"}],"inLanguage":"fr-FR"},{"@type":"Organization","@id":"https:\/\/cambiodelona.com\/#organization","name":"Cambio de lona S. L.","url":"https:\/\/cambiodelona.com\/","logo":{"@type":"ImageObject","inLanguage":"fr-FR","@id":"https:\/\/cambiodelona.com\/#\/schema\/logo\/image\/","url":"https:\/\/cambiodelona.com\/wp-content\/uploads\/2025\/05\/cambiodelona-fr-v2.webp","contentUrl":"https:\/\/cambiodelona.com\/wp-content\/uploads\/2025\/05\/cambiodelona-fr-v2.webp","width":800,"height":439,"caption":"Cambio de lona S. L."},"image":{"@id":"https:\/\/cambiodelona.com\/#\/schema\/logo\/image\/"},"sameAs":["https:\/\/www.facebook.com\/cambiodelona.web","https:\/\/www.instagram.com\/cambiodelona\/"]}]}},"_links":{"self":[{"href":"https:\/\/cambiodelona.com\/fr\/wp-json\/wp\/v2\/product\/14087","targetHints":{"allow":["GET"]}}],"collection":[{"href":"https:\/\/cambiodelona.com\/fr\/wp-json\/wp\/v2\/product"}],"about":[{"href":"https:\/\/cambiodelona.com\/fr\/wp-json\/wp\/v2\/types\/product"}],"replies":[{"embeddable":true,"href":"https:\/\/cambiodelona.com\/fr\/wp-json\/wp\/v2\/comments?post=14087"}],"wp:featuredmedia":[{"embeddable":true,"href":"https:\/\/cambiodelona.com\/fr\/wp-json\/wp\/v2\/media\/14214"}],"wp:attachment":[{"href":"https:\/\/cambiodelona.com\/fr\/wp-json\/wp\/v2\/media?parent=14087"}],"wp:term":[{"taxonomy":"product_cat","embeddable":true,"href":"https:\/\/cambiodelona.com\/fr\/wp-json\/wp\/v2\/product_cat?post=14087"},{"taxonomy":"product_tag","embeddable":true,"href":"https:\/\/cambiodelona.com\/fr\/wp-json\/wp\/v2\/product_tag?post=14087"}],"curies":[{"name":"wp","href":"https:\/\/api.w.org\/{rel}","templated":true}]}}