{"id":165,"date":"2023-03-08T09:08:55","date_gmt":"2023-03-08T09:08:55","guid":{"rendered":"https:\/\/toldos.arizonecrm.com\/producto\/toile\/"},"modified":"2025-11-05T14:55:21","modified_gmt":"2025-11-05T12:55:21","slug":"toile-de-store","status":"publish","type":"product","link":"https:\/\/cambiodelona.com\/fr\/producto\/toile-de-store\/","title":{"rendered":"Toile de store"},"content":{"rendered":"<h2><strong>Toile de store<\/strong><\/h2>\n<h2><strong>Configurez votre toile de store.<\/strong><\/h2>\n<p>Pour fabriquer une nouvelle toile de store identique \u00e0 celle que vous poss\u00e9dez d\u00e9j\u00e0, nous avons besoin de conna\u00eetre ses dimensions :<\/p>\n<ul>\n<li>La <strong>largeur<\/strong> :<br \/>\nD\u00e9ployez compl\u00e8tement votre store, placez le m\u00e8tre directement sur la toile et mesurez sa largeur de bord \u00e0 bord.<br \/>\nAstuce : si votre toile est \u00e9quip\u00e9e d&rsquo;un lambrequin, vous pouvez simplement mesurer la largeur de celui-ci, car elle est identique \u00e0 celle de la toile.<\/li>\n<li><span class=\"notion-enable-hover\" data-token-index=\"0\"><span class=\"notion-enable-hover\" data-token-index=\"0\">L<strong>&lsquo;avanc\u00e9e<\/strong> (ou projection) <\/span><\/span>:<br \/>\nVotre store doit \u00eatre compl\u00e8tement d\u00e9pli\u00e9.<br \/>\nPlacez le m\u00e8tre sur la toile du store et mesurez sa hauteur (ou sa projection).<br \/>\nVous constaterez qu\u2019il reste de la toile enroul\u00e9e sur le tube sup\u00e9rieur, m\u00eame lorsque le store est compl\u00e8tement d\u00e9ploy\u00e9.<br \/>\nPour en tenir compte, <strong>vous devez ajouter 30 cm <\/strong>pour l\u2019enroulement.<\/li>\n<\/ul>\n<h2><strong>D\u00e9terminez la taille du lambrequin.<\/strong><\/h2>\n<p>Si vous poss\u00e9dez un lambrequin (ou une bavette) et que vous souhaitez aussi le remplacer, nous avons \u00e9galement besoin de ses dimensions.<br \/>\nIl n&rsquo;est pas n\u00e9cessaire de mesurer \u00e0 nouveau sa largeur, car elle est identique \u00e0 la toile mesur\u00e9e pr\u00e9c\u00e9demment.<br \/>\nEn effet, la largeur \u00e9tant la m\u00eame, il faut simplment nous indiquer la hauteur du lambrequin<\/p>\n<h2><strong>Indiquer les finitions de la toile de store.<\/strong><\/h2>\n<p>Regardez comment est attach\u00e9e la toile a l&rsquo;armature du store.<\/p>\n<p>Il existe deux types de finitions :<\/p>\n<ul>\n<li><span style=\"font-size: 16px;\">Avec des <strong><a href=\"https:\/\/cambiodelona.com\/fr\/quest-ce-quun-jonc\/\">joncs<\/a><\/strong>, en haut et en bas de la toile, et aussi un jonc en partie haute du lambrequin si votre store en poss\u00e8de un. (tiges en plastique)<\/span><\/li>\n<li>Avec un ourlet en haut (fix\u00e9 \u00e0 l&rsquo;aide de clips), et un <strong><a href=\"https:\/\/cambiodelona.com\/fr\/quest-ce-quun-fourreau\/\">fourreau<\/a><\/strong> en bas (dans ce cas, il faut indiquer le diam\u00e8tre du tube).<\/li>\n<\/ul>\n<p>Prenez note de ces 3 mots : <strong>Largeur &#8211; Avanc\u00e9e &#8211; Hauteur du lambrequin<br \/>\n<\/strong> et vous pouvez maintenant les indiquer dans notre configurateur.<\/p>\n<p>Si vous avez des questions ou des commentaires, nous sommes \u00e0 votre disposition.<\/p>\n<ul>\n<li>par mail \u00e0 <strong>web@matoiledestore.com<\/strong><\/li>\n<li>par t\u00e9l\u00e9phone au <strong>+33 749 70 24 82<\/strong><\/li>\n<\/ul>\n<p>Nous vous souhaitons de mener \u00e0 bien votre projet de protection solaire et, surtout, n&rsquo;oubliez pas de nous envoyer une photo de l&rsquo;installation termin\u00e9e.<\/p>\n<h3>Photos du produit<\/h3>\n<p><a href=\"https:\/\/cambiodelona.com\/wp-content\/uploads\/2023\/03\/foto-clientes-300x300.webp\" target=\"_blank\" rel=\"noopener\"><img fetchpriority=\"high\" decoding=\"async\" class=\"alignnone wp-image-20695\" style=\"margin-bottom: 5px;\" src=\"https:\/\/cambiodelona.com\/wp-content\/uploads\/2023\/03\/foto-clientes-300x300.webp\" alt=\"toile d'auvent \u00e0 rayures orange\" width=\"295\" height=\"295\" srcset=\"https:\/\/cambiodelona.com\/wp-content\/uploads\/2023\/03\/foto-clientes-300x300.webp 300w, https:\/\/cambiodelona.com\/wp-content\/uploads\/2023\/03\/foto-clientes-1024x1024.webp 1024w, https:\/\/cambiodelona.com\/wp-content\/uploads\/2023\/03\/foto-clientes-150x150.webp 150w, https:\/\/cambiodelona.com\/wp-content\/uploads\/2023\/03\/foto-clientes-768x768.webp 768w, https:\/\/cambiodelona.com\/wp-content\/uploads\/2023\/03\/foto-clientes-600x600.webp 600w, https:\/\/cambiodelona.com\/wp-content\/uploads\/2023\/03\/foto-clientes-100x100.webp 100w, https:\/\/cambiodelona.com\/wp-content\/uploads\/2023\/03\/foto-clientes.webp 1080w\" sizes=\"(max-width: 295px) 100vw, 295px\" \/><\/a> <a href=\"https:\/\/cambiodelona.com\/wp-content\/uploads\/2023\/03\/foto-clientes3-300x300.webp\" target=\"_blank\" rel=\"noopener\"><img decoding=\"async\" class=\"alignnone wp-image-20703\" style=\"margin-bottom: 5px;\" src=\"https:\/\/cambiodelona.com\/wp-content\/uploads\/2023\/03\/foto-clientes3-300x300.webp\" alt=\"toile de store orange\" width=\"295\" height=\"295\" srcset=\"https:\/\/cambiodelona.com\/wp-content\/uploads\/2023\/03\/foto-clientes3-300x300.webp 300w, https:\/\/cambiodelona.com\/wp-content\/uploads\/2023\/03\/foto-clientes3-1024x1024.webp 1024w, https:\/\/cambiodelona.com\/wp-content\/uploads\/2023\/03\/foto-clientes3-150x150.webp 150w, https:\/\/cambiodelona.com\/wp-content\/uploads\/2023\/03\/foto-clientes3-768x768.webp 768w, https:\/\/cambiodelona.com\/wp-content\/uploads\/2023\/03\/foto-clientes3-600x600.webp 600w, https:\/\/cambiodelona.com\/wp-content\/uploads\/2023\/03\/foto-clientes3-100x100.webp 100w, https:\/\/cambiodelona.com\/wp-content\/uploads\/2023\/03\/foto-clientes3.webp 1200w\" sizes=\"(max-width: 295px) 100vw, 295px\" \/><\/a> <a href=\"https:\/\/cambiodelona.com\/wp-content\/uploads\/2024\/11\/foto-clientes4-300x300.webp\" target=\"_blank\" rel=\"noopener\"><img decoding=\"async\" class=\"alignnone wp-image-20703\" style=\"margin-bottom: 5px;\" src=\"https:\/\/cambiodelona.com\/wp-content\/uploads\/2024\/11\/foto-clientes4-300x300.webp\" alt=\"toile d'auvent blanche\" width=\"295\" height=\"295\" \/><\/a> <a href=\"https:\/\/cambiodelona.com\/wp-content\/uploads\/2023\/03\/fotos-clientes-2-300x300.webp\" target=\"_blank\" rel=\"noopener\"><img loading=\"lazy\" decoding=\"async\" class=\"alignnone wp-image-20699\" style=\"margin-bottom: 5px;\" src=\"https:\/\/cambiodelona.com\/wp-content\/uploads\/2023\/03\/fotos-clientes-2-300x300.webp\" alt=\"toile d'auvent marron\" width=\"295\" height=\"295\" srcset=\"https:\/\/cambiodelona.com\/wp-content\/uploads\/2023\/03\/fotos-clientes-2-300x300.webp 300w, https:\/\/cambiodelona.com\/wp-content\/uploads\/2023\/03\/fotos-clientes-2-1024x1024.webp 1024w, https:\/\/cambiodelona.com\/wp-content\/uploads\/2023\/03\/fotos-clientes-2-150x150.webp 150w, https:\/\/cambiodelona.com\/wp-content\/uploads\/2023\/03\/fotos-clientes-2-768x768.webp 768w, https:\/\/cambiodelona.com\/wp-content\/uploads\/2023\/03\/fotos-clientes-2-600x600.webp 600w, https:\/\/cambiodelona.com\/wp-content\/uploads\/2023\/03\/fotos-clientes-2-100x100.webp 100w, https:\/\/cambiodelona.com\/wp-content\/uploads\/2023\/03\/fotos-clientes-2.webp 1200w\" sizes=\"(max-width: 295px) 100vw, 295px\" \/><\/a> <a href=\"https:\/\/cambiodelona.com\/wp-content\/uploads\/2024\/11\/fotos-clientes5-300x300.webp\" target=\"_blank\" rel=\"noopener\"><img loading=\"lazy\" decoding=\"async\" class=\"alignnone wp-image-20699\" style=\"margin-bottom: 5px;\" src=\"https:\/\/cambiodelona.com\/wp-content\/uploads\/2024\/11\/fotos-clientes5-300x300.webp\" alt=\"toile d'auvent marron\" width=\"295\" height=\"295\" \/><\/a> <a href=\"https:\/\/cambiodelona.com\/wp-content\/uploads\/2024\/11\/foto-cliente6.webp\" target=\"_blank\" rel=\"noopener\"><img loading=\"lazy\" decoding=\"async\" class=\"alignnone wp-image-20699\" style=\"margin-bottom: 5px;\" src=\"https:\/\/cambiodelona.com\/wp-content\/uploads\/2024\/11\/foto-cliente6.webp\" alt=\"toile de store ray\u00e9e\" width=\"295\" height=\"295\" \/><\/a> <a href=\"https:\/\/cambiodelona.com\/wp-content\/uploads\/2024\/11\/foto-cliente7.webp\" target=\"_blank\" rel=\"noopener\"><img loading=\"lazy\" decoding=\"async\" class=\"alignnone wp-image-20699\" style=\"margin-bottom: 5px;\" src=\"https:\/\/cambiodelona.com\/wp-content\/uploads\/2024\/11\/foto-cliente7.webp\" alt=\"Toile d'auvent verte\" width=\"295\" height=\"295\" \/><\/a> <a href=\"https:\/\/cambiodelona.com\/wp-content\/uploads\/2024\/11\/foto-cliente8.webp\" target=\"_blank\" rel=\"noopener\"><img loading=\"lazy\" decoding=\"async\" class=\"alignnone wp-image-20699\" style=\"margin-bottom: 5px;\" src=\"https:\/\/cambiodelona.com\/wp-content\/uploads\/2024\/11\/foto-cliente8.webp\" alt=\"b\u00e2che blanche pour auvent\" width=\"295\" height=\"295\" \/><\/a><\/p>\n","protected":false},"excerpt":{"rendered":"<p>Pour configurer une toile de store :<br \/>\nMesurez la <strong>largeur <\/strong>et <strong>l&rsquo;avanc\u00e9e <\/strong>de la toile (dimensions des bras d\u00e9ploy\u00e9s) et <strong>ajoutez 30 cm<\/strong> pour l\u2019enroulement.<br \/>\nSi votre toile est \u00e9quip\u00e9e d&rsquo;un lambrequin, mesurez \u00e9galement sa <strong>hauteur<\/strong>.<br \/>\nChoisissez ensuite la couleur ou la r\u00e9f\u00e9rence de toile qui vous convient. Vous pouvez effectuer votre recherche par r\u00e9f\u00e9rence, par couleur ou en indiquant le code RAL si vous le connaissez.<br \/>\nEnfin, s\u00e9lectionnez la forme du lambrequin ainsi que la couleur du biais de finition. Si vous ne savez pas quelle couleur choisir pour votre biais, nous vous conseillons de choisir le biais assorti \u00e0 votre toile. Nous nous chargeons de choisir la couleur la plus adapt\u00e9e \u00e0 votre toile de store. Pour une touche plus moderne, optez pour un <span class=\"notion-enable-hover\" data-token-index=\"1\">lambrequin<strong> Forme Droite avec Ourlet (sans biais)<\/strong><\/span>.<br \/>\nPour finir, vous devez indiquer les finitions de la toile, c&rsquo;est-\u00e0-dire le type de fixation de la toile \u00e0 la structure du store. Vous pouvez choisir entre le <a href=\"https:\/\/cambiodelona.com\/fr\/quest-ce-quun-jonc\/\">jonc<\/a> ou l&rsquo;ourlet\/fourreau.<\/p>\n","protected":false},"featured_media":5006,"comment_status":"open","ping_status":"closed","template":"","meta":{"site-sidebar-layout":"default","site-content-layout":"default","ast-global-header-display":"","ast-main-header-display":"","ast-hfb-above-header-display":"","ast-hfb-below-header-display":"","ast-hfb-mobile-header-display":"","site-post-title":"","ast-breadcrumbs-content":"","ast-featured-img":"","footer-sml-layout":"","theme-transparent-header-meta":"default","adv-header-id-meta":"","stick-header-meta":"","header-above-stick-meta":"","header-main-stick-meta":"","header-below-stick-meta":""},"product_cat":[],"product_tag":[],"class_list":["post-165","product","type-product","status-publish","has-post-thumbnail","hentry","product_shipping_class-messagerie","desktop-align-left","tablet-align-left","mobile-align-left"],"yoast_head":"<!-- This site is optimized with the Yoast SEO Premium plugin v21.2 (Yoast SEO v21.2) - https:\/\/yoast.com\/wordpress\/plugins\/seo\/ -->\n<title>Toiles de store sur Mesure | R\u00e9sistance aux UV et Imperm\u00e9able<\/title>\n<meta name=\"description\" content=\"Toiles sur mesure pour stores, fabriqu\u00e9es avec des mat\u00e9riaux de haute qualit\u00e9, durables et personnalisables dans une large gamme de couleurs.\" \/>\n<meta name=\"robots\" content=\"index, follow, max-snippet:-1, max-image-preview:large, max-video-preview:-1\" \/>\n<link rel=\"canonical\" href=\"https:\/\/cambiodelona.com\/fr\/producto\/toile-de-store\/\" \/>\n<meta property=\"og:locale\" content=\"fr_FR\" \/>\n<meta property=\"og:type\" content=\"article\" \/>\n<meta property=\"og:title\" content=\"Toile de store\" \/>\n<meta property=\"og:description\" content=\"Toiles sur mesure pour stores, fabriqu\u00e9es avec des mat\u00e9riaux de haute qualit\u00e9, durables et personnalisables dans une large gamme de couleurs.\" \/>\n<meta property=\"og:url\" content=\"https:\/\/cambiodelona.com\/fr\/producto\/toile-de-store\/\" \/>\n<meta property=\"og:site_name\" content=\"Cambiodelona\" \/>\n<meta property=\"article:publisher\" content=\"https:\/\/www.facebook.com\/cambiodelona.web\" \/>\n<meta property=\"article:modified_time\" content=\"2025-11-05T12:55:21+00:00\" \/>\n<meta property=\"og:image\" content=\"https:\/\/cambiodelona.com\/wp-content\/uploads\/2023\/05\/lona-ona-fr.png\" \/>\n\t<meta property=\"og:image:width\" content=\"834\" \/>\n\t<meta property=\"og:image:height\" content=\"255\" \/>\n\t<meta property=\"og:image:type\" content=\"image\/png\" \/>\n<meta name=\"twitter:card\" content=\"summary_large_image\" \/>\n<meta name=\"twitter:label1\" content=\"Dur\u00e9e de lecture estim\u00e9e\" \/>\n\t<meta name=\"twitter:data1\" content=\"4 minutes\" \/>\n<script type=\"application\/ld+json\" class=\"yoast-schema-graph\">{\"@context\":\"https:\/\/schema.org\",\"@graph\":[{\"@type\":\"WebPage\",\"@id\":\"https:\/\/cambiodelona.com\/fr\/producto\/toile-de-store\/\",\"url\":\"https:\/\/cambiodelona.com\/fr\/producto\/toile-de-store\/\",\"name\":\"Toiles de store sur Mesure | R\u00e9sistance aux UV et Imperm\u00e9able\",\"isPartOf\":{\"@id\":\"https:\/\/cambiodelona.com\/#website\"},\"datePublished\":\"2023-03-08T09:08:55+00:00\",\"dateModified\":\"2025-11-05T12:55:21+00:00\",\"description\":\"Toiles sur mesure pour stores, fabriqu\u00e9es avec des mat\u00e9riaux de haute qualit\u00e9, durables et personnalisables dans une large gamme de couleurs.\",\"breadcrumb\":{\"@id\":\"https:\/\/cambiodelona.com\/fr\/producto\/toile-de-store\/#breadcrumb\"},\"inLanguage\":\"fr-FR\",\"potentialAction\":[{\"@type\":\"ReadAction\",\"target\":[\"https:\/\/cambiodelona.com\/fr\/producto\/toile-de-store\/\"]}]},{\"@type\":\"BreadcrumbList\",\"@id\":\"https:\/\/cambiodelona.com\/fr\/producto\/toile-de-store\/#breadcrumb\",\"itemListElement\":[{\"@type\":\"ListItem\",\"position\":1,\"name\":\"Portada\",\"item\":\"https:\/\/cambiodelona.com\/fr\/accueil\/\"},{\"@type\":\"ListItem\",\"position\":2,\"name\":\"Boutique en ligne\",\"item\":\"https:\/\/cambiodelona.com\/fr\/boutique\/\"},{\"@type\":\"ListItem\",\"position\":3,\"name\":\"Toile de store\"}]},{\"@type\":\"WebSite\",\"@id\":\"https:\/\/cambiodelona.com\/#website\",\"url\":\"https:\/\/cambiodelona.com\/\",\"name\":\"Cambiodelona.com\",\"description\":\"Nuevo portal especializado en la venta en l\u00ednea de productos confeccionados a medida para todo tipo de sistemas de protecci\u00f3n solar\",\"publisher\":{\"@id\":\"https:\/\/cambiodelona.com\/#organization\"},\"alternateName\":\"Cambio de lona\",\"potentialAction\":[{\"@type\":\"SearchAction\",\"target\":{\"@type\":\"EntryPoint\",\"urlTemplate\":\"https:\/\/cambiodelona.com\/?s={search_term_string}\"},\"query-input\":\"required name=search_term_string\"}],\"inLanguage\":\"fr-FR\"},{\"@type\":\"Organization\",\"@id\":\"https:\/\/cambiodelona.com\/#organization\",\"name\":\"Cambio de lona S. L.\",\"url\":\"https:\/\/cambiodelona.com\/\",\"logo\":{\"@type\":\"ImageObject\",\"inLanguage\":\"fr-FR\",\"@id\":\"https:\/\/cambiodelona.com\/#\/schema\/logo\/image\/\",\"url\":\"https:\/\/cambiodelona.com\/wp-content\/uploads\/2025\/05\/cambiodelona-fr-v2.webp\",\"contentUrl\":\"https:\/\/cambiodelona.com\/wp-content\/uploads\/2025\/05\/cambiodelona-fr-v2.webp\",\"width\":800,\"height\":439,\"caption\":\"Cambio de lona S. L.\"},\"image\":{\"@id\":\"https:\/\/cambiodelona.com\/#\/schema\/logo\/image\/\"},\"sameAs\":[\"https:\/\/www.facebook.com\/cambiodelona.web\",\"https:\/\/www.instagram.com\/cambiodelona\/\"]}]}<\/script>\n<!-- \/ Yoast SEO Premium plugin. -->","yoast_head_json":{"title":"Toiles de store sur Mesure | R\u00e9sistance aux UV et Imperm\u00e9able","description":"Toiles sur mesure pour stores, fabriqu\u00e9es avec des mat\u00e9riaux de haute qualit\u00e9, durables et personnalisables dans une large gamme de couleurs.","robots":{"index":"index","follow":"follow","max-snippet":"max-snippet:-1","max-image-preview":"max-image-preview:large","max-video-preview":"max-video-preview:-1"},"canonical":"https:\/\/cambiodelona.com\/fr\/producto\/toile-de-store\/","og_locale":"fr_FR","og_type":"article","og_title":"Toile de store","og_description":"Toiles sur mesure pour stores, fabriqu\u00e9es avec des mat\u00e9riaux de haute qualit\u00e9, durables et personnalisables dans une large gamme de couleurs.","og_url":"https:\/\/cambiodelona.com\/fr\/producto\/toile-de-store\/","og_site_name":"Cambiodelona","article_publisher":"https:\/\/www.facebook.com\/cambiodelona.web","article_modified_time":"2025-11-05T12:55:21+00:00","og_image":[{"width":834,"height":255,"url":"https:\/\/cambiodelona.com\/wp-content\/uploads\/2023\/05\/lona-ona-fr.png","type":"image\/png"}],"twitter_card":"summary_large_image","twitter_misc":{"Dur\u00e9e de lecture estim\u00e9e":"4 minutes"},"schema":{"@context":"https:\/\/schema.org","@graph":[{"@type":"WebPage","@id":"https:\/\/cambiodelona.com\/fr\/producto\/toile-de-store\/","url":"https:\/\/cambiodelona.com\/fr\/producto\/toile-de-store\/","name":"Toiles de store sur Mesure | R\u00e9sistance aux UV et Imperm\u00e9able","isPartOf":{"@id":"https:\/\/cambiodelona.com\/#website"},"datePublished":"2023-03-08T09:08:55+00:00","dateModified":"2025-11-05T12:55:21+00:00","description":"Toiles sur mesure pour stores, fabriqu\u00e9es avec des mat\u00e9riaux de haute qualit\u00e9, durables et personnalisables dans une large gamme de couleurs.","breadcrumb":{"@id":"https:\/\/cambiodelona.com\/fr\/producto\/toile-de-store\/#breadcrumb"},"inLanguage":"fr-FR","potentialAction":[{"@type":"ReadAction","target":["https:\/\/cambiodelona.com\/fr\/producto\/toile-de-store\/"]}]},{"@type":"BreadcrumbList","@id":"https:\/\/cambiodelona.com\/fr\/producto\/toile-de-store\/#breadcrumb","itemListElement":[{"@type":"ListItem","position":1,"name":"Portada","item":"https:\/\/cambiodelona.com\/fr\/accueil\/"},{"@type":"ListItem","position":2,"name":"Boutique en ligne","item":"https:\/\/cambiodelona.com\/fr\/boutique\/"},{"@type":"ListItem","position":3,"name":"Toile de store"}]},{"@type":"WebSite","@id":"https:\/\/cambiodelona.com\/#website","url":"https:\/\/cambiodelona.com\/","name":"Cambiodelona.com","description":"Nuevo portal especializado en la venta en l\u00ednea de productos confeccionados a medida para todo tipo de sistemas de protecci\u00f3n solar","publisher":{"@id":"https:\/\/cambiodelona.com\/#organization"},"alternateName":"Cambio de lona","potentialAction":[{"@type":"SearchAction","target":{"@type":"EntryPoint","urlTemplate":"https:\/\/cambiodelona.com\/?s={search_term_string}"},"query-input":"required name=search_term_string"}],"inLanguage":"fr-FR"},{"@type":"Organization","@id":"https:\/\/cambiodelona.com\/#organization","name":"Cambio de lona S. L.","url":"https:\/\/cambiodelona.com\/","logo":{"@type":"ImageObject","inLanguage":"fr-FR","@id":"https:\/\/cambiodelona.com\/#\/schema\/logo\/image\/","url":"https:\/\/cambiodelona.com\/wp-content\/uploads\/2025\/05\/cambiodelona-fr-v2.webp","contentUrl":"https:\/\/cambiodelona.com\/wp-content\/uploads\/2025\/05\/cambiodelona-fr-v2.webp","width":800,"height":439,"caption":"Cambio de lona S. L."},"image":{"@id":"https:\/\/cambiodelona.com\/#\/schema\/logo\/image\/"},"sameAs":["https:\/\/www.facebook.com\/cambiodelona.web","https:\/\/www.instagram.com\/cambiodelona\/"]}]}},"_links":{"self":[{"href":"https:\/\/cambiodelona.com\/fr\/wp-json\/wp\/v2\/product\/165","targetHints":{"allow":["GET"]}}],"collection":[{"href":"https:\/\/cambiodelona.com\/fr\/wp-json\/wp\/v2\/product"}],"about":[{"href":"https:\/\/cambiodelona.com\/fr\/wp-json\/wp\/v2\/types\/product"}],"replies":[{"embeddable":true,"href":"https:\/\/cambiodelona.com\/fr\/wp-json\/wp\/v2\/comments?post=165"}],"wp:featuredmedia":[{"embeddable":true,"href":"https:\/\/cambiodelona.com\/fr\/wp-json\/wp\/v2\/media\/5006"}],"wp:attachment":[{"href":"https:\/\/cambiodelona.com\/fr\/wp-json\/wp\/v2\/media?parent=165"}],"wp:term":[{"taxonomy":"product_cat","embeddable":true,"href":"https:\/\/cambiodelona.com\/fr\/wp-json\/wp\/v2\/product_cat?post=165"},{"taxonomy":"product_tag","embeddable":true,"href":"https:\/\/cambiodelona.com\/fr\/wp-json\/wp\/v2\/product_tag?post=165"}],"curies":[{"name":"wp","href":"https:\/\/api.w.org\/{rel}","templated":true}]}}