{"id":22113,"date":"2025-04-30T14:04:31","date_gmt":"2025-04-30T12:04:31","guid":{"rendered":"https:\/\/cambiodelona.com\/?post_type=product&#038;p=22113"},"modified":"2025-10-01T13:58:46","modified_gmt":"2025-10-01T11:58:46","slug":"bache-coulissante","status":"publish","type":"product","link":"https:\/\/cambiodelona.com\/fr\/producto\/bache-coulissante\/","title":{"rendered":"B\u00e2che coulissante pour Pergola"},"content":{"rendered":"<h3 class=\"font-bold text-h4 leading-[30px] pt-[15px] pb-[2px] [&amp;_a]:underline-offset-[6px] [&amp;_.underline]:underline-offset-[6px]\">Comment mesurer votre b\u00e2che coulissante ?<\/h3>\n<h4 class=\"font-bold text-body leading-[24px] pt-[12px] pb-[2px] [&amp;_a]:underline-offset-[6px] [&amp;_.underline]:underline-offset-[6px]\"><strong class=\"font-bold\">Largeur de la toile :<\/strong><\/h4>\n<p class=\"text-body font-regular leading-[24px] pt-[9px] pb-[2px]\">Mesurez d&rsquo;un bout \u00e0 l&rsquo;autre la largeur totale dont vous avez besoin pour la b\u00e2che. Il est important de prendre cette mesure avec pr\u00e9cision, en utilisant un m\u00e8tre ruban bien tendu.<\/p>\n<h4 class=\"font-bold text-body leading-[24px] pt-[12px] pb-[2px] [&amp;_a]:underline-offset-[6px] [&amp;_.underline]:underline-offset-[6px]\"><strong class=\"font-bold\">Avanc\u00e9e coulissante de la Toile :<\/strong><\/h4>\n<p class=\"text-body font-regular leading-[24px] pt-[9px] pb-[2px]\">Pour mesurer correctement l&rsquo;avanc\u00e9e de votre b\u00e2che, suivez ces \u00e9tapes :<\/p>\n<ol class=\"text-body list-decimal list-inside pl-[24px] py-1.5 [&amp;_ul]:pl-4 [&amp;_ul]:py-0 [&amp;_ol]:pl-4 [&amp;_ol]:py-0\">\n<li class=\"[&amp;&lt;encoded_tag_closed \/&gt;p]:inline\" style=\"box-sizing: border-box; border-width: 0px; border-style: solid; border-color: rgba(0, 0, 0, 0.08); --tw-border-spacing-x: 0; --tw-border-spacing-y: 0; --tw-translate-x: 0; --tw-translate-y: 0; --tw-rotate: 0; --tw-skew-x: 0; --tw-skew-y: 0; --tw-scale-x: 1; --tw-scale-y: 1; --tw-scroll-snap-strictness: proximity; --tw-ring-offset-width: 0px; --tw-ring-offset-color: #fff; --tw-ring-color: rgba(59,130,246,.5); --tw-ring-offset-shadow: 0 0 #0000; --tw-ring-shadow: 0 0 #0000; --tw-shadow: 0 0 #0000; --tw-shadow-colored: 0 0 #0000; scrollbar-width: thin; scrollbar-color: #e0e0e1 #f9f9f9;\">D\u00e9pliez compl\u00e8tement la b\u00e2che et mesurez d&rsquo;une extr\u00e9mit\u00e9 \u00e0 l&rsquo;autre.<\/li>\n<li class=\"[&amp;&lt;encoded_tag_closed \/&gt;p]:inline\" style=\"box-sizing: border-box; border-width: 0px; border-style: solid; border-color: rgba(0, 0, 0, 0.08); --tw-border-spacing-x: 0; --tw-border-spacing-y: 0; --tw-translate-x: 0; --tw-translate-y: 0; --tw-rotate: 0; --tw-skew-x: 0; --tw-skew-y: 0; --tw-scale-x: 1; --tw-scale-y: 1; --tw-scroll-snap-strictness: proximity; --tw-ring-offset-width: 0px; --tw-ring-offset-color: #fff; --tw-ring-color: rgba(59,130,246,.5); --tw-ring-offset-shadow: 0 0 #0000; --tw-ring-shadow: 0 0 #0000; --tw-shadow: 0 0 #0000; --tw-shadow-colored: 0 0 #0000; scrollbar-width: thin; scrollbar-color: #e0e0e1 #f9f9f9;\">Chaque vague \u00e9tir\u00e9e mesure environ <strong class=\"font-bold\">52 centim\u00e8tres<\/strong>.<\/li>\n<li class=\"[&amp;&lt;encoded_tag_closed \/&gt;p]:inline\" style=\"box-sizing: border-box; border-width: 0px; border-style: solid; border-color: rgba(0, 0, 0, 0.08); --tw-border-spacing-x: 0; --tw-border-spacing-y: 0; --tw-translate-x: 0; --tw-translate-y: 0; --tw-rotate: 0; --tw-skew-x: 0; --tw-skew-y: 0; --tw-scale-x: 1; --tw-scale-y: 1; --tw-scroll-snap-strictness: proximity; --tw-ring-offset-width: 0px; --tw-ring-offset-color: #fff; --tw-ring-color: rgba(59,130,246,.5); --tw-ring-offset-shadow: 0 0 #0000; --tw-ring-shadow: 0 0 #0000; --tw-shadow: 0 0 #0000; --tw-shadow-colored: 0 0 #0000; scrollbar-width: thin; scrollbar-color: #e0e0e1 #f9f9f9;\">Consultez le tableau ci-dessous pour v\u00e9rifier si la longueur totale correspond au nombre de vagues de votre toile actuelle :<\/li>\n<\/ol>\n<div class=\"overflow-auto py-1.5\">\n<table class=\"table-auto w-full border-collapse border border-neutral\">\n<thead class=\"bg-surface-light-recessed\">\n<tr class=\"border border-neutral\">\n<th class=\"border border-neutral p-2 text-left\">Nb Vagues<\/th>\n<th class=\"border border-neutral p-2 text-left\">Avanc\u00e9e<\/th>\n<\/tr>\n<\/thead>\n<tbody>\n<tr class=\"border border-neutral\">\n<td class=\"border border-neutral p-2 text-left\">3<\/td>\n<td class=\"border border-neutral p-2 text-left\">1,50 m<\/td>\n<\/tr>\n<tr class=\"border border-neutral\">\n<td class=\"border border-neutral p-2 text-left\">4<\/td>\n<td class=\"border border-neutral p-2 text-left\">2,00 m<\/td>\n<\/tr>\n<tr class=\"border border-neutral\">\n<td class=\"border border-neutral p-2 text-left\">5<\/td>\n<td class=\"border border-neutral p-2 text-left\">2,50 m<\/td>\n<\/tr>\n<tr class=\"border border-neutral\">\n<td class=\"border border-neutral p-2 text-left\">6<\/td>\n<td class=\"border border-neutral p-2 text-left\">3,00 m<\/td>\n<\/tr>\n<tr class=\"border border-neutral\">\n<td class=\"border border-neutral p-2 text-left\">7<\/td>\n<td class=\"border border-neutral p-2 text-left\">3,50 m<\/td>\n<\/tr>\n<tr class=\"border border-neutral\">\n<td class=\"border border-neutral p-2 text-left\">8<\/td>\n<td class=\"border border-neutral p-2 text-left\">4,00 m<\/td>\n<\/tr>\n<tr class=\"border border-neutral\">\n<td class=\"border border-neutral p-2 text-left\">9<\/td>\n<td class=\"border border-neutral p-2 text-left\">4,50 m<\/td>\n<\/tr>\n<tr class=\"border border-neutral\">\n<td class=\"border border-neutral p-2 text-left\">10<\/td>\n<td class=\"border border-neutral p-2 text-left\">5,00 m<\/td>\n<\/tr>\n<tr class=\"border border-neutral\">\n<td class=\"border border-neutral p-2 text-left\">11<\/td>\n<td class=\"border border-neutral p-2 text-left\">5,50 m<\/td>\n<\/tr>\n<tr class=\"border border-neutral\">\n<td class=\"border border-neutral p-2 text-left\">12<\/td>\n<td class=\"border border-neutral p-2 text-left\">6,00 m<\/td>\n<\/tr>\n<tr class=\"border border-neutral\">\n<td class=\"border border-neutral p-2 text-left\">13<\/td>\n<td class=\"border border-neutral p-2 text-left\">6,50 m<\/td>\n<\/tr>\n<tr class=\"border border-neutral\">\n<td class=\"border border-neutral p-2 text-left\">14<\/td>\n<td class=\"border border-neutral p-2 text-left\">7,00 m<\/td>\n<\/tr>\n<\/tbody>\n<\/table>\n<\/div>\n<p class=\"text-body font-regular leading-[24px] pt-[9px] pb-[2px]\">Indica en cent\u00edmetros la medida de la lona extendida.<\/p>\n<h3 class=\"font-bold text-h4 leading-[30px] pt-[15px] pb-[2px] [&amp;_a]:underline-offset-[6px] [&amp;_.underline]:underline-offset-[6px]\">Sp\u00e9cifier les finitions de la b\u00e2che<\/h3>\n<p class=\"text-body font-regular leading-[24px] pt-[9px] pb-[2px]\">Il est essentiel d&rsquo;indiquer comment la b\u00e2che doit \u00eatre fix\u00e9e \u00e0 la structure. Selon le type d&rsquo;installation, votre b\u00e2che coulissante peut avoir l&rsquo;une des finitions suivantes :<\/p>\n<ul class=\"text-body list-decimal list-inside pl-[24px] py-1.5 [&amp;_ul]:pl-4 [&amp;_ul]:py-0 [&amp;_ol]:pl-4 [&amp;_ol]:py-0\">\n<li class=\"[&amp;&lt;encoded_tag_closed \/&gt;p]:inline\" style=\"box-sizing: border-box; border-width: 0px; border-style: solid; border-color: rgba(0, 0, 0, 0.08); --tw-border-spacing-x: 0; --tw-border-spacing-y: 0; --tw-translate-x: 0; --tw-translate-y: 0; --tw-rotate: 0; --tw-skew-x: 0; --tw-skew-y: 0; --tw-scale-x: 1; --tw-scale-y: 1; --tw-scroll-snap-strictness: proximity; --tw-ring-offset-width: 0px; --tw-ring-offset-color: #fff; --tw-ring-color: rgba(59,130,246,.5); --tw-ring-offset-shadow: 0 0 #0000; --tw-ring-shadow: 0 0 #0000; --tw-shadow: 0 0 #0000; --tw-shadow-colored: 0 0 #0000; scrollbar-width: thin; scrollbar-color: #e0e0e1 #f9f9f9;\"><strong class=\"font-bold\">Simple Jonc<\/strong> :<br \/>\nChaque profil comporte un seul rail o\u00f9 s&rsquo;ins\u00e8re le tube en plastique (jonc).<br \/>\nLa nouvelle b\u00e2che sera fabriqu\u00e9e en une seule pi\u00e8ce et sera livr\u00e9e avec les joncs inclus.<\/li>\n<li class=\"[&amp;&lt;encoded_tag_closed \/&gt;p]:inline\" style=\"box-sizing: border-box; border-width: 0px; border-style: solid; border-color: rgba(0, 0, 0, 0.08); --tw-border-spacing-x: 0; --tw-border-spacing-y: 0; --tw-translate-x: 0; --tw-translate-y: 0; --tw-rotate: 0; --tw-skew-x: 0; --tw-skew-y: 0; --tw-scale-x: 1; --tw-scale-y: 1; --tw-scroll-snap-strictness: proximity; --tw-ring-offset-width: 0px; --tw-ring-offset-color: #fff; --tw-ring-color: rgba(59,130,246,.5); --tw-ring-offset-shadow: 0 0 #0000; --tw-ring-shadow: 0 0 #0000; --tw-shadow: 0 0 #0000; --tw-shadow-colored: 0 0 #0000; scrollbar-width: thin; scrollbar-color: #e0e0e1 #f9f9f9;\"><strong class=\"font-bold\">Double Jonc:<br \/>\n<\/strong>Chaque profil comporte deux rails o\u00f9 s&rsquo;ins\u00e8rent les tubes en plastique (joncs).<br \/>\nLa nouvelle b\u00e2che sera fabriqu\u00e9e en plusieurs pi\u00e8ces et sera livr\u00e9e avec les joncs inclus.<\/li>\n<\/ul>\n<h3 class=\"font-bold text-h4 leading-[30px] pt-[15px] pb-[2px] [&amp;_a]:underline-offset-[6px] [&amp;_.underline]:underline-offset-[6px]\">Avez-vous une question ou besoin d&rsquo;aide ?<\/h3>\n<p class=\"text-body font-regular leading-[24px] pt-[9px] pb-[2px]\">Notre \u00e9quipe est \u00e0 votre disposition pour vous accompagner tout au long du processus. Si vous avez des doutes sur les mesures, les finitions ou tout autre d\u00e9tail, contactez-nous sans engagement.<\/p>\n<p class=\"text-body font-regular leading-[24px] pt-[9px] pb-[2px]\">\ud83d\udce7 <strong class=\"font-bold\">Adresse Mail<\/strong>: <a class=\"text-link underline hover:text-link-hover\" href=\"mailto:web@matoiledestore.com\" target=\"_blank\" rel=\"noopener noreferrer\">web@matoiledestore.com<\/a><br \/>\n\ud83d\udcde <strong class=\"font-bold\">T\u00e9l\u00e9phone:<\/strong> +33 749 70 24 82<\/p>\n<p class=\"text-body font-regular leading-[24px] pt-[9px] pb-[2px]\">Nous vous souhaitons beaucoup de succ\u00e8s dans votre projet de protection solaire et esp\u00e9rons recevoir une photo de l\u2019installation termin\u00e9e. Merci de nous faire confiance.! \ud83d\ude0a<\/p>\n","protected":false},"excerpt":{"rendered":"<p>Comment mesurer votre b\u00e2che coulissante ? Largeur de la toile : Mesurez d&rsquo;un bout \u00e0 l&rsquo;autre la largeur totale dont vous avez besoin pour la b\u00e2che. Il est important de prendre cette mesure avec pr\u00e9cision, en utilisant un m\u00e8tre ruban bien tendu. Avanc\u00e9e coulissante de la Toile : Pour mesurer correctement l&rsquo;avanc\u00e9e de votre b\u00e2che, &hellip;<\/p>\n<p class=\"read-more\"> <a class=\"\" href=\"https:\/\/cambiodelona.com\/fr\/producto\/bache-coulissante\/\"> <span class=\"screen-reader-text\">B\u00e2che coulissante pour Pergola<\/span> Lire la suite\u00a0\u00bb<\/a><\/p>\n","protected":false},"featured_media":22144,"comment_status":"closed","ping_status":"closed","template":"","meta":{"site-sidebar-layout":"default","site-content-layout":"default","ast-global-header-display":"","ast-main-header-display":"","ast-hfb-above-header-display":"","ast-hfb-below-header-display":"","ast-hfb-mobile-header-display":"","site-post-title":"","ast-breadcrumbs-content":"","ast-featured-img":"","footer-sml-layout":"","theme-transparent-header-meta":"default","adv-header-id-meta":"","stick-header-meta":"","header-above-stick-meta":"","header-main-stick-meta":"","header-below-stick-meta":""},"product_cat":[],"product_tag":[],"class_list":["post-22113","product","type-product","status-publish","has-post-thumbnail","hentry","product_shipping_class-messagerie","desktop-align-left","tablet-align-left","mobile-align-left"],"yoast_head":"<!-- This site is optimized with the Yoast SEO Premium plugin v21.2 (Yoast SEO v21.2) - https:\/\/yoast.com\/wordpress\/plugins\/seo\/ -->\n<title>B\u00e2che coulissante pour Pergola - Cambiodelona<\/title>\n<meta name=\"description\" content=\"Comment mesurer votre b\u00e2che coulissante ? Configurez votre toile coulissante pour Pergola facilement. Largeur, extension.\" \/>\n<meta name=\"robots\" content=\"index, follow, max-snippet:-1, max-image-preview:large, max-video-preview:-1\" \/>\n<link rel=\"canonical\" href=\"https:\/\/cambiodelona.com\/fr\/producto\/bache-coulissante\/\" \/>\n<meta property=\"og:locale\" content=\"fr_FR\" \/>\n<meta property=\"og:type\" content=\"article\" \/>\n<meta property=\"og:title\" content=\"B\u00e2che coulissante pour Pergola\" \/>\n<meta property=\"og:description\" content=\"Comment mesurer votre b\u00e2che coulissante ? Configurez votre toile coulissante pour Pergola facilement. Largeur, extension.\" \/>\n<meta property=\"og:url\" content=\"https:\/\/cambiodelona.com\/fr\/producto\/bache-coulissante\/\" \/>\n<meta property=\"og:site_name\" content=\"Cambiodelona\" \/>\n<meta property=\"article:publisher\" content=\"https:\/\/www.facebook.com\/cambiodelona.web\" \/>\n<meta property=\"article:modified_time\" content=\"2025-10-01T11:58:46+00:00\" \/>\n<meta property=\"og:image\" content=\"https:\/\/cambiodelona.com\/wp-content\/uploads\/2025\/05\/lona_corredera-1.png\" \/>\n\t<meta property=\"og:image:width\" content=\"834\" \/>\n\t<meta property=\"og:image:height\" content=\"255\" \/>\n\t<meta property=\"og:image:type\" content=\"image\/png\" \/>\n<meta name=\"twitter:card\" content=\"summary_large_image\" \/>\n<meta name=\"twitter:label1\" content=\"Dur\u00e9e de lecture estim\u00e9e\" \/>\n\t<meta name=\"twitter:data1\" content=\"3 minutes\" \/>\n<script type=\"application\/ld+json\" class=\"yoast-schema-graph\">{\"@context\":\"https:\/\/schema.org\",\"@graph\":[{\"@type\":\"WebPage\",\"@id\":\"https:\/\/cambiodelona.com\/fr\/producto\/bache-coulissante\/\",\"url\":\"https:\/\/cambiodelona.com\/fr\/producto\/bache-coulissante\/\",\"name\":\"B\u00e2che coulissante pour Pergola - Cambiodelona\",\"isPartOf\":{\"@id\":\"https:\/\/cambiodelona.com\/#website\"},\"datePublished\":\"2025-04-30T12:04:31+00:00\",\"dateModified\":\"2025-10-01T11:58:46+00:00\",\"description\":\"Comment mesurer votre b\u00e2che coulissante ? Configurez votre toile coulissante pour Pergola facilement. Largeur, extension.\",\"breadcrumb\":{\"@id\":\"https:\/\/cambiodelona.com\/fr\/producto\/bache-coulissante\/#breadcrumb\"},\"inLanguage\":\"fr-FR\",\"potentialAction\":[{\"@type\":\"ReadAction\",\"target\":[\"https:\/\/cambiodelona.com\/fr\/producto\/bache-coulissante\/\"]}]},{\"@type\":\"BreadcrumbList\",\"@id\":\"https:\/\/cambiodelona.com\/fr\/producto\/bache-coulissante\/#breadcrumb\",\"itemListElement\":[{\"@type\":\"ListItem\",\"position\":1,\"name\":\"Portada\",\"item\":\"https:\/\/cambiodelona.com\/fr\/accueil\/\"},{\"@type\":\"ListItem\",\"position\":2,\"name\":\"Boutique en ligne\",\"item\":\"https:\/\/cambiodelona.com\/fr\/boutique\/\"},{\"@type\":\"ListItem\",\"position\":3,\"name\":\"B\u00e2che coulissante pour Pergola\"}]},{\"@type\":\"WebSite\",\"@id\":\"https:\/\/cambiodelona.com\/#website\",\"url\":\"https:\/\/cambiodelona.com\/\",\"name\":\"Cambiodelona.com\",\"description\":\"Nuevo portal especializado en la venta en l\u00ednea de productos confeccionados a medida para todo tipo de sistemas de protecci\u00f3n solar\",\"publisher\":{\"@id\":\"https:\/\/cambiodelona.com\/#organization\"},\"alternateName\":\"Cambio de lona\",\"potentialAction\":[{\"@type\":\"SearchAction\",\"target\":{\"@type\":\"EntryPoint\",\"urlTemplate\":\"https:\/\/cambiodelona.com\/?s={search_term_string}\"},\"query-input\":\"required name=search_term_string\"}],\"inLanguage\":\"fr-FR\"},{\"@type\":\"Organization\",\"@id\":\"https:\/\/cambiodelona.com\/#organization\",\"name\":\"Cambio de lona S. L.\",\"url\":\"https:\/\/cambiodelona.com\/\",\"logo\":{\"@type\":\"ImageObject\",\"inLanguage\":\"fr-FR\",\"@id\":\"https:\/\/cambiodelona.com\/#\/schema\/logo\/image\/\",\"url\":\"https:\/\/cambiodelona.com\/wp-content\/uploads\/2025\/05\/cambiodelona-fr-v2.webp\",\"contentUrl\":\"https:\/\/cambiodelona.com\/wp-content\/uploads\/2025\/05\/cambiodelona-fr-v2.webp\",\"width\":800,\"height\":439,\"caption\":\"Cambio de lona S. L.\"},\"image\":{\"@id\":\"https:\/\/cambiodelona.com\/#\/schema\/logo\/image\/\"},\"sameAs\":[\"https:\/\/www.facebook.com\/cambiodelona.web\",\"https:\/\/www.instagram.com\/cambiodelona\/\"]}]}<\/script>\n<!-- \/ Yoast SEO Premium plugin. -->","yoast_head_json":{"title":"B\u00e2che coulissante pour Pergola - Cambiodelona","description":"Comment mesurer votre b\u00e2che coulissante ? Configurez votre toile coulissante pour Pergola facilement. Largeur, extension.","robots":{"index":"index","follow":"follow","max-snippet":"max-snippet:-1","max-image-preview":"max-image-preview:large","max-video-preview":"max-video-preview:-1"},"canonical":"https:\/\/cambiodelona.com\/fr\/producto\/bache-coulissante\/","og_locale":"fr_FR","og_type":"article","og_title":"B\u00e2che coulissante pour Pergola","og_description":"Comment mesurer votre b\u00e2che coulissante ? Configurez votre toile coulissante pour Pergola facilement. Largeur, extension.","og_url":"https:\/\/cambiodelona.com\/fr\/producto\/bache-coulissante\/","og_site_name":"Cambiodelona","article_publisher":"https:\/\/www.facebook.com\/cambiodelona.web","article_modified_time":"2025-10-01T11:58:46+00:00","og_image":[{"width":834,"height":255,"url":"https:\/\/cambiodelona.com\/wp-content\/uploads\/2025\/05\/lona_corredera-1.png","type":"image\/png"}],"twitter_card":"summary_large_image","twitter_misc":{"Dur\u00e9e de lecture estim\u00e9e":"3 minutes"},"schema":{"@context":"https:\/\/schema.org","@graph":[{"@type":"WebPage","@id":"https:\/\/cambiodelona.com\/fr\/producto\/bache-coulissante\/","url":"https:\/\/cambiodelona.com\/fr\/producto\/bache-coulissante\/","name":"B\u00e2che coulissante pour Pergola - Cambiodelona","isPartOf":{"@id":"https:\/\/cambiodelona.com\/#website"},"datePublished":"2025-04-30T12:04:31+00:00","dateModified":"2025-10-01T11:58:46+00:00","description":"Comment mesurer votre b\u00e2che coulissante ? Configurez votre toile coulissante pour Pergola facilement. Largeur, extension.","breadcrumb":{"@id":"https:\/\/cambiodelona.com\/fr\/producto\/bache-coulissante\/#breadcrumb"},"inLanguage":"fr-FR","potentialAction":[{"@type":"ReadAction","target":["https:\/\/cambiodelona.com\/fr\/producto\/bache-coulissante\/"]}]},{"@type":"BreadcrumbList","@id":"https:\/\/cambiodelona.com\/fr\/producto\/bache-coulissante\/#breadcrumb","itemListElement":[{"@type":"ListItem","position":1,"name":"Portada","item":"https:\/\/cambiodelona.com\/fr\/accueil\/"},{"@type":"ListItem","position":2,"name":"Boutique en ligne","item":"https:\/\/cambiodelona.com\/fr\/boutique\/"},{"@type":"ListItem","position":3,"name":"B\u00e2che coulissante pour Pergola"}]},{"@type":"WebSite","@id":"https:\/\/cambiodelona.com\/#website","url":"https:\/\/cambiodelona.com\/","name":"Cambiodelona.com","description":"Nuevo portal especializado en la venta en l\u00ednea de productos confeccionados a medida para todo tipo de sistemas de protecci\u00f3n solar","publisher":{"@id":"https:\/\/cambiodelona.com\/#organization"},"alternateName":"Cambio de lona","potentialAction":[{"@type":"SearchAction","target":{"@type":"EntryPoint","urlTemplate":"https:\/\/cambiodelona.com\/?s={search_term_string}"},"query-input":"required name=search_term_string"}],"inLanguage":"fr-FR"},{"@type":"Organization","@id":"https:\/\/cambiodelona.com\/#organization","name":"Cambio de lona S. L.","url":"https:\/\/cambiodelona.com\/","logo":{"@type":"ImageObject","inLanguage":"fr-FR","@id":"https:\/\/cambiodelona.com\/#\/schema\/logo\/image\/","url":"https:\/\/cambiodelona.com\/wp-content\/uploads\/2025\/05\/cambiodelona-fr-v2.webp","contentUrl":"https:\/\/cambiodelona.com\/wp-content\/uploads\/2025\/05\/cambiodelona-fr-v2.webp","width":800,"height":439,"caption":"Cambio de lona S. L."},"image":{"@id":"https:\/\/cambiodelona.com\/#\/schema\/logo\/image\/"},"sameAs":["https:\/\/www.facebook.com\/cambiodelona.web","https:\/\/www.instagram.com\/cambiodelona\/"]}]}},"_links":{"self":[{"href":"https:\/\/cambiodelona.com\/fr\/wp-json\/wp\/v2\/product\/22113","targetHints":{"allow":["GET"]}}],"collection":[{"href":"https:\/\/cambiodelona.com\/fr\/wp-json\/wp\/v2\/product"}],"about":[{"href":"https:\/\/cambiodelona.com\/fr\/wp-json\/wp\/v2\/types\/product"}],"replies":[{"embeddable":true,"href":"https:\/\/cambiodelona.com\/fr\/wp-json\/wp\/v2\/comments?post=22113"}],"wp:featuredmedia":[{"embeddable":true,"href":"https:\/\/cambiodelona.com\/fr\/wp-json\/wp\/v2\/media\/22144"}],"wp:attachment":[{"href":"https:\/\/cambiodelona.com\/fr\/wp-json\/wp\/v2\/media?parent=22113"}],"wp:term":[{"taxonomy":"product_cat","embeddable":true,"href":"https:\/\/cambiodelona.com\/fr\/wp-json\/wp\/v2\/product_cat?post=22113"},{"taxonomy":"product_tag","embeddable":true,"href":"https:\/\/cambiodelona.com\/fr\/wp-json\/wp\/v2\/product_tag?post=22113"}],"curies":[{"name":"wp","href":"https:\/\/api.w.org\/{rel}","templated":true}]}}